{"id":31285,"date":"2019-07-23T09:40:42","date_gmt":"2019-07-23T07:40:42","guid":{"rendered":"https:\/\/tonymora.com\/aviso-legal\/"},"modified":"2023-11-08T13:50:52","modified_gmt":"2023-11-08T12:50:52","slug":"rechtliche-hinweise","status":"publish","type":"page","link":"https:\/\/tonymora.com\/de\/rechtliche-hinweise\/","title":{"rendered":"Rechtliche hinweise"},"content":{"rendered":"<div class=\"wpb-content-wrapper\"><p>[vc_row css_animation=&#8220;fadeIn&#8220; el_class=&#8220;container-medium&#8220;][vc_column][vc_custom_heading text=&#8220;RECHTLICHE HINWEISE&#8220; font_container=&#8220;tag:h2|font_size:2.6rem|text_align:left&#8220; use_theme_fonts=&#8220;yes&#8220;][vc_column_text]<\/p>\r\n<div class=\"col-inner\">\r\n<div class=\"col-inner\"><strong>RECHTLICHE HINWEISE UND NUTZUNGSBEDINGUNGEN<\/strong><\/div>\r\n<div><\/div>\r\n<div class=\"col-inner\"><strong>TONY MORA<\/strong> respektiert das Recht seiner online Nutzer auf Datenschutz und erkennt an, dass es wichtig ist, die zu ihrer Person erfassten Daten zu sch\u00fctzen. Zu diesem Zweck verfolgen wir eine umfassende <em>Datenschutzpolitik<\/em> f\u00fcr unser Unternehmen, die festlegt, wie die von Ihnen zur Verf\u00fcgung gestellte Information erfasst, gespeichert und verwendet wird. Wenn du noch nicht 18 Jahre alt bist, musst du deine Eltern oder Erziehungsberechtigten \u00fcber die <em>Datenschutzrichtlinien <\/em>von <strong>TONY MORA<\/strong> und \u00fcber die <em>Allgemeinen Gesch\u00e4ftsbedingungen <\/em>informieren. Sie m\u00fcssen von deinen Eltern oder Erziehungsberechtigten genehmigt werden bevor du dich bei <strong>TONY MORA registrieren kannst.<\/strong> Die folgende Information wird von <strong>TONY MORA<\/strong> zur Verf\u00fcgung gestellt, damit Sie \u00fcber unsere <em>Datenschutzpolitik<\/em> umfassend informiert sind. Mit Ihrem Besuch auf der Seite tonymora.com, akzeptieren Sie die in den Datenschutzrichtlinien und in den Gesch\u00e4ftsbedingungen genannten Praktiken. Falls Sie mit diesen <em>Datenschutzbestimmungen und Gesch\u00e4ftsbedingungen <\/em>nicht einverstanden sein sollten, bitten wir Sie, von einem Besuch auf unserer Web-Seite abzusehen. Diese <em>Datenschutzbestimmungen <\/em>gelten nicht f\u00fcr Web-Seiten, die von anderen Firmen und Organisationen betrieben werden, mit denen wir verlinkt sind. <strong>TONY MORA<\/strong> \u00fcbernimmt keine Haftung f\u00fcr pers\u00f6nliche Daten, die \u00fcber unsere Web-Seite an Dritte weiter geleitet werden. Bitte vergewissern Sie sich, die <em>Datenschutzbestimmungen <\/em>dieser anderen Firmen und Organisationen gelesen zu haben, bevor Sie Ihre Daten versenden.<\/div>\r\n<\/div>\r\n<div><\/div>\r\n<div>\r\n<p><strong>EIGENT\u00dcMER DER WEBSITE<\/strong><\/p>\r\n<p>Im Sinne der Bestimmungen von Artikel 10 des Gesetzes 34\/2002 vom 11. Juli \u00fcber Dienste der Informationsgesellschaft und des elektronischen Gesch\u00e4ftsverkehrs werden die folgenden Informationen \u00fcber den Eigent\u00fcmer dieser Website bereitgestellt:<\/p>\r\n<p>Webbesitzer: Mescalero S.L.<br \/>\r\nEingetragener Sitz: Pol\u00edgono industrial de Alar\u00f3\u00a0\u00a0n\u00famero 4 007-60<br \/>\r\nCIF: B57515769<br \/>\r\nZus\u00e4tzlich zum eingetragenen Sitz stehen den Benutzern die folgenden Kan\u00e4le zur Verf\u00fcgung, um ihre Anliegen, Fragen oder Anspr\u00fcche zu richten:<\/p>\r\n<p>Web-Kontaktformular<br \/>\r\nTel. +34 971 51 43 17<br \/>\r\nventas(a)tonymora.com (Ersetzen Sie \u201e(a)\u201c durch \u201e@\u201c)<\/p>\r\n<\/div>\r\n<div class=\"col-inner\">\r\n<div><\/div>\r\n<div class=\"col-inner\"><strong>ERFASSTE DATEN UND IHRE VERWENDUNG<\/strong><\/div>\r\n<div><\/div>\r\n<div class=\"col-inner\"><strong>TONY MORA<\/strong> erfasst pers\u00f6nliche Daten, wenn Sie sich registrieren und\/oder Ihre Bestellung aufgeben. Wir m\u00fcssen Ihre pers\u00f6nlichen Daten, wie Ihr Name, Ihre Anschrift, Ihre E-mail-Adresse, Telefonnummern, Lieferanschrift und Rechnungsanschrift der Kreditkarte speichern, um Ihre Bestellung vollst\u00e4ndig durchf\u00fchren zu k\u00f6nnen. Ausserdem d\u00fcrfen wir im Rahmen der \u00dcberpr\u00fcfung von Echtheit oder Identit\u00e4t Informationen einholen. Wenn Sie in unsere Adressenliste aufgenommen werden m\u00f6chten, bitten wir Sie vorher um eine entsprechende Genehmigung. Ausserdem holen wir bei Ihrem Besuch auf unserer Web-Seite die bekannten Daten ein, wie Serveradresse, Domain-Name. Zusammen mit den von Ihnen zur Verf\u00fcgung gestellten Details, erm\u00f6glicht uns diese Information eine verbesserte Anpassung an Ihre Bed\u00fcrfnisse bei Ihrem n\u00e4chsten Besuch auf unserer Seite. <strong>TONY MORA<\/strong> kann Ihre personengebundenen Daten dazu verwenden, Bestellungen und Zahlungen zu bearbeiten. Ausserdem verwenden wir Ihre Daten, um Ihre Bestellungen durchzuf\u00fchren und auszuliefern und Ihr Konto zu verwalten. Die uns zur Verf\u00fcgung gestellten personengebundenen Daten k\u00f6nnen gegen\u00fcber gelisteten Kredit-oder Betrugspr\u00e4ventionsagenturen offen gelegt werden, die wiederum ein Verzeichnis mit diesen Informationen unterhalten k\u00f6nnen.<\/div>\r\n<div class=\"col-inner\">Ihre Daten k\u00f6nnen von uns zur Organisation von Events, zu statistischen Zwecken oder sonstigen Funktionen der Webseite verwendet werden, bzw. dazu um die auf der Web-Seite verf\u00fcgbaren Dienstleistungen f\u00fcr Sie bereits zu stellen. Falls es gesetzlich erforderlich ist, k\u00f6nnen wir Ihre Daten gegen\u00fcber zust\u00e4ndigen Beh\u00f6rden jeglicher Art offen legen. Gleichermassen k\u00f6nnen wir Ihre Daten als Antwort auf einen rechtm\u00e4ssige zwingende Anfrage einer zust\u00e4ndigen Beh\u00f6rde preisgeben, sowie infolge einer gerichtlichen Anordnung oder sonstigen Anordnung gem. der geltenden Gesetzgebung, Vorschrift, gesetzlichem Verfahren oder einer vollstreckbaren Aufforderung \u00f6ffentlicher Beh\u00f6rden oder sonstigen gesetzlich vorgeschriebenen Aufforderungen; zur Erf\u00fcllung von Bedingungen, einschliesslich der Ermittlung von potentiellen Verst\u00f6ssen in Bezug auf diese; um Betrugsf\u00e4lle, Sicherheitsaspekte oder technische Belange festzustellen, zu verhindern oder in jeglicher Form damit umzugehen. Wir k\u00f6nnen Ihre pers\u00f6nlichen Daten auch dazu verwenden, um Ihnen Informationen und Material per E-mail zuzusenden, einschliesslich Produktdetails, Sonderangebote und Newsletter, die nach unserem Ermessen f\u00fcr Sie von Interesse sein k\u00f6nnten. Diese k\u00f6nnen mit unseren Produkten im Zusammenhang stehen. Diese Informationen werden Ihnen nur zugesandt, wenn Sie uns vorher die entsprechende Genehmigung erteilt haben. Wir k\u00f6nnen Ihre pers\u00f6nlichen Daten weiterhin dazu verwenden, um die Besuche unserer Web-Seite zu analysieren und die individuellen und kollektiven Interessen der Besucher unserer Web-Seite zu bestimmen. Auf diese Art und Weise erhalten wird die notwendige Information, um Produkte, Dienstleistungen, Funktionen oder Angebote, die f\u00fcr Sie von Interesse sein k\u00f6nnten, zu verbessern und das Design unserer Web-Seite so zu verbessern, dass wir den Bed\u00fcrfnissen unserer Nutzer besser gerecht werden k\u00f6nnen. Auf die gleiche Art und Weise erheben wir Ihre pers\u00f6nlichen Daten mit diversen Formularen, die in unserer Web enthalten sind, damit es m\u00f6glich ist, L\u00f6schungen, R\u00fcckgaben und\/oder Umtausch im Zusammenhang mit den bei <strong>TONY MORA<\/strong> erworbenen Produkten durchzuf\u00fchren und damit wir Ihre Fragen beantworten, Ihnen unseren <em>Newsletter<\/em> zusenden und Ihre Reklamationen bearbeiten k\u00f6nnen.<\/div>\r\n<div><\/div>\r\n<div class=\"col-inner\"><strong>DATENSCHUTZ<\/strong><\/div>\r\n<div><\/div>\r\n<div class=\"col-inner\">Wir werden unserer M\u00f6glichstes tun, um die Sicherheit, Integrit\u00e4t und den Schutz der uns zur Verf\u00fcgung gestellten Daten zu garantieren. Um die Sicherheit Ihrer Daten zu garantieren, haben wir eine Reihe von Sicherheitsmassnahmen und Garantien eingerichtet. Ihre pers\u00f6nlichen Daten werden in sicheren Netzwerken gespeichert, zu denen nur eine beschr\u00e4nkte Anzahl von Personen mit spezieller Zugangsbefugnis Zugang hat, die sich verpflichten, die Vertraulichkeit dieser Daten zu wahren. Trotz dieser Massnahmen besteht, immer dann wenn Sie Ihre personenbezogenen Daten im Internet zur Verf\u00fcgung stellen, das Risiko, dass diese Daten durch unrechtm\u00e4ssiges Eindringen in Netzwerke gehackt werden und von Dritten verwendet werden k\u00f6nnen, die sich unserer Kontrolle entziehen. Auch wenn <strong>TONY MORA<\/strong> alles tut, was m\u00f6glich ist, um Ihre personenbezogenen Daten zu sch\u00fctzen, k\u00f6nne wir die Sicherheit von Daten, die im Internet zur Verf\u00fcgung gestellt wurden, nicht garantieren. Dies geschieht deshalb auf Ihre eigene Verantwortung. Ihre Daten k\u00f6nnen jedoch an Dritte weitergeleitet werden, die am Design und der Nutzung der Web-Seite beteiligt sind, oder Dienste f\u00fcr uns bereit stellen oder die erfassten Daten analysieren. Diese Drittpersonen verwenden ihre Daten lediglich mit dem Ziel, die vorstehend beschriebenen Aufgaben durchzuf\u00fchren und verpflichten sich, die personenbezogenen Daten zu respektieren und zu verwahren, wenn dies gesetzlich vorgeschrieben ist. Abgesehen von diesen F\u00e4llen werden Ihre Daten von uns in keinster Weise an Dritte verkauft, vermarktet oder weitergeleitet und die jeweils geltenden gesetzlichen Datenschutzbestimmungen jederzeit beachtet.<\/div>\r\n<div><\/div>\r\n<div class=\"col-inner\"><strong>GEISTIGES EIGENTUM<\/strong><\/div>\r\n<div><\/div>\r\n<div class=\"col-inner\">\u201e<strong>TONY MORA<\/strong>\u201c ist eine von<strong> MESCALERO S.L.<\/strong> registrierte Marke. Falls nichts anders lautendes angegeben sind und bleiben alle sonstigen Rechte am geistigen Eigentum (ausnahmslos, einschliesslich registrierter oder nicht registrierter kommerzieller Marken, Designs, Urheberrechten), die sich auf der vorliegenden Web-Seite befinden oder damit verbunden sind, die darauf gezeigten und\/oder verf\u00fcgbaren Produkte und Accessoires und zu diesen geh\u00f6renden Verpackungen oder Zubeh\u00f6r, ausschliesslich Eigentum von MESCALERO S.L. und diese Urheberrechte sind durch weltweit geltende Abkommen und Gesetze f\u00fcr geistiges Eigentum gesch\u00fctzt. Diese Elemente d\u00fcrfen ohne die ausdr\u00fcckliche Genehmigung von MESCALERO S.L. weder vervielf\u00e4ltigt, verwendet noch vertreten werden.<\/div>\r\n<div><\/div>\r\n<div class=\"col-inner\"><strong>LINKS<\/strong><\/div>\r\n<div><\/div>\r\n<div class=\"col-inner\">Die vorliegende Web-Seite kann links zu anderen Webs oder Quellen enthalten, die von Dritten betrieben werden, bei denen es sich nicht um <strong>TONY MORA<\/strong> handelt, einschliesslich Anzeigen. Nicht alle mit dieser Web-Seite verlinkten Seiten wurden von <strong>TONY MORA<\/strong> \u00fcberpr\u00fcft und daher \u00fcbernimmt TONY MORA weder Haftung f\u00fcr deren Inhalt oder die Echtheit dieser externen Web-Seiten, noch f\u00fcr deren Verf\u00fcgbarkeit oder die der externen Quellen; die Datenschutzpraktiken oder der Inhalt dieser Webs werden von TONY MORA weder in direkter oder indirekter Form akzeptiert noch \u00fcbernehmen wir jegliche Haftung f\u00fcr diese, darin eingeschlossen sind (ausnahmslos) jegliche Art von Werbung, Produkten und sonstige Materialien oder Dienstleistungen, die auf der Web-Seite enthalten sind oder auf dieser und externen Quellen zur Verf\u00fcgung gestellt werden, und zwar weder Haftung f\u00fcr Sch\u00e4den, Verlust noch f\u00fcr durch die Nutzung und im Zusammenhang mit der Nutzung begangene oder mutmasslich begangene Verst\u00f6sse, oder solche die vom Inhalt, von G\u00fctern oder Leistungen, die auf diesen Web-Seiten oder externen Quellen angeboten werden, abh\u00e4ngig sind.<\/div>\r\n<div><\/div>\r\n<div class=\"col-inner\"><strong>COOKIES<\/strong><\/div>\r\n<div><\/div>\r\n<div class=\"col-inner\">W\u00e4hrend ihres Besuchs auf der Web-Seite kann <strong>TONY MORA<\/strong> nicht personengebundene Daten vor allem durch die Nutzung von <em>cookies<\/em> erfassen. Ein <em>cookie<\/em> ist eine kleine Textdatei, die ein Server auf der Festplatte des Computers eines Nutzers anbringen kann. Sie enth\u00e4lt Information \u00fcber den Besuch des Nutzers auf der Web-Seite. <em>Cookies<\/em> k\u00f6nnen dazu verwendet werden, spezifische Daten w\u00e4hrend Ihres Besuches auf der Web-Seite zusammenzutragen. Diese Daten k\u00f6nnen TONY MORA dabei helfen, sicher zu stellen, dass die Web Seite und die Dienstleistungen so weit wie m\u00f6glich auf die Bed\u00fcrfnisse und Pr\u00e4ferenzen der Nutzer abgestimmt werden. Sie k\u00f6nnen Ihren Internet-Browser so einstellen, dass er Sie jedes Mal darauf hinweist, wenn ein neuer <em>cookie<\/em> auf Ihrem Computer gespeichert werden soll. So k\u00f6nnen Sie entscheiden, ob Sie ihn ablehnen oder akzeptieren m\u00f6chten. Spezifische Anweisungen finden Sie unter Hilfe Ihres Internet-Browsers. Vergessen Sie dabei bitte jedoch nicht, dass einige Teile der Web-Seite nicht ordnungsgem\u00e4ss funktionieren k\u00f6nnen, wenn Sie die <em>cookies<\/em> ablehnen.<\/div>\r\n<div><\/div>\r\n<div class=\"col-inner\"><strong>ZUGANG, KORREKTUR UND L\u00d6SCHUNG VON DATEN<\/strong><\/div>\r\n<div><\/div>\r\n<div class=\"col-inner\">Gem. der geltenden <em>Datenschutzvorschrift<\/em> haben Sie jederzeit das Recht auf Zugang, Korrektur und\/oder L\u00f6schung Ihrer personenbezogenen Daten, sowie auf Widerruf Ihres Einverst\u00e4ndnisses zum Erhalt von Informationen \u00fcber Angebote oder sonstige Angelegenheiten von Interesse im Zusammenhang mit TONY MORA. Zu diesem Zweck senden Sie uns bitte eine Anfrage an die folgende Anschrift: <a href=\"mailto:ventas@tonymora.com\">ventas@tonymora.com<\/a><\/div>\r\n<div><\/div>\r\n<div class=\"col-inner\"><strong>\u00c4NDERUNGEN DER DATENSCHUTZPOLITIK<\/strong><\/div>\r\n<div><\/div>\r\n<div class=\"col-inner\"><strong>TONY MORA<\/strong> beh\u00e4lt sich das Recht vor, die auf dieser Web-Seite enthaltene Information und Materialien, sowie die <em>Datenschutzpolitik<\/em> vollst\u00e4ndig oder teilweise zu \u00e4ndern und\/oder auszutauschen. Wir empfehlen ihnen daher unsere <em>Datenschutzpolitik<\/em> regelm\u00e4ssig einzusehen, um \u00fcber m\u00f6gliche \u00c4nderungen informiert zu sein.<\/div>\r\n<div><\/div>\r\n<div class=\"col-inner\"><strong>KONTAKT<\/strong><\/div>\r\n<div><\/div>\r\n<div class=\"col-inner\">Ihre Kommentare und Fragen zu unserer <em>Datenschutzpolitik <\/em>senden Sie bitte an die folgende Anschrift: <a href=\"mailto:ventas@tonymora.com\">ventas@tonymora.com<\/a>.<\/div>\r\n<\/div>\r\n<p>[\/vc_column_text][\/vc_column][\/vc_row]<\/p>\r\n<\/div>","protected":false},"excerpt":{"rendered":"<p>[vc_row css_animation=&#8220;fadeIn&#8220; el_class=&#8220;container-medium&#8220;][vc_column][vc_custom_heading text=&#8220;RECHTLICHE HINWEISE&#8220; font_container=&#8220;tag:h2|font_size:2.6rem|text_align:left&#8220; use_theme_fonts=&#8220;yes&#8220;][vc_column_text] RECHTLICHE HINWEISE UND NUTZUNGSBEDINGUNGEN TONY MORA respektiert das Recht seiner online Nutzer auf<\/p>\n","protected":false},"author":1,"featured_media":0,"parent":0,"menu_order":0,"comment_status":"closed","ping_status":"closed","template":"","meta":{"_mbp_gutenberg_autopost":false,"footnotes":""},"class_list":["post-31285","page","type-page","status-publish","hentry"],"yoast_head":"<!-- This site is optimized with the Yoast SEO plugin v27.2 - https:\/\/yoast.com\/product\/yoast-seo-wordpress\/ -->\n<title>Rechtliche hinweise - Tony Mora\u00ae Boots Official Store<\/title>\n<meta name=\"robots\" content=\"noindex, follow\" \/>\n<meta property=\"og:locale\" content=\"de_DE\" \/>\n<meta property=\"og:type\" content=\"article\" \/>\n<meta property=\"og:title\" content=\"Rechtliche hinweise - Tony Mora\u00ae Boots Official Store\" \/>\n<meta property=\"og:description\" content=\"[vc_row css_animation=&#8220;fadeIn&#8220; el_class=&#8220;container-medium&#8220;][vc_column][vc_custom_heading text=&#8220;RECHTLICHE HINWEISE&#8220; font_container=&#8220;tag:h2|font_size:2.6rem|text_align:left&#8220; use_theme_fonts=&#8220;yes&#8220;][vc_column_text] RECHTLICHE HINWEISE UND NUTZUNGSBEDINGUNGEN TONY MORA respektiert das Recht seiner online Nutzer auf\" \/>\n<meta property=\"og:url\" content=\"https:\/\/tonymora.com\/de\/rechtliche-hinweise\/\" \/>\n<meta property=\"og:site_name\" content=\"Tony Mora\u00ae Boots Official Store\" \/>\n<meta property=\"article:publisher\" content=\"https:\/\/www.facebook.com\/Tonymoraofficial\/\" \/>\n<meta property=\"article:modified_time\" content=\"2023-11-08T12:50:52+00:00\" \/>\n<meta name=\"twitter:card\" content=\"summary_large_image\" \/>\n<meta name=\"twitter:label1\" content=\"Gesch\u00e4tzte Lesezeit\" \/>\n\t<meta name=\"twitter:data1\" content=\"7\u00a0Minuten\" \/>\n<script type=\"application\/ld+json\" class=\"yoast-schema-graph\">{\"@context\":\"https:\/\/schema.org\",\"@graph\":[{\"@type\":\"WebPage\",\"@id\":\"https:\/\/tonymora.com\/de\/rechtliche-hinweise\/\",\"url\":\"https:\/\/tonymora.com\/de\/rechtliche-hinweise\/\",\"name\":\"Rechtliche hinweise - Tony Mora\u00ae Boots Official Store\",\"isPartOf\":{\"@id\":\"https:\/\/tonymora.com\/de\/#website\"},\"datePublished\":\"2019-07-23T07:40:42+00:00\",\"dateModified\":\"2023-11-08T12:50:52+00:00\",\"breadcrumb\":{\"@id\":\"https:\/\/tonymora.com\/de\/rechtliche-hinweise\/#breadcrumb\"},\"inLanguage\":\"de\",\"potentialAction\":[{\"@type\":\"ReadAction\",\"target\":[\"https:\/\/tonymora.com\/de\/rechtliche-hinweise\/\"]}]},{\"@type\":\"BreadcrumbList\",\"@id\":\"https:\/\/tonymora.com\/de\/rechtliche-hinweise\/#breadcrumb\",\"itemListElement\":[{\"@type\":\"ListItem\",\"position\":1,\"name\":\"Portada\",\"item\":\"https:\/\/tonymora.com\/de\/\"},{\"@type\":\"ListItem\",\"position\":2,\"name\":\"Rechtliche hinweise\"}]},{\"@type\":\"WebSite\",\"@id\":\"https:\/\/tonymora.com\/de\/#website\",\"url\":\"https:\/\/tonymora.com\/de\/\",\"name\":\"Tony Mora\u00ae Boots Official Store\",\"description\":\"Cowboy Boots\",\"publisher\":{\"@id\":\"https:\/\/tonymora.com\/de\/#organization\"},\"potentialAction\":[{\"@type\":\"SearchAction\",\"target\":{\"@type\":\"EntryPoint\",\"urlTemplate\":\"https:\/\/tonymora.com\/de\/?s={search_term_string}\"},\"query-input\":{\"@type\":\"PropertyValueSpecification\",\"valueRequired\":true,\"valueName\":\"search_term_string\"}}],\"inLanguage\":\"de\"},{\"@type\":\"Organization\",\"@id\":\"https:\/\/tonymora.com\/de\/#organization\",\"name\":\"Tony Mora Boots\",\"url\":\"https:\/\/tonymora.com\/de\/\",\"logo\":{\"@type\":\"ImageObject\",\"inLanguage\":\"de\",\"@id\":\"https:\/\/tonymora.com\/de\/#\/schema\/logo\/image\/\",\"url\":\"https:\/\/tonymora.com\/wp-content\/uploads\/2023\/12\/LOGO.jpg\",\"contentUrl\":\"https:\/\/tonymora.com\/wp-content\/uploads\/2023\/12\/LOGO.jpg\",\"width\":2272,\"height\":1411,\"caption\":\"Tony Mora Boots\"},\"image\":{\"@id\":\"https:\/\/tonymora.com\/de\/#\/schema\/logo\/image\/\"},\"sameAs\":[\"https:\/\/www.facebook.com\/Tonymoraofficial\/\",\"https:\/\/www.instagram.com\/tonymoraofficial\/?hl=es\"]}]}<\/script>\n<!-- \/ Yoast SEO plugin. -->","yoast_head_json":{"title":"Rechtliche hinweise - Tony Mora\u00ae Boots Official Store","robots":{"index":"noindex","follow":"follow"},"og_locale":"de_DE","og_type":"article","og_title":"Rechtliche hinweise - Tony Mora\u00ae Boots Official Store","og_description":"[vc_row css_animation=&#8220;fadeIn&#8220; el_class=&#8220;container-medium&#8220;][vc_column][vc_custom_heading text=&#8220;RECHTLICHE HINWEISE&#8220; font_container=&#8220;tag:h2|font_size:2.6rem|text_align:left&#8220; use_theme_fonts=&#8220;yes&#8220;][vc_column_text] RECHTLICHE HINWEISE UND NUTZUNGSBEDINGUNGEN TONY MORA respektiert das Recht seiner online Nutzer auf","og_url":"https:\/\/tonymora.com\/de\/rechtliche-hinweise\/","og_site_name":"Tony Mora\u00ae Boots Official Store","article_publisher":"https:\/\/www.facebook.com\/Tonymoraofficial\/","article_modified_time":"2023-11-08T12:50:52+00:00","twitter_card":"summary_large_image","twitter_misc":{"Gesch\u00e4tzte Lesezeit":"7\u00a0Minuten"},"schema":{"@context":"https:\/\/schema.org","@graph":[{"@type":"WebPage","@id":"https:\/\/tonymora.com\/de\/rechtliche-hinweise\/","url":"https:\/\/tonymora.com\/de\/rechtliche-hinweise\/","name":"Rechtliche hinweise - Tony Mora\u00ae Boots Official Store","isPartOf":{"@id":"https:\/\/tonymora.com\/de\/#website"},"datePublished":"2019-07-23T07:40:42+00:00","dateModified":"2023-11-08T12:50:52+00:00","breadcrumb":{"@id":"https:\/\/tonymora.com\/de\/rechtliche-hinweise\/#breadcrumb"},"inLanguage":"de","potentialAction":[{"@type":"ReadAction","target":["https:\/\/tonymora.com\/de\/rechtliche-hinweise\/"]}]},{"@type":"BreadcrumbList","@id":"https:\/\/tonymora.com\/de\/rechtliche-hinweise\/#breadcrumb","itemListElement":[{"@type":"ListItem","position":1,"name":"Portada","item":"https:\/\/tonymora.com\/de\/"},{"@type":"ListItem","position":2,"name":"Rechtliche hinweise"}]},{"@type":"WebSite","@id":"https:\/\/tonymora.com\/de\/#website","url":"https:\/\/tonymora.com\/de\/","name":"Tony Mora\u00ae Boots Official Store","description":"Cowboy Boots","publisher":{"@id":"https:\/\/tonymora.com\/de\/#organization"},"potentialAction":[{"@type":"SearchAction","target":{"@type":"EntryPoint","urlTemplate":"https:\/\/tonymora.com\/de\/?s={search_term_string}"},"query-input":{"@type":"PropertyValueSpecification","valueRequired":true,"valueName":"search_term_string"}}],"inLanguage":"de"},{"@type":"Organization","@id":"https:\/\/tonymora.com\/de\/#organization","name":"Tony Mora Boots","url":"https:\/\/tonymora.com\/de\/","logo":{"@type":"ImageObject","inLanguage":"de","@id":"https:\/\/tonymora.com\/de\/#\/schema\/logo\/image\/","url":"https:\/\/tonymora.com\/wp-content\/uploads\/2023\/12\/LOGO.jpg","contentUrl":"https:\/\/tonymora.com\/wp-content\/uploads\/2023\/12\/LOGO.jpg","width":2272,"height":1411,"caption":"Tony Mora Boots"},"image":{"@id":"https:\/\/tonymora.com\/de\/#\/schema\/logo\/image\/"},"sameAs":["https:\/\/www.facebook.com\/Tonymoraofficial\/","https:\/\/www.instagram.com\/tonymoraofficial\/?hl=es"]}]}},"_links":{"self":[{"href":"https:\/\/tonymora.com\/de\/wp-json\/wp\/v2\/pages\/31285","targetHints":{"allow":["GET"]}}],"collection":[{"href":"https:\/\/tonymora.com\/de\/wp-json\/wp\/v2\/pages"}],"about":[{"href":"https:\/\/tonymora.com\/de\/wp-json\/wp\/v2\/types\/page"}],"author":[{"embeddable":true,"href":"https:\/\/tonymora.com\/de\/wp-json\/wp\/v2\/users\/1"}],"replies":[{"embeddable":true,"href":"https:\/\/tonymora.com\/de\/wp-json\/wp\/v2\/comments?post=31285"}],"version-history":[{"count":3,"href":"https:\/\/tonymora.com\/de\/wp-json\/wp\/v2\/pages\/31285\/revisions"}],"predecessor-version":[{"id":706214,"href":"https:\/\/tonymora.com\/de\/wp-json\/wp\/v2\/pages\/31285\/revisions\/706214"}],"wp:attachment":[{"href":"https:\/\/tonymora.com\/de\/wp-json\/wp\/v2\/media?parent=31285"}],"curies":[{"name":"wp","href":"https:\/\/api.w.org\/{rel}","templated":true}]}}