{"id":31312,"date":"2016-08-23T06:44:55","date_gmt":"2016-08-23T04:44:55","guid":{"rendered":"https:\/\/tonymora.com\/faqs\/"},"modified":"2025-05-26T11:35:50","modified_gmt":"2025-05-26T09:35:50","slug":"bestellugen","status":"publish","type":"page","link":"https:\/\/tonymora.com\/de\/bestellugen\/","title":{"rendered":"Bestellugen"},"content":{"rendered":"<div class=\"wpb-content-wrapper\"><p>[vc_row el_class=&#8220;container-medium&#8220;][vc_column]\n\t\t<div id=\"wd-\" class=\"wd-accordion wd-wpb  wd-style-default\" data-state=\"first\">\n\t\t\t\t\t\t\t\n\t\t\t\t\n\t\t\t\t<div class=\"wd-accordion-item\">\n\t\t\t\t\t<div class=\"wd-accordion-title wd-active font-primary wd-fontsize-s text-left wd-opener-pos-left wd-font-weight-600\" data-accordion-index=\"0\">\n\t\t\t\t\t\t<div class=\"wd-accordion-title-text\">\n\t\t\t\t\t\t\t\t\t\t\t\t\t\t<span>\n\t\t\t\t\t\t\t\tInformation zur bestellung\t\t\t\t\t\t\t<\/span>\n\t\t\t\t\t\t<\/div>\n\t\t\t\t\t\t<span class=\"wd-accordion-opener wd-opener-style-arrow\"><\/span>\n\t\t\t\t\t<\/div>\n\n\t\t\t\t\t<div class=\"wd-accordion-content reset-last-child wd-active\" data-accordion-index=\"0\">\n\t\t\t\t\t\t\t\t\t\t\t\t\t<p>Unsere Web-Seite funktioniert nicht in der \u00fcblichen Art und Weise. Bei TONY MORA arbeiten wir mit einem geringen Lagerbestand, um so ein abwechslungsreiches, neues und den Notwendigkeiten des Marktes angepasstes Produkt anbieten zu k\u00f6nnen. Ausserdem, und aufgrund der hohen Anzahl an Bestellungen, liegt unsere maximale Bearbeitungszeit bei 20 Tagen. F\u00fcr uns ist es wichtig, noch einmal darauf hinzuweisen, dass unsere maximale Bearbeitungszeit 20 Tage betr\u00e4gt, wobei 50% der erhaltenen Bestellungen innerhalb einer Woche ausgef\u00fchrt werden. Sollte es dennoch bei Ihrer Bestellung zu einer l\u00e4ngeren Bearbeitungszeit kommen, werden wir Sie dar\u00fcber informieren. Wir danken f\u00fcr Ihr Verst\u00e4ndnis.<br \/>\nFalls Sie weitere Informationen ben\u00f6tigen, z\u00f6gern Sie nicht, uns \u00fcber <a href=\"mailto:ventas@tonymora.com\">ventas@tonymora.com<\/a> oder <a href=\"mailto:stores@tonymora.com\">stores@tonymora.com<\/a> zu kontaktieren.<\/p>\n\t\t\t\t\t\t\t\t\t\t\t<\/div>\n\t\t\t\t<\/div>\n\t\t\t\t\t\t\t\n\t\t\t\t\n\t\t\t\t<div class=\"wd-accordion-item\">\n\t\t\t\t\t<div class=\"wd-accordion-title font-primary wd-fontsize-s text-left wd-opener-pos-left wd-font-weight-600\" data-accordion-index=\"1\">\n\t\t\t\t\t\t<div class=\"wd-accordion-title-text\">\n\t\t\t\t\t\t\t\t\t\t\t\t\t\t<span>\n\t\t\t\t\t\t\t\tKann ich meine bestellung \u00e4ndern?\t\t\t\t\t\t\t<\/span>\n\t\t\t\t\t\t<\/div>\n\t\t\t\t\t\t<span class=\"wd-accordion-opener wd-opener-style-arrow\"><\/span>\n\t\t\t\t\t<\/div>\n\n\t\t\t\t\t<div class=\"wd-accordion-content reset-last-child\" data-accordion-index=\"1\">\n\t\t\t\t\t\t\t\t\t\t\t\t\t<p>Selbstverst\u00e4ndlich. Unser Team ist bem\u00fcht, Ihre \u00c4nderungsw\u00fcnsche nach M\u00f6glichkeit durchzuf\u00fchren. Am besten \u00fcbermitteln Sie uns diese per E-Mail \u00fcber <a href=\"mailto:ventas@tonymora.com\">ventas@tonymora.com<\/a> oder <a href=\"mailto:stores@tonymora.com\">stores@tonymora.com<\/a><\/p>\n\t\t\t\t\t\t\t\t\t\t\t<\/div>\n\t\t\t\t<\/div>\n\t\t\t\t\t\t\t\n\t\t\t\t\n\t\t\t\t<div class=\"wd-accordion-item\">\n\t\t\t\t\t<div class=\"wd-accordion-title font-primary wd-fontsize-s text-left wd-opener-pos-left wd-font-weight-600\" data-accordion-index=\"2\">\n\t\t\t\t\t\t<div class=\"wd-accordion-title-text\">\n\t\t\t\t\t\t\t\t\t\t\t\t\t\t<span>\n\t\t\t\t\t\t\t\tWann ist die zahlung meiner bestellung f\u00e4llig?\t\t\t\t\t\t\t<\/span>\n\t\t\t\t\t\t<\/div>\n\t\t\t\t\t\t<span class=\"wd-accordion-opener wd-opener-style-arrow\"><\/span>\n\t\t\t\t\t<\/div>\n\n\t\t\t\t\t<div class=\"wd-accordion-content reset-last-child\" data-accordion-index=\"2\">\n\t\t\t\t\t\t\t\t\t\t\t\t\t<p>Zur Zeit ist die Zahlung sofort f\u00e4llig, um Ihre Bestellung schnellstm\u00f6glich zu bearbeiten. Sobald diese bei uns eingegangen ist, erhalten Sie eine E-Mail mit entsprechender Information.<\/p>\n\t\t\t\t\t\t\t\t\t\t\t<\/div>\n\t\t\t\t<\/div>\n\t\t\t\t\t\t\t\n\t\t\t\t\n\t\t\t\t<div class=\"wd-accordion-item\">\n\t\t\t\t\t<div class=\"wd-accordion-title font-primary wd-fontsize-s text-left wd-opener-pos-left wd-font-weight-600\" data-accordion-index=\"3\">\n\t\t\t\t\t\t<div class=\"wd-accordion-title-text\">\n\t\t\t\t\t\t\t\t\t\t\t\t\t\t<span>\n\t\t\t\t\t\t\t\tWelche zahlungsm\u00f6glichkeiten habe ich?\t\t\t\t\t\t\t<\/span>\n\t\t\t\t\t\t<\/div>\n\t\t\t\t\t\t<span class=\"wd-accordion-opener wd-opener-style-arrow\"><\/span>\n\t\t\t\t\t<\/div>\n\n\t\t\t\t\t<div class=\"wd-accordion-content reset-last-child\" data-accordion-index=\"3\">\n\t\t\t\t\t\t\t\t\t\t\t\t\t<p>Die spanische Mehrwertsteuer (derzeit 21% f\u00fcr unsere Produkte) wird f\u00fcr Nicht-Europ\u00e4er automatisch abgezogen. Allerdings muss jegliche Art von Steuer bzw. lokaler Abgabe in Eigenverantwortung vom Kunden geleistet werden. Alle von TONY MORA an nichteurop\u00e4ische Kunden ausgef\u00fchrten Lieferungen werden in Euro fakturiert. Es widerspricht unserer Politik, den deklarierten Wert unserer Produkte zu reduzieren. Falls Sie weitere Informationen zum Thema Mehrwertsteuer ben\u00f6tigen, kontaktieren Sie uns bitte \u00fcber die aufgef\u00fchrte Email-Adresse.<\/p>\n\t\t\t\t\t\t\t\t\t\t\t<\/div>\n\t\t\t\t<\/div>\n\t\t\t\t\t\t\t\n\t\t\t\t\n\t\t\t\t<div class=\"wd-accordion-item\">\n\t\t\t\t\t<div class=\"wd-accordion-title font-primary wd-fontsize-s text-left wd-opener-pos-left wd-font-weight-600\" data-accordion-index=\"4\">\n\t\t\t\t\t\t<div class=\"wd-accordion-title-text\">\n\t\t\t\t\t\t\t\t\t\t\t\t\t\t<span>\n\t\t\t\t\t\t\t\tHaben sie interesse, eine gr\u00f6ssere bestellung bei Tony Mora aufzugeben?\t\t\t\t\t\t\t<\/span>\n\t\t\t\t\t\t<\/div>\n\t\t\t\t\t\t<span class=\"wd-accordion-opener wd-opener-style-arrow\"><\/span>\n\t\t\t\t\t<\/div>\n\n\t\t\t\t\t<div class=\"wd-accordion-content reset-last-child\" data-accordion-index=\"4\">\n\t\t\t\t\t\t\t\t\t\t\t\t\t<p>Falls Sie eine Bestellung \u00fcber mehrere Paare Schuhe (Kauf von mehr als 18 Paaren) aufgeben m\u00f6chten, sind wir Ihnen gern behilflich. Bitte senden Sie uns eine E-Mail an <a href=\"mailto:ventas@tonymora.com\">ventas@tonymora.com<\/a> oder <a href=\"mailto:stores@tonymora.com\">stores@tonymora.com<\/a>, und unser Team wird Sie bei Ihrer Bestellung unterst\u00fctzen.<\/p>\n\t\t\t\t\t\t\t\t\t\t\t<\/div>\n\t\t\t\t<\/div>\n\t\t\t\t\t\t\t\n\t\t\t\t\n\t\t\t\t<div class=\"wd-accordion-item\">\n\t\t\t\t\t<div class=\"wd-accordion-title font-primary wd-fontsize-s text-left wd-opener-pos-left wd-font-weight-600\" data-accordion-index=\"5\">\n\t\t\t\t\t\t<div class=\"wd-accordion-title-text\">\n\t\t\t\t\t\t\t\t\t\t\t\t\t\t<span>\n\t\t\t\t\t\t\t\tWarum stellt tony mora bei einer zahlung \u00fcber paypal 5% in rechnung?\t\t\t\t\t\t\t<\/span>\n\t\t\t\t\t\t<\/div>\n\t\t\t\t\t\t<span class=\"wd-accordion-opener wd-opener-style-arrow\"><\/span>\n\t\t\t\t\t<\/div>\n\n\t\t\t\t\t<div class=\"wd-accordion-content reset-last-child\" data-accordion-index=\"5\">\n\t\t\t\t\t\t\t\t\t\t\t\t\t<p>Leider sind unsere Preise so straff kalkuliert, dass die zus\u00e4tzlichen Kosten f\u00fcr den Paypal-Service nicht \u00fcbernommen werden k\u00f6nnen. Deshalb bieten wir Ihnen zwei weitere Zahlungsm\u00f6glichkeiten, die keine zus\u00e4tzlichen Kosten generieren: per Kreditkarte bzw. per Bank\u00fcberweisung.<br \/>\nTONY MORA bem\u00fcht sich zu jeder Zeit, die in der Werbung erschienenen Produkte schnellstm\u00f6glich zur Verf\u00fcgung zu stellen. Trotzdem kann aufgrund von gr\u00f6sseren Bestellungen oder \u00e4hnlichen Umst\u00e4nden der Lagerbestand zur Neige gehen. In diesem Fall ist der durch die Bestellung zwischen den Parteien zustande gekommene Vertrag gem\u00e4ss Aufl\u00f6sungsklausel unwirksam. Der Kunde erh\u00e4lt bei erfolgter Vorkasse den gezahlten Betrag vollst\u00e4ndig zur\u00fcck, ohne dass es auf beiden Seiten zu Entsch\u00e4digungsanspr\u00fcchen aufgrund von Nichterf\u00fcllung des Vertrages, eingetretener Schaden oder entgangenem Gewinn kommt.<\/p>\n\t\t\t\t\t\t\t\t\t\t\t<\/div>\n\t\t\t\t<\/div>\n\t\t\t\t\t\t\t\n\t\t\t\t\n\t\t\t\t<div class=\"wd-accordion-item\">\n\t\t\t\t\t<div class=\"wd-accordion-title font-primary wd-fontsize-s text-left wd-opener-pos-left wd-font-weight-600\" data-accordion-index=\"6\">\n\t\t\t\t\t\t<div class=\"wd-accordion-title-text\">\n\t\t\t\t\t\t\t\t\t\t\t\t\t\t<span>\n\t\t\t\t\t\t\t\tMassgeschneiderte Stiefel\t\t\t\t\t\t\t<\/span>\n\t\t\t\t\t\t<\/div>\n\t\t\t\t\t\t<span class=\"wd-accordion-opener wd-opener-style-arrow\"><\/span>\n\t\t\t\t\t<\/div>\n\n\t\t\t\t\t<div class=\"wd-accordion-content reset-last-child\" data-accordion-index=\"6\">\n\t\t\t\t\t\t\t\t\t\t\t\t\t<p>Bei Umtausch und\/oder R\u00fccksendung von massgeschneiderten Stiefeln gehen die R\u00fccksendekosten zu Lasten des Kunden, der TONY MORA \u00fcber den Grund der R\u00fcckgabe informieren muss.<\/p>\n<p>Der Kunde w\u00e4hlt eine Versandagentur seines Vertrauens aus und sobald das Paket in unserer Fabrik eintrifft, wird unser Produktionsteam den Umtausch und\/oder die R\u00fccksendung pr\u00fcfen. Die R\u00fcckerstattung erfolgt nur f\u00fcr unser Produkt, die urspr\u00fcnglich verrechneten Versandkosten werden nicht verg\u00fctet.<\/p>\n<p>Die Erstattung erfolgt auf die gleiche Weise wie die urspr\u00fcngliche Zahlung erfolgt ist.<\/p>\n\t\t\t\t\t\t\t\t\t\t\t<\/div>\n\t\t\t\t<\/div>\n\t\t\t\t\t\t\t\t\t\t\t\t\t\t<\/div>\n\n\t\t[\/vc_column][\/vc_row]<\/p>\n<\/div>","protected":false},"excerpt":{"rendered":"<p>[vc_row el_class=&#8220;container-medium&#8220;][vc_column][\/vc_column][\/vc_row]<\/p>\n","protected":false},"author":1,"featured_media":0,"parent":0,"menu_order":0,"comment_status":"closed","ping_status":"closed","template":"","meta":{"_mbp_gutenberg_autopost":false,"footnotes":""},"class_list":["post-31312","page","type-page","status-publish","hentry"],"yoast_head":"<!-- This site is optimized with the Yoast SEO plugin v27.4 - https:\/\/yoast.com\/product\/yoast-seo-wordpress\/ -->\n<title>Bestellugen - Tony Mora\u00ae Boots Official Store<\/title>\n<meta name=\"description\" content=\"Bestellugen\" \/>\n<meta name=\"robots\" content=\"index, follow, max-snippet:-1, max-image-preview:large, max-video-preview:-1\" \/>\n<link rel=\"canonical\" href=\"https:\/\/tonymora.com\/de\/bestellugen\/\" \/>\n<meta property=\"og:locale\" content=\"de_DE\" \/>\n<meta property=\"og:type\" content=\"article\" \/>\n<meta property=\"og:title\" content=\"Bestellugen - Tony Mora\u00ae Boots Official Store\" \/>\n<meta property=\"og:description\" content=\"Bestellugen\" \/>\n<meta property=\"og:url\" content=\"https:\/\/tonymora.com\/de\/bestellugen\/\" \/>\n<meta property=\"og:site_name\" content=\"Tony Mora\u00ae Boots Official Store\" \/>\n<meta property=\"article:publisher\" content=\"https:\/\/www.facebook.com\/Tonymoraofficial\/\" \/>\n<meta property=\"article:modified_time\" content=\"2025-05-26T09:35:50+00:00\" \/>\n<meta name=\"twitter:card\" content=\"summary_large_image\" \/>\n<meta name=\"twitter:label1\" content=\"Gesch\u00e4tzte Lesezeit\" \/>\n\t<meta name=\"twitter:data1\" content=\"3\u00a0Minuten\" \/>\n<script type=\"application\/ld+json\" class=\"yoast-schema-graph\">{\"@context\":\"https:\\\/\\\/schema.org\",\"@graph\":[{\"@type\":\"WebPage\",\"@id\":\"https:\\\/\\\/tonymora.com\\\/de\\\/bestellugen\\\/\",\"url\":\"https:\\\/\\\/tonymora.com\\\/de\\\/bestellugen\\\/\",\"name\":\"Bestellugen - Tony Mora\u00ae Boots Official Store\",\"isPartOf\":{\"@id\":\"https:\\\/\\\/tonymora.com\\\/de\\\/#website\"},\"datePublished\":\"2016-08-23T04:44:55+00:00\",\"dateModified\":\"2025-05-26T09:35:50+00:00\",\"description\":\"Bestellugen\",\"breadcrumb\":{\"@id\":\"https:\\\/\\\/tonymora.com\\\/de\\\/bestellugen\\\/#breadcrumb\"},\"inLanguage\":\"de\",\"potentialAction\":[{\"@type\":\"ReadAction\",\"target\":[\"https:\\\/\\\/tonymora.com\\\/de\\\/bestellugen\\\/\"]}]},{\"@type\":\"BreadcrumbList\",\"@id\":\"https:\\\/\\\/tonymora.com\\\/de\\\/bestellugen\\\/#breadcrumb\",\"itemListElement\":[{\"@type\":\"ListItem\",\"position\":1,\"name\":\"Portada\",\"item\":\"https:\\\/\\\/tonymora.com\\\/de\\\/\"},{\"@type\":\"ListItem\",\"position\":2,\"name\":\"Bestellugen\"}]},{\"@type\":\"WebSite\",\"@id\":\"https:\\\/\\\/tonymora.com\\\/de\\\/#website\",\"url\":\"https:\\\/\\\/tonymora.com\\\/de\\\/\",\"name\":\"Tony Mora\u00ae Boots Official Store\",\"description\":\"Cowboy Boots\",\"publisher\":{\"@id\":\"https:\\\/\\\/tonymora.com\\\/de\\\/#organization\"},\"potentialAction\":[{\"@type\":\"SearchAction\",\"target\":{\"@type\":\"EntryPoint\",\"urlTemplate\":\"https:\\\/\\\/tonymora.com\\\/de\\\/?s={search_term_string}\"},\"query-input\":{\"@type\":\"PropertyValueSpecification\",\"valueRequired\":true,\"valueName\":\"search_term_string\"}}],\"inLanguage\":\"de\"},{\"@type\":\"Organization\",\"@id\":\"https:\\\/\\\/tonymora.com\\\/de\\\/#organization\",\"name\":\"Tony Mora Boots\",\"url\":\"https:\\\/\\\/tonymora.com\\\/de\\\/\",\"logo\":{\"@type\":\"ImageObject\",\"inLanguage\":\"de\",\"@id\":\"https:\\\/\\\/tonymora.com\\\/de\\\/#\\\/schema\\\/logo\\\/image\\\/\",\"url\":\"https:\\\/\\\/tonymora.com\\\/wp-content\\\/uploads\\\/2023\\\/12\\\/LOGO.jpg\",\"contentUrl\":\"https:\\\/\\\/tonymora.com\\\/wp-content\\\/uploads\\\/2023\\\/12\\\/LOGO.jpg\",\"width\":2272,\"height\":1411,\"caption\":\"Tony Mora Boots\"},\"image\":{\"@id\":\"https:\\\/\\\/tonymora.com\\\/de\\\/#\\\/schema\\\/logo\\\/image\\\/\"},\"sameAs\":[\"https:\\\/\\\/www.facebook.com\\\/Tonymoraofficial\\\/\",\"https:\\\/\\\/www.instagram.com\\\/tonymoraofficial\\\/?hl=es\"]}]}<\/script>\n<!-- \/ Yoast SEO plugin. -->","yoast_head_json":{"title":"Bestellugen - Tony Mora\u00ae Boots Official Store","description":"Bestellugen","robots":{"index":"index","follow":"follow","max-snippet":"max-snippet:-1","max-image-preview":"max-image-preview:large","max-video-preview":"max-video-preview:-1"},"canonical":"https:\/\/tonymora.com\/de\/bestellugen\/","og_locale":"de_DE","og_type":"article","og_title":"Bestellugen - Tony Mora\u00ae Boots Official Store","og_description":"Bestellugen","og_url":"https:\/\/tonymora.com\/de\/bestellugen\/","og_site_name":"Tony Mora\u00ae Boots Official Store","article_publisher":"https:\/\/www.facebook.com\/Tonymoraofficial\/","article_modified_time":"2025-05-26T09:35:50+00:00","twitter_card":"summary_large_image","twitter_misc":{"Gesch\u00e4tzte Lesezeit":"3\u00a0Minuten"},"schema":{"@context":"https:\/\/schema.org","@graph":[{"@type":"WebPage","@id":"https:\/\/tonymora.com\/de\/bestellugen\/","url":"https:\/\/tonymora.com\/de\/bestellugen\/","name":"Bestellugen - Tony Mora\u00ae Boots Official Store","isPartOf":{"@id":"https:\/\/tonymora.com\/de\/#website"},"datePublished":"2016-08-23T04:44:55+00:00","dateModified":"2025-05-26T09:35:50+00:00","description":"Bestellugen","breadcrumb":{"@id":"https:\/\/tonymora.com\/de\/bestellugen\/#breadcrumb"},"inLanguage":"de","potentialAction":[{"@type":"ReadAction","target":["https:\/\/tonymora.com\/de\/bestellugen\/"]}]},{"@type":"BreadcrumbList","@id":"https:\/\/tonymora.com\/de\/bestellugen\/#breadcrumb","itemListElement":[{"@type":"ListItem","position":1,"name":"Portada","item":"https:\/\/tonymora.com\/de\/"},{"@type":"ListItem","position":2,"name":"Bestellugen"}]},{"@type":"WebSite","@id":"https:\/\/tonymora.com\/de\/#website","url":"https:\/\/tonymora.com\/de\/","name":"Tony Mora\u00ae Boots Official Store","description":"Cowboy Boots","publisher":{"@id":"https:\/\/tonymora.com\/de\/#organization"},"potentialAction":[{"@type":"SearchAction","target":{"@type":"EntryPoint","urlTemplate":"https:\/\/tonymora.com\/de\/?s={search_term_string}"},"query-input":{"@type":"PropertyValueSpecification","valueRequired":true,"valueName":"search_term_string"}}],"inLanguage":"de"},{"@type":"Organization","@id":"https:\/\/tonymora.com\/de\/#organization","name":"Tony Mora Boots","url":"https:\/\/tonymora.com\/de\/","logo":{"@type":"ImageObject","inLanguage":"de","@id":"https:\/\/tonymora.com\/de\/#\/schema\/logo\/image\/","url":"https:\/\/tonymora.com\/wp-content\/uploads\/2023\/12\/LOGO.jpg","contentUrl":"https:\/\/tonymora.com\/wp-content\/uploads\/2023\/12\/LOGO.jpg","width":2272,"height":1411,"caption":"Tony Mora Boots"},"image":{"@id":"https:\/\/tonymora.com\/de\/#\/schema\/logo\/image\/"},"sameAs":["https:\/\/www.facebook.com\/Tonymoraofficial\/","https:\/\/www.instagram.com\/tonymoraofficial\/?hl=es"]}]}},"_links":{"self":[{"href":"https:\/\/tonymora.com\/de\/wp-json\/wp\/v2\/pages\/31312","targetHints":{"allow":["GET"]}}],"collection":[{"href":"https:\/\/tonymora.com\/de\/wp-json\/wp\/v2\/pages"}],"about":[{"href":"https:\/\/tonymora.com\/de\/wp-json\/wp\/v2\/types\/page"}],"author":[{"embeddable":true,"href":"https:\/\/tonymora.com\/de\/wp-json\/wp\/v2\/users\/1"}],"replies":[{"embeddable":true,"href":"https:\/\/tonymora.com\/de\/wp-json\/wp\/v2\/comments?post=31312"}],"version-history":[{"count":4,"href":"https:\/\/tonymora.com\/de\/wp-json\/wp\/v2\/pages\/31312\/revisions"}],"predecessor-version":[{"id":719496,"href":"https:\/\/tonymora.com\/de\/wp-json\/wp\/v2\/pages\/31312\/revisions\/719496"}],"wp:attachment":[{"href":"https:\/\/tonymora.com\/de\/wp-json\/wp\/v2\/media?parent=31312"}],"curies":[{"name":"wp","href":"https:\/\/api.w.org\/{rel}","templated":true}]}}