{"id":31316,"date":"2019-07-23T11:38:53","date_gmt":"2019-07-23T09:38:53","guid":{"rendered":"https:\/\/tonymora.com\/guia-de-tallas\/"},"modified":"2024-03-26T12:51:32","modified_gmt":"2024-03-26T11:51:32","slug":"groessentabelle","status":"publish","type":"page","link":"https:\/\/tonymora.com\/de\/groessentabelle\/","title":{"rendered":"Gr\u00f6\u00dfentabelle"},"content":{"rendered":"<div class=\"wpb-content-wrapper\"><p>[vc_row el_class=&#8220;container-medium&#8220;][vc_column width=&#8220;2\/3&#8243;][vc_custom_heading text=&#8220;Bestimmen Sie Ihre Schuharr\u00f6sse&#8220; font_container=&#8220;tag:h2|font_size:2.6rem|text_align:left|color:%23c59455&#8243; use_theme_fonts=&#8220;yes&#8220;][vc_column_text]Hier weisen wir Sie auf die wichtigsten Punkte hin, die Sie bei der<br \/>\nWahl Ihrer Gr\u00f6\u00dfe beim Kauf von Tony Mora Stiefeln oder<br \/>\nStiefeletten beachten sollten.[\/vc_column_text][\/vc_column][\/vc_row][vc_row css_animation=&#8220;fadeIn&#8220; full_width_header_sticky=&#8220;0&#8243; el_class=&#8220;container-medium&#8220; css=&#8220;.vc_custom_1627480065340{padding-top: 0px !important;}&#8220;][vc_column][vc_custom_heading text=&#8220;Schritte zu folgen&#8220; font_container=&#8220;tag:h3|text_align:left|color:%23c59455&#8243; google_fonts=&#8220;font_family:Playfair%20Display%3Aregular%2Citalic%2C700%2C700italic%2C900%2C900italic|font_style:700%20bold%20regular%3A700%3Anormal&#8220;][vc_column_text css_animation=&#8220;none&#8220;]1.- Sie m\u00fcssen Ihre \u00fcbliche Schuhgr\u00f6\u00dfe bestellen. Beispiel: Wenn Sie bei Turnschuhen die Gr\u00f6\u00dfe 40 tragen, haben Sie auch bei unseren Stiefeln die Gr\u00f6\u00dfe 40.<\/p>\n<p>2. Wenn die Stiefel schwer anzuziehen sind, keine Sorge, das ist normal. Verwenden Sie die Socken, die bei jeder Bestellung im Karton mitgeliefert werden. Diese Socken helfen Ihnen, die ersten Male in Ihre Stiefel hinein zu schl\u00fcpfen, und Sie werden sehen, dass es jedes Mal einfacher geht.<br \/>\nWenn Sie am Anfang das Gef\u00fchl haben, dass der Schuh am Rist oder in der Breite des Fu\u00dfes zu eng ist, machen Sie sich keine Sorgen. So sollte es am Anfang sein! Denn die Qualit\u00e4t des inneren Kalbsleders besteht darin, dass es beim Gehen allm\u00e4hlich nur an den Stellen nachgibt, an denen unsere F\u00fc\u00dfe es brauchen und sich unseren F\u00fc\u00dfen anpasst.<\/p>\n<p>*Wir empfehlen Ihnen, unsere Socken in den ersten Tagen zu tragen, da diese Socken beim Gehen die Transpiration an den F\u00fc\u00dfen f\u00f6rdern, so dass sich das Leder durch das Schwitzen und die Bewegung nur an den notwendigen Stellen ausdehnt.<\/p>\n<p>Es gibt den Glauben, dass man f\u00fcr Stiefel eine Nummer gr\u00f6\u00dfer kaufen sollte als die, die man normalerweise tr\u00e4gt, aber bei unserer Lederqualit\u00e4t ist das nicht n\u00f6tig. Alles ist ein Anpassungsprozess, der in den ersten Tagen vollzogen wird, bis die Stiefel wie angegossen passen!<\/p>\n<p>3. und schlie\u00dflich, was am wichtigsten ist&#8230;<br \/>\n<strong>Genie\u00dfen Sie den Komfort und die Qualit\u00e4t von Tony Mora!<\/strong>[\/vc_column_text][\/vc_column][\/vc_row]<\/p>\n<\/div>","protected":false},"excerpt":{"rendered":"<p>[vc_row el_class=&#8220;container-medium&#8220;][vc_column width=&#8220;2\/3&#8243;][vc_custom_heading text=&#8220;Bestimmen Sie Ihre Schuharr\u00f6sse&#8220; font_container=&#8220;tag:h2|font_size:2.6rem|text_align:left|color:%23c59455&#8243; use_theme_fonts=&#8220;yes&#8220;][vc_column_text]Hier weisen wir Sie auf die wichtigsten Punkte hin, die Sie bei<\/p>\n","protected":false},"author":1,"featured_media":0,"parent":0,"menu_order":0,"comment_status":"closed","ping_status":"closed","template":"","meta":{"_mbp_gutenberg_autopost":false,"footnotes":""},"class_list":["post-31316","page","type-page","status-publish","hentry"],"yoast_head":"<!-- This site is optimized with the Yoast SEO plugin v27.3 - https:\/\/yoast.com\/product\/yoast-seo-wordpress\/ -->\n<title>Gr\u00f6\u00dfentabelle - Tony Mora\u00ae Boots Official Store<\/title>\n<meta name=\"robots\" content=\"noindex, follow\" \/>\n<meta property=\"og:locale\" content=\"de_DE\" \/>\n<meta property=\"og:type\" content=\"article\" \/>\n<meta property=\"og:title\" content=\"Gr\u00f6\u00dfentabelle - Tony Mora\u00ae Boots Official Store\" \/>\n<meta property=\"og:description\" content=\"[vc_row el_class=&#8220;container-medium&#8220;][vc_column width=&#8220;2\/3&#8243;][vc_custom_heading text=&#8220;Bestimmen Sie Ihre Schuharr\u00f6sse&#8220; font_container=&#8220;tag:h2|font_size:2.6rem|text_align:left|color:%23c59455&#8243; use_theme_fonts=&#8220;yes&#8220;][vc_column_text]Hier weisen wir Sie auf die wichtigsten Punkte hin, die Sie bei\" \/>\n<meta property=\"og:url\" content=\"https:\/\/tonymora.com\/de\/groessentabelle\/\" \/>\n<meta property=\"og:site_name\" content=\"Tony Mora\u00ae Boots Official Store\" \/>\n<meta property=\"article:publisher\" content=\"https:\/\/www.facebook.com\/Tonymoraofficial\/\" \/>\n<meta property=\"article:modified_time\" content=\"2024-03-26T11:51:32+00:00\" \/>\n<meta name=\"twitter:card\" content=\"summary_large_image\" \/>\n<meta name=\"twitter:label1\" content=\"Gesch\u00e4tzte Lesezeit\" \/>\n\t<meta name=\"twitter:data1\" content=\"2\u00a0Minuten\" \/>\n<script type=\"application\/ld+json\" class=\"yoast-schema-graph\">{\"@context\":\"https:\\\/\\\/schema.org\",\"@graph\":[{\"@type\":\"WebPage\",\"@id\":\"https:\\\/\\\/tonymora.com\\\/de\\\/groessentabelle\\\/\",\"url\":\"https:\\\/\\\/tonymora.com\\\/de\\\/groessentabelle\\\/\",\"name\":\"Gr\u00f6\u00dfentabelle - Tony Mora\u00ae Boots Official Store\",\"isPartOf\":{\"@id\":\"https:\\\/\\\/tonymora.com\\\/de\\\/#website\"},\"datePublished\":\"2019-07-23T09:38:53+00:00\",\"dateModified\":\"2024-03-26T11:51:32+00:00\",\"breadcrumb\":{\"@id\":\"https:\\\/\\\/tonymora.com\\\/de\\\/groessentabelle\\\/#breadcrumb\"},\"inLanguage\":\"de\",\"potentialAction\":[{\"@type\":\"ReadAction\",\"target\":[\"https:\\\/\\\/tonymora.com\\\/de\\\/groessentabelle\\\/\"]}]},{\"@type\":\"BreadcrumbList\",\"@id\":\"https:\\\/\\\/tonymora.com\\\/de\\\/groessentabelle\\\/#breadcrumb\",\"itemListElement\":[{\"@type\":\"ListItem\",\"position\":1,\"name\":\"Portada\",\"item\":\"https:\\\/\\\/tonymora.com\\\/de\\\/\"},{\"@type\":\"ListItem\",\"position\":2,\"name\":\"Gr\u00f6\u00dfentabelle\"}]},{\"@type\":\"WebSite\",\"@id\":\"https:\\\/\\\/tonymora.com\\\/de\\\/#website\",\"url\":\"https:\\\/\\\/tonymora.com\\\/de\\\/\",\"name\":\"Tony Mora\u00ae Boots Official Store\",\"description\":\"Cowboy Boots\",\"publisher\":{\"@id\":\"https:\\\/\\\/tonymora.com\\\/de\\\/#organization\"},\"potentialAction\":[{\"@type\":\"SearchAction\",\"target\":{\"@type\":\"EntryPoint\",\"urlTemplate\":\"https:\\\/\\\/tonymora.com\\\/de\\\/?s={search_term_string}\"},\"query-input\":{\"@type\":\"PropertyValueSpecification\",\"valueRequired\":true,\"valueName\":\"search_term_string\"}}],\"inLanguage\":\"de\"},{\"@type\":\"Organization\",\"@id\":\"https:\\\/\\\/tonymora.com\\\/de\\\/#organization\",\"name\":\"Tony Mora Boots\",\"url\":\"https:\\\/\\\/tonymora.com\\\/de\\\/\",\"logo\":{\"@type\":\"ImageObject\",\"inLanguage\":\"de\",\"@id\":\"https:\\\/\\\/tonymora.com\\\/de\\\/#\\\/schema\\\/logo\\\/image\\\/\",\"url\":\"https:\\\/\\\/tonymora.com\\\/wp-content\\\/uploads\\\/2023\\\/12\\\/LOGO.jpg\",\"contentUrl\":\"https:\\\/\\\/tonymora.com\\\/wp-content\\\/uploads\\\/2023\\\/12\\\/LOGO.jpg\",\"width\":2272,\"height\":1411,\"caption\":\"Tony Mora Boots\"},\"image\":{\"@id\":\"https:\\\/\\\/tonymora.com\\\/de\\\/#\\\/schema\\\/logo\\\/image\\\/\"},\"sameAs\":[\"https:\\\/\\\/www.facebook.com\\\/Tonymoraofficial\\\/\",\"https:\\\/\\\/www.instagram.com\\\/tonymoraofficial\\\/?hl=es\"]}]}<\/script>\n<!-- \/ Yoast SEO plugin. -->","yoast_head_json":{"title":"Gr\u00f6\u00dfentabelle - Tony Mora\u00ae Boots Official Store","robots":{"index":"noindex","follow":"follow"},"og_locale":"de_DE","og_type":"article","og_title":"Gr\u00f6\u00dfentabelle - Tony Mora\u00ae Boots Official Store","og_description":"[vc_row el_class=&#8220;container-medium&#8220;][vc_column width=&#8220;2\/3&#8243;][vc_custom_heading text=&#8220;Bestimmen Sie Ihre Schuharr\u00f6sse&#8220; font_container=&#8220;tag:h2|font_size:2.6rem|text_align:left|color:%23c59455&#8243; use_theme_fonts=&#8220;yes&#8220;][vc_column_text]Hier weisen wir Sie auf die wichtigsten Punkte hin, die Sie bei","og_url":"https:\/\/tonymora.com\/de\/groessentabelle\/","og_site_name":"Tony Mora\u00ae Boots Official Store","article_publisher":"https:\/\/www.facebook.com\/Tonymoraofficial\/","article_modified_time":"2024-03-26T11:51:32+00:00","twitter_card":"summary_large_image","twitter_misc":{"Gesch\u00e4tzte Lesezeit":"2\u00a0Minuten"},"schema":{"@context":"https:\/\/schema.org","@graph":[{"@type":"WebPage","@id":"https:\/\/tonymora.com\/de\/groessentabelle\/","url":"https:\/\/tonymora.com\/de\/groessentabelle\/","name":"Gr\u00f6\u00dfentabelle - Tony Mora\u00ae Boots Official Store","isPartOf":{"@id":"https:\/\/tonymora.com\/de\/#website"},"datePublished":"2019-07-23T09:38:53+00:00","dateModified":"2024-03-26T11:51:32+00:00","breadcrumb":{"@id":"https:\/\/tonymora.com\/de\/groessentabelle\/#breadcrumb"},"inLanguage":"de","potentialAction":[{"@type":"ReadAction","target":["https:\/\/tonymora.com\/de\/groessentabelle\/"]}]},{"@type":"BreadcrumbList","@id":"https:\/\/tonymora.com\/de\/groessentabelle\/#breadcrumb","itemListElement":[{"@type":"ListItem","position":1,"name":"Portada","item":"https:\/\/tonymora.com\/de\/"},{"@type":"ListItem","position":2,"name":"Gr\u00f6\u00dfentabelle"}]},{"@type":"WebSite","@id":"https:\/\/tonymora.com\/de\/#website","url":"https:\/\/tonymora.com\/de\/","name":"Tony Mora\u00ae Boots Official Store","description":"Cowboy Boots","publisher":{"@id":"https:\/\/tonymora.com\/de\/#organization"},"potentialAction":[{"@type":"SearchAction","target":{"@type":"EntryPoint","urlTemplate":"https:\/\/tonymora.com\/de\/?s={search_term_string}"},"query-input":{"@type":"PropertyValueSpecification","valueRequired":true,"valueName":"search_term_string"}}],"inLanguage":"de"},{"@type":"Organization","@id":"https:\/\/tonymora.com\/de\/#organization","name":"Tony Mora Boots","url":"https:\/\/tonymora.com\/de\/","logo":{"@type":"ImageObject","inLanguage":"de","@id":"https:\/\/tonymora.com\/de\/#\/schema\/logo\/image\/","url":"https:\/\/tonymora.com\/wp-content\/uploads\/2023\/12\/LOGO.jpg","contentUrl":"https:\/\/tonymora.com\/wp-content\/uploads\/2023\/12\/LOGO.jpg","width":2272,"height":1411,"caption":"Tony Mora Boots"},"image":{"@id":"https:\/\/tonymora.com\/de\/#\/schema\/logo\/image\/"},"sameAs":["https:\/\/www.facebook.com\/Tonymoraofficial\/","https:\/\/www.instagram.com\/tonymoraofficial\/?hl=es"]}]}},"_links":{"self":[{"href":"https:\/\/tonymora.com\/de\/wp-json\/wp\/v2\/pages\/31316","targetHints":{"allow":["GET"]}}],"collection":[{"href":"https:\/\/tonymora.com\/de\/wp-json\/wp\/v2\/pages"}],"about":[{"href":"https:\/\/tonymora.com\/de\/wp-json\/wp\/v2\/types\/page"}],"author":[{"embeddable":true,"href":"https:\/\/tonymora.com\/de\/wp-json\/wp\/v2\/users\/1"}],"replies":[{"embeddable":true,"href":"https:\/\/tonymora.com\/de\/wp-json\/wp\/v2\/comments?post=31316"}],"version-history":[{"count":4,"href":"https:\/\/tonymora.com\/de\/wp-json\/wp\/v2\/pages\/31316\/revisions"}],"predecessor-version":[{"id":711982,"href":"https:\/\/tonymora.com\/de\/wp-json\/wp\/v2\/pages\/31316\/revisions\/711982"}],"wp:attachment":[{"href":"https:\/\/tonymora.com\/de\/wp-json\/wp\/v2\/media?parent=31316"}],"curies":[{"name":"wp","href":"https:\/\/api.w.org\/{rel}","templated":true}]}}