{"id":717231,"date":"2024-11-26T13:13:33","date_gmt":"2024-11-26T12:13:33","guid":{"rendered":"https:\/\/tonymora.com\/?page_id=717231"},"modified":"2024-12-12T11:41:02","modified_gmt":"2024-12-12T10:41:02","slug":"richtlinie-zum-schutz-persoenlicher-daten","status":"publish","type":"page","link":"https:\/\/tonymora.com\/de\/richtlinie-zum-schutz-persoenlicher-daten\/","title":{"rendered":"RICHTLINIE ZUM SCHUTZ PERS\u00d6NLICHER DATEN"},"content":{"rendered":"<div class=\"wpb-content-wrapper\"><p>[vc_row css_animation=&#8220;fadeIn&#8220; el_class=&#8220;container-medium&#8220;][vc_column][vc_custom_heading text=&#8220;RICHTLINIE ZUM SCHUTZ PERS\u00d6NLICHER DATEN&#8220; font_container=&#8220;tag:h2|font_size:2.6rem|text_align:left&#8220; use_theme_fonts=&#8220;yes&#8220;][vc_column_text woodmart_inline=&#8220;no&#8220; text_larger=&#8220;no&#8220;]Um die Anforderungen des Organgesetzes 3\/2018 vom 5. Dezember zum Schutz personenbezogener Daten und zur Gew\u00e4hrleistung digitaler Rechte (LOPDGDD) und der Verordnung (EU) 2016\/679 des Europ\u00e4ischen Parlaments und des Rates vom 27. April 2016 zum Schutz nat\u00fcrlicher Personen bei der Verarbeitung personenbezogener Daten und zum freien Datenverkehr (Datenschutz-Grundverordnung \u2013 DSGVO) zu erf\u00fcllen, geben wir Ihnen im Folgenden Informationen \u00fcber die Verarbeitung Ihrer personenbezogenen Daten.<\/p>\n<p><strong>Wer ist f\u00fcr die Verarbeitung Ihrer Daten verantwortlich?<\/strong><\/p>\n<p>Name: Mescalero S.L. (Tony Mora) Steuernummer: B-57515769 Adresse: Ctra. de Alar\u00f3, Km 4.5, 07340 Alar\u00f3, Illes Balears Telefon: 971514317 E-Mail: admin@tonymora.com Kontakt: Lorenzo Cardell<\/p>\n<p><strong>Zu welchem Zweck verarbeiten wir Ihre personenbezogenen Daten?<\/strong><\/p>\n<p>Ihre Daten werden zu den folgenden Zwecken verarbeitet:<\/p>\n<ul>\n<li><strong>Daten, die \u00fcber das Kontaktformular auf unserer Website bereitgestellt werden<\/strong>: Alle Daten, die Sie \u00fcber unsere Website bereitgestellt haben, werden ausschlie\u00dflich zur Bearbeitung Ihrer Informationsanfragen oder Vorschl\u00e4ge verarbeitet.<\/li>\n<li><strong>Daten, die beim Online-Kauf oder pers\u00f6nlich in unseren Gesch\u00e4ften bereitgestellt werden<\/strong>: Die Daten, die Sie w\u00e4hrend des Online-Kaufs oder pers\u00f6nlich in einem unserer physischen Verkaufsstellen bereitstellen, werden von Tony Mora zur ordnungsgem\u00e4\u00dfen Erbringung und Abrechnung der Dienstleistung verarbeitet.<\/li>\n<\/ul>\n<p>Dar\u00fcber hinaus k\u00f6nnen wir Ihre E-Mail-Adresse verwenden, um Ihnen kommerzielle Informationen, Angebote, Werbeaktionen oder Veranstaltungen zu senden, die mit unseren Produkten und unserem Unternehmen in Zusammenhang stehen und f\u00fcr Sie von Interesse sein k\u00f6nnten.<\/p>\n<p><strong>Wie lange bewahren wir Ihre Daten auf?<\/strong><\/p>\n<p>Diese Daten werden so lange aufbewahrt, wie sie f\u00fcr den vorgesehenen Zweck in jedem Fall erforderlich sind, oder f\u00fcr die Zeit, die erforderlich ist, um eine gesetzliche Verpflichtung zu erf\u00fcllen.<\/p>\n<p><strong>Was ist die rechtliche Grundlage f\u00fcr die Verarbeitung Ihrer Daten?<\/strong><\/p>\n<ul>\n<li><strong>Daten, die \u00fcber das Kontaktformular auf unserer Website bereitgestellt werden<\/strong>: Diese Verarbeitung Ihrer Daten basiert ausschlie\u00dflich auf der Einwilligung, die Sie uns durch die Annahme dieser Datenschutzerkl\u00e4rung erteilen. In keinem Fall wird der Widerruf dieser Einwilligung eine andere Beziehung, die Sie mit unserem Unternehmen haben, oder die Bedingungen der anderen von uns erbrachten Dienstleistungen beeintr\u00e4chtigen.<\/li>\n<li><strong>Daten, die beim Online-Kauf oder pers\u00f6nlich in unseren Gesch\u00e4ften bereitgestellt werden<\/strong>: In diesem Fall ist die Verarbeitung Ihrer Daten durch die bestehende vertragliche Beziehung zwischen beiden Parteien legitimiert, aufgrund der von Ihnen angeforderten Dienstleistungen.<\/li>\n<\/ul>\n<p><strong>An wen werden Ihre Daten weitergegeben?<\/strong><\/p>\n<p>Diese Daten werden nicht an Dritte weitergegeben, es sei denn, es besteht eine gesetzliche Verpflichtung.<\/p>\n<p><strong>Welche Rechte haben Sie, wenn Sie uns Ihre Daten zur Verf\u00fcgung stellen?<\/strong><\/p>\n<ul>\n<li>Jede Person hat das Recht, eine Best\u00e4tigung dar\u00fcber zu erhalten, ob Tony Mora personenbezogene Daten verarbeitet, die sie betreffen.<\/li>\n<li>Sie haben das Recht auf Zugang zu Ihren personenbezogenen Daten sowie auf Berichtigung unrichtiger Daten oder, gegebenenfalls, auf L\u00f6schung dieser Daten, wenn sie f\u00fcr die Zwecke, f\u00fcr die sie erhoben wurden, nicht mehr erforderlich sind.<\/li>\n<li>Unter bestimmten Umst\u00e4nden k\u00f6nnen Sie die Einschr\u00e4nkung der Verarbeitung Ihrer Daten verlangen, in welchem Fall wir sie nur zur Aus\u00fcbung oder Verteidigung von Anspr\u00fcchen aufbewahren werden.<\/li>\n<li>Unter bestimmten Umst\u00e4nden und aus Gr\u00fcnden, die sich aus Ihrer besonderen Situation ergeben, k\u00f6nnen Sie der Verarbeitung Ihrer Daten widersprechen, in welchem Fall wir die Daten, au\u00dfer aus zwingenden berechtigten Gr\u00fcnden oder zur Aus\u00fcbung oder Verteidigung m\u00f6glicher Anspr\u00fcche, nicht weiter verarbeiten werden.<\/li>\n<\/ul>\n<p><strong>Welche Garantien bieten wir bei der Verarbeitung Ihrer Daten?<\/strong><\/p>\n<p>Ihre Daten werden immer rechtm\u00e4\u00dfig, fair und transparent verarbeitet. Wir werden nur die Daten anfordern und verarbeiten, die angemessen, relevant und auf den Zweck beschr\u00e4nkt sind, f\u00fcr den sie verarbeitet werden. Wir gew\u00e4hrleisten auch, dass wir geeignete technische und organisatorische Ma\u00dfnahmen getroffen haben, um die Sicherheitsma\u00dfnahmen gem\u00e4\u00df den geltenden Vorschriften zu implementieren, um Ihre Rechte und Freiheiten zu sch\u00fctzen.[\/vc_column_text][\/vc_column][\/vc_row]<\/p>\n<\/div>","protected":false},"excerpt":{"rendered":"<p>[vc_row css_animation=&#8220;fadeIn&#8220; el_class=&#8220;container-medium&#8220;][vc_column][vc_custom_heading text=&#8220;RICHTLINIE ZUM SCHUTZ PERS\u00d6NLICHER DATEN&#8220; font_container=&#8220;tag:h2|font_size:2.6rem|text_align:left&#8220; use_theme_fonts=&#8220;yes&#8220;][vc_column_text woodmart_inline=&#8220;no&#8220; text_larger=&#8220;no&#8220;]Um die Anforderungen des Organgesetzes 3\/2018 vom 5. Dezember<\/p>\n","protected":false},"author":1139,"featured_media":0,"parent":0,"menu_order":0,"comment_status":"closed","ping_status":"closed","template":"","meta":{"_mbp_gutenberg_autopost":false,"footnotes":""},"class_list":["post-717231","page","type-page","status-publish","hentry"],"yoast_head":"<!-- This site is optimized with the Yoast SEO plugin v27.2 - https:\/\/yoast.com\/product\/yoast-seo-wordpress\/ -->\n<title>RICHTLINIE ZUM SCHUTZ PERS\u00d6NLICHER DATEN - Tony Mora\u00ae Boots Official Store<\/title>\n<meta name=\"robots\" content=\"index, follow, max-snippet:-1, max-image-preview:large, max-video-preview:-1\" \/>\n<link rel=\"canonical\" href=\"https:\/\/tonymora.com\/de\/richtlinie-zum-schutz-persoenlicher-daten\/\" \/>\n<meta property=\"og:locale\" content=\"de_DE\" \/>\n<meta property=\"og:type\" content=\"article\" \/>\n<meta property=\"og:title\" content=\"RICHTLINIE ZUM SCHUTZ PERS\u00d6NLICHER DATEN - Tony Mora\u00ae Boots Official Store\" \/>\n<meta property=\"og:description\" content=\"[vc_row css_animation=&#8220;fadeIn&#8220; el_class=&#8220;container-medium&#8220;][vc_column][vc_custom_heading text=&#8220;RICHTLINIE ZUM SCHUTZ PERS\u00d6NLICHER DATEN&#8220; font_container=&#8220;tag:h2|font_size:2.6rem|text_align:left&#8220; use_theme_fonts=&#8220;yes&#8220;][vc_column_text woodmart_inline=&#8220;no&#8220; text_larger=&#8220;no&#8220;]Um die Anforderungen des Organgesetzes 3\/2018 vom 5. Dezember\" \/>\n<meta property=\"og:url\" content=\"https:\/\/tonymora.com\/de\/richtlinie-zum-schutz-persoenlicher-daten\/\" \/>\n<meta property=\"og:site_name\" content=\"Tony Mora\u00ae Boots Official Store\" \/>\n<meta property=\"article:publisher\" content=\"https:\/\/www.facebook.com\/Tonymoraofficial\/\" \/>\n<meta property=\"article:modified_time\" content=\"2024-12-12T10:41:02+00:00\" \/>\n<meta name=\"twitter:card\" content=\"summary_large_image\" \/>\n<meta name=\"twitter:label1\" content=\"Gesch\u00e4tzte Lesezeit\" \/>\n\t<meta name=\"twitter:data1\" content=\"3\u00a0Minuten\" \/>\n<script type=\"application\/ld+json\" class=\"yoast-schema-graph\">{\"@context\":\"https:\/\/schema.org\",\"@graph\":[{\"@type\":\"WebPage\",\"@id\":\"https:\/\/tonymora.com\/de\/richtlinie-zum-schutz-persoenlicher-daten\/\",\"url\":\"https:\/\/tonymora.com\/de\/richtlinie-zum-schutz-persoenlicher-daten\/\",\"name\":\"RICHTLINIE ZUM SCHUTZ PERS\u00d6NLICHER DATEN - Tony Mora\u00ae Boots Official Store\",\"isPartOf\":{\"@id\":\"https:\/\/tonymora.com\/de\/#website\"},\"datePublished\":\"2024-11-26T12:13:33+00:00\",\"dateModified\":\"2024-12-12T10:41:02+00:00\",\"breadcrumb\":{\"@id\":\"https:\/\/tonymora.com\/de\/richtlinie-zum-schutz-persoenlicher-daten\/#breadcrumb\"},\"inLanguage\":\"de\",\"potentialAction\":[{\"@type\":\"ReadAction\",\"target\":[\"https:\/\/tonymora.com\/de\/richtlinie-zum-schutz-persoenlicher-daten\/\"]}]},{\"@type\":\"BreadcrumbList\",\"@id\":\"https:\/\/tonymora.com\/de\/richtlinie-zum-schutz-persoenlicher-daten\/#breadcrumb\",\"itemListElement\":[{\"@type\":\"ListItem\",\"position\":1,\"name\":\"Portada\",\"item\":\"https:\/\/tonymora.com\/de\/\"},{\"@type\":\"ListItem\",\"position\":2,\"name\":\"RICHTLINIE ZUM SCHUTZ PERS\u00d6NLICHER DATEN\"}]},{\"@type\":\"WebSite\",\"@id\":\"https:\/\/tonymora.com\/de\/#website\",\"url\":\"https:\/\/tonymora.com\/de\/\",\"name\":\"Tony Mora\u00ae Boots Official Store\",\"description\":\"Cowboy Boots\",\"publisher\":{\"@id\":\"https:\/\/tonymora.com\/de\/#organization\"},\"potentialAction\":[{\"@type\":\"SearchAction\",\"target\":{\"@type\":\"EntryPoint\",\"urlTemplate\":\"https:\/\/tonymora.com\/de\/?s={search_term_string}\"},\"query-input\":{\"@type\":\"PropertyValueSpecification\",\"valueRequired\":true,\"valueName\":\"search_term_string\"}}],\"inLanguage\":\"de\"},{\"@type\":\"Organization\",\"@id\":\"https:\/\/tonymora.com\/de\/#organization\",\"name\":\"Tony Mora Boots\",\"url\":\"https:\/\/tonymora.com\/de\/\",\"logo\":{\"@type\":\"ImageObject\",\"inLanguage\":\"de\",\"@id\":\"https:\/\/tonymora.com\/de\/#\/schema\/logo\/image\/\",\"url\":\"https:\/\/tonymora.com\/wp-content\/uploads\/2023\/12\/LOGO.jpg\",\"contentUrl\":\"https:\/\/tonymora.com\/wp-content\/uploads\/2023\/12\/LOGO.jpg\",\"width\":2272,\"height\":1411,\"caption\":\"Tony Mora Boots\"},\"image\":{\"@id\":\"https:\/\/tonymora.com\/de\/#\/schema\/logo\/image\/\"},\"sameAs\":[\"https:\/\/www.facebook.com\/Tonymoraofficial\/\",\"https:\/\/www.instagram.com\/tonymoraofficial\/?hl=es\"]}]}<\/script>\n<!-- \/ Yoast SEO plugin. -->","yoast_head_json":{"title":"RICHTLINIE ZUM SCHUTZ PERS\u00d6NLICHER DATEN - Tony Mora\u00ae Boots Official Store","robots":{"index":"index","follow":"follow","max-snippet":"max-snippet:-1","max-image-preview":"max-image-preview:large","max-video-preview":"max-video-preview:-1"},"canonical":"https:\/\/tonymora.com\/de\/richtlinie-zum-schutz-persoenlicher-daten\/","og_locale":"de_DE","og_type":"article","og_title":"RICHTLINIE ZUM SCHUTZ PERS\u00d6NLICHER DATEN - Tony Mora\u00ae Boots Official Store","og_description":"[vc_row css_animation=&#8220;fadeIn&#8220; el_class=&#8220;container-medium&#8220;][vc_column][vc_custom_heading text=&#8220;RICHTLINIE ZUM SCHUTZ PERS\u00d6NLICHER DATEN&#8220; font_container=&#8220;tag:h2|font_size:2.6rem|text_align:left&#8220; use_theme_fonts=&#8220;yes&#8220;][vc_column_text woodmart_inline=&#8220;no&#8220; text_larger=&#8220;no&#8220;]Um die Anforderungen des Organgesetzes 3\/2018 vom 5. Dezember","og_url":"https:\/\/tonymora.com\/de\/richtlinie-zum-schutz-persoenlicher-daten\/","og_site_name":"Tony Mora\u00ae Boots Official Store","article_publisher":"https:\/\/www.facebook.com\/Tonymoraofficial\/","article_modified_time":"2024-12-12T10:41:02+00:00","twitter_card":"summary_large_image","twitter_misc":{"Gesch\u00e4tzte Lesezeit":"3\u00a0Minuten"},"schema":{"@context":"https:\/\/schema.org","@graph":[{"@type":"WebPage","@id":"https:\/\/tonymora.com\/de\/richtlinie-zum-schutz-persoenlicher-daten\/","url":"https:\/\/tonymora.com\/de\/richtlinie-zum-schutz-persoenlicher-daten\/","name":"RICHTLINIE ZUM SCHUTZ PERS\u00d6NLICHER DATEN - Tony Mora\u00ae Boots Official Store","isPartOf":{"@id":"https:\/\/tonymora.com\/de\/#website"},"datePublished":"2024-11-26T12:13:33+00:00","dateModified":"2024-12-12T10:41:02+00:00","breadcrumb":{"@id":"https:\/\/tonymora.com\/de\/richtlinie-zum-schutz-persoenlicher-daten\/#breadcrumb"},"inLanguage":"de","potentialAction":[{"@type":"ReadAction","target":["https:\/\/tonymora.com\/de\/richtlinie-zum-schutz-persoenlicher-daten\/"]}]},{"@type":"BreadcrumbList","@id":"https:\/\/tonymora.com\/de\/richtlinie-zum-schutz-persoenlicher-daten\/#breadcrumb","itemListElement":[{"@type":"ListItem","position":1,"name":"Portada","item":"https:\/\/tonymora.com\/de\/"},{"@type":"ListItem","position":2,"name":"RICHTLINIE ZUM SCHUTZ PERS\u00d6NLICHER DATEN"}]},{"@type":"WebSite","@id":"https:\/\/tonymora.com\/de\/#website","url":"https:\/\/tonymora.com\/de\/","name":"Tony Mora\u00ae Boots Official Store","description":"Cowboy Boots","publisher":{"@id":"https:\/\/tonymora.com\/de\/#organization"},"potentialAction":[{"@type":"SearchAction","target":{"@type":"EntryPoint","urlTemplate":"https:\/\/tonymora.com\/de\/?s={search_term_string}"},"query-input":{"@type":"PropertyValueSpecification","valueRequired":true,"valueName":"search_term_string"}}],"inLanguage":"de"},{"@type":"Organization","@id":"https:\/\/tonymora.com\/de\/#organization","name":"Tony Mora Boots","url":"https:\/\/tonymora.com\/de\/","logo":{"@type":"ImageObject","inLanguage":"de","@id":"https:\/\/tonymora.com\/de\/#\/schema\/logo\/image\/","url":"https:\/\/tonymora.com\/wp-content\/uploads\/2023\/12\/LOGO.jpg","contentUrl":"https:\/\/tonymora.com\/wp-content\/uploads\/2023\/12\/LOGO.jpg","width":2272,"height":1411,"caption":"Tony Mora Boots"},"image":{"@id":"https:\/\/tonymora.com\/de\/#\/schema\/logo\/image\/"},"sameAs":["https:\/\/www.facebook.com\/Tonymoraofficial\/","https:\/\/www.instagram.com\/tonymoraofficial\/?hl=es"]}]}},"_links":{"self":[{"href":"https:\/\/tonymora.com\/de\/wp-json\/wp\/v2\/pages\/717231","targetHints":{"allow":["GET"]}}],"collection":[{"href":"https:\/\/tonymora.com\/de\/wp-json\/wp\/v2\/pages"}],"about":[{"href":"https:\/\/tonymora.com\/de\/wp-json\/wp\/v2\/types\/page"}],"author":[{"embeddable":true,"href":"https:\/\/tonymora.com\/de\/wp-json\/wp\/v2\/users\/1139"}],"replies":[{"embeddable":true,"href":"https:\/\/tonymora.com\/de\/wp-json\/wp\/v2\/comments?post=717231"}],"version-history":[{"count":3,"href":"https:\/\/tonymora.com\/de\/wp-json\/wp\/v2\/pages\/717231\/revisions"}],"predecessor-version":[{"id":717234,"href":"https:\/\/tonymora.com\/de\/wp-json\/wp\/v2\/pages\/717231\/revisions\/717234"}],"wp:attachment":[{"href":"https:\/\/tonymora.com\/de\/wp-json\/wp\/v2\/media?parent=717231"}],"curies":[{"name":"wp","href":"https:\/\/api.w.org\/{rel}","templated":true}]}}