{"id":717240,"date":"2024-11-26T13:15:46","date_gmt":"2024-11-26T12:15:46","guid":{"rendered":"https:\/\/tonymora.com\/?page_id=717240"},"modified":"2024-12-12T12:00:05","modified_gmt":"2024-12-12T11:00:05","slug":"cookies","status":"publish","type":"page","link":"https:\/\/tonymora.com\/de\/cookies\/","title":{"rendered":"Cookies"},"content":{"rendered":"<div class=\"wpb-content-wrapper\">[vc_row css_animation=&#8220;fadeIn&#8220; el_class=&#8220;container-medium&#8220;][vc_column][vc_custom_heading text=&#8220;Hinweis zu Cookies&#8220; font_container=&#8220;tag:h2|font_size:2.6rem|text_align:left&#8220; use_theme_fonts=&#8220;yes&#8220;][vc_column_text woodmart_inline=&#8220;no&#8220; text_larger=&#8220;no&#8220;]\r\n<div class=\"col-inner\">\r\n\r\n<strong>COOKIE-RICHTLINIE<\/strong>\r\n\r\nW\u00e4hrend Ihres Besuchs auf der Website kann TONY MORA unpers\u00f6nliche Daten sammeln, haupts\u00e4chlich durch die Verwendung von Cookies. Ein Cookie ist eine kleine Textdatei, die ein Server auf der Festplatte eines Benutzers ablegen kann. Sie enth\u00e4lt Informationen \u00fcber den Besuch des Benutzers auf der Website. Cookies k\u00f6nnen verwendet werden, um spezifische Informationen w\u00e4hrend Ihres Besuchs auf der Website zu sammeln. Diese Informationen k\u00f6nnen TONY MORA dabei helfen, sicherzustellen, dass die Website und die Dienstleistungen so gut wie m\u00f6glich den Bed\u00fcrfnissen und Vorlieben der Benutzer entsprechen. Sie k\u00f6nnen Ihren Internetbrowser so einstellen, dass Sie jedes Mal benachrichtigt werden, wenn ein neues Cookie auf Ihrem Computer gespeichert wird, damit Sie entscheiden k\u00f6nnen, ob Sie es akzeptieren oder ablehnen m\u00f6chten. Bitte beziehen Sie sich auf den Hilfebereich Ihres Internetbrowsers f\u00fcr spezifische Anweisungen. Bitte beachten Sie, dass einige Teile der Website m\u00f6glicherweise nicht richtig funktionieren, wenn Sie Cookies ablehnen.\r\n\r\n<strong>ZUGANG, BERICHTIGUNG UND L\u00d6SCHUNG IHRER DATEN<\/strong>\r\n\r\n<\/div>\r\n[\/vc_column_text][\/vc_column][\/vc_row]<\/div>","protected":false},"excerpt":{"rendered":"<p>[vc_row css_animation=&#8220;fadeIn&#8220; el_class=&#8220;container-medium&#8220;][vc_column][vc_custom_heading text=&#8220;Hinweis zu Cookies&#8220; font_container=&#8220;tag:h2|font_size:2.6rem|text_align:left&#8220; use_theme_fonts=&#8220;yes&#8220;][vc_column_text woodmart_inline=&#8220;no&#8220; text_larger=&#8220;no&#8220;] COOKIE-RICHTLINIE W\u00e4hrend Ihres Besuchs auf der Website kann TONY MORA<\/p>\n","protected":false},"author":1139,"featured_media":0,"parent":0,"menu_order":0,"comment_status":"closed","ping_status":"closed","template":"","meta":{"_mbp_gutenberg_autopost":false,"footnotes":""},"class_list":["post-717240","page","type-page","status-publish","hentry"],"yoast_head":"<!-- This site is optimized with the Yoast SEO plugin v27.2 - https:\/\/yoast.com\/product\/yoast-seo-wordpress\/ -->\n<title>Cookies - Tony Mora\u00ae Boots Official Store<\/title>\n<meta name=\"robots\" content=\"index, follow, max-snippet:-1, max-image-preview:large, max-video-preview:-1\" \/>\n<link rel=\"canonical\" href=\"https:\/\/tonymora.com\/de\/cookies\/\" \/>\n<meta property=\"og:locale\" content=\"de_DE\" \/>\n<meta property=\"og:type\" content=\"article\" \/>\n<meta property=\"og:title\" content=\"Cookies - Tony Mora\u00ae Boots Official Store\" \/>\n<meta property=\"og:description\" content=\"[vc_row css_animation=&#8220;fadeIn&#8220; el_class=&#8220;container-medium&#8220;][vc_column][vc_custom_heading text=&#8220;Hinweis zu Cookies&#8220; font_container=&#8220;tag:h2|font_size:2.6rem|text_align:left&#8220; use_theme_fonts=&#8220;yes&#8220;][vc_column_text woodmart_inline=&#8220;no&#8220; text_larger=&#8220;no&#8220;] COOKIE-RICHTLINIE W\u00e4hrend Ihres Besuchs auf der Website kann TONY MORA\" \/>\n<meta property=\"og:url\" content=\"https:\/\/tonymora.com\/de\/cookies\/\" \/>\n<meta property=\"og:site_name\" content=\"Tony Mora\u00ae Boots Official Store\" \/>\n<meta property=\"article:publisher\" content=\"https:\/\/www.facebook.com\/Tonymoraofficial\/\" \/>\n<meta property=\"article:modified_time\" content=\"2024-12-12T11:00:05+00:00\" \/>\n<meta name=\"twitter:card\" content=\"summary_large_image\" \/>\n<meta name=\"twitter:label1\" content=\"Gesch\u00e4tzte Lesezeit\" \/>\n\t<meta name=\"twitter:data1\" content=\"1\u00a0Minute\" \/>\n<script type=\"application\/ld+json\" class=\"yoast-schema-graph\">{\"@context\":\"https:\/\/schema.org\",\"@graph\":[{\"@type\":\"WebPage\",\"@id\":\"https:\/\/tonymora.com\/de\/cookies\/\",\"url\":\"https:\/\/tonymora.com\/de\/cookies\/\",\"name\":\"Cookies - Tony Mora\u00ae Boots Official Store\",\"isPartOf\":{\"@id\":\"https:\/\/tonymora.com\/de\/#website\"},\"datePublished\":\"2024-11-26T12:15:46+00:00\",\"dateModified\":\"2024-12-12T11:00:05+00:00\",\"breadcrumb\":{\"@id\":\"https:\/\/tonymora.com\/de\/cookies\/#breadcrumb\"},\"inLanguage\":\"de\",\"potentialAction\":[{\"@type\":\"ReadAction\",\"target\":[\"https:\/\/tonymora.com\/de\/cookies\/\"]}]},{\"@type\":\"BreadcrumbList\",\"@id\":\"https:\/\/tonymora.com\/de\/cookies\/#breadcrumb\",\"itemListElement\":[{\"@type\":\"ListItem\",\"position\":1,\"name\":\"Portada\",\"item\":\"https:\/\/tonymora.com\/de\/\"},{\"@type\":\"ListItem\",\"position\":2,\"name\":\"Cookies\"}]},{\"@type\":\"WebSite\",\"@id\":\"https:\/\/tonymora.com\/de\/#website\",\"url\":\"https:\/\/tonymora.com\/de\/\",\"name\":\"Tony Mora\u00ae Boots Official Store\",\"description\":\"Cowboy Boots\",\"publisher\":{\"@id\":\"https:\/\/tonymora.com\/de\/#organization\"},\"potentialAction\":[{\"@type\":\"SearchAction\",\"target\":{\"@type\":\"EntryPoint\",\"urlTemplate\":\"https:\/\/tonymora.com\/de\/?s={search_term_string}\"},\"query-input\":{\"@type\":\"PropertyValueSpecification\",\"valueRequired\":true,\"valueName\":\"search_term_string\"}}],\"inLanguage\":\"de\"},{\"@type\":\"Organization\",\"@id\":\"https:\/\/tonymora.com\/de\/#organization\",\"name\":\"Tony Mora Boots\",\"url\":\"https:\/\/tonymora.com\/de\/\",\"logo\":{\"@type\":\"ImageObject\",\"inLanguage\":\"de\",\"@id\":\"https:\/\/tonymora.com\/de\/#\/schema\/logo\/image\/\",\"url\":\"https:\/\/tonymora.com\/wp-content\/uploads\/2023\/12\/LOGO.jpg\",\"contentUrl\":\"https:\/\/tonymora.com\/wp-content\/uploads\/2023\/12\/LOGO.jpg\",\"width\":2272,\"height\":1411,\"caption\":\"Tony Mora Boots\"},\"image\":{\"@id\":\"https:\/\/tonymora.com\/de\/#\/schema\/logo\/image\/\"},\"sameAs\":[\"https:\/\/www.facebook.com\/Tonymoraofficial\/\",\"https:\/\/www.instagram.com\/tonymoraofficial\/?hl=es\"]}]}<\/script>\n<!-- \/ Yoast SEO plugin. -->","yoast_head_json":{"title":"Cookies - Tony Mora\u00ae Boots Official Store","robots":{"index":"index","follow":"follow","max-snippet":"max-snippet:-1","max-image-preview":"max-image-preview:large","max-video-preview":"max-video-preview:-1"},"canonical":"https:\/\/tonymora.com\/de\/cookies\/","og_locale":"de_DE","og_type":"article","og_title":"Cookies - Tony Mora\u00ae Boots Official Store","og_description":"[vc_row css_animation=&#8220;fadeIn&#8220; el_class=&#8220;container-medium&#8220;][vc_column][vc_custom_heading text=&#8220;Hinweis zu Cookies&#8220; font_container=&#8220;tag:h2|font_size:2.6rem|text_align:left&#8220; use_theme_fonts=&#8220;yes&#8220;][vc_column_text woodmart_inline=&#8220;no&#8220; text_larger=&#8220;no&#8220;] COOKIE-RICHTLINIE W\u00e4hrend Ihres Besuchs auf der Website kann TONY MORA","og_url":"https:\/\/tonymora.com\/de\/cookies\/","og_site_name":"Tony Mora\u00ae Boots Official Store","article_publisher":"https:\/\/www.facebook.com\/Tonymoraofficial\/","article_modified_time":"2024-12-12T11:00:05+00:00","twitter_card":"summary_large_image","twitter_misc":{"Gesch\u00e4tzte Lesezeit":"1\u00a0Minute"},"schema":{"@context":"https:\/\/schema.org","@graph":[{"@type":"WebPage","@id":"https:\/\/tonymora.com\/de\/cookies\/","url":"https:\/\/tonymora.com\/de\/cookies\/","name":"Cookies - Tony Mora\u00ae Boots Official Store","isPartOf":{"@id":"https:\/\/tonymora.com\/de\/#website"},"datePublished":"2024-11-26T12:15:46+00:00","dateModified":"2024-12-12T11:00:05+00:00","breadcrumb":{"@id":"https:\/\/tonymora.com\/de\/cookies\/#breadcrumb"},"inLanguage":"de","potentialAction":[{"@type":"ReadAction","target":["https:\/\/tonymora.com\/de\/cookies\/"]}]},{"@type":"BreadcrumbList","@id":"https:\/\/tonymora.com\/de\/cookies\/#breadcrumb","itemListElement":[{"@type":"ListItem","position":1,"name":"Portada","item":"https:\/\/tonymora.com\/de\/"},{"@type":"ListItem","position":2,"name":"Cookies"}]},{"@type":"WebSite","@id":"https:\/\/tonymora.com\/de\/#website","url":"https:\/\/tonymora.com\/de\/","name":"Tony Mora\u00ae Boots Official Store","description":"Cowboy Boots","publisher":{"@id":"https:\/\/tonymora.com\/de\/#organization"},"potentialAction":[{"@type":"SearchAction","target":{"@type":"EntryPoint","urlTemplate":"https:\/\/tonymora.com\/de\/?s={search_term_string}"},"query-input":{"@type":"PropertyValueSpecification","valueRequired":true,"valueName":"search_term_string"}}],"inLanguage":"de"},{"@type":"Organization","@id":"https:\/\/tonymora.com\/de\/#organization","name":"Tony Mora Boots","url":"https:\/\/tonymora.com\/de\/","logo":{"@type":"ImageObject","inLanguage":"de","@id":"https:\/\/tonymora.com\/de\/#\/schema\/logo\/image\/","url":"https:\/\/tonymora.com\/wp-content\/uploads\/2023\/12\/LOGO.jpg","contentUrl":"https:\/\/tonymora.com\/wp-content\/uploads\/2023\/12\/LOGO.jpg","width":2272,"height":1411,"caption":"Tony Mora Boots"},"image":{"@id":"https:\/\/tonymora.com\/de\/#\/schema\/logo\/image\/"},"sameAs":["https:\/\/www.facebook.com\/Tonymoraofficial\/","https:\/\/www.instagram.com\/tonymoraofficial\/?hl=es"]}]}},"_links":{"self":[{"href":"https:\/\/tonymora.com\/de\/wp-json\/wp\/v2\/pages\/717240","targetHints":{"allow":["GET"]}}],"collection":[{"href":"https:\/\/tonymora.com\/de\/wp-json\/wp\/v2\/pages"}],"about":[{"href":"https:\/\/tonymora.com\/de\/wp-json\/wp\/v2\/types\/page"}],"author":[{"embeddable":true,"href":"https:\/\/tonymora.com\/de\/wp-json\/wp\/v2\/users\/1139"}],"replies":[{"embeddable":true,"href":"https:\/\/tonymora.com\/de\/wp-json\/wp\/v2\/comments?post=717240"}],"version-history":[{"count":3,"href":"https:\/\/tonymora.com\/de\/wp-json\/wp\/v2\/pages\/717240\/revisions"}],"predecessor-version":[{"id":717243,"href":"https:\/\/tonymora.com\/de\/wp-json\/wp\/v2\/pages\/717240\/revisions\/717243"}],"wp:attachment":[{"href":"https:\/\/tonymora.com\/de\/wp-json\/wp\/v2\/media?parent=717240"}],"curies":[{"name":"wp","href":"https:\/\/api.w.org\/{rel}","templated":true}]}}