{"id":720848,"date":"2025-08-26T18:04:09","date_gmt":"2025-08-26T16:04:09","guid":{"rendered":"https:\/\/tonymora.com\/mantenimiento-de-por-vida\/"},"modified":"2025-09-01T12:15:06","modified_gmt":"2025-09-01T10:15:06","slug":"lebenslange-wartung","status":"publish","type":"page","link":"https:\/\/tonymora.com\/de\/lebenslange-wartung\/","title":{"rendered":"Lebenslange Wartung"},"content":{"rendered":"<div class=\"wpb-content-wrapper\"><p>[vc_row css_animation=&#8220;fadeIn&#8220; full_width_header_sticky=&#8220;0&#8243; el_class=&#8220;container-medium&#8220; css=&#8220;.vc_custom_1627479955986{padding-top: 0px !important;}&#8220;][vc_column][vc_column_text css_animation=&#8220;none&#8220; woodmart_inline=&#8220;no&#8220; text_larger=&#8220;no&#8220;]<span style=\"font-weight: 400;\">Bei Tony Mora fertigen wir nicht nur Stiefel: Wir kreieren zeitlose St\u00fccke, die Generationen \u00fcberdauern. Jedes Paar ist ein Unikat, gefertigt aus feinstem Leder und mit dem Know-how unserer Handwerker auf Mallorca, damit es \u00fcber Jahre hinweg seine Urspr\u00fcnglichkeit bewahrt.<\/span><\/p>\n<p>Deshalb bieten wir einen <b>exklusiven lebenslangen Pflegeservice<\/b> an. Unser Team kann <b>Sohlen und Abs\u00e4tze restaurieren, N\u00e4hte reparieren und Flecken behandeln<\/b>, die sich entfernen lassen. In manchen F\u00e4llen, wenn das Leder es erfordert, k\u00f6nnen wir den Stiefel <b>f\u00e4rben, um seine urspr\u00fcngliche Farbe wiederherzustellen, oder ihm ein neues Finish verleihen.<\/b><\/p>\n<p>Dieser Aufwand hat jedoch aufgrund der edlen Materialien seine Grenzen:<\/p>\n<p>\u2013 Exotische Leder (wie Schlangen- oder Pythonleder) k\u00f6nnen nicht repariert werden, wenn ihre Oberfl\u00e4che besch\u00e4digt oder abgenutzt ist.<br \/>\n\u2013 Tiefsitzende \u00d6lflecken lassen sich in den meisten F\u00e4llen nicht vollst\u00e4ndig entfernen.<br \/>\n\u2013 Wir ersetzen das Leder des Originalstiefels nicht.<\/p>\n<p>Mehr als ein Service, es ist ein Versprechen: Ihre Tony Mora Stiefel bleiben Ihnen Jahr f\u00fcr Jahr treu, genau wie am ersten Tag.[\/vc_column_text][\/vc_column][\/vc_row]<\/p>\n<\/div>","protected":false},"excerpt":{"rendered":"<p>[vc_row css_animation=&#8220;fadeIn&#8220; full_width_header_sticky=&#8220;0&#8243; el_class=&#8220;container-medium&#8220; css=&#8220;.vc_custom_1627479955986{padding-top: 0px !important;}&#8220;][vc_column][vc_column_text css_animation=&#8220;none&#8220; woodmart_inline=&#8220;no&#8220; text_larger=&#8220;no&#8220;]Bei Tony Mora fertigen wir nicht nur Stiefel: Wir kreieren zeitlose<\/p>\n","protected":false},"author":1139,"featured_media":0,"parent":0,"menu_order":0,"comment_status":"closed","ping_status":"closed","template":"","meta":{"_mbp_gutenberg_autopost":false,"footnotes":""},"class_list":["post-720848","page","type-page","status-publish","hentry"],"_links":{"self":[{"href":"https:\/\/tonymora.com\/de\/wp-json\/wp\/v2\/pages\/720848","targetHints":{"allow":["GET"]}}],"collection":[{"href":"https:\/\/tonymora.com\/de\/wp-json\/wp\/v2\/pages"}],"about":[{"href":"https:\/\/tonymora.com\/de\/wp-json\/wp\/v2\/types\/page"}],"author":[{"embeddable":true,"href":"https:\/\/tonymora.com\/de\/wp-json\/wp\/v2\/users\/1139"}],"replies":[{"embeddable":true,"href":"https:\/\/tonymora.com\/de\/wp-json\/wp\/v2\/comments?post=720848"}],"version-history":[{"count":4,"href":"https:\/\/tonymora.com\/de\/wp-json\/wp\/v2\/pages\/720848\/revisions"}],"predecessor-version":[{"id":721081,"href":"https:\/\/tonymora.com\/de\/wp-json\/wp\/v2\/pages\/720848\/revisions\/721081"}],"wp:attachment":[{"href":"https:\/\/tonymora.com\/de\/wp-json\/wp\/v2\/media?parent=720848"}],"curies":[{"name":"wp","href":"https:\/\/api.w.org\/{rel}","templated":true}]}}