{"id":723111,"date":"2026-01-20T15:42:19","date_gmt":"2026-01-20T14:42:19","guid":{"rendered":"https:\/\/tonymora.com\/?page_id=723111"},"modified":"2026-03-04T17:13:04","modified_gmt":"2026-03-04T16:13:04","slug":"private-access","status":"publish","type":"page","link":"https:\/\/tonymora.com\/de\/private-access\/","title":{"rendered":"Tony Mora Private Access"},"content":{"rendered":"<div class=\"wpb-content-wrapper\"><p>[vc_row][vc_column][vc_row_inner][vc_column_inner][vc_custom_heading text=&#8220;Privater Zugang: Limitierte Auflagen und Sonderrabatte&#8220; font_container=&#8220;tag:h2|font_size:3rem|text_align:center|color:%23c59455&#8243; use_theme_fonts=&#8220;yes&#8220; css_animation=&#8220;left-to-right&#8220;][vc_column_text css_animation=&#8220;left-to-right&#8220; woodmart_inline=&#8220;no&#8220; text_larger=&#8220;no&#8220;]<\/p>\n<p style=\"text-align: center;\">Tony Mora macht keine Rabatte. Wir schaffen Kunst. Aber gelegentlich \u00f6ffnen wir unser Archiv oder bringen limitierte Auflagen f\u00fcr unsere treuesten Kunden heraus.<\/p>\n<p>[\/vc_column_text]<div id=\"wd-699d8d5850fc1\" class=\" wd-rs-699d8d5850fc1  wd-button-wrapper text-center\"><a href=\"#earlyAccessDE\" title=\"\" class=\"btn btn-scheme-light btn-scheme-hover-light btn-style-default btn-style-rectangle btn-size-default\">Melden Sie sich an, um als Erster davon zu erfahren<\/a><\/div>[vc_empty_space height=&#8220;50px&#8220; woodmart_hide_large=&#8220;0&#8243; woodmart_hide_medium=&#8220;0&#8243; woodmart_hide_small=&#8220;0&#8243;][\/vc_column_inner][\/vc_row_inner][\/vc_column][\/vc_row][vc_row full_width=&#8220;stretch_row&#8220; woodmart_stretch_content=&#8220;section-stretch&#8220; css=&#8220;.vc_custom_1771929585552{background-color: #f2f2f2 !important;}&#8220; woodmart_css_id=&#8220;699d7fe8e0f65&#8243; responsive_spacing=&#8220;eyJwYXJhbV90eXBlIjoid29vZG1hcnRfcmVzcG9uc2l2ZV9zcGFjaW5nIiwic2VsZWN0b3JfaWQiOiI2OTlkN2ZlOGUwZjY1Iiwic2hvcnRjb2RlIjoidmNfcm93IiwiZGF0YSI6eyJ0YWJsZXQiOnt9LCJtb2JpbGUiOnt9fX0=&#8220; mobile_bg_img_hidden=&#8220;no&#8220; tablet_bg_img_hidden=&#8220;no&#8220; woodmart_parallax=&#8220;0&#8243; woodmart_gradient_switch=&#8220;no&#8220; woodmart_box_shadow=&#8220;no&#8220; wd_z_index=&#8220;no&#8220; woodmart_disable_overflow=&#8220;0&#8243; row_reverse_mobile=&#8220;0&#8243; row_reverse_tablet=&#8220;0&#8243;][vc_column width=&#8220;1\/2&#8243;][vc_empty_space height=&#8220;40px&#8220; woodmart_hide_large=&#8220;0&#8243; woodmart_hide_medium=&#8220;0&#8243; woodmart_hide_small=&#8220;0&#8243;][vc_column_text woodmart_inline=&#8220;no&#8220; text_larger=&#8220;no&#8220;]<\/p>\n<h2 class=\"vc_custom_heading wpb_animate_when_almost_visible wpb_left-to-right left-to-right wpb_start_animation animated\">Wir machen keine Rabatte. Wir sch\u00fctzen das Erbe.<\/h2>\n<p>[\/vc_column_text][vc_column_text css_animation=&#8220;left-to-right&#8220; woodmart_inline=&#8220;no&#8220; text_larger=&#8220;no&#8220;]Bei<strong> Tony Mora<\/strong> ist jedes Paar Stiefel ein handgefertigtes Meisterwerk, das auf<strong> Mallorca nach der GoodYear-Welted-Methode handgen\u00e4ht wird.<\/strong> Unsere Schuhe veralten nicht, sie werden mit der Zeit immer besser.<\/p>\n<p>Aus Respekt vor unseren <strong>Handwerkern und der Qualit\u00e4t unserer Leder<\/strong> beteiligen wir uns nicht an der Dynamik der Fast Fashion oder an permanenten Massenrabatten. Wir glauben jedoch daran, Treue zu belohnen.<\/p>\n<p>Wir haben <strong>The Private Reserve<\/strong> f\u00fcr diejenigen geschaffen, die den Unterschied zwischen Preis und Wert verstehen.[\/vc_column_text][\/vc_column][vc_column width=&#8220;1\/2&#8243;][vc_single_image image=&#8220;723093&#8243; img_size=&#8220;large&#8220; alignment=&#8220;center&#8220; parallax_scroll=&#8220;no&#8220; woodmart_inline=&#8220;no&#8220;][\/vc_column][\/vc_row][vc_row full_width=&#8220;stretch_row&#8220; woodmart_stretch_content=&#8220;section-stretch&#8220; woodmart_css_id=&#8220;699d76bd19662&#8243; responsive_spacing=&#8220;eyJwYXJhbV90eXBlIjoid29vZG1hcnRfcmVzcG9uc2l2ZV9zcGFjaW5nIiwic2VsZWN0b3JfaWQiOiI2OTlkNzZiZDE5NjYyIiwic2hvcnRjb2RlIjoidmNfcm93IiwiZGF0YSI6eyJ0YWJsZXQiOnt9LCJtb2JpbGUiOnt9fX0=&#8220; mobile_bg_img_hidden=&#8220;no&#8220; tablet_bg_img_hidden=&#8220;no&#8220; woodmart_parallax=&#8220;0&#8243; woodmart_gradient_switch=&#8220;no&#8220; woodmart_box_shadow=&#8220;no&#8220; wd_z_index=&#8220;no&#8220; woodmart_disable_overflow=&#8220;0&#8243; row_reverse_mobile=&#8220;0&#8243; row_reverse_tablet=&#8220;0&#8243;][vc_column width=&#8220;1\/2&#8243;][vc_single_image image=&#8220;723099&#8243; img_size=&#8220;large&#8220; alignment=&#8220;center&#8220; parallax_scroll=&#8220;no&#8220; woodmart_inline=&#8220;no&#8220;][\/vc_column][vc_column width=&#8220;1\/2&#8243;][vc_empty_space height=&#8220;40px&#8220; woodmart_hide_large=&#8220;0&#8243; woodmart_hide_medium=&#8220;0&#8243; woodmart_hide_small=&#8220;0&#8243;][vc_column_text woodmart_inline=&#8220;no&#8220; text_larger=&#8220;no&#8220;]<\/p>\n<h2 class=\"vc_custom_heading wpb_animate_when_almost_visible wpb_left-to-right left-to-right wpb_start_animation animated\">Was Sie durch Ihre Mitgliedschaft bei The Private Reserve erhalten<\/h2>\n<p>[\/vc_column_text]\n\t\t<ul class=\" wd-rs-699d8a3739fa8 wd-list wd-wpb color-scheme- wd-fontsize-s wd-list-type-icon wd-list-style-default wd-justify-left \" id=\"wd-699d8a3739fa8\">\n\t\t\t\t\t\t\t\t\t\t\t<li>\n\t\t\t\t\t<img loading=\"lazy\" decoding=\"async\" width=\"25\" height=\"25\" src=\"https:\/\/tonymora.com\/wp-content\/uploads\/2026\/01\/early-access-25x25.png\" class=\"attachment-25x25 size-25x25\" alt=\"early access\" srcset=\"https:\/\/tonymora.com\/wp-content\/uploads\/2026\/01\/early-access-25x25.png 25w, https:\/\/tonymora.com\/wp-content\/uploads\/2026\/01\/early-access-150x150.png 150w, https:\/\/tonymora.com\/wp-content\/uploads\/2026\/01\/early-access.png 250w\" sizes=\"auto, (max-width: 25px) 100vw, 25px\" \/>\n\t\t\t\t\t<span class=\"list-content\">Fr\u00fchzeitiger Zugang (Early Access): Seien Sie der Erste, der Zugang zu unseren j\u00e4hrlichen Events (Black Friday, Summer Archive) erh\u00e4lt. Sichern Sie sich Ihre Gr\u00f6\u00dfe 48 Stunden vor der \u00d6ffnung f\u00fcr die breite \u00d6ffentlichkeit.<\/span>\n\t\t\t\t\t\t\t\t\t<\/li>\n\t\t\t\t\t\t\t\t\t\t\t<li>\n\t\t\t\t\t<img loading=\"lazy\" decoding=\"async\" width=\"25\" height=\"25\" src=\"https:\/\/tonymora.com\/wp-content\/uploads\/2026\/01\/acceso-exclusivo-25x25.png\" class=\"attachment-25x25 size-25x25\" alt=\"acceso exclusivo\" srcset=\"https:\/\/tonymora.com\/wp-content\/uploads\/2026\/01\/acceso-exclusivo-25x25.png 25w, https:\/\/tonymora.com\/wp-content\/uploads\/2026\/01\/acceso-exclusivo-150x150.png 150w, https:\/\/tonymora.com\/wp-content\/uploads\/2026\/01\/acceso-exclusivo.png 250w\" sizes=\"auto, (max-width: 25px) 100vw, 25px\" \/>\n\t\t\t\t\t<span class=\"list-content\">The Archive Sale: Exklusiver Zugang zu auslaufenden Modellen, letzten Gr\u00f6\u00dfen und Sammlerst\u00fccken zu Sonderpreisen. Einzigartige Gelegenheiten, die nicht auf der Hauptwebsite ver\u00f6ffentlicht werden.<\/span>\n\t\t\t\t\t\t\t\t\t<\/li>\n\t\t\t\t\t\t\t\t\t\t\t<li>\n\t\t\t\t\t<img loading=\"lazy\" decoding=\"async\" width=\"25\" height=\"25\" src=\"https:\/\/tonymora.com\/wp-content\/uploads\/2026\/01\/lanzamientos-25x25.png\" class=\"attachment-25x25 size-25x25\" alt=\"\" srcset=\"https:\/\/tonymora.com\/wp-content\/uploads\/2026\/01\/lanzamientos-25x25.png 25w, https:\/\/tonymora.com\/wp-content\/uploads\/2026\/01\/lanzamientos-150x150.png 150w, https:\/\/tonymora.com\/wp-content\/uploads\/2026\/01\/lanzamientos.png 250w\" sizes=\"auto, (max-width: 25px) 100vw, 25px\" \/>\n\t\t\t\t\t<span class=\"list-content\">\u201eMade to Order\u201d-Neuheiten: Vorrang bei der Reservierung neuer Kollektionen und limitierter Auflagen aus exotischen Ledersorten, bevor diese in den Verkauf gehen.<\/span>\n\t\t\t\t\t\t\t\t\t<\/li>\n\t\t\t\t\t<\/ul>\n\t\t[\/vc_column][\/vc_row][vc_row full_width=&#8220;stretch_row&#8220; woodmart_stretch_content=&#8220;section-stretch&#8220; css=&#8220;.vc_custom_1771929556541{background-color: #f2f2f2 !important;}&#8220; woodmart_css_id=&#8220;699d7fc0070a9&#8243; responsive_spacing=&#8220;eyJwYXJhbV90eXBlIjoid29vZG1hcnRfcmVzcG9uc2l2ZV9zcGFjaW5nIiwic2VsZWN0b3JfaWQiOiI2OTlkN2ZjMDA3MGE5Iiwic2hvcnRjb2RlIjoidmNfcm93IiwiZGF0YSI6eyJ0YWJsZXQiOnt9LCJtb2JpbGUiOnt9fX0=&#8220; mobile_bg_img_hidden=&#8220;no&#8220; tablet_bg_img_hidden=&#8220;no&#8220; woodmart_parallax=&#8220;0&#8243; woodmart_gradient_switch=&#8220;no&#8220; woodmart_box_shadow=&#8220;no&#8220; wd_z_index=&#8220;no&#8220; woodmart_disable_overflow=&#8220;0&#8243; row_reverse_mobile=&#8220;0&#8243; row_reverse_tablet=&#8220;0&#8243;][vc_column][vc_row_inner][vc_column_inner width=&#8220;1\/6&#8243; woodmart_text_align=&#8220;center&#8220; woodmart_css_id=&#8220;696f9a40177bc&#8220; parallax_scroll=&#8220;no&#8220; woodmart_sticky_column=&#8220;false&#8220; wd_collapsible_content_switcher=&#8220;no&#8220; wd_column_role_offcanvas_desktop=&#8220;no&#8220; wd_column_role_offcanvas_tablet=&#8220;no&#8220; wd_column_role_offcanvas_mobile=&#8220;no&#8220; wd_column_role_content_desktop=&#8220;no&#8220; wd_column_role_content_tablet=&#8220;no&#8220; wd_column_role_content_mobile=&#8220;no&#8220; mobile_bg_img_hidden=&#8220;no&#8220; tablet_bg_img_hidden=&#8220;no&#8220; woodmart_parallax=&#8220;0&#8243; woodmart_box_shadow=&#8220;no&#8220; responsive_spacing=&#8220;eyJwYXJhbV90eXBlIjoid29vZG1hcnRfcmVzcG9uc2l2ZV9zcGFjaW5nIiwic2VsZWN0b3JfaWQiOiI2OTZmOWE0MDE3N2JjIiwic2hvcnRjb2RlIjoidmNfY29sdW1uX2lubmVyIiwiZGF0YSI6eyJ0YWJsZXQiOnt9LCJtb2JpbGUiOnt9fX0=&#8220; wd_z_index=&#8220;no&#8220;][\/vc_column_inner][vc_column_inner width=&#8220;2\/3&#8243;][vc_column_text woodmart_inline=&#8220;no&#8220; text_larger=&#8220;no&#8220;]<\/p>\n<h2 class=\"vc_custom_heading wpb_animate_when_almost_visible wpb_left-to-right left-to-right wpb_start_animation animated\" style=\"text-align: center;\">Suchen Sie einen Tony Mora Outlet?<\/h2>\n<p>[\/vc_column_text][vc_column_text woodmart_inline=&#8220;no&#8220; text_larger=&#8220;no&#8220;]<\/p>\n<div class=\"wpb_text_column wpb_content_element\">\n<div class=\"wpb_wrapper\">\n<blockquote>\n<p style=\"text-align: center;\">Was bei anderen Marken als \u201eOutlet\u201c oder Ausverkauf bezeichnet wird, nennen wir bei Tony Mora \u201eThe Private Reserve\u201c.<\/p>\n<\/blockquote>\n<\/div>\n<\/div>\n<div class=\"wpb_text_column wpb_content_element\">\n<div class=\"wpb_wrapper\">\n<p style=\"text-align: center;\">Wir haben keinen permanenten, f\u00fcr die \u00d6ffentlichkeit zug\u00e4nglichen Ausverkaufsbereich. Wir ziehen es vor, unser Erbe zu pflegen, indem wir unsere letzten Gr\u00f6\u00dfen, Prototypen und Archivmodelle ausschlie\u00dflich den Mitgliedern dieser Liste anbieten. Wenn Sie die authentische Qualit\u00e4t von Tony Mora zu einem Sonderpreis suchen, ist dies der einzige offizielle Kanal, um sie zu erhalten.<\/p>\n<\/div>\n<\/div>\n<p>[\/vc_column_text][\/vc_column_inner][vc_column_inner width=&#8220;1\/6&#8243;][\/vc_column_inner][\/vc_row_inner][\/vc_column][\/vc_row][vc_row el_id=&#8220;earlyAccessDE&#8220; woodmart_css_id=&#8220;699d8b22abcee&#8220; responsive_spacing=&#8220;eyJwYXJhbV90eXBlIjoid29vZG1hcnRfcmVzcG9uc2l2ZV9zcGFjaW5nIiwic2VsZWN0b3JfaWQiOiI2OTlkOGIyMmFiY2VlIiwic2hvcnRjb2RlIjoidmNfcm93IiwiZGF0YSI6eyJ0YWJsZXQiOnt9LCJtb2JpbGUiOnt9fX0=&#8220; mobile_bg_img_hidden=&#8220;no&#8220; tablet_bg_img_hidden=&#8220;no&#8220; woodmart_parallax=&#8220;0&#8243; woodmart_gradient_switch=&#8220;no&#8220; woodmart_box_shadow=&#8220;no&#8220; wd_z_index=&#8220;no&#8220; woodmart_disable_overflow=&#8220;0&#8243; row_reverse_mobile=&#8220;0&#8243; row_reverse_tablet=&#8220;0&#8243;][vc_column][vc_raw_html]JTNDZGl2JTIwY2xhc3MlM0QlMjJrbGF2aXlvLWZvcm0tWXZVdXZ6JTIyJTNFJTNDJTJGZGl2JTNF[\/vc_raw_html][\/vc_column][\/vc_row]<\/p>\n<\/div>","protected":false},"excerpt":{"rendered":"<p>[vc_row][vc_column][vc_row_inner][vc_column_inner][vc_custom_heading text=&#8220;Privater Zugang: Limitierte Auflagen und Sonderrabatte&#8220; font_container=&#8220;tag:h2|font_size:3rem|text_align:center|color:%23c59455&#8243; use_theme_fonts=&#8220;yes&#8220; css_animation=&#8220;left-to-right&#8220;][vc_column_text css_animation=&#8220;left-to-right&#8220; woodmart_inline=&#8220;no&#8220; text_larger=&#8220;no&#8220;] Tony Mora macht keine Rabatte. Wir schaffen<\/p>\n","protected":false},"author":1139,"featured_media":0,"parent":0,"menu_order":0,"comment_status":"closed","ping_status":"closed","template":"","meta":{"_mbp_gutenberg_autopost":false,"footnotes":""},"class_list":["post-723111","page","type-page","status-publish","hentry"],"yoast_head":"<!-- This site is optimized with the Yoast SEO plugin v27.3 - https:\/\/yoast.com\/product\/yoast-seo-wordpress\/ -->\n<title>Tony Mora Private Reserve | Offizieller Outlet-Store und Privatverkauf<\/title>\n<meta name=\"description\" content=\"Sie suchen Angebote von Tony Mora? Werden Sie Mitglied bei The Private Reserve. Der einzige offizielle Weg, um Zugang zu limitierten Auflagen und Sonderpreisen zu erhalten.\" \/>\n<meta name=\"robots\" content=\"index, follow, max-snippet:-1, max-image-preview:large, max-video-preview:-1\" \/>\n<link rel=\"canonical\" href=\"https:\/\/tonymora.com\/de\/private-access\/\" \/>\n<meta property=\"og:locale\" content=\"de_DE\" \/>\n<meta property=\"og:type\" content=\"article\" \/>\n<meta property=\"og:title\" content=\"Tony Mora Private Reserve | Offizieller Outlet-Store und Privatverkauf\" \/>\n<meta property=\"og:description\" content=\"Sie suchen Angebote von Tony Mora? Werden Sie Mitglied bei The Private Reserve. Der einzige offizielle Weg, um Zugang zu limitierten Auflagen und Sonderpreisen zu erhalten.\" \/>\n<meta property=\"og:url\" content=\"https:\/\/tonymora.com\/de\/private-access\/\" \/>\n<meta property=\"og:site_name\" content=\"Tony Mora\u00ae Boots Official Store\" \/>\n<meta property=\"article:publisher\" content=\"https:\/\/www.facebook.com\/Tonymoraofficial\/\" \/>\n<meta property=\"article:modified_time\" content=\"2026-03-04T16:13:04+00:00\" \/>\n<meta name=\"twitter:card\" content=\"summary_large_image\" \/>\n<meta name=\"twitter:label1\" content=\"Gesch\u00e4tzte Lesezeit\" \/>\n\t<meta name=\"twitter:data1\" content=\"2\u00a0Minuten\" \/>\n<script type=\"application\/ld+json\" class=\"yoast-schema-graph\">{\"@context\":\"https:\\\/\\\/schema.org\",\"@graph\":[{\"@type\":\"WebPage\",\"@id\":\"https:\\\/\\\/tonymora.com\\\/de\\\/private-access\\\/\",\"url\":\"https:\\\/\\\/tonymora.com\\\/de\\\/private-access\\\/\",\"name\":\"Tony Mora Private Reserve | Offizieller Outlet-Store und Privatverkauf\",\"isPartOf\":{\"@id\":\"https:\\\/\\\/tonymora.com\\\/de\\\/#website\"},\"datePublished\":\"2026-01-20T14:42:19+00:00\",\"dateModified\":\"2026-03-04T16:13:04+00:00\",\"description\":\"Sie suchen Angebote von Tony Mora? Werden Sie Mitglied bei The Private Reserve. Der einzige offizielle Weg, um Zugang zu limitierten Auflagen und Sonderpreisen zu erhalten.\",\"breadcrumb\":{\"@id\":\"https:\\\/\\\/tonymora.com\\\/de\\\/private-access\\\/#breadcrumb\"},\"inLanguage\":\"de\",\"potentialAction\":[{\"@type\":\"ReadAction\",\"target\":[\"https:\\\/\\\/tonymora.com\\\/de\\\/private-access\\\/\"]}]},{\"@type\":\"BreadcrumbList\",\"@id\":\"https:\\\/\\\/tonymora.com\\\/de\\\/private-access\\\/#breadcrumb\",\"itemListElement\":[{\"@type\":\"ListItem\",\"position\":1,\"name\":\"Portada\",\"item\":\"https:\\\/\\\/tonymora.com\\\/de\\\/\"},{\"@type\":\"ListItem\",\"position\":2,\"name\":\"Tony Mora Private Access\"}]},{\"@type\":\"WebSite\",\"@id\":\"https:\\\/\\\/tonymora.com\\\/de\\\/#website\",\"url\":\"https:\\\/\\\/tonymora.com\\\/de\\\/\",\"name\":\"Tony Mora\u00ae Boots Official Store\",\"description\":\"Cowboy Boots\",\"publisher\":{\"@id\":\"https:\\\/\\\/tonymora.com\\\/de\\\/#organization\"},\"potentialAction\":[{\"@type\":\"SearchAction\",\"target\":{\"@type\":\"EntryPoint\",\"urlTemplate\":\"https:\\\/\\\/tonymora.com\\\/de\\\/?s={search_term_string}\"},\"query-input\":{\"@type\":\"PropertyValueSpecification\",\"valueRequired\":true,\"valueName\":\"search_term_string\"}}],\"inLanguage\":\"de\"},{\"@type\":\"Organization\",\"@id\":\"https:\\\/\\\/tonymora.com\\\/de\\\/#organization\",\"name\":\"Tony Mora Boots\",\"url\":\"https:\\\/\\\/tonymora.com\\\/de\\\/\",\"logo\":{\"@type\":\"ImageObject\",\"inLanguage\":\"de\",\"@id\":\"https:\\\/\\\/tonymora.com\\\/de\\\/#\\\/schema\\\/logo\\\/image\\\/\",\"url\":\"https:\\\/\\\/tonymora.com\\\/wp-content\\\/uploads\\\/2023\\\/12\\\/LOGO.jpg\",\"contentUrl\":\"https:\\\/\\\/tonymora.com\\\/wp-content\\\/uploads\\\/2023\\\/12\\\/LOGO.jpg\",\"width\":2272,\"height\":1411,\"caption\":\"Tony Mora Boots\"},\"image\":{\"@id\":\"https:\\\/\\\/tonymora.com\\\/de\\\/#\\\/schema\\\/logo\\\/image\\\/\"},\"sameAs\":[\"https:\\\/\\\/www.facebook.com\\\/Tonymoraofficial\\\/\",\"https:\\\/\\\/www.instagram.com\\\/tonymoraofficial\\\/?hl=es\"]}]}<\/script>\n<!-- \/ Yoast SEO plugin. -->","yoast_head_json":{"title":"Tony Mora Private Reserve | Offizieller Outlet-Store und Privatverkauf","description":"Sie suchen Angebote von Tony Mora? Werden Sie Mitglied bei The Private Reserve. Der einzige offizielle Weg, um Zugang zu limitierten Auflagen und Sonderpreisen zu erhalten.","robots":{"index":"index","follow":"follow","max-snippet":"max-snippet:-1","max-image-preview":"max-image-preview:large","max-video-preview":"max-video-preview:-1"},"canonical":"https:\/\/tonymora.com\/de\/private-access\/","og_locale":"de_DE","og_type":"article","og_title":"Tony Mora Private Reserve | Offizieller Outlet-Store und Privatverkauf","og_description":"Sie suchen Angebote von Tony Mora? Werden Sie Mitglied bei The Private Reserve. Der einzige offizielle Weg, um Zugang zu limitierten Auflagen und Sonderpreisen zu erhalten.","og_url":"https:\/\/tonymora.com\/de\/private-access\/","og_site_name":"Tony Mora\u00ae Boots Official Store","article_publisher":"https:\/\/www.facebook.com\/Tonymoraofficial\/","article_modified_time":"2026-03-04T16:13:04+00:00","twitter_card":"summary_large_image","twitter_misc":{"Gesch\u00e4tzte Lesezeit":"2\u00a0Minuten"},"schema":{"@context":"https:\/\/schema.org","@graph":[{"@type":"WebPage","@id":"https:\/\/tonymora.com\/de\/private-access\/","url":"https:\/\/tonymora.com\/de\/private-access\/","name":"Tony Mora Private Reserve | Offizieller Outlet-Store und Privatverkauf","isPartOf":{"@id":"https:\/\/tonymora.com\/de\/#website"},"datePublished":"2026-01-20T14:42:19+00:00","dateModified":"2026-03-04T16:13:04+00:00","description":"Sie suchen Angebote von Tony Mora? Werden Sie Mitglied bei The Private Reserve. Der einzige offizielle Weg, um Zugang zu limitierten Auflagen und Sonderpreisen zu erhalten.","breadcrumb":{"@id":"https:\/\/tonymora.com\/de\/private-access\/#breadcrumb"},"inLanguage":"de","potentialAction":[{"@type":"ReadAction","target":["https:\/\/tonymora.com\/de\/private-access\/"]}]},{"@type":"BreadcrumbList","@id":"https:\/\/tonymora.com\/de\/private-access\/#breadcrumb","itemListElement":[{"@type":"ListItem","position":1,"name":"Portada","item":"https:\/\/tonymora.com\/de\/"},{"@type":"ListItem","position":2,"name":"Tony Mora Private Access"}]},{"@type":"WebSite","@id":"https:\/\/tonymora.com\/de\/#website","url":"https:\/\/tonymora.com\/de\/","name":"Tony Mora\u00ae Boots Official Store","description":"Cowboy Boots","publisher":{"@id":"https:\/\/tonymora.com\/de\/#organization"},"potentialAction":[{"@type":"SearchAction","target":{"@type":"EntryPoint","urlTemplate":"https:\/\/tonymora.com\/de\/?s={search_term_string}"},"query-input":{"@type":"PropertyValueSpecification","valueRequired":true,"valueName":"search_term_string"}}],"inLanguage":"de"},{"@type":"Organization","@id":"https:\/\/tonymora.com\/de\/#organization","name":"Tony Mora Boots","url":"https:\/\/tonymora.com\/de\/","logo":{"@type":"ImageObject","inLanguage":"de","@id":"https:\/\/tonymora.com\/de\/#\/schema\/logo\/image\/","url":"https:\/\/tonymora.com\/wp-content\/uploads\/2023\/12\/LOGO.jpg","contentUrl":"https:\/\/tonymora.com\/wp-content\/uploads\/2023\/12\/LOGO.jpg","width":2272,"height":1411,"caption":"Tony Mora Boots"},"image":{"@id":"https:\/\/tonymora.com\/de\/#\/schema\/logo\/image\/"},"sameAs":["https:\/\/www.facebook.com\/Tonymoraofficial\/","https:\/\/www.instagram.com\/tonymoraofficial\/?hl=es"]}]}},"_links":{"self":[{"href":"https:\/\/tonymora.com\/de\/wp-json\/wp\/v2\/pages\/723111","targetHints":{"allow":["GET"]}}],"collection":[{"href":"https:\/\/tonymora.com\/de\/wp-json\/wp\/v2\/pages"}],"about":[{"href":"https:\/\/tonymora.com\/de\/wp-json\/wp\/v2\/types\/page"}],"author":[{"embeddable":true,"href":"https:\/\/tonymora.com\/de\/wp-json\/wp\/v2\/users\/1139"}],"replies":[{"embeddable":true,"href":"https:\/\/tonymora.com\/de\/wp-json\/wp\/v2\/comments?post=723111"}],"version-history":[{"count":7,"href":"https:\/\/tonymora.com\/de\/wp-json\/wp\/v2\/pages\/723111\/revisions"}],"predecessor-version":[{"id":723269,"href":"https:\/\/tonymora.com\/de\/wp-json\/wp\/v2\/pages\/723111\/revisions\/723269"}],"wp:attachment":[{"href":"https:\/\/tonymora.com\/de\/wp-json\/wp\/v2\/media?parent=723111"}],"curies":[{"name":"wp","href":"https:\/\/api.w.org\/{rel}","templated":true}]}}