{"id":28828,"date":"2019-07-24T15:44:58","date_gmt":"2019-07-24T13:44:58","guid":{"rendered":"https:\/\/tonymora.com\/?post_type=product&#038;p=28828"},"modified":"2025-08-01T09:13:46","modified_gmt":"2025-08-01T07:13:46","slug":"1766-mon-mon-serraje-brash-khakifarben","status":"publish","type":"product","link":"https:\/\/tonymora.com\/de\/produkt\/1766-mon-mon-serraje-brash-khakifarben\/","title":{"rendered":"MON SERRAJE BRASH KHAKIFARBEN"},"content":{"rendered":"<p style=\"text-align: left;\">Dieses Modell tr\u00e4gt eine besondere Arbeit in der Gravur der Sch\u00e4fte. Mit einer handgefertigten Technik, der &#8222;Pr\u00e4gung&#8220; des Leders, erschaffen wir einzigartige Designs, die zu den Stiefeln im Kontrast stehen. Die exklusiven und eleganten Gravuren, die den Boots ihre einzigartige und unverwechselbare Note geben, kennen Sie bereits von unserer Marke Tony Mora.a<\/p>\n","protected":false},"excerpt":{"rendered":"<p>Charakter und Eleganz in perfekter Balance. Ein Klassiker mit viel Pers\u00f6nlichkeit.<br \/>\nEntworfen f\u00fcr all jene, die Eleganz als Lebenseinstellung verstehen.<\/p>\n","protected":false},"featured_media":659424,"template":"","meta":{"_mbp_gutenberg_autopost":false},"product_brand":[771,773,775,777,779,781,783,785],"product_cat":[217,214,219],"product_tag":[],"class_list":{"0":"post-28828","1":"product","2":"type-product","3":"status-publish","4":"has-post-thumbnail","6":"product_brand-talla-hombre-40","7":"product_brand-talla-hombre-41","8":"product_brand-talla-hombre-42","9":"product_brand-talla-hombre-43","10":"product_brand-talla-hombre-44","11":"product_brand-talla-hombre-45","12":"product_brand-talla-hombre-46","13":"product_brand-talla-hombre-47","14":"product_cat-cowboystiefel-herren","15":"product_cat-herren","16":"product_cat-line-dancing-stiefel-herren","18":"first","19":"outofstock","20":"taxable","21":"shipping-taxable","22":"product-type-variable"},"supplier_id":null,"supplier_sku":"","barcode":null,"atum_controlled":true,"out_stock_date":null,"out_stock_threshold":null,"inheritable":true,"inbound_stock":null,"stock_on_hold":1,"sold_today":0,"sales_last_days":0,"reserved_stock":null,"customer_returns":null,"warehouse_damage":null,"lost_in_post":null,"other_logs":null,"out_stock_days":0,"lost_sales":0,"has_location":false,"update_date":"2025-08-01T05:13:53","atum_locations":[],"atum_stock_status":"outofstock","restock_status":false,"low_stock_amount":"","sales_update_date":"2024-06-24T09:29:13","calc_backorders":null,"yoast_head":"<!-- This site is optimized with the Yoast SEO plugin v27.4 - https:\/\/yoast.com\/product\/yoast-seo-wordpress\/ -->\n<title>Cowboystiefel aus gepr\u00e4gtem Leder f\u00fcr Herren | Tony Mora<\/title>\n<meta name=\"description\" content=\"Handgefertigte Stiefel aus gepr\u00e4gtem Leder mit exklusiven und eleganten Gravuren. Einzigartiges und unverwechselbares Design von Tony Mora. Perfekt f\u00fcr einen anspruchsvollen und authentischen Cowboy-Stil.\" \/>\n<meta name=\"robots\" content=\"index, follow, max-snippet:-1, max-image-preview:large, max-video-preview:-1\" \/>\n<link rel=\"canonical\" href=\"https:\/\/tonymora.com\/de\/produkt\/1766-mon-mon-serraje-brash-khakifarben\/\" \/>\n<meta property=\"og:locale\" content=\"de_DE\" \/>\n<meta property=\"og:type\" content=\"article\" \/>\n<meta property=\"og:title\" content=\"Cowboystiefel aus gepr\u00e4gtem Leder f\u00fcr Herren | Tony Mora\" \/>\n<meta property=\"og:description\" content=\"Handgefertigte Stiefel aus gepr\u00e4gtem Leder mit exklusiven und eleganten Gravuren. Einzigartiges und unverwechselbares Design von Tony Mora. Perfekt f\u00fcr einen anspruchsvollen und authentischen Cowboy-Stil.\" \/>\n<meta property=\"og:url\" content=\"https:\/\/tonymora.com\/de\/produkt\/1766-mon-mon-serraje-brash-khakifarben\/\" \/>\n<meta property=\"og:site_name\" content=\"Tony Mora\u00ae Boots Official Store\" \/>\n<meta property=\"article:publisher\" content=\"https:\/\/www.facebook.com\/Tonymoraofficial\/\" \/>\n<meta property=\"article:modified_time\" content=\"2025-08-01T07:13:46+00:00\" \/>\n<meta property=\"og:image\" content=\"https:\/\/tonymora.com\/wp-content\/uploads\/2020\/05\/14_2.jpg\" \/>\n\t<meta property=\"og:image:width\" content=\"897\" \/>\n\t<meta property=\"og:image:height\" content=\"1069\" \/>\n\t<meta property=\"og:image:type\" content=\"image\/jpeg\" \/>\n<meta name=\"twitter:card\" content=\"summary_large_image\" \/>\n<script type=\"application\/ld+json\" class=\"yoast-schema-graph\">{\"@context\":\"https:\\\/\\\/schema.org\",\"@graph\":[{\"@type\":\"WebPage\",\"@id\":\"https:\\\/\\\/tonymora.com\\\/de\\\/produkt\\\/1766-mon-mon-serraje-brash-khakifarben\\\/\",\"url\":\"https:\\\/\\\/tonymora.com\\\/de\\\/produkt\\\/1766-mon-mon-serraje-brash-khakifarben\\\/\",\"name\":\"Cowboystiefel aus gepr\u00e4gtem Leder f\u00fcr Herren | Tony Mora\",\"isPartOf\":{\"@id\":\"https:\\\/\\\/tonymora.com\\\/de\\\/#website\"},\"primaryImageOfPage\":{\"@id\":\"https:\\\/\\\/tonymora.com\\\/de\\\/produkt\\\/1766-mon-mon-serraje-brash-khakifarben\\\/#primaryimage\"},\"image\":{\"@id\":\"https:\\\/\\\/tonymora.com\\\/de\\\/produkt\\\/1766-mon-mon-serraje-brash-khakifarben\\\/#primaryimage\"},\"thumbnailUrl\":\"https:\\\/\\\/tonymora.com\\\/wp-content\\\/uploads\\\/2020\\\/05\\\/14_2.jpg\",\"datePublished\":\"2019-07-24T13:44:58+00:00\",\"dateModified\":\"2025-08-01T07:13:46+00:00\",\"description\":\"Handgefertigte Stiefel aus gepr\u00e4gtem Leder mit exklusiven und eleganten Gravuren. Einzigartiges und unverwechselbares Design von Tony Mora. Perfekt f\u00fcr einen anspruchsvollen und authentischen Cowboy-Stil.\",\"breadcrumb\":{\"@id\":\"https:\\\/\\\/tonymora.com\\\/de\\\/produkt\\\/1766-mon-mon-serraje-brash-khakifarben\\\/#breadcrumb\"},\"inLanguage\":\"de\",\"potentialAction\":[{\"@type\":\"ReadAction\",\"target\":[\"https:\\\/\\\/tonymora.com\\\/de\\\/produkt\\\/1766-mon-mon-serraje-brash-khakifarben\\\/\"]}]},{\"@type\":\"ImageObject\",\"inLanguage\":\"de\",\"@id\":\"https:\\\/\\\/tonymora.com\\\/de\\\/produkt\\\/1766-mon-mon-serraje-brash-khakifarben\\\/#primaryimage\",\"url\":\"https:\\\/\\\/tonymora.com\\\/wp-content\\\/uploads\\\/2020\\\/05\\\/14_2.jpg\",\"contentUrl\":\"https:\\\/\\\/tonymora.com\\\/wp-content\\\/uploads\\\/2020\\\/05\\\/14_2.jpg\",\"width\":897,\"height\":1069},{\"@type\":\"BreadcrumbList\",\"@id\":\"https:\\\/\\\/tonymora.com\\\/de\\\/produkt\\\/1766-mon-mon-serraje-brash-khakifarben\\\/#breadcrumb\",\"itemListElement\":[{\"@type\":\"ListItem\",\"position\":1,\"name\":\"Portada\",\"item\":\"https:\\\/\\\/tonymora.com\\\/de\\\/\"},{\"@type\":\"ListItem\",\"position\":2,\"name\":\"Shop\",\"item\":\"https:\\\/\\\/tonymora.com\\\/de\\\/shop\\\/\"},{\"@type\":\"ListItem\",\"position\":3,\"name\":\"Herren\",\"item\":\"https:\\\/\\\/tonymora.com\\\/de\\\/produkt-kategorie\\\/herren\\\/\"},{\"@type\":\"ListItem\",\"position\":4,\"name\":\"Cowboy Stiefel Herren\",\"item\":\"https:\\\/\\\/tonymora.com\\\/de\\\/produkt-kategorie\\\/herren\\\/cowboystiefel-herren\\\/\"},{\"@type\":\"ListItem\",\"position\":5,\"name\":\"MON SERRAJE BRASH KHAKIFARBEN\"}]},{\"@type\":\"WebSite\",\"@id\":\"https:\\\/\\\/tonymora.com\\\/de\\\/#website\",\"url\":\"https:\\\/\\\/tonymora.com\\\/de\\\/\",\"name\":\"Tony Mora\u00ae Boots Official Store\",\"description\":\"Cowboy Boots\",\"publisher\":{\"@id\":\"https:\\\/\\\/tonymora.com\\\/de\\\/#organization\"},\"potentialAction\":[{\"@type\":\"SearchAction\",\"target\":{\"@type\":\"EntryPoint\",\"urlTemplate\":\"https:\\\/\\\/tonymora.com\\\/de\\\/?s={search_term_string}\"},\"query-input\":{\"@type\":\"PropertyValueSpecification\",\"valueRequired\":true,\"valueName\":\"search_term_string\"}}],\"inLanguage\":\"de\"},{\"@type\":\"Organization\",\"@id\":\"https:\\\/\\\/tonymora.com\\\/de\\\/#organization\",\"name\":\"Tony Mora Boots\",\"url\":\"https:\\\/\\\/tonymora.com\\\/de\\\/\",\"logo\":{\"@type\":\"ImageObject\",\"inLanguage\":\"de\",\"@id\":\"https:\\\/\\\/tonymora.com\\\/de\\\/#\\\/schema\\\/logo\\\/image\\\/\",\"url\":\"https:\\\/\\\/tonymora.com\\\/wp-content\\\/uploads\\\/2023\\\/12\\\/LOGO.jpg\",\"contentUrl\":\"https:\\\/\\\/tonymora.com\\\/wp-content\\\/uploads\\\/2023\\\/12\\\/LOGO.jpg\",\"width\":2272,\"height\":1411,\"caption\":\"Tony Mora Boots\"},\"image\":{\"@id\":\"https:\\\/\\\/tonymora.com\\\/de\\\/#\\\/schema\\\/logo\\\/image\\\/\"},\"sameAs\":[\"https:\\\/\\\/www.facebook.com\\\/Tonymoraofficial\\\/\",\"https:\\\/\\\/www.instagram.com\\\/tonymoraofficial\\\/?hl=es\"]}]}<\/script>\n<!-- \/ Yoast SEO plugin. -->","yoast_head_json":{"title":"Cowboystiefel aus gepr\u00e4gtem Leder f\u00fcr Herren | Tony Mora","description":"Handgefertigte Stiefel aus gepr\u00e4gtem Leder mit exklusiven und eleganten Gravuren. Einzigartiges und unverwechselbares Design von Tony Mora. Perfekt f\u00fcr einen anspruchsvollen und authentischen Cowboy-Stil.","robots":{"index":"index","follow":"follow","max-snippet":"max-snippet:-1","max-image-preview":"max-image-preview:large","max-video-preview":"max-video-preview:-1"},"canonical":"https:\/\/tonymora.com\/de\/produkt\/1766-mon-mon-serraje-brash-khakifarben\/","og_locale":"de_DE","og_type":"article","og_title":"Cowboystiefel aus gepr\u00e4gtem Leder f\u00fcr Herren | Tony Mora","og_description":"Handgefertigte Stiefel aus gepr\u00e4gtem Leder mit exklusiven und eleganten Gravuren. Einzigartiges und unverwechselbares Design von Tony Mora. Perfekt f\u00fcr einen anspruchsvollen und authentischen Cowboy-Stil.","og_url":"https:\/\/tonymora.com\/de\/produkt\/1766-mon-mon-serraje-brash-khakifarben\/","og_site_name":"Tony Mora\u00ae Boots Official Store","article_publisher":"https:\/\/www.facebook.com\/Tonymoraofficial\/","article_modified_time":"2025-08-01T07:13:46+00:00","og_image":[{"width":897,"height":1069,"url":"https:\/\/tonymora.com\/wp-content\/uploads\/2020\/05\/14_2.jpg","type":"image\/jpeg"}],"twitter_card":"summary_large_image","schema":{"@context":"https:\/\/schema.org","@graph":[{"@type":"WebPage","@id":"https:\/\/tonymora.com\/de\/produkt\/1766-mon-mon-serraje-brash-khakifarben\/","url":"https:\/\/tonymora.com\/de\/produkt\/1766-mon-mon-serraje-brash-khakifarben\/","name":"Cowboystiefel aus gepr\u00e4gtem Leder f\u00fcr Herren | Tony Mora","isPartOf":{"@id":"https:\/\/tonymora.com\/de\/#website"},"primaryImageOfPage":{"@id":"https:\/\/tonymora.com\/de\/produkt\/1766-mon-mon-serraje-brash-khakifarben\/#primaryimage"},"image":{"@id":"https:\/\/tonymora.com\/de\/produkt\/1766-mon-mon-serraje-brash-khakifarben\/#primaryimage"},"thumbnailUrl":"https:\/\/tonymora.com\/wp-content\/uploads\/2020\/05\/14_2.jpg","datePublished":"2019-07-24T13:44:58+00:00","dateModified":"2025-08-01T07:13:46+00:00","description":"Handgefertigte Stiefel aus gepr\u00e4gtem Leder mit exklusiven und eleganten Gravuren. Einzigartiges und unverwechselbares Design von Tony Mora. Perfekt f\u00fcr einen anspruchsvollen und authentischen Cowboy-Stil.","breadcrumb":{"@id":"https:\/\/tonymora.com\/de\/produkt\/1766-mon-mon-serraje-brash-khakifarben\/#breadcrumb"},"inLanguage":"de","potentialAction":[{"@type":"ReadAction","target":["https:\/\/tonymora.com\/de\/produkt\/1766-mon-mon-serraje-brash-khakifarben\/"]}]},{"@type":"ImageObject","inLanguage":"de","@id":"https:\/\/tonymora.com\/de\/produkt\/1766-mon-mon-serraje-brash-khakifarben\/#primaryimage","url":"https:\/\/tonymora.com\/wp-content\/uploads\/2020\/05\/14_2.jpg","contentUrl":"https:\/\/tonymora.com\/wp-content\/uploads\/2020\/05\/14_2.jpg","width":897,"height":1069},{"@type":"BreadcrumbList","@id":"https:\/\/tonymora.com\/de\/produkt\/1766-mon-mon-serraje-brash-khakifarben\/#breadcrumb","itemListElement":[{"@type":"ListItem","position":1,"name":"Portada","item":"https:\/\/tonymora.com\/de\/"},{"@type":"ListItem","position":2,"name":"Shop","item":"https:\/\/tonymora.com\/de\/shop\/"},{"@type":"ListItem","position":3,"name":"Herren","item":"https:\/\/tonymora.com\/de\/produkt-kategorie\/herren\/"},{"@type":"ListItem","position":4,"name":"Cowboy Stiefel Herren","item":"https:\/\/tonymora.com\/de\/produkt-kategorie\/herren\/cowboystiefel-herren\/"},{"@type":"ListItem","position":5,"name":"MON SERRAJE BRASH KHAKIFARBEN"}]},{"@type":"WebSite","@id":"https:\/\/tonymora.com\/de\/#website","url":"https:\/\/tonymora.com\/de\/","name":"Tony Mora\u00ae Boots Official Store","description":"Cowboy Boots","publisher":{"@id":"https:\/\/tonymora.com\/de\/#organization"},"potentialAction":[{"@type":"SearchAction","target":{"@type":"EntryPoint","urlTemplate":"https:\/\/tonymora.com\/de\/?s={search_term_string}"},"query-input":{"@type":"PropertyValueSpecification","valueRequired":true,"valueName":"search_term_string"}}],"inLanguage":"de"},{"@type":"Organization","@id":"https:\/\/tonymora.com\/de\/#organization","name":"Tony Mora Boots","url":"https:\/\/tonymora.com\/de\/","logo":{"@type":"ImageObject","inLanguage":"de","@id":"https:\/\/tonymora.com\/de\/#\/schema\/logo\/image\/","url":"https:\/\/tonymora.com\/wp-content\/uploads\/2023\/12\/LOGO.jpg","contentUrl":"https:\/\/tonymora.com\/wp-content\/uploads\/2023\/12\/LOGO.jpg","width":2272,"height":1411,"caption":"Tony Mora Boots"},"image":{"@id":"https:\/\/tonymora.com\/de\/#\/schema\/logo\/image\/"},"sameAs":["https:\/\/www.facebook.com\/Tonymoraofficial\/","https:\/\/www.instagram.com\/tonymoraofficial\/?hl=es"]}]}},"_links":{"self":[{"href":"https:\/\/tonymora.com\/de\/wp-json\/wp\/v2\/product\/28828","targetHints":{"allow":["GET"]}}],"collection":[{"href":"https:\/\/tonymora.com\/de\/wp-json\/wp\/v2\/product"}],"about":[{"href":"https:\/\/tonymora.com\/de\/wp-json\/wp\/v2\/types\/product"}],"wp:featuredmedia":[{"embeddable":true,"href":"https:\/\/tonymora.com\/de\/wp-json\/wp\/v2\/media\/659424"}],"wp:attachment":[{"href":"https:\/\/tonymora.com\/de\/wp-json\/wp\/v2\/media?parent=28828"}],"wp:term":[{"taxonomy":"product_brand","embeddable":true,"href":"https:\/\/tonymora.com\/de\/wp-json\/wp\/v2\/product_brand?post=28828"},{"taxonomy":"product_cat","embeddable":true,"href":"https:\/\/tonymora.com\/de\/wp-json\/wp\/v2\/product_cat?post=28828"},{"taxonomy":"product_tag","embeddable":true,"href":"https:\/\/tonymora.com\/de\/wp-json\/wp\/v2\/product_tag?post=28828"}],"curies":[{"name":"wp","href":"https:\/\/api.w.org\/{rel}","templated":true}]}}