{"id":31939,"date":"2019-07-30T13:02:43","date_gmt":"2019-07-30T11:02:43","guid":{"rendered":"https:\/\/tonymora.com\/product\/2107-daslu-daslu-pyton-negro-bc\/"},"modified":"2023-11-09T08:19:18","modified_gmt":"2023-11-09T07:19:18","slug":"2107-daslu-daslu-pyton-black-bc","status":"publish","type":"product","link":"https:\/\/tonymora.com\/de\/produkt\/2107-daslu-daslu-pyton-black-bc\/","title":{"rendered":"2107 DASLU DASLU PYTON SCHWARZ BC"},"content":{"rendered":"<p class=\"p1\" style=\"text-align: left;>Brechen Sie aus dem Gewohnten aus&#8230; und wagen Sie es, diese au\u00dfergew\u00f6hnlichen Python-Lederstiefel zu tragen. In exklusiver Handarbeit erstellt, mit einzigartigen Farben in garantierter Tony Mora Qualit\u00e4t zu, sind dies Stiefel f\u00fcrs Leben&#8230; die perfekte Kombination aus sexy und elegant.<\/p>\n","protected":false},"excerpt":{"rendered":"<p>Ein Stil, der ohne Worte Identit\u00e4t ausdr\u00fcckt. Urbane Energie mit Charakter und St\u00e4rke. Entworfen, um im Moment zu leben, nicht um Trends zu folgen.<\/p>\n","protected":false},"featured_media":707618,"template":"","meta":{"_mbp_gutenberg_autopost":false},"product_brand":[757,759,761,767],"product_cat":[1174,167,224,1139,1135],"product_tag":[],"class_list":{"0":"post-31939","1":"product","2":"type-product","3":"status-publish","4":"has-post-thumbnail","6":"product_brand-talla-mujer-36","7":"product_brand-talla-mujer-37","8":"product_brand-talla-mujer-38","9":"product_brand-talla-mujer-41","10":"product_cat-black-friday-de","11":"product_cat-damen","12":"product_cat-luxusstiefel-damen","13":"product_cat-python-stiefel-damen","14":"product_cat-rabatte-damenstiefel","16":"first","17":"outofstock","18":"taxable","19":"shipping-taxable","20":"purchasable","21":"product-type-variable"},"supplier_id":null,"supplier_sku":"","barcode":null,"atum_controlled":true,"out_stock_date":null,"out_stock_threshold":null,"inheritable":true,"inbound_stock":null,"stock_on_hold":0,"sold_today":0,"sales_last_days":0,"reserved_stock":null,"customer_returns":null,"warehouse_damage":null,"lost_in_post":null,"other_logs":null,"out_stock_days":0,"lost_sales":0,"has_location":false,"update_date":"2024-10-31T14:41:47","atum_locations":[],"atum_stock_status":"instock","restock_status":false,"low_stock_amount":"","sales_update_date":"2024-04-24T22:32:15","calc_backorders":null,"yoast_head":"<!-- This site is optimized with the Yoast SEO plugin v27.2 - https:\/\/yoast.com\/product\/yoast-seo-wordpress\/ -->\n<title>2107 DASLU DASLU PYTON SCHWARZ BC - Tony Mora\u00ae Boots Official Store<\/title>\n<meta name=\"description\" content=\"Treffen Sie unser neues Modell, hergestellt mit nat\u00fcrlichem 100 Leder und von h\u00f6chster Qualit\u00e4t, so dass Sie immer elegant und modisch gehen.\" \/>\n<meta name=\"robots\" content=\"index, follow, max-snippet:-1, max-image-preview:large, max-video-preview:-1\" \/>\n<link rel=\"canonical\" href=\"https:\/\/tonymora.com\/de\/produkt\/2107-daslu-daslu-pyton-black-bc\/\" \/>\n<meta property=\"og:locale\" content=\"de_DE\" \/>\n<meta property=\"og:type\" content=\"article\" \/>\n<meta property=\"og:title\" content=\"2107 DASLU DASLU PYTON SCHWARZ BC - Tony Mora\u00ae Boots Official Store\" \/>\n<meta property=\"og:description\" content=\"Treffen Sie unser neues Modell, hergestellt mit nat\u00fcrlichem 100 Leder und von h\u00f6chster Qualit\u00e4t, so dass Sie immer elegant und modisch gehen.\" \/>\n<meta property=\"og:url\" content=\"https:\/\/tonymora.com\/de\/produkt\/2107-daslu-daslu-pyton-black-bc\/\" \/>\n<meta property=\"og:site_name\" content=\"Tony Mora\u00ae Boots Official Store\" \/>\n<meta property=\"article:publisher\" content=\"https:\/\/www.facebook.com\/Tonymoraofficial\/\" \/>\n<meta property=\"article:modified_time\" content=\"2023-11-09T07:19:18+00:00\" \/>\n<meta property=\"og:image\" content=\"https:\/\/tonymora.com\/wp-content\/uploads\/2019\/07\/01-2107-DASLU-DASLU-PYTON-NEGRO-BC.jpg\" \/>\n\t<meta property=\"og:image:width\" content=\"866\" \/>\n\t<meta property=\"og:image:height\" content=\"1032\" \/>\n\t<meta property=\"og:image:type\" content=\"image\/jpeg\" \/>\n<meta name=\"twitter:card\" content=\"summary_large_image\" \/>\n<script type=\"application\/ld+json\" class=\"yoast-schema-graph\">{\"@context\":\"https:\/\/schema.org\",\"@graph\":[{\"@type\":\"WebPage\",\"@id\":\"https:\/\/tonymora.com\/de\/produkt\/2107-daslu-daslu-pyton-black-bc\/\",\"url\":\"https:\/\/tonymora.com\/de\/produkt\/2107-daslu-daslu-pyton-black-bc\/\",\"name\":\"2107 DASLU DASLU PYTON SCHWARZ BC - Tony Mora\u00ae Boots Official Store\",\"isPartOf\":{\"@id\":\"https:\/\/tonymora.com\/de\/#website\"},\"primaryImageOfPage\":{\"@id\":\"https:\/\/tonymora.com\/de\/produkt\/2107-daslu-daslu-pyton-black-bc\/#primaryimage\"},\"image\":{\"@id\":\"https:\/\/tonymora.com\/de\/produkt\/2107-daslu-daslu-pyton-black-bc\/#primaryimage\"},\"thumbnailUrl\":\"https:\/\/tonymora.com\/wp-content\/uploads\/2019\/07\/01-2107-DASLU-DASLU-PYTON-NEGRO-BC.jpg\",\"datePublished\":\"2019-07-30T11:02:43+00:00\",\"dateModified\":\"2023-11-09T07:19:18+00:00\",\"description\":\"Treffen Sie unser neues Modell, hergestellt mit nat\u00fcrlichem 100 Leder und von h\u00f6chster Qualit\u00e4t, so dass Sie immer elegant und modisch gehen.\",\"breadcrumb\":{\"@id\":\"https:\/\/tonymora.com\/de\/produkt\/2107-daslu-daslu-pyton-black-bc\/#breadcrumb\"},\"inLanguage\":\"de\",\"potentialAction\":[{\"@type\":\"ReadAction\",\"target\":[\"https:\/\/tonymora.com\/de\/produkt\/2107-daslu-daslu-pyton-black-bc\/\"]}]},{\"@type\":\"ImageObject\",\"inLanguage\":\"de\",\"@id\":\"https:\/\/tonymora.com\/de\/produkt\/2107-daslu-daslu-pyton-black-bc\/#primaryimage\",\"url\":\"https:\/\/tonymora.com\/wp-content\/uploads\/2019\/07\/01-2107-DASLU-DASLU-PYTON-NEGRO-BC.jpg\",\"contentUrl\":\"https:\/\/tonymora.com\/wp-content\/uploads\/2019\/07\/01-2107-DASLU-DASLU-PYTON-NEGRO-BC.jpg\",\"width\":866,\"height\":1032},{\"@type\":\"BreadcrumbList\",\"@id\":\"https:\/\/tonymora.com\/de\/produkt\/2107-daslu-daslu-pyton-black-bc\/#breadcrumb\",\"itemListElement\":[{\"@type\":\"ListItem\",\"position\":1,\"name\":\"Portada\",\"item\":\"https:\/\/tonymora.com\/de\/\"},{\"@type\":\"ListItem\",\"position\":2,\"name\":\"Shop\",\"item\":\"https:\/\/tonymora.com\/de\/shop\/\"},{\"@type\":\"ListItem\",\"position\":3,\"name\":\"Damen\",\"item\":\"https:\/\/tonymora.com\/de\/produkt-kategorie\/damen\/\"},{\"@type\":\"ListItem\",\"position\":4,\"name\":\"2107 DASLU DASLU PYTON SCHWARZ BC\"}]},{\"@type\":\"WebSite\",\"@id\":\"https:\/\/tonymora.com\/de\/#website\",\"url\":\"https:\/\/tonymora.com\/de\/\",\"name\":\"Tony Mora\u00ae Boots Official Store\",\"description\":\"Cowboy Boots\",\"publisher\":{\"@id\":\"https:\/\/tonymora.com\/de\/#organization\"},\"potentialAction\":[{\"@type\":\"SearchAction\",\"target\":{\"@type\":\"EntryPoint\",\"urlTemplate\":\"https:\/\/tonymora.com\/de\/?s={search_term_string}\"},\"query-input\":{\"@type\":\"PropertyValueSpecification\",\"valueRequired\":true,\"valueName\":\"search_term_string\"}}],\"inLanguage\":\"de\"},{\"@type\":\"Organization\",\"@id\":\"https:\/\/tonymora.com\/de\/#organization\",\"name\":\"Tony Mora Boots\",\"url\":\"https:\/\/tonymora.com\/de\/\",\"logo\":{\"@type\":\"ImageObject\",\"inLanguage\":\"de\",\"@id\":\"https:\/\/tonymora.com\/de\/#\/schema\/logo\/image\/\",\"url\":\"https:\/\/tonymora.com\/wp-content\/uploads\/2023\/12\/LOGO.jpg\",\"contentUrl\":\"https:\/\/tonymora.com\/wp-content\/uploads\/2023\/12\/LOGO.jpg\",\"width\":2272,\"height\":1411,\"caption\":\"Tony Mora Boots\"},\"image\":{\"@id\":\"https:\/\/tonymora.com\/de\/#\/schema\/logo\/image\/\"},\"sameAs\":[\"https:\/\/www.facebook.com\/Tonymoraofficial\/\",\"https:\/\/www.instagram.com\/tonymoraofficial\/?hl=es\"]}]}<\/script>\n<!-- \/ Yoast SEO plugin. -->","yoast_head_json":{"title":"2107 DASLU DASLU PYTON SCHWARZ BC - Tony Mora\u00ae Boots Official Store","description":"Treffen Sie unser neues Modell, hergestellt mit nat\u00fcrlichem 100 Leder und von h\u00f6chster Qualit\u00e4t, so dass Sie immer elegant und modisch gehen.","robots":{"index":"index","follow":"follow","max-snippet":"max-snippet:-1","max-image-preview":"max-image-preview:large","max-video-preview":"max-video-preview:-1"},"canonical":"https:\/\/tonymora.com\/de\/produkt\/2107-daslu-daslu-pyton-black-bc\/","og_locale":"de_DE","og_type":"article","og_title":"2107 DASLU DASLU PYTON SCHWARZ BC - Tony Mora\u00ae Boots Official Store","og_description":"Treffen Sie unser neues Modell, hergestellt mit nat\u00fcrlichem 100 Leder und von h\u00f6chster Qualit\u00e4t, so dass Sie immer elegant und modisch gehen.","og_url":"https:\/\/tonymora.com\/de\/produkt\/2107-daslu-daslu-pyton-black-bc\/","og_site_name":"Tony Mora\u00ae Boots Official Store","article_publisher":"https:\/\/www.facebook.com\/Tonymoraofficial\/","article_modified_time":"2023-11-09T07:19:18+00:00","og_image":[{"width":866,"height":1032,"url":"https:\/\/tonymora.com\/wp-content\/uploads\/2019\/07\/01-2107-DASLU-DASLU-PYTON-NEGRO-BC.jpg","type":"image\/jpeg"}],"twitter_card":"summary_large_image","schema":{"@context":"https:\/\/schema.org","@graph":[{"@type":"WebPage","@id":"https:\/\/tonymora.com\/de\/produkt\/2107-daslu-daslu-pyton-black-bc\/","url":"https:\/\/tonymora.com\/de\/produkt\/2107-daslu-daslu-pyton-black-bc\/","name":"2107 DASLU DASLU PYTON SCHWARZ BC - Tony Mora\u00ae Boots Official Store","isPartOf":{"@id":"https:\/\/tonymora.com\/de\/#website"},"primaryImageOfPage":{"@id":"https:\/\/tonymora.com\/de\/produkt\/2107-daslu-daslu-pyton-black-bc\/#primaryimage"},"image":{"@id":"https:\/\/tonymora.com\/de\/produkt\/2107-daslu-daslu-pyton-black-bc\/#primaryimage"},"thumbnailUrl":"https:\/\/tonymora.com\/wp-content\/uploads\/2019\/07\/01-2107-DASLU-DASLU-PYTON-NEGRO-BC.jpg","datePublished":"2019-07-30T11:02:43+00:00","dateModified":"2023-11-09T07:19:18+00:00","description":"Treffen Sie unser neues Modell, hergestellt mit nat\u00fcrlichem 100 Leder und von h\u00f6chster Qualit\u00e4t, so dass Sie immer elegant und modisch gehen.","breadcrumb":{"@id":"https:\/\/tonymora.com\/de\/produkt\/2107-daslu-daslu-pyton-black-bc\/#breadcrumb"},"inLanguage":"de","potentialAction":[{"@type":"ReadAction","target":["https:\/\/tonymora.com\/de\/produkt\/2107-daslu-daslu-pyton-black-bc\/"]}]},{"@type":"ImageObject","inLanguage":"de","@id":"https:\/\/tonymora.com\/de\/produkt\/2107-daslu-daslu-pyton-black-bc\/#primaryimage","url":"https:\/\/tonymora.com\/wp-content\/uploads\/2019\/07\/01-2107-DASLU-DASLU-PYTON-NEGRO-BC.jpg","contentUrl":"https:\/\/tonymora.com\/wp-content\/uploads\/2019\/07\/01-2107-DASLU-DASLU-PYTON-NEGRO-BC.jpg","width":866,"height":1032},{"@type":"BreadcrumbList","@id":"https:\/\/tonymora.com\/de\/produkt\/2107-daslu-daslu-pyton-black-bc\/#breadcrumb","itemListElement":[{"@type":"ListItem","position":1,"name":"Portada","item":"https:\/\/tonymora.com\/de\/"},{"@type":"ListItem","position":2,"name":"Shop","item":"https:\/\/tonymora.com\/de\/shop\/"},{"@type":"ListItem","position":3,"name":"Damen","item":"https:\/\/tonymora.com\/de\/produkt-kategorie\/damen\/"},{"@type":"ListItem","position":4,"name":"2107 DASLU DASLU PYTON SCHWARZ BC"}]},{"@type":"WebSite","@id":"https:\/\/tonymora.com\/de\/#website","url":"https:\/\/tonymora.com\/de\/","name":"Tony Mora\u00ae Boots Official Store","description":"Cowboy Boots","publisher":{"@id":"https:\/\/tonymora.com\/de\/#organization"},"potentialAction":[{"@type":"SearchAction","target":{"@type":"EntryPoint","urlTemplate":"https:\/\/tonymora.com\/de\/?s={search_term_string}"},"query-input":{"@type":"PropertyValueSpecification","valueRequired":true,"valueName":"search_term_string"}}],"inLanguage":"de"},{"@type":"Organization","@id":"https:\/\/tonymora.com\/de\/#organization","name":"Tony Mora Boots","url":"https:\/\/tonymora.com\/de\/","logo":{"@type":"ImageObject","inLanguage":"de","@id":"https:\/\/tonymora.com\/de\/#\/schema\/logo\/image\/","url":"https:\/\/tonymora.com\/wp-content\/uploads\/2023\/12\/LOGO.jpg","contentUrl":"https:\/\/tonymora.com\/wp-content\/uploads\/2023\/12\/LOGO.jpg","width":2272,"height":1411,"caption":"Tony Mora Boots"},"image":{"@id":"https:\/\/tonymora.com\/de\/#\/schema\/logo\/image\/"},"sameAs":["https:\/\/www.facebook.com\/Tonymoraofficial\/","https:\/\/www.instagram.com\/tonymoraofficial\/?hl=es"]}]}},"_links":{"self":[{"href":"https:\/\/tonymora.com\/de\/wp-json\/wp\/v2\/product\/31939","targetHints":{"allow":["GET"]}}],"collection":[{"href":"https:\/\/tonymora.com\/de\/wp-json\/wp\/v2\/product"}],"about":[{"href":"https:\/\/tonymora.com\/de\/wp-json\/wp\/v2\/types\/product"}],"wp:featuredmedia":[{"embeddable":true,"href":"https:\/\/tonymora.com\/de\/wp-json\/wp\/v2\/media\/707618"}],"wp:attachment":[{"href":"https:\/\/tonymora.com\/de\/wp-json\/wp\/v2\/media?parent=31939"}],"wp:term":[{"taxonomy":"product_brand","embeddable":true,"href":"https:\/\/tonymora.com\/de\/wp-json\/wp\/v2\/product_brand?post=31939"},{"taxonomy":"product_cat","embeddable":true,"href":"https:\/\/tonymora.com\/de\/wp-json\/wp\/v2\/product_cat?post=31939"},{"taxonomy":"product_tag","embeddable":true,"href":"https:\/\/tonymora.com\/de\/wp-json\/wp\/v2\/product_tag?post=31939"}],"curies":[{"name":"wp","href":"https:\/\/api.w.org\/{rel}","templated":true}]}}