{"id":32326,"date":"2019-07-25T09:40:50","date_gmt":"2019-07-25T07:40:50","guid":{"rendered":"https:\/\/tonymora.com\/product\/621-j-denos-python-marron-bc\/"},"modified":"2025-08-01T09:13:55","modified_gmt":"2025-08-01T07:13:55","slug":"621-j-denos-python-braun-bc","status":"publish","type":"product","link":"https:\/\/tonymora.com\/de\/produkt\/621-j-denos-python-braun-bc\/","title":{"rendered":"621 J DENOS PYTHON BRAUN BC"},"content":{"rendered":"<p class=\"p1\" style=\"text-align: left;\">Handgefertigte Boots mit dem &#8222;Goodyear welted&#8220; System. Au\u00dfen aus 100% exotischem Leder, sorgf\u00e4ltig von unseren Handwerkern von Hand zugeschnitten. Der innere Teil aus weichem Kalbsleder passt sich leicht an unsere F\u00fc\u00dfe an. Eine exotische, luxuri\u00f6se, unverwechselbare und einzigartige Sch\u00f6nheit&#8230; garantiert durch die Erfahrung von Tony Mora.<\/p>\n","protected":false},"excerpt":{"rendered":"<p>Ein Design, das vom ersten Moment an Charakter ausstrahlt. Entworfen f\u00fcr alle, die Wert auf Details legen.<br \/>\nAuthentizit\u00e4t und Eleganz vereint.<\/p>\n","protected":false},"featured_media":659442,"template":"","meta":{"_mbp_gutenberg_autopost":false},"product_brand":[771,773,775,777,779,781,783,785],"product_cat":[218,214,221,1145,1126],"product_tag":[],"class_list":{"0":"post-32326","1":"product","2":"type-product","3":"status-publish","4":"has-post-thumbnail","6":"product_brand-talla-hombre-40","7":"product_brand-talla-hombre-41","8":"product_brand-talla-hombre-42","9":"product_brand-talla-hombre-43","10":"product_brand-talla-hombre-44","11":"product_brand-talla-hombre-45","12":"product_brand-talla-hombre-46","13":"product_brand-talla-hombre-47","14":"product_cat-luxusstiefel-herren","15":"product_cat-herren","16":"product_cat-stiefeletten-herren","17":"product_cat-python-stiefel-herren","18":"product_cat-rabatte-herrenstiefel","20":"first","21":"outofstock","22":"taxable","23":"shipping-taxable","24":"product-type-variable"},"supplier_id":null,"supplier_sku":"","barcode":null,"atum_controlled":true,"out_stock_date":null,"out_stock_threshold":null,"inheritable":true,"inbound_stock":null,"stock_on_hold":0,"sold_today":0,"sales_last_days":0,"reserved_stock":null,"customer_returns":null,"warehouse_damage":null,"lost_in_post":null,"other_logs":null,"out_stock_days":0,"lost_sales":0,"has_location":false,"update_date":"2025-10-27T13:03:59","atum_locations":[],"atum_stock_status":"outofstock","restock_status":false,"low_stock_amount":"","sales_update_date":"2024-11-25T08:53:04","calc_backorders":null,"yoast_head":"<!-- This site is optimized with the Yoast SEO plugin v27.2 - https:\/\/yoast.com\/product\/yoast-seo-wordpress\/ -->\n<title>Braune Python-Stiefeletten | Luxus-Stiefeletten f\u00fcr Herren | Tony Mora<\/title>\n<meta name=\"description\" content=\"Stiefeletten aus braunem Pythonleder, handgefertigt mit Qualit\u00e4t und Stil. Exklusives Design und Komfort f\u00fcr Frauen mit einzigartigen Pers\u00f6nlichkeiten.\" \/>\n<meta name=\"robots\" content=\"index, follow, max-snippet:-1, max-image-preview:large, max-video-preview:-1\" \/>\n<link rel=\"canonical\" href=\"https:\/\/tonymora.com\/de\/produkt\/621-j-denos-python-braun-bc\/\" \/>\n<meta property=\"og:locale\" content=\"de_DE\" \/>\n<meta property=\"og:type\" content=\"article\" \/>\n<meta property=\"og:title\" content=\"Braune Python-Stiefeletten | Luxus-Stiefeletten f\u00fcr Herren | Tony Mora\" \/>\n<meta property=\"og:description\" content=\"Stiefeletten aus braunem Pythonleder, handgefertigt mit Qualit\u00e4t und Stil. Exklusives Design und Komfort f\u00fcr Frauen mit einzigartigen Pers\u00f6nlichkeiten.\" \/>\n<meta property=\"og:url\" content=\"https:\/\/tonymora.com\/de\/produkt\/621-j-denos-python-braun-bc\/\" \/>\n<meta property=\"og:site_name\" content=\"Tony Mora\u00ae Boots Official Store\" \/>\n<meta property=\"article:publisher\" content=\"https:\/\/www.facebook.com\/Tonymoraofficial\/\" \/>\n<meta property=\"article:modified_time\" content=\"2025-08-01T07:13:55+00:00\" \/>\n<meta property=\"og:image\" content=\"https:\/\/tonymora.com\/wp-content\/uploads\/2020\/05\/17_2.jpg\" \/>\n\t<meta property=\"og:image:width\" content=\"897\" \/>\n\t<meta property=\"og:image:height\" content=\"1069\" \/>\n\t<meta property=\"og:image:type\" content=\"image\/jpeg\" \/>\n<meta name=\"twitter:card\" content=\"summary_large_image\" \/>\n<script type=\"application\/ld+json\" class=\"yoast-schema-graph\">{\"@context\":\"https:\/\/schema.org\",\"@graph\":[{\"@type\":\"WebPage\",\"@id\":\"https:\/\/tonymora.com\/de\/produkt\/621-j-denos-python-braun-bc\/\",\"url\":\"https:\/\/tonymora.com\/de\/produkt\/621-j-denos-python-braun-bc\/\",\"name\":\"Braune Python-Stiefeletten | Luxus-Stiefeletten f\u00fcr Herren | Tony Mora\",\"isPartOf\":{\"@id\":\"https:\/\/tonymora.com\/de\/#website\"},\"primaryImageOfPage\":{\"@id\":\"https:\/\/tonymora.com\/de\/produkt\/621-j-denos-python-braun-bc\/#primaryimage\"},\"image\":{\"@id\":\"https:\/\/tonymora.com\/de\/produkt\/621-j-denos-python-braun-bc\/#primaryimage\"},\"thumbnailUrl\":\"https:\/\/tonymora.com\/wp-content\/uploads\/2020\/05\/17_2.jpg\",\"datePublished\":\"2019-07-25T07:40:50+00:00\",\"dateModified\":\"2025-08-01T07:13:55+00:00\",\"description\":\"Stiefeletten aus braunem Pythonleder, handgefertigt mit Qualit\u00e4t und Stil. Exklusives Design und Komfort f\u00fcr Frauen mit einzigartigen Pers\u00f6nlichkeiten.\",\"breadcrumb\":{\"@id\":\"https:\/\/tonymora.com\/de\/produkt\/621-j-denos-python-braun-bc\/#breadcrumb\"},\"inLanguage\":\"de\",\"potentialAction\":[{\"@type\":\"ReadAction\",\"target\":[\"https:\/\/tonymora.com\/de\/produkt\/621-j-denos-python-braun-bc\/\"]}]},{\"@type\":\"ImageObject\",\"inLanguage\":\"de\",\"@id\":\"https:\/\/tonymora.com\/de\/produkt\/621-j-denos-python-braun-bc\/#primaryimage\",\"url\":\"https:\/\/tonymora.com\/wp-content\/uploads\/2020\/05\/17_2.jpg\",\"contentUrl\":\"https:\/\/tonymora.com\/wp-content\/uploads\/2020\/05\/17_2.jpg\",\"width\":897,\"height\":1069},{\"@type\":\"BreadcrumbList\",\"@id\":\"https:\/\/tonymora.com\/de\/produkt\/621-j-denos-python-braun-bc\/#breadcrumb\",\"itemListElement\":[{\"@type\":\"ListItem\",\"position\":1,\"name\":\"Portada\",\"item\":\"https:\/\/tonymora.com\/de\/\"},{\"@type\":\"ListItem\",\"position\":2,\"name\":\"Shop\",\"item\":\"https:\/\/tonymora.com\/de\/shop\/\"},{\"@type\":\"ListItem\",\"position\":3,\"name\":\"Herren\",\"item\":\"https:\/\/tonymora.com\/de\/produkt-kategorie\/herren\/\"},{\"@type\":\"ListItem\",\"position\":4,\"name\":\"621 J DENOS PYTHON BRAUN BC\"}]},{\"@type\":\"WebSite\",\"@id\":\"https:\/\/tonymora.com\/de\/#website\",\"url\":\"https:\/\/tonymora.com\/de\/\",\"name\":\"Tony Mora\u00ae Boots Official Store\",\"description\":\"Cowboy Boots\",\"publisher\":{\"@id\":\"https:\/\/tonymora.com\/de\/#organization\"},\"potentialAction\":[{\"@type\":\"SearchAction\",\"target\":{\"@type\":\"EntryPoint\",\"urlTemplate\":\"https:\/\/tonymora.com\/de\/?s={search_term_string}\"},\"query-input\":{\"@type\":\"PropertyValueSpecification\",\"valueRequired\":true,\"valueName\":\"search_term_string\"}}],\"inLanguage\":\"de\"},{\"@type\":\"Organization\",\"@id\":\"https:\/\/tonymora.com\/de\/#organization\",\"name\":\"Tony Mora Boots\",\"url\":\"https:\/\/tonymora.com\/de\/\",\"logo\":{\"@type\":\"ImageObject\",\"inLanguage\":\"de\",\"@id\":\"https:\/\/tonymora.com\/de\/#\/schema\/logo\/image\/\",\"url\":\"https:\/\/tonymora.com\/wp-content\/uploads\/2023\/12\/LOGO.jpg\",\"contentUrl\":\"https:\/\/tonymora.com\/wp-content\/uploads\/2023\/12\/LOGO.jpg\",\"width\":2272,\"height\":1411,\"caption\":\"Tony Mora Boots\"},\"image\":{\"@id\":\"https:\/\/tonymora.com\/de\/#\/schema\/logo\/image\/\"},\"sameAs\":[\"https:\/\/www.facebook.com\/Tonymoraofficial\/\",\"https:\/\/www.instagram.com\/tonymoraofficial\/?hl=es\"]}]}<\/script>\n<!-- \/ Yoast SEO plugin. -->","yoast_head_json":{"title":"Braune Python-Stiefeletten | Luxus-Stiefeletten f\u00fcr Herren | Tony Mora","description":"Stiefeletten aus braunem Pythonleder, handgefertigt mit Qualit\u00e4t und Stil. Exklusives Design und Komfort f\u00fcr Frauen mit einzigartigen Pers\u00f6nlichkeiten.","robots":{"index":"index","follow":"follow","max-snippet":"max-snippet:-1","max-image-preview":"max-image-preview:large","max-video-preview":"max-video-preview:-1"},"canonical":"https:\/\/tonymora.com\/de\/produkt\/621-j-denos-python-braun-bc\/","og_locale":"de_DE","og_type":"article","og_title":"Braune Python-Stiefeletten | Luxus-Stiefeletten f\u00fcr Herren | Tony Mora","og_description":"Stiefeletten aus braunem Pythonleder, handgefertigt mit Qualit\u00e4t und Stil. Exklusives Design und Komfort f\u00fcr Frauen mit einzigartigen Pers\u00f6nlichkeiten.","og_url":"https:\/\/tonymora.com\/de\/produkt\/621-j-denos-python-braun-bc\/","og_site_name":"Tony Mora\u00ae Boots Official Store","article_publisher":"https:\/\/www.facebook.com\/Tonymoraofficial\/","article_modified_time":"2025-08-01T07:13:55+00:00","og_image":[{"width":897,"height":1069,"url":"https:\/\/tonymora.com\/wp-content\/uploads\/2020\/05\/17_2.jpg","type":"image\/jpeg"}],"twitter_card":"summary_large_image","schema":{"@context":"https:\/\/schema.org","@graph":[{"@type":"WebPage","@id":"https:\/\/tonymora.com\/de\/produkt\/621-j-denos-python-braun-bc\/","url":"https:\/\/tonymora.com\/de\/produkt\/621-j-denos-python-braun-bc\/","name":"Braune Python-Stiefeletten | Luxus-Stiefeletten f\u00fcr Herren | Tony Mora","isPartOf":{"@id":"https:\/\/tonymora.com\/de\/#website"},"primaryImageOfPage":{"@id":"https:\/\/tonymora.com\/de\/produkt\/621-j-denos-python-braun-bc\/#primaryimage"},"image":{"@id":"https:\/\/tonymora.com\/de\/produkt\/621-j-denos-python-braun-bc\/#primaryimage"},"thumbnailUrl":"https:\/\/tonymora.com\/wp-content\/uploads\/2020\/05\/17_2.jpg","datePublished":"2019-07-25T07:40:50+00:00","dateModified":"2025-08-01T07:13:55+00:00","description":"Stiefeletten aus braunem Pythonleder, handgefertigt mit Qualit\u00e4t und Stil. Exklusives Design und Komfort f\u00fcr Frauen mit einzigartigen Pers\u00f6nlichkeiten.","breadcrumb":{"@id":"https:\/\/tonymora.com\/de\/produkt\/621-j-denos-python-braun-bc\/#breadcrumb"},"inLanguage":"de","potentialAction":[{"@type":"ReadAction","target":["https:\/\/tonymora.com\/de\/produkt\/621-j-denos-python-braun-bc\/"]}]},{"@type":"ImageObject","inLanguage":"de","@id":"https:\/\/tonymora.com\/de\/produkt\/621-j-denos-python-braun-bc\/#primaryimage","url":"https:\/\/tonymora.com\/wp-content\/uploads\/2020\/05\/17_2.jpg","contentUrl":"https:\/\/tonymora.com\/wp-content\/uploads\/2020\/05\/17_2.jpg","width":897,"height":1069},{"@type":"BreadcrumbList","@id":"https:\/\/tonymora.com\/de\/produkt\/621-j-denos-python-braun-bc\/#breadcrumb","itemListElement":[{"@type":"ListItem","position":1,"name":"Portada","item":"https:\/\/tonymora.com\/de\/"},{"@type":"ListItem","position":2,"name":"Shop","item":"https:\/\/tonymora.com\/de\/shop\/"},{"@type":"ListItem","position":3,"name":"Herren","item":"https:\/\/tonymora.com\/de\/produkt-kategorie\/herren\/"},{"@type":"ListItem","position":4,"name":"621 J DENOS PYTHON BRAUN BC"}]},{"@type":"WebSite","@id":"https:\/\/tonymora.com\/de\/#website","url":"https:\/\/tonymora.com\/de\/","name":"Tony Mora\u00ae Boots Official Store","description":"Cowboy Boots","publisher":{"@id":"https:\/\/tonymora.com\/de\/#organization"},"potentialAction":[{"@type":"SearchAction","target":{"@type":"EntryPoint","urlTemplate":"https:\/\/tonymora.com\/de\/?s={search_term_string}"},"query-input":{"@type":"PropertyValueSpecification","valueRequired":true,"valueName":"search_term_string"}}],"inLanguage":"de"},{"@type":"Organization","@id":"https:\/\/tonymora.com\/de\/#organization","name":"Tony Mora Boots","url":"https:\/\/tonymora.com\/de\/","logo":{"@type":"ImageObject","inLanguage":"de","@id":"https:\/\/tonymora.com\/de\/#\/schema\/logo\/image\/","url":"https:\/\/tonymora.com\/wp-content\/uploads\/2023\/12\/LOGO.jpg","contentUrl":"https:\/\/tonymora.com\/wp-content\/uploads\/2023\/12\/LOGO.jpg","width":2272,"height":1411,"caption":"Tony Mora Boots"},"image":{"@id":"https:\/\/tonymora.com\/de\/#\/schema\/logo\/image\/"},"sameAs":["https:\/\/www.facebook.com\/Tonymoraofficial\/","https:\/\/www.instagram.com\/tonymoraofficial\/?hl=es"]}]}},"_links":{"self":[{"href":"https:\/\/tonymora.com\/de\/wp-json\/wp\/v2\/product\/32326","targetHints":{"allow":["GET"]}}],"collection":[{"href":"https:\/\/tonymora.com\/de\/wp-json\/wp\/v2\/product"}],"about":[{"href":"https:\/\/tonymora.com\/de\/wp-json\/wp\/v2\/types\/product"}],"wp:featuredmedia":[{"embeddable":true,"href":"https:\/\/tonymora.com\/de\/wp-json\/wp\/v2\/media\/659442"}],"wp:attachment":[{"href":"https:\/\/tonymora.com\/de\/wp-json\/wp\/v2\/media?parent=32326"}],"wp:term":[{"taxonomy":"product_brand","embeddable":true,"href":"https:\/\/tonymora.com\/de\/wp-json\/wp\/v2\/product_brand?post=32326"},{"taxonomy":"product_cat","embeddable":true,"href":"https:\/\/tonymora.com\/de\/wp-json\/wp\/v2\/product_cat?post=32326"},{"taxonomy":"product_tag","embeddable":true,"href":"https:\/\/tonymora.com\/de\/wp-json\/wp\/v2\/product_tag?post=32326"}],"curies":[{"name":"wp","href":"https:\/\/api.w.org\/{rel}","templated":true}]}}