{"id":32889,"date":"2019-07-30T17:46:19","date_gmt":"2019-07-30T15:46:19","guid":{"rendered":"https:\/\/tonymora.com\/product\/cocodrilo-python-negro\/"},"modified":"2025-08-01T09:13:22","modified_gmt":"2025-08-01T07:13:22","slug":"2107-boho-tuerkis-braun","status":"publish","type":"product","link":"https:\/\/tonymora.com\/de\/produkt\/2107-boho-tuerkis-braun\/","title":{"rendered":"2107 BOHO T\u00dcRKIS BRAUN"},"content":{"rendered":"<p class=\"p1\">Wir stellen unseren neuen braunen Rindslederg\u00fcrtel vor. Dieser G\u00fcrtel kombiniert ein Design aus ineinander verschlungenen ovalen Formen, die eine einzigartige und charmante \u00c4sthetik schaffen. Zwei hochwertige Dekorelemente wechseln sich ab: gepr\u00e4gt mit floralen Motiven und bestickt mit zarten wei\u00dfen, t\u00fcrkisfarbenen und roten Perlen, ist dieser G\u00fcrtel eine wahre Hommage an die grenzenlose Kreativit\u00e4t. Jedes Detail wird in sorgf\u00e4ltiger Handarbeit hergestellt, um eine au\u00dfergew\u00f6hnliche Qualit\u00e4t und eine tadellose Verarbeitung zu gew\u00e4hrleisten.<\/p>\n","protected":false},"excerpt":{"rendered":"<p>Eine markante Silhouette, die jeden Look aufwertet. Absolute Eleganz in dunklem Ton.<br \/>\nEntworfen f\u00fcr alle, die Eleganz als Haltung verstehen.<\/p>\n","protected":false},"featured_media":712146,"template":"","meta":{"_mbp_gutenberg_autopost":false},"product_brand":[],"product_cat":[1174,167,1156],"product_tag":[],"class_list":{"0":"post-32889","1":"product","2":"type-product","3":"status-publish","4":"has-post-thumbnail","6":"product_cat-black-friday-de","7":"product_cat-damen","8":"product_cat-damen-ledergurtel","10":"first","11":"instock","12":"taxable","13":"shipping-taxable","14":"purchasable","15":"product-type-variable"},"supplier_id":null,"supplier_sku":"","barcode":null,"atum_controlled":true,"out_stock_date":null,"out_stock_threshold":null,"inheritable":true,"inbound_stock":null,"stock_on_hold":1,"sold_today":1,"sales_last_days":1,"reserved_stock":null,"customer_returns":null,"warehouse_damage":null,"lost_in_post":null,"other_logs":null,"out_stock_days":0,"lost_sales":0,"has_location":false,"update_date":"2025-11-27T05:33:41","atum_locations":[],"atum_stock_status":"instock","restock_status":false,"low_stock_amount":"","sales_update_date":"2024-04-24T22:32:33","calc_backorders":null,"yoast_head":"<!-- This site is optimized with the Yoast SEO plugin v27.2 - https:\/\/yoast.com\/product\/yoast-seo-wordpress\/ -->\n<title>T\u00fcrkisbrauner Boho-G\u00fcrtel \u2013 Tony Mora | Einzigartiges Design<\/title>\n<meta name=\"description\" content=\"Rindslederg\u00fcrtel mit floralen Motiven und t\u00fcrkisfarbenen Perlen. Handgefertigt, au\u00dfergew\u00f6hnliche Qualit\u00e4t. Eine Hommage an grenzenlose Kreativit\u00e4t!\" \/>\n<meta name=\"robots\" content=\"index, follow, max-snippet:-1, max-image-preview:large, max-video-preview:-1\" \/>\n<link rel=\"canonical\" href=\"https:\/\/tonymora.com\/de\/produkt\/2107-boho-tuerkis-braun\/\" \/>\n<meta property=\"og:locale\" content=\"de_DE\" \/>\n<meta property=\"og:type\" content=\"article\" \/>\n<meta property=\"og:title\" content=\"T\u00fcrkisbrauner Boho-G\u00fcrtel \u2013 Tony Mora | Einzigartiges Design\" \/>\n<meta property=\"og:description\" content=\"Rindslederg\u00fcrtel mit floralen Motiven und t\u00fcrkisfarbenen Perlen. Handgefertigt, au\u00dfergew\u00f6hnliche Qualit\u00e4t. Eine Hommage an grenzenlose Kreativit\u00e4t!\" \/>\n<meta property=\"og:url\" content=\"https:\/\/tonymora.com\/de\/produkt\/2107-boho-tuerkis-braun\/\" \/>\n<meta property=\"og:site_name\" content=\"Tony Mora\u00ae Boots Official Store\" \/>\n<meta property=\"article:publisher\" content=\"https:\/\/www.facebook.com\/Tonymoraofficial\/\" \/>\n<meta property=\"article:modified_time\" content=\"2025-08-01T07:13:22+00:00\" \/>\n<meta property=\"og:image\" content=\"https:\/\/tonymora.com\/wp-content\/uploads\/2022\/09\/7.jpg\" \/>\n\t<meta property=\"og:image:width\" content=\"866\" \/>\n\t<meta property=\"og:image:height\" content=\"1032\" \/>\n\t<meta property=\"og:image:type\" content=\"image\/jpeg\" \/>\n<meta name=\"twitter:card\" content=\"summary_large_image\" \/>\n<meta name=\"twitter:label1\" content=\"Gesch\u00e4tzte Lesezeit\" \/>\n\t<meta name=\"twitter:data1\" content=\"1\u00a0Minute\" \/>\n<script type=\"application\/ld+json\" class=\"yoast-schema-graph\">{\"@context\":\"https:\/\/schema.org\",\"@graph\":[{\"@type\":\"WebPage\",\"@id\":\"https:\/\/tonymora.com\/de\/produkt\/2107-boho-tuerkis-braun\/\",\"url\":\"https:\/\/tonymora.com\/de\/produkt\/2107-boho-tuerkis-braun\/\",\"name\":\"T\u00fcrkisbrauner Boho-G\u00fcrtel \u2013 Tony Mora | Einzigartiges Design\",\"isPartOf\":{\"@id\":\"https:\/\/tonymora.com\/de\/#website\"},\"primaryImageOfPage\":{\"@id\":\"https:\/\/tonymora.com\/de\/produkt\/2107-boho-tuerkis-braun\/#primaryimage\"},\"image\":{\"@id\":\"https:\/\/tonymora.com\/de\/produkt\/2107-boho-tuerkis-braun\/#primaryimage\"},\"thumbnailUrl\":\"https:\/\/tonymora.com\/wp-content\/uploads\/2022\/09\/7.jpg\",\"datePublished\":\"2019-07-30T15:46:19+00:00\",\"dateModified\":\"2025-08-01T07:13:22+00:00\",\"description\":\"Rindslederg\u00fcrtel mit floralen Motiven und t\u00fcrkisfarbenen Perlen. Handgefertigt, au\u00dfergew\u00f6hnliche Qualit\u00e4t. Eine Hommage an grenzenlose Kreativit\u00e4t!\",\"breadcrumb\":{\"@id\":\"https:\/\/tonymora.com\/de\/produkt\/2107-boho-tuerkis-braun\/#breadcrumb\"},\"inLanguage\":\"de\",\"potentialAction\":[{\"@type\":\"ReadAction\",\"target\":[\"https:\/\/tonymora.com\/de\/produkt\/2107-boho-tuerkis-braun\/\"]}]},{\"@type\":\"ImageObject\",\"inLanguage\":\"de\",\"@id\":\"https:\/\/tonymora.com\/de\/produkt\/2107-boho-tuerkis-braun\/#primaryimage\",\"url\":\"https:\/\/tonymora.com\/wp-content\/uploads\/2022\/09\/7.jpg\",\"contentUrl\":\"https:\/\/tonymora.com\/wp-content\/uploads\/2022\/09\/7.jpg\",\"width\":866,\"height\":1032},{\"@type\":\"BreadcrumbList\",\"@id\":\"https:\/\/tonymora.com\/de\/produkt\/2107-boho-tuerkis-braun\/#breadcrumb\",\"itemListElement\":[{\"@type\":\"ListItem\",\"position\":1,\"name\":\"Portada\",\"item\":\"https:\/\/tonymora.com\/de\/\"},{\"@type\":\"ListItem\",\"position\":2,\"name\":\"Shop\",\"item\":\"https:\/\/tonymora.com\/de\/shop\/\"},{\"@type\":\"ListItem\",\"position\":3,\"name\":\"Damen Lederg\u00fcrtel\",\"item\":\"https:\/\/tonymora.com\/de\/produkt-kategorie\/damen-ledergurtel\/\"},{\"@type\":\"ListItem\",\"position\":4,\"name\":\"2107 BOHO T\u00dcRKIS BRAUN\"}]},{\"@type\":\"WebSite\",\"@id\":\"https:\/\/tonymora.com\/de\/#website\",\"url\":\"https:\/\/tonymora.com\/de\/\",\"name\":\"Tony Mora\u00ae Boots Official Store\",\"description\":\"Cowboy Boots\",\"publisher\":{\"@id\":\"https:\/\/tonymora.com\/de\/#organization\"},\"potentialAction\":[{\"@type\":\"SearchAction\",\"target\":{\"@type\":\"EntryPoint\",\"urlTemplate\":\"https:\/\/tonymora.com\/de\/?s={search_term_string}\"},\"query-input\":{\"@type\":\"PropertyValueSpecification\",\"valueRequired\":true,\"valueName\":\"search_term_string\"}}],\"inLanguage\":\"de\"},{\"@type\":\"Organization\",\"@id\":\"https:\/\/tonymora.com\/de\/#organization\",\"name\":\"Tony Mora Boots\",\"url\":\"https:\/\/tonymora.com\/de\/\",\"logo\":{\"@type\":\"ImageObject\",\"inLanguage\":\"de\",\"@id\":\"https:\/\/tonymora.com\/de\/#\/schema\/logo\/image\/\",\"url\":\"https:\/\/tonymora.com\/wp-content\/uploads\/2023\/12\/LOGO.jpg\",\"contentUrl\":\"https:\/\/tonymora.com\/wp-content\/uploads\/2023\/12\/LOGO.jpg\",\"width\":2272,\"height\":1411,\"caption\":\"Tony Mora Boots\"},\"image\":{\"@id\":\"https:\/\/tonymora.com\/de\/#\/schema\/logo\/image\/\"},\"sameAs\":[\"https:\/\/www.facebook.com\/Tonymoraofficial\/\",\"https:\/\/www.instagram.com\/tonymoraofficial\/?hl=es\"]}]}<\/script>\n<!-- \/ Yoast SEO plugin. -->","yoast_head_json":{"title":"T\u00fcrkisbrauner Boho-G\u00fcrtel \u2013 Tony Mora | Einzigartiges Design","description":"Rindslederg\u00fcrtel mit floralen Motiven und t\u00fcrkisfarbenen Perlen. Handgefertigt, au\u00dfergew\u00f6hnliche Qualit\u00e4t. Eine Hommage an grenzenlose Kreativit\u00e4t!","robots":{"index":"index","follow":"follow","max-snippet":"max-snippet:-1","max-image-preview":"max-image-preview:large","max-video-preview":"max-video-preview:-1"},"canonical":"https:\/\/tonymora.com\/de\/produkt\/2107-boho-tuerkis-braun\/","og_locale":"de_DE","og_type":"article","og_title":"T\u00fcrkisbrauner Boho-G\u00fcrtel \u2013 Tony Mora | Einzigartiges Design","og_description":"Rindslederg\u00fcrtel mit floralen Motiven und t\u00fcrkisfarbenen Perlen. Handgefertigt, au\u00dfergew\u00f6hnliche Qualit\u00e4t. Eine Hommage an grenzenlose Kreativit\u00e4t!","og_url":"https:\/\/tonymora.com\/de\/produkt\/2107-boho-tuerkis-braun\/","og_site_name":"Tony Mora\u00ae Boots Official Store","article_publisher":"https:\/\/www.facebook.com\/Tonymoraofficial\/","article_modified_time":"2025-08-01T07:13:22+00:00","og_image":[{"width":866,"height":1032,"url":"https:\/\/tonymora.com\/wp-content\/uploads\/2022\/09\/7.jpg","type":"image\/jpeg"}],"twitter_card":"summary_large_image","twitter_misc":{"Gesch\u00e4tzte Lesezeit":"1\u00a0Minute"},"schema":{"@context":"https:\/\/schema.org","@graph":[{"@type":"WebPage","@id":"https:\/\/tonymora.com\/de\/produkt\/2107-boho-tuerkis-braun\/","url":"https:\/\/tonymora.com\/de\/produkt\/2107-boho-tuerkis-braun\/","name":"T\u00fcrkisbrauner Boho-G\u00fcrtel \u2013 Tony Mora | Einzigartiges Design","isPartOf":{"@id":"https:\/\/tonymora.com\/de\/#website"},"primaryImageOfPage":{"@id":"https:\/\/tonymora.com\/de\/produkt\/2107-boho-tuerkis-braun\/#primaryimage"},"image":{"@id":"https:\/\/tonymora.com\/de\/produkt\/2107-boho-tuerkis-braun\/#primaryimage"},"thumbnailUrl":"https:\/\/tonymora.com\/wp-content\/uploads\/2022\/09\/7.jpg","datePublished":"2019-07-30T15:46:19+00:00","dateModified":"2025-08-01T07:13:22+00:00","description":"Rindslederg\u00fcrtel mit floralen Motiven und t\u00fcrkisfarbenen Perlen. Handgefertigt, au\u00dfergew\u00f6hnliche Qualit\u00e4t. Eine Hommage an grenzenlose Kreativit\u00e4t!","breadcrumb":{"@id":"https:\/\/tonymora.com\/de\/produkt\/2107-boho-tuerkis-braun\/#breadcrumb"},"inLanguage":"de","potentialAction":[{"@type":"ReadAction","target":["https:\/\/tonymora.com\/de\/produkt\/2107-boho-tuerkis-braun\/"]}]},{"@type":"ImageObject","inLanguage":"de","@id":"https:\/\/tonymora.com\/de\/produkt\/2107-boho-tuerkis-braun\/#primaryimage","url":"https:\/\/tonymora.com\/wp-content\/uploads\/2022\/09\/7.jpg","contentUrl":"https:\/\/tonymora.com\/wp-content\/uploads\/2022\/09\/7.jpg","width":866,"height":1032},{"@type":"BreadcrumbList","@id":"https:\/\/tonymora.com\/de\/produkt\/2107-boho-tuerkis-braun\/#breadcrumb","itemListElement":[{"@type":"ListItem","position":1,"name":"Portada","item":"https:\/\/tonymora.com\/de\/"},{"@type":"ListItem","position":2,"name":"Shop","item":"https:\/\/tonymora.com\/de\/shop\/"},{"@type":"ListItem","position":3,"name":"Damen Lederg\u00fcrtel","item":"https:\/\/tonymora.com\/de\/produkt-kategorie\/damen-ledergurtel\/"},{"@type":"ListItem","position":4,"name":"2107 BOHO T\u00dcRKIS BRAUN"}]},{"@type":"WebSite","@id":"https:\/\/tonymora.com\/de\/#website","url":"https:\/\/tonymora.com\/de\/","name":"Tony Mora\u00ae Boots Official Store","description":"Cowboy Boots","publisher":{"@id":"https:\/\/tonymora.com\/de\/#organization"},"potentialAction":[{"@type":"SearchAction","target":{"@type":"EntryPoint","urlTemplate":"https:\/\/tonymora.com\/de\/?s={search_term_string}"},"query-input":{"@type":"PropertyValueSpecification","valueRequired":true,"valueName":"search_term_string"}}],"inLanguage":"de"},{"@type":"Organization","@id":"https:\/\/tonymora.com\/de\/#organization","name":"Tony Mora Boots","url":"https:\/\/tonymora.com\/de\/","logo":{"@type":"ImageObject","inLanguage":"de","@id":"https:\/\/tonymora.com\/de\/#\/schema\/logo\/image\/","url":"https:\/\/tonymora.com\/wp-content\/uploads\/2023\/12\/LOGO.jpg","contentUrl":"https:\/\/tonymora.com\/wp-content\/uploads\/2023\/12\/LOGO.jpg","width":2272,"height":1411,"caption":"Tony Mora Boots"},"image":{"@id":"https:\/\/tonymora.com\/de\/#\/schema\/logo\/image\/"},"sameAs":["https:\/\/www.facebook.com\/Tonymoraofficial\/","https:\/\/www.instagram.com\/tonymoraofficial\/?hl=es"]}]}},"_links":{"self":[{"href":"https:\/\/tonymora.com\/de\/wp-json\/wp\/v2\/product\/32889","targetHints":{"allow":["GET"]}}],"collection":[{"href":"https:\/\/tonymora.com\/de\/wp-json\/wp\/v2\/product"}],"about":[{"href":"https:\/\/tonymora.com\/de\/wp-json\/wp\/v2\/types\/product"}],"wp:featuredmedia":[{"embeddable":true,"href":"https:\/\/tonymora.com\/de\/wp-json\/wp\/v2\/media\/712146"}],"wp:attachment":[{"href":"https:\/\/tonymora.com\/de\/wp-json\/wp\/v2\/media?parent=32889"}],"wp:term":[{"taxonomy":"product_brand","embeddable":true,"href":"https:\/\/tonymora.com\/de\/wp-json\/wp\/v2\/product_brand?post=32889"},{"taxonomy":"product_cat","embeddable":true,"href":"https:\/\/tonymora.com\/de\/wp-json\/wp\/v2\/product_cat?post=32889"},{"taxonomy":"product_tag","embeddable":true,"href":"https:\/\/tonymora.com\/de\/wp-json\/wp\/v2\/product_tag?post=32889"}],"curies":[{"name":"wp","href":"https:\/\/api.w.org\/{rel}","templated":true}]}}