{"id":33082,"date":"2019-07-30T16:40:53","date_gmt":"2019-07-30T14:40:53","guid":{"rendered":"https:\/\/tonymora.com\/product\/214-cocodrilo-python-camel\/"},"modified":"2025-12-07T14:46:24","modified_gmt":"2025-12-07T13:46:24","slug":"9185-matte-grau-nubuk","status":"publish","type":"product","link":"https:\/\/tonymora.com\/de\/produkt\/9185-matte-grau-nubuk\/","title":{"rendered":"9185 MATTE GRAU NUBUK"},"content":{"rendered":"<p class=\"p1\">Wir pr\u00e4sentieren unseren exklusiven Nubuklederg\u00fcrtel, eine perfekte Fusion aus Eleganz und Qualit\u00e4t. In einem sch\u00f6nen matten Grauton hebt sich dieser G\u00fcrtel durch seine weiche Textur und die au\u00dfergew\u00f6hnliche Qualit\u00e4t des Naturleders hervor, das wie in fr\u00fcheren Zeiten handgefertigt wurde. Die handgravierten metallischen Details, sowohl an der Schnalle als auch an der G\u00fcrtelspitze, verleihen diesem St\u00fcck eine besondere Note. Hergestellt nach strengen Qualit\u00e4tsstandards wird dieser G\u00fcrtel das ideale Zubeh\u00f6r f\u00fcr Ihre Outfits und verleiht jeder Gelegenheit eine besondere Note.<\/p>\n","protected":false},"excerpt":{"rendered":"<p>Zeitlose Eleganz mit unverwechselbarer Ausstrahlung. Selbstbewusstes Auftreten und m\u00fcheloser Stil. Entworfen, um den Moment zu genie\u00dfen, nicht Trends zu folgen.<\/p>\n","protected":false},"featured_media":715983,"template":"","meta":{"_mbp_gutenberg_autopost":false},"product_brand":[],"product_cat":[1174,167,1156,1157],"product_tag":[],"class_list":{"0":"post-33082","1":"product","2":"type-product","3":"status-publish","4":"has-post-thumbnail","6":"product_cat-black-friday-de","7":"product_cat-damen","8":"product_cat-damen-ledergurtel","9":"product_cat-lederguertel-fuer-herren","11":"first","12":"instock","13":"taxable","14":"shipping-taxable","15":"purchasable","16":"product-type-variable"},"_links":{"self":[{"href":"https:\/\/tonymora.com\/de\/wp-json\/wp\/v2\/product\/33082","targetHints":{"allow":["GET"]}}],"collection":[{"href":"https:\/\/tonymora.com\/de\/wp-json\/wp\/v2\/product"}],"about":[{"href":"https:\/\/tonymora.com\/de\/wp-json\/wp\/v2\/types\/product"}],"wp:featuredmedia":[{"embeddable":true,"href":"https:\/\/tonymora.com\/de\/wp-json\/wp\/v2\/media\/715983"}],"wp:attachment":[{"href":"https:\/\/tonymora.com\/de\/wp-json\/wp\/v2\/media?parent=33082"}],"wp:term":[{"taxonomy":"product_brand","embeddable":true,"href":"https:\/\/tonymora.com\/de\/wp-json\/wp\/v2\/product_brand?post=33082"},{"taxonomy":"product_cat","embeddable":true,"href":"https:\/\/tonymora.com\/de\/wp-json\/wp\/v2\/product_cat?post=33082"},{"taxonomy":"product_tag","embeddable":true,"href":"https:\/\/tonymora.com\/de\/wp-json\/wp\/v2\/product_tag?post=33082"}],"curies":[{"name":"wp","href":"https:\/\/api.w.org\/{rel}","templated":true}]}}