{"id":33112,"date":"2019-07-30T15:13:15","date_gmt":"2019-07-30T13:13:15","guid":{"rendered":"https:\/\/tonymora.com\/product\/6934-richmond-alaro-serraje-marron-elastico-azul\/"},"modified":"2026-03-07T15:51:08","modified_gmt":"2026-03-07T14:51:08","slug":"6934-richmond-alaro-serraje-braun-elastico-blau","status":"publish","type":"product","link":"https:\/\/tonymora.com\/de\/produkt\/6934-richmond-alaro-serraje-braun-elastico-blau\/","title":{"rendered":"1213 890 20 AFELPADO BRAUN"},"content":{"rendered":"<p class=\"p1\" style=\"text-align: left;\">Stiefelette mit Stil und Charakter. Diese Chelsea-Stiefel sind ein Synonym f\u00fcr Erhabenheit, ein klasisches Modell, das nie aus der Mode kommt und zu 100% mit unserem Goodyear-System handgefertigt ist. Sie sind aus komfortablem dunkelbraunen Wildleder gefertigt, das mit dem blauen Gummizug hervorragend kontrastiert. Dieser erleichtert au\u00dferdem das Anziehen und verleiht den Stiefeln einen modernen Touch. Ihre abgerundete Spitze gibt Ihnen den Komfort, um sie jederzeit zu genie\u00dfen. M\u00f6chten Sie einen l\u00e4ssigen und exklusiven Look? Entscheiden Sie sich f\u00fcr dieses Modell.<\/p>\n","protected":false},"excerpt":{"rendered":"<p>Unaufdringliche Eleganz f\u00fcr Kenner. Westlich inspirierte Ausstrahlung und souver\u00e4ne Pr\u00e4senz.<br \/>\nEntworfen f\u00fcr alle, die Eleganz als Haltung verstehen.<\/p>\n","protected":false},"featured_media":683331,"template":"","meta":{"_mbp_gutenberg_autopost":false},"product_brand":[757,759],"product_cat":[1174,169,167,226,1141,1135],"product_tag":[],"class_list":{"0":"post-33112","1":"product","2":"type-product","3":"status-publish","4":"has-post-thumbnail","6":"product_brand-talla-mujer-36","7":"product_brand-talla-mujer-37","8":"product_cat-black-friday-de","9":"product_cat-casual-damenstiefel","10":"product_cat-damen","11":"product_cat-damen-stiefeletten","12":"product_cat-lederstiefel-damen","13":"product_cat-rabatte-damenstiefel","15":"first","16":"instock","17":"taxable","18":"shipping-taxable","19":"purchasable","20":"product-type-variable"},"supplier_id":null,"supplier_sku":"","barcode":null,"atum_controlled":true,"out_stock_date":null,"out_stock_threshold":null,"inheritable":true,"inbound_stock":null,"stock_on_hold":4,"sold_today":1,"sales_last_days":1,"reserved_stock":null,"customer_returns":null,"warehouse_damage":null,"lost_in_post":null,"other_logs":null,"out_stock_days":0,"lost_sales":0,"has_location":false,"update_date":"2026-03-19T14:56:34","atum_locations":[],"atum_stock_status":"instock","restock_status":false,"low_stock_amount":"","sales_update_date":"2026-03-12T14:13:19","calc_backorders":null,"yoast_head":"<!-- This site is optimized with the Yoast SEO plugin v27.2 - https:\/\/yoast.com\/product\/yoast-seo-wordpress\/ -->\n<title>Dunkelbraune Chelsea-Boots aus Wildleder mit blauem Gummizug<\/title>\n<meta name=\"description\" content=\"Handgefertigte Chelsea-Stiefel mit Goodyear-Rahmensystem. Dunkelbraunes Wildleder und blauer Stretch f\u00fcr Stil, Komfort und Haltbarkeit bei jedem Schritt.\" \/>\n<meta name=\"robots\" content=\"index, follow, max-snippet:-1, max-image-preview:large, max-video-preview:-1\" \/>\n<link rel=\"canonical\" href=\"https:\/\/tonymora.com\/de\/produkt\/6934-richmond-alaro-serraje-braun-elastico-blau\/\" \/>\n<meta property=\"og:locale\" content=\"de_DE\" \/>\n<meta property=\"og:type\" content=\"article\" \/>\n<meta property=\"og:title\" content=\"Dunkelbraune Chelsea-Boots aus Wildleder mit blauem Gummizug\" \/>\n<meta property=\"og:description\" content=\"Handgefertigte Chelsea-Stiefel mit Goodyear-Rahmensystem. Dunkelbraunes Wildleder und blauer Stretch f\u00fcr Stil, Komfort und Haltbarkeit bei jedem Schritt.\" \/>\n<meta property=\"og:url\" content=\"https:\/\/tonymora.com\/de\/produkt\/6934-richmond-alaro-serraje-braun-elastico-blau\/\" \/>\n<meta property=\"og:site_name\" content=\"Tony Mora\u00ae Boots Official Store\" \/>\n<meta property=\"article:publisher\" content=\"https:\/\/www.facebook.com\/Tonymoraofficial\/\" \/>\n<meta property=\"article:modified_time\" content=\"2026-03-07T14:51:08+00:00\" \/>\n<meta property=\"og:image\" content=\"https:\/\/tonymora.com\/wp-content\/uploads\/2019\/07\/2-99.jpg\" \/>\n\t<meta property=\"og:image:width\" content=\"866\" \/>\n\t<meta property=\"og:image:height\" content=\"1032\" \/>\n\t<meta property=\"og:image:type\" content=\"image\/jpeg\" \/>\n<meta name=\"twitter:card\" content=\"summary_large_image\" \/>\n<script type=\"application\/ld+json\" class=\"yoast-schema-graph\">{\"@context\":\"https:\/\/schema.org\",\"@graph\":[{\"@type\":\"WebPage\",\"@id\":\"https:\/\/tonymora.com\/de\/produkt\/6934-richmond-alaro-serraje-braun-elastico-blau\/\",\"url\":\"https:\/\/tonymora.com\/de\/produkt\/6934-richmond-alaro-serraje-braun-elastico-blau\/\",\"name\":\"Dunkelbraune Chelsea-Boots aus Wildleder mit blauem Gummizug\",\"isPartOf\":{\"@id\":\"https:\/\/tonymora.com\/de\/#website\"},\"primaryImageOfPage\":{\"@id\":\"https:\/\/tonymora.com\/de\/produkt\/6934-richmond-alaro-serraje-braun-elastico-blau\/#primaryimage\"},\"image\":{\"@id\":\"https:\/\/tonymora.com\/de\/produkt\/6934-richmond-alaro-serraje-braun-elastico-blau\/#primaryimage\"},\"thumbnailUrl\":\"https:\/\/tonymora.com\/wp-content\/uploads\/2019\/07\/2-99.jpg\",\"datePublished\":\"2019-07-30T13:13:15+00:00\",\"dateModified\":\"2026-03-07T14:51:08+00:00\",\"description\":\"Handgefertigte Chelsea-Stiefel mit Goodyear-Rahmensystem. Dunkelbraunes Wildleder und blauer Stretch f\u00fcr Stil, Komfort und Haltbarkeit bei jedem Schritt.\",\"breadcrumb\":{\"@id\":\"https:\/\/tonymora.com\/de\/produkt\/6934-richmond-alaro-serraje-braun-elastico-blau\/#breadcrumb\"},\"inLanguage\":\"de\",\"potentialAction\":[{\"@type\":\"ReadAction\",\"target\":[\"https:\/\/tonymora.com\/de\/produkt\/6934-richmond-alaro-serraje-braun-elastico-blau\/\"]}]},{\"@type\":\"ImageObject\",\"inLanguage\":\"de\",\"@id\":\"https:\/\/tonymora.com\/de\/produkt\/6934-richmond-alaro-serraje-braun-elastico-blau\/#primaryimage\",\"url\":\"https:\/\/tonymora.com\/wp-content\/uploads\/2019\/07\/2-99.jpg\",\"contentUrl\":\"https:\/\/tonymora.com\/wp-content\/uploads\/2019\/07\/2-99.jpg\",\"width\":866,\"height\":1032},{\"@type\":\"BreadcrumbList\",\"@id\":\"https:\/\/tonymora.com\/de\/produkt\/6934-richmond-alaro-serraje-braun-elastico-blau\/#breadcrumb\",\"itemListElement\":[{\"@type\":\"ListItem\",\"position\":1,\"name\":\"Portada\",\"item\":\"https:\/\/tonymora.com\/de\/\"},{\"@type\":\"ListItem\",\"position\":2,\"name\":\"Shop\",\"item\":\"https:\/\/tonymora.com\/de\/shop\/\"},{\"@type\":\"ListItem\",\"position\":3,\"name\":\"Damen\",\"item\":\"https:\/\/tonymora.com\/de\/produkt-kategorie\/damen\/\"},{\"@type\":\"ListItem\",\"position\":4,\"name\":\"Casual Stiefel Damen\",\"item\":\"https:\/\/tonymora.com\/de\/produkt-kategorie\/damen\/casual-damenstiefel\/\"},{\"@type\":\"ListItem\",\"position\":5,\"name\":\"1213 890 20 AFELPADO BRAUN\"}]},{\"@type\":\"WebSite\",\"@id\":\"https:\/\/tonymora.com\/de\/#website\",\"url\":\"https:\/\/tonymora.com\/de\/\",\"name\":\"Tony Mora\u00ae Boots Official Store\",\"description\":\"Cowboy Boots\",\"publisher\":{\"@id\":\"https:\/\/tonymora.com\/de\/#organization\"},\"potentialAction\":[{\"@type\":\"SearchAction\",\"target\":{\"@type\":\"EntryPoint\",\"urlTemplate\":\"https:\/\/tonymora.com\/de\/?s={search_term_string}\"},\"query-input\":{\"@type\":\"PropertyValueSpecification\",\"valueRequired\":true,\"valueName\":\"search_term_string\"}}],\"inLanguage\":\"de\"},{\"@type\":\"Organization\",\"@id\":\"https:\/\/tonymora.com\/de\/#organization\",\"name\":\"Tony Mora Boots\",\"url\":\"https:\/\/tonymora.com\/de\/\",\"logo\":{\"@type\":\"ImageObject\",\"inLanguage\":\"de\",\"@id\":\"https:\/\/tonymora.com\/de\/#\/schema\/logo\/image\/\",\"url\":\"https:\/\/tonymora.com\/wp-content\/uploads\/2023\/12\/LOGO.jpg\",\"contentUrl\":\"https:\/\/tonymora.com\/wp-content\/uploads\/2023\/12\/LOGO.jpg\",\"width\":2272,\"height\":1411,\"caption\":\"Tony Mora Boots\"},\"image\":{\"@id\":\"https:\/\/tonymora.com\/de\/#\/schema\/logo\/image\/\"},\"sameAs\":[\"https:\/\/www.facebook.com\/Tonymoraofficial\/\",\"https:\/\/www.instagram.com\/tonymoraofficial\/?hl=es\"]}]}<\/script>\n<!-- \/ Yoast SEO plugin. -->","yoast_head_json":{"title":"Dunkelbraune Chelsea-Boots aus Wildleder mit blauem Gummizug","description":"Handgefertigte Chelsea-Stiefel mit Goodyear-Rahmensystem. Dunkelbraunes Wildleder und blauer Stretch f\u00fcr Stil, Komfort und Haltbarkeit bei jedem Schritt.","robots":{"index":"index","follow":"follow","max-snippet":"max-snippet:-1","max-image-preview":"max-image-preview:large","max-video-preview":"max-video-preview:-1"},"canonical":"https:\/\/tonymora.com\/de\/produkt\/6934-richmond-alaro-serraje-braun-elastico-blau\/","og_locale":"de_DE","og_type":"article","og_title":"Dunkelbraune Chelsea-Boots aus Wildleder mit blauem Gummizug","og_description":"Handgefertigte Chelsea-Stiefel mit Goodyear-Rahmensystem. Dunkelbraunes Wildleder und blauer Stretch f\u00fcr Stil, Komfort und Haltbarkeit bei jedem Schritt.","og_url":"https:\/\/tonymora.com\/de\/produkt\/6934-richmond-alaro-serraje-braun-elastico-blau\/","og_site_name":"Tony Mora\u00ae Boots Official Store","article_publisher":"https:\/\/www.facebook.com\/Tonymoraofficial\/","article_modified_time":"2026-03-07T14:51:08+00:00","og_image":[{"width":866,"height":1032,"url":"https:\/\/tonymora.com\/wp-content\/uploads\/2019\/07\/2-99.jpg","type":"image\/jpeg"}],"twitter_card":"summary_large_image","schema":{"@context":"https:\/\/schema.org","@graph":[{"@type":"WebPage","@id":"https:\/\/tonymora.com\/de\/produkt\/6934-richmond-alaro-serraje-braun-elastico-blau\/","url":"https:\/\/tonymora.com\/de\/produkt\/6934-richmond-alaro-serraje-braun-elastico-blau\/","name":"Dunkelbraune Chelsea-Boots aus Wildleder mit blauem Gummizug","isPartOf":{"@id":"https:\/\/tonymora.com\/de\/#website"},"primaryImageOfPage":{"@id":"https:\/\/tonymora.com\/de\/produkt\/6934-richmond-alaro-serraje-braun-elastico-blau\/#primaryimage"},"image":{"@id":"https:\/\/tonymora.com\/de\/produkt\/6934-richmond-alaro-serraje-braun-elastico-blau\/#primaryimage"},"thumbnailUrl":"https:\/\/tonymora.com\/wp-content\/uploads\/2019\/07\/2-99.jpg","datePublished":"2019-07-30T13:13:15+00:00","dateModified":"2026-03-07T14:51:08+00:00","description":"Handgefertigte Chelsea-Stiefel mit Goodyear-Rahmensystem. Dunkelbraunes Wildleder und blauer Stretch f\u00fcr Stil, Komfort und Haltbarkeit bei jedem Schritt.","breadcrumb":{"@id":"https:\/\/tonymora.com\/de\/produkt\/6934-richmond-alaro-serraje-braun-elastico-blau\/#breadcrumb"},"inLanguage":"de","potentialAction":[{"@type":"ReadAction","target":["https:\/\/tonymora.com\/de\/produkt\/6934-richmond-alaro-serraje-braun-elastico-blau\/"]}]},{"@type":"ImageObject","inLanguage":"de","@id":"https:\/\/tonymora.com\/de\/produkt\/6934-richmond-alaro-serraje-braun-elastico-blau\/#primaryimage","url":"https:\/\/tonymora.com\/wp-content\/uploads\/2019\/07\/2-99.jpg","contentUrl":"https:\/\/tonymora.com\/wp-content\/uploads\/2019\/07\/2-99.jpg","width":866,"height":1032},{"@type":"BreadcrumbList","@id":"https:\/\/tonymora.com\/de\/produkt\/6934-richmond-alaro-serraje-braun-elastico-blau\/#breadcrumb","itemListElement":[{"@type":"ListItem","position":1,"name":"Portada","item":"https:\/\/tonymora.com\/de\/"},{"@type":"ListItem","position":2,"name":"Shop","item":"https:\/\/tonymora.com\/de\/shop\/"},{"@type":"ListItem","position":3,"name":"Damen","item":"https:\/\/tonymora.com\/de\/produkt-kategorie\/damen\/"},{"@type":"ListItem","position":4,"name":"Casual Stiefel Damen","item":"https:\/\/tonymora.com\/de\/produkt-kategorie\/damen\/casual-damenstiefel\/"},{"@type":"ListItem","position":5,"name":"1213 890 20 AFELPADO BRAUN"}]},{"@type":"WebSite","@id":"https:\/\/tonymora.com\/de\/#website","url":"https:\/\/tonymora.com\/de\/","name":"Tony Mora\u00ae Boots Official Store","description":"Cowboy Boots","publisher":{"@id":"https:\/\/tonymora.com\/de\/#organization"},"potentialAction":[{"@type":"SearchAction","target":{"@type":"EntryPoint","urlTemplate":"https:\/\/tonymora.com\/de\/?s={search_term_string}"},"query-input":{"@type":"PropertyValueSpecification","valueRequired":true,"valueName":"search_term_string"}}],"inLanguage":"de"},{"@type":"Organization","@id":"https:\/\/tonymora.com\/de\/#organization","name":"Tony Mora Boots","url":"https:\/\/tonymora.com\/de\/","logo":{"@type":"ImageObject","inLanguage":"de","@id":"https:\/\/tonymora.com\/de\/#\/schema\/logo\/image\/","url":"https:\/\/tonymora.com\/wp-content\/uploads\/2023\/12\/LOGO.jpg","contentUrl":"https:\/\/tonymora.com\/wp-content\/uploads\/2023\/12\/LOGO.jpg","width":2272,"height":1411,"caption":"Tony Mora Boots"},"image":{"@id":"https:\/\/tonymora.com\/de\/#\/schema\/logo\/image\/"},"sameAs":["https:\/\/www.facebook.com\/Tonymoraofficial\/","https:\/\/www.instagram.com\/tonymoraofficial\/?hl=es"]}]}},"_links":{"self":[{"href":"https:\/\/tonymora.com\/de\/wp-json\/wp\/v2\/product\/33112","targetHints":{"allow":["GET"]}}],"collection":[{"href":"https:\/\/tonymora.com\/de\/wp-json\/wp\/v2\/product"}],"about":[{"href":"https:\/\/tonymora.com\/de\/wp-json\/wp\/v2\/types\/product"}],"wp:featuredmedia":[{"embeddable":true,"href":"https:\/\/tonymora.com\/de\/wp-json\/wp\/v2\/media\/683331"}],"wp:attachment":[{"href":"https:\/\/tonymora.com\/de\/wp-json\/wp\/v2\/media?parent=33112"}],"wp:term":[{"taxonomy":"product_brand","embeddable":true,"href":"https:\/\/tonymora.com\/de\/wp-json\/wp\/v2\/product_brand?post=33112"},{"taxonomy":"product_cat","embeddable":true,"href":"https:\/\/tonymora.com\/de\/wp-json\/wp\/v2\/product_cat?post=33112"},{"taxonomy":"product_tag","embeddable":true,"href":"https:\/\/tonymora.com\/de\/wp-json\/wp\/v2\/product_tag?post=33112"}],"curies":[{"name":"wp","href":"https:\/\/api.w.org\/{rel}","templated":true}]}}