{"id":36605,"date":"2019-07-24T13:44:46","date_gmt":"2019-07-24T11:44:46","guid":{"rendered":"https:\/\/tonymora.com\/product\/__1570-m-mon-pull-oil-marron\/"},"modified":"2026-01-14T17:16:58","modified_gmt":"2026-01-14T16:16:58","slug":"1354-mt-mt-pull-oil-braun","status":"publish","type":"product","link":"https:\/\/tonymora.com\/de\/produkt\/1354-mt-mt-pull-oil-braun\/","title":{"rendered":"1354 MT MT PULL OIL BRAUN"},"content":{"rendered":"<p>Diese <b>Biker-Stiefel f\u00fcr Herren<\/b> sind die perfekten Begleiter f\u00fcr jedes Gel\u00e4nde und vereinen urbanen Stil mit h\u00f6chster Sicherheit. Hergestellt aus <b>100 % Kalbsleder<\/b> mit gefettetem Finish, bieten sie h\u00f6chste Widerstandsf\u00e4higkeit im Alltag.<\/p>\n<p>Das Design umfasst einen <b>mittelhohen, weiten Schaft<\/b> und <b>zwei verstellbare Schnallen<\/b> f\u00fcr eine optimale, individuelle Passform. Die <b>extra starke Gummisohle<\/b> ist absolut <b>\u00f6lbest\u00e4ndig<\/b> und garantiert sicheren Halt auf jedem Untergrund.<\/p>\n","protected":false},"excerpt":{"rendered":"<p>Charakter und Eleganz in perfekter Balance.<br \/>\nDer letzte Schliff, der Schlichtheit in etwas Unvergessliches verwandelt.<\/p>\n","protected":false},"featured_media":59988,"template":"","meta":{"_mbp_gutenberg_autopost":false},"product_brand":[771,773,775,777,779,781,783,785],"product_cat":[215,214,1147,1126],"product_tag":[],"class_list":{"0":"post-36605","1":"product","2":"type-product","3":"status-publish","4":"has-post-thumbnail","6":"product_brand-talla-hombre-40","7":"product_brand-talla-hombre-41","8":"product_brand-talla-hombre-42","9":"product_brand-talla-hombre-43","10":"product_brand-talla-hombre-44","11":"product_brand-talla-hombre-45","12":"product_brand-talla-hombre-46","13":"product_brand-talla-hombre-47","14":"product_cat-bikerstiefel-herren","15":"product_cat-herren","16":"product_cat-lederstiefel-herren","17":"product_cat-rabatte-herrenstiefel","19":"first","20":"instock","21":"taxable","22":"shipping-taxable","23":"purchasable","24":"product-type-variable"},"supplier_id":null,"supplier_sku":"","barcode":null,"atum_controlled":true,"out_stock_date":null,"out_stock_threshold":null,"inheritable":true,"inbound_stock":null,"stock_on_hold":0,"sold_today":0,"sales_last_days":0,"reserved_stock":null,"customer_returns":null,"warehouse_damage":null,"lost_in_post":null,"other_logs":null,"out_stock_days":0,"lost_sales":0,"has_location":false,"update_date":"2026-01-14T15:09:00","atum_locations":[],"atum_stock_status":"instock","restock_status":false,"low_stock_amount":"","sales_update_date":"2025-11-14T05:30:04","calc_backorders":null,"yoast_head":"<!-- This site is optimized with the Yoast SEO plugin v27.2 - https:\/\/yoast.com\/product\/yoast-seo-wordpress\/ -->\n<title>Herren Biker-Lederstiefel | Braun Gefettet | Tony Mora<\/title>\n<meta name=\"description\" content=\"Entdecken Sie Biker-Stiefel f\u00fcr Herren aus 100 % Kalbsleder. \u00d6lbest\u00e4ndige Sohle, verstellbare Schnallen und handgefertigtes Design. Gratis Versand!\" \/>\n<meta name=\"robots\" content=\"index, follow, max-snippet:-1, max-image-preview:large, max-video-preview:-1\" \/>\n<link rel=\"canonical\" href=\"https:\/\/tonymora.com\/de\/produkt\/1354-mt-mt-pull-oil-braun\/\" \/>\n<meta property=\"og:locale\" content=\"de_DE\" \/>\n<meta property=\"og:type\" content=\"article\" \/>\n<meta property=\"og:title\" content=\"Herren Biker-Lederstiefel | Braun Gefettet | Tony Mora\" \/>\n<meta property=\"og:description\" content=\"Entdecken Sie Biker-Stiefel f\u00fcr Herren aus 100 % Kalbsleder. \u00d6lbest\u00e4ndige Sohle, verstellbare Schnallen und handgefertigtes Design. Gratis Versand!\" \/>\n<meta property=\"og:url\" content=\"https:\/\/tonymora.com\/de\/produkt\/1354-mt-mt-pull-oil-braun\/\" \/>\n<meta property=\"og:site_name\" content=\"Tony Mora\u00ae Boots Official Store\" \/>\n<meta property=\"article:publisher\" content=\"https:\/\/www.facebook.com\/Tonymoraofficial\/\" \/>\n<meta property=\"article:modified_time\" content=\"2026-01-14T16:16:58+00:00\" \/>\n<meta property=\"og:image\" content=\"https:\/\/tonymora.com\/wp-content\/uploads\/2019\/07\/2-76.jpg\" \/>\n\t<meta property=\"og:image:width\" content=\"897\" \/>\n\t<meta property=\"og:image:height\" content=\"881\" \/>\n\t<meta property=\"og:image:type\" content=\"image\/jpeg\" \/>\n<meta name=\"twitter:card\" content=\"summary_large_image\" \/>\n<meta name=\"twitter:label1\" content=\"Gesch\u00e4tzte Lesezeit\" \/>\n\t<meta name=\"twitter:data1\" content=\"1\u00a0Minute\" \/>\n<script type=\"application\/ld+json\" class=\"yoast-schema-graph\">{\"@context\":\"https:\/\/schema.org\",\"@graph\":[{\"@type\":\"WebPage\",\"@id\":\"https:\/\/tonymora.com\/de\/produkt\/1354-mt-mt-pull-oil-braun\/\",\"url\":\"https:\/\/tonymora.com\/de\/produkt\/1354-mt-mt-pull-oil-braun\/\",\"name\":\"Herren Biker-Lederstiefel | Braun Gefettet | Tony Mora\",\"isPartOf\":{\"@id\":\"https:\/\/tonymora.com\/de\/#website\"},\"primaryImageOfPage\":{\"@id\":\"https:\/\/tonymora.com\/de\/produkt\/1354-mt-mt-pull-oil-braun\/#primaryimage\"},\"image\":{\"@id\":\"https:\/\/tonymora.com\/de\/produkt\/1354-mt-mt-pull-oil-braun\/#primaryimage\"},\"thumbnailUrl\":\"https:\/\/tonymora.com\/wp-content\/uploads\/2019\/07\/2-76.jpg\",\"datePublished\":\"2019-07-24T11:44:46+00:00\",\"dateModified\":\"2026-01-14T16:16:58+00:00\",\"description\":\"Entdecken Sie Biker-Stiefel f\u00fcr Herren aus 100 % Kalbsleder. \u00d6lbest\u00e4ndige Sohle, verstellbare Schnallen und handgefertigtes Design. Gratis Versand!\",\"breadcrumb\":{\"@id\":\"https:\/\/tonymora.com\/de\/produkt\/1354-mt-mt-pull-oil-braun\/#breadcrumb\"},\"inLanguage\":\"de\",\"potentialAction\":[{\"@type\":\"ReadAction\",\"target\":[\"https:\/\/tonymora.com\/de\/produkt\/1354-mt-mt-pull-oil-braun\/\"]}]},{\"@type\":\"ImageObject\",\"inLanguage\":\"de\",\"@id\":\"https:\/\/tonymora.com\/de\/produkt\/1354-mt-mt-pull-oil-braun\/#primaryimage\",\"url\":\"https:\/\/tonymora.com\/wp-content\/uploads\/2019\/07\/2-76.jpg\",\"contentUrl\":\"https:\/\/tonymora.com\/wp-content\/uploads\/2019\/07\/2-76.jpg\",\"width\":897,\"height\":881},{\"@type\":\"BreadcrumbList\",\"@id\":\"https:\/\/tonymora.com\/de\/produkt\/1354-mt-mt-pull-oil-braun\/#breadcrumb\",\"itemListElement\":[{\"@type\":\"ListItem\",\"position\":1,\"name\":\"Portada\",\"item\":\"https:\/\/tonymora.com\/de\/\"},{\"@type\":\"ListItem\",\"position\":2,\"name\":\"Shop\",\"item\":\"https:\/\/tonymora.com\/de\/shop\/\"},{\"@type\":\"ListItem\",\"position\":3,\"name\":\"Herren\",\"item\":\"https:\/\/tonymora.com\/de\/produkt-kategorie\/herren\/\"},{\"@type\":\"ListItem\",\"position\":4,\"name\":\"1354 MT MT PULL OIL BRAUN\"}]},{\"@type\":\"WebSite\",\"@id\":\"https:\/\/tonymora.com\/de\/#website\",\"url\":\"https:\/\/tonymora.com\/de\/\",\"name\":\"Tony Mora\u00ae Boots Official Store\",\"description\":\"Cowboy Boots\",\"publisher\":{\"@id\":\"https:\/\/tonymora.com\/de\/#organization\"},\"potentialAction\":[{\"@type\":\"SearchAction\",\"target\":{\"@type\":\"EntryPoint\",\"urlTemplate\":\"https:\/\/tonymora.com\/de\/?s={search_term_string}\"},\"query-input\":{\"@type\":\"PropertyValueSpecification\",\"valueRequired\":true,\"valueName\":\"search_term_string\"}}],\"inLanguage\":\"de\"},{\"@type\":\"Organization\",\"@id\":\"https:\/\/tonymora.com\/de\/#organization\",\"name\":\"Tony Mora Boots\",\"url\":\"https:\/\/tonymora.com\/de\/\",\"logo\":{\"@type\":\"ImageObject\",\"inLanguage\":\"de\",\"@id\":\"https:\/\/tonymora.com\/de\/#\/schema\/logo\/image\/\",\"url\":\"https:\/\/tonymora.com\/wp-content\/uploads\/2023\/12\/LOGO.jpg\",\"contentUrl\":\"https:\/\/tonymora.com\/wp-content\/uploads\/2023\/12\/LOGO.jpg\",\"width\":2272,\"height\":1411,\"caption\":\"Tony Mora Boots\"},\"image\":{\"@id\":\"https:\/\/tonymora.com\/de\/#\/schema\/logo\/image\/\"},\"sameAs\":[\"https:\/\/www.facebook.com\/Tonymoraofficial\/\",\"https:\/\/www.instagram.com\/tonymoraofficial\/?hl=es\"]}]}<\/script>\n<!-- \/ Yoast SEO plugin. -->","yoast_head_json":{"title":"Herren Biker-Lederstiefel | Braun Gefettet | Tony Mora","description":"Entdecken Sie Biker-Stiefel f\u00fcr Herren aus 100 % Kalbsleder. \u00d6lbest\u00e4ndige Sohle, verstellbare Schnallen und handgefertigtes Design. Gratis Versand!","robots":{"index":"index","follow":"follow","max-snippet":"max-snippet:-1","max-image-preview":"max-image-preview:large","max-video-preview":"max-video-preview:-1"},"canonical":"https:\/\/tonymora.com\/de\/produkt\/1354-mt-mt-pull-oil-braun\/","og_locale":"de_DE","og_type":"article","og_title":"Herren Biker-Lederstiefel | Braun Gefettet | Tony Mora","og_description":"Entdecken Sie Biker-Stiefel f\u00fcr Herren aus 100 % Kalbsleder. \u00d6lbest\u00e4ndige Sohle, verstellbare Schnallen und handgefertigtes Design. Gratis Versand!","og_url":"https:\/\/tonymora.com\/de\/produkt\/1354-mt-mt-pull-oil-braun\/","og_site_name":"Tony Mora\u00ae Boots Official Store","article_publisher":"https:\/\/www.facebook.com\/Tonymoraofficial\/","article_modified_time":"2026-01-14T16:16:58+00:00","og_image":[{"width":897,"height":881,"url":"https:\/\/tonymora.com\/wp-content\/uploads\/2019\/07\/2-76.jpg","type":"image\/jpeg"}],"twitter_card":"summary_large_image","twitter_misc":{"Gesch\u00e4tzte Lesezeit":"1\u00a0Minute"},"schema":{"@context":"https:\/\/schema.org","@graph":[{"@type":"WebPage","@id":"https:\/\/tonymora.com\/de\/produkt\/1354-mt-mt-pull-oil-braun\/","url":"https:\/\/tonymora.com\/de\/produkt\/1354-mt-mt-pull-oil-braun\/","name":"Herren Biker-Lederstiefel | Braun Gefettet | Tony Mora","isPartOf":{"@id":"https:\/\/tonymora.com\/de\/#website"},"primaryImageOfPage":{"@id":"https:\/\/tonymora.com\/de\/produkt\/1354-mt-mt-pull-oil-braun\/#primaryimage"},"image":{"@id":"https:\/\/tonymora.com\/de\/produkt\/1354-mt-mt-pull-oil-braun\/#primaryimage"},"thumbnailUrl":"https:\/\/tonymora.com\/wp-content\/uploads\/2019\/07\/2-76.jpg","datePublished":"2019-07-24T11:44:46+00:00","dateModified":"2026-01-14T16:16:58+00:00","description":"Entdecken Sie Biker-Stiefel f\u00fcr Herren aus 100 % Kalbsleder. \u00d6lbest\u00e4ndige Sohle, verstellbare Schnallen und handgefertigtes Design. Gratis Versand!","breadcrumb":{"@id":"https:\/\/tonymora.com\/de\/produkt\/1354-mt-mt-pull-oil-braun\/#breadcrumb"},"inLanguage":"de","potentialAction":[{"@type":"ReadAction","target":["https:\/\/tonymora.com\/de\/produkt\/1354-mt-mt-pull-oil-braun\/"]}]},{"@type":"ImageObject","inLanguage":"de","@id":"https:\/\/tonymora.com\/de\/produkt\/1354-mt-mt-pull-oil-braun\/#primaryimage","url":"https:\/\/tonymora.com\/wp-content\/uploads\/2019\/07\/2-76.jpg","contentUrl":"https:\/\/tonymora.com\/wp-content\/uploads\/2019\/07\/2-76.jpg","width":897,"height":881},{"@type":"BreadcrumbList","@id":"https:\/\/tonymora.com\/de\/produkt\/1354-mt-mt-pull-oil-braun\/#breadcrumb","itemListElement":[{"@type":"ListItem","position":1,"name":"Portada","item":"https:\/\/tonymora.com\/de\/"},{"@type":"ListItem","position":2,"name":"Shop","item":"https:\/\/tonymora.com\/de\/shop\/"},{"@type":"ListItem","position":3,"name":"Herren","item":"https:\/\/tonymora.com\/de\/produkt-kategorie\/herren\/"},{"@type":"ListItem","position":4,"name":"1354 MT MT PULL OIL BRAUN"}]},{"@type":"WebSite","@id":"https:\/\/tonymora.com\/de\/#website","url":"https:\/\/tonymora.com\/de\/","name":"Tony Mora\u00ae Boots Official Store","description":"Cowboy Boots","publisher":{"@id":"https:\/\/tonymora.com\/de\/#organization"},"potentialAction":[{"@type":"SearchAction","target":{"@type":"EntryPoint","urlTemplate":"https:\/\/tonymora.com\/de\/?s={search_term_string}"},"query-input":{"@type":"PropertyValueSpecification","valueRequired":true,"valueName":"search_term_string"}}],"inLanguage":"de"},{"@type":"Organization","@id":"https:\/\/tonymora.com\/de\/#organization","name":"Tony Mora Boots","url":"https:\/\/tonymora.com\/de\/","logo":{"@type":"ImageObject","inLanguage":"de","@id":"https:\/\/tonymora.com\/de\/#\/schema\/logo\/image\/","url":"https:\/\/tonymora.com\/wp-content\/uploads\/2023\/12\/LOGO.jpg","contentUrl":"https:\/\/tonymora.com\/wp-content\/uploads\/2023\/12\/LOGO.jpg","width":2272,"height":1411,"caption":"Tony Mora Boots"},"image":{"@id":"https:\/\/tonymora.com\/de\/#\/schema\/logo\/image\/"},"sameAs":["https:\/\/www.facebook.com\/Tonymoraofficial\/","https:\/\/www.instagram.com\/tonymoraofficial\/?hl=es"]}]}},"_links":{"self":[{"href":"https:\/\/tonymora.com\/de\/wp-json\/wp\/v2\/product\/36605","targetHints":{"allow":["GET"]}}],"collection":[{"href":"https:\/\/tonymora.com\/de\/wp-json\/wp\/v2\/product"}],"about":[{"href":"https:\/\/tonymora.com\/de\/wp-json\/wp\/v2\/types\/product"}],"wp:featuredmedia":[{"embeddable":true,"href":"https:\/\/tonymora.com\/de\/wp-json\/wp\/v2\/media\/59988"}],"wp:attachment":[{"href":"https:\/\/tonymora.com\/de\/wp-json\/wp\/v2\/media?parent=36605"}],"wp:term":[{"taxonomy":"product_brand","embeddable":true,"href":"https:\/\/tonymora.com\/de\/wp-json\/wp\/v2\/product_brand?post=36605"},{"taxonomy":"product_cat","embeddable":true,"href":"https:\/\/tonymora.com\/de\/wp-json\/wp\/v2\/product_cat?post=36605"},{"taxonomy":"product_tag","embeddable":true,"href":"https:\/\/tonymora.com\/de\/wp-json\/wp\/v2\/product_tag?post=36605"}],"curies":[{"name":"wp","href":"https:\/\/api.w.org\/{rel}","templated":true}]}}