{"id":37400,"date":"2019-07-19T16:34:25","date_gmt":"2019-07-19T14:34:25","guid":{"rendered":"https:\/\/tonymora.com\/product\/__3389-nm-schwarz-walk-connoly\/"},"modified":"2026-03-02T15:09:48","modified_gmt":"2026-03-02T14:09:48","slug":"3389-nm-paseo-klub-schwarz","status":"publish","type":"product","link":"https:\/\/tonymora.com\/de\/produkt\/3389-nm-paseo-klub-schwarz\/","title":{"rendered":"3389 NM PASEO KLUB SCHWARZ"},"content":{"rendered":"<p class=\"p1\" style=\"text-align: left;>Man sagt, dass Klassiker nie aus der Mode kommen &#8211; und das stimmt auch! Denn dieses Modell ist nach wie vor ein wichtiger Begleiter sowohl f\u00fcr unsere neuesten als auch unsere erfahrensten Kunden in der Tony Mora Familie. Sie sind komplett aus schwarzem Leder gefertigt und haben einen sanften Glanz. Sie sind dazu gemacht, um sie bei einem Ausflug oder einem Vorstellungsgespr\u00e4ch zu tragen. Eine Farbe, die Sie zu allem kombinieren k\u00f6nnen, wie es Ihnen gef\u00e4llt.<\/p>\n","protected":false},"excerpt":{"rendered":"<p>Zeitlose Eleganz mit unverwechselbarem Charakter. Ein ausdrucksstarkes Detail, das Eleganz verleiht. Entworfen f\u00fcr besondere Momente, nicht f\u00fcr Trends.<\/p>\n","protected":false},"featured_media":714300,"template":"","meta":{"_mbp_gutenberg_autopost":false},"product_brand":[],"product_cat":[1174,216,214],"product_tag":[],"class_list":{"0":"post-37400","1":"product","2":"type-product","3":"status-publish","4":"has-post-thumbnail","6":"product_cat-black-friday-de","7":"product_cat-casualstiefel-herren","8":"product_cat-herren","10":"first","11":"instock","12":"taxable","13":"shipping-taxable","14":"purchasable","15":"product-type-variable"},"supplier_id":null,"supplier_sku":"","barcode":null,"atum_controlled":true,"out_stock_date":null,"out_stock_threshold":null,"inheritable":true,"inbound_stock":null,"stock_on_hold":5,"sold_today":4,"sales_last_days":4,"reserved_stock":null,"customer_returns":null,"warehouse_damage":null,"lost_in_post":null,"other_logs":null,"out_stock_days":0,"lost_sales":0,"has_location":false,"update_date":"2026-03-26T11:44:53","atum_locations":[],"atum_stock_status":"instock","restock_status":false,"low_stock_amount":"","sales_update_date":"2024-07-08T13:15:23","calc_backorders":null,"yoast_head":"<!-- This site is optimized with the Yoast SEO plugin v27.2 - https:\/\/yoast.com\/product\/yoast-seo-wordpress\/ -->\n<title>Schwarze Cowboystiefel aus Leder f\u00fcr Herren | Eleganz und Authentizit\u00e4t<\/title>\n<meta name=\"description\" content=\"Schwarze Cowboystiefel aus Leder f\u00fcr Herren. Klassisches Design mit spitzer Zehenpartie und kubanischem Absatz. Perfekt f\u00fcr einen anspruchsvollen und zeitlosen Look. Hol sie dir jetzt!\" \/>\n<meta name=\"robots\" content=\"index, follow, max-snippet:-1, max-image-preview:large, max-video-preview:-1\" \/>\n<link rel=\"canonical\" href=\"https:\/\/tonymora.com\/de\/produkt\/3389-nm-paseo-klub-schwarz\/\" \/>\n<meta property=\"og:locale\" content=\"de_DE\" \/>\n<meta property=\"og:type\" content=\"article\" \/>\n<meta property=\"og:title\" content=\"Schwarze Cowboystiefel aus Leder f\u00fcr Herren | Eleganz und Authentizit\u00e4t\" \/>\n<meta property=\"og:description\" content=\"Schwarze Cowboystiefel aus Leder f\u00fcr Herren. Klassisches Design mit spitzer Zehenpartie und kubanischem Absatz. Perfekt f\u00fcr einen anspruchsvollen und zeitlosen Look. Hol sie dir jetzt!\" \/>\n<meta property=\"og:url\" content=\"https:\/\/tonymora.com\/de\/produkt\/3389-nm-paseo-klub-schwarz\/\" \/>\n<meta property=\"og:site_name\" content=\"Tony Mora\u00ae Boots Official Store\" \/>\n<meta property=\"article:publisher\" content=\"https:\/\/www.facebook.com\/Tonymoraofficial\/\" \/>\n<meta property=\"article:modified_time\" content=\"2026-03-02T14:09:48+00:00\" \/>\n<meta property=\"og:image\" content=\"https:\/\/tonymora.com\/wp-content\/uploads\/2023\/11\/24.jpg\" \/>\n\t<meta property=\"og:image:width\" content=\"866\" \/>\n\t<meta property=\"og:image:height\" content=\"1032\" \/>\n\t<meta property=\"og:image:type\" content=\"image\/jpeg\" \/>\n<meta name=\"twitter:card\" content=\"summary_large_image\" \/>\n<meta name=\"twitter:label1\" content=\"Gesch\u00e4tzte Lesezeit\" \/>\n\t<meta name=\"twitter:data1\" content=\"1\u00a0Minute\" \/>\n<script type=\"application\/ld+json\" class=\"yoast-schema-graph\">{\"@context\":\"https:\/\/schema.org\",\"@graph\":[{\"@type\":\"WebPage\",\"@id\":\"https:\/\/tonymora.com\/de\/produkt\/3389-nm-paseo-klub-schwarz\/\",\"url\":\"https:\/\/tonymora.com\/de\/produkt\/3389-nm-paseo-klub-schwarz\/\",\"name\":\"Schwarze Cowboystiefel aus Leder f\u00fcr Herren | Eleganz und Authentizit\u00e4t\",\"isPartOf\":{\"@id\":\"https:\/\/tonymora.com\/de\/#website\"},\"primaryImageOfPage\":{\"@id\":\"https:\/\/tonymora.com\/de\/produkt\/3389-nm-paseo-klub-schwarz\/#primaryimage\"},\"image\":{\"@id\":\"https:\/\/tonymora.com\/de\/produkt\/3389-nm-paseo-klub-schwarz\/#primaryimage\"},\"thumbnailUrl\":\"https:\/\/tonymora.com\/wp-content\/uploads\/2023\/11\/24.jpg\",\"datePublished\":\"2019-07-19T14:34:25+00:00\",\"dateModified\":\"2026-03-02T14:09:48+00:00\",\"description\":\"Schwarze Cowboystiefel aus Leder f\u00fcr Herren. Klassisches Design mit spitzer Zehenpartie und kubanischem Absatz. Perfekt f\u00fcr einen anspruchsvollen und zeitlosen Look. Hol sie dir jetzt!\",\"breadcrumb\":{\"@id\":\"https:\/\/tonymora.com\/de\/produkt\/3389-nm-paseo-klub-schwarz\/#breadcrumb\"},\"inLanguage\":\"de\",\"potentialAction\":[{\"@type\":\"ReadAction\",\"target\":[\"https:\/\/tonymora.com\/de\/produkt\/3389-nm-paseo-klub-schwarz\/\"]}]},{\"@type\":\"ImageObject\",\"inLanguage\":\"de\",\"@id\":\"https:\/\/tonymora.com\/de\/produkt\/3389-nm-paseo-klub-schwarz\/#primaryimage\",\"url\":\"https:\/\/tonymora.com\/wp-content\/uploads\/2023\/11\/24.jpg\",\"contentUrl\":\"https:\/\/tonymora.com\/wp-content\/uploads\/2023\/11\/24.jpg\",\"width\":866,\"height\":1032},{\"@type\":\"BreadcrumbList\",\"@id\":\"https:\/\/tonymora.com\/de\/produkt\/3389-nm-paseo-klub-schwarz\/#breadcrumb\",\"itemListElement\":[{\"@type\":\"ListItem\",\"position\":1,\"name\":\"Portada\",\"item\":\"https:\/\/tonymora.com\/de\/\"},{\"@type\":\"ListItem\",\"position\":2,\"name\":\"Shop\",\"item\":\"https:\/\/tonymora.com\/de\/shop\/\"},{\"@type\":\"ListItem\",\"position\":3,\"name\":\"Herren\",\"item\":\"https:\/\/tonymora.com\/de\/produkt-kategorie\/herren\/\"},{\"@type\":\"ListItem\",\"position\":4,\"name\":\"3389 NM PASEO KLUB SCHWARZ\"}]},{\"@type\":\"WebSite\",\"@id\":\"https:\/\/tonymora.com\/de\/#website\",\"url\":\"https:\/\/tonymora.com\/de\/\",\"name\":\"Tony Mora\u00ae Boots Official Store\",\"description\":\"Cowboy Boots\",\"publisher\":{\"@id\":\"https:\/\/tonymora.com\/de\/#organization\"},\"potentialAction\":[{\"@type\":\"SearchAction\",\"target\":{\"@type\":\"EntryPoint\",\"urlTemplate\":\"https:\/\/tonymora.com\/de\/?s={search_term_string}\"},\"query-input\":{\"@type\":\"PropertyValueSpecification\",\"valueRequired\":true,\"valueName\":\"search_term_string\"}}],\"inLanguage\":\"de\"},{\"@type\":\"Organization\",\"@id\":\"https:\/\/tonymora.com\/de\/#organization\",\"name\":\"Tony Mora Boots\",\"url\":\"https:\/\/tonymora.com\/de\/\",\"logo\":{\"@type\":\"ImageObject\",\"inLanguage\":\"de\",\"@id\":\"https:\/\/tonymora.com\/de\/#\/schema\/logo\/image\/\",\"url\":\"https:\/\/tonymora.com\/wp-content\/uploads\/2023\/12\/LOGO.jpg\",\"contentUrl\":\"https:\/\/tonymora.com\/wp-content\/uploads\/2023\/12\/LOGO.jpg\",\"width\":2272,\"height\":1411,\"caption\":\"Tony Mora Boots\"},\"image\":{\"@id\":\"https:\/\/tonymora.com\/de\/#\/schema\/logo\/image\/\"},\"sameAs\":[\"https:\/\/www.facebook.com\/Tonymoraofficial\/\",\"https:\/\/www.instagram.com\/tonymoraofficial\/?hl=es\"]}]}<\/script>\n<!-- \/ Yoast SEO plugin. -->","yoast_head_json":{"title":"Schwarze Cowboystiefel aus Leder f\u00fcr Herren | Eleganz und Authentizit\u00e4t","description":"Schwarze Cowboystiefel aus Leder f\u00fcr Herren. Klassisches Design mit spitzer Zehenpartie und kubanischem Absatz. Perfekt f\u00fcr einen anspruchsvollen und zeitlosen Look. Hol sie dir jetzt!","robots":{"index":"index","follow":"follow","max-snippet":"max-snippet:-1","max-image-preview":"max-image-preview:large","max-video-preview":"max-video-preview:-1"},"canonical":"https:\/\/tonymora.com\/de\/produkt\/3389-nm-paseo-klub-schwarz\/","og_locale":"de_DE","og_type":"article","og_title":"Schwarze Cowboystiefel aus Leder f\u00fcr Herren | Eleganz und Authentizit\u00e4t","og_description":"Schwarze Cowboystiefel aus Leder f\u00fcr Herren. Klassisches Design mit spitzer Zehenpartie und kubanischem Absatz. Perfekt f\u00fcr einen anspruchsvollen und zeitlosen Look. Hol sie dir jetzt!","og_url":"https:\/\/tonymora.com\/de\/produkt\/3389-nm-paseo-klub-schwarz\/","og_site_name":"Tony Mora\u00ae Boots Official Store","article_publisher":"https:\/\/www.facebook.com\/Tonymoraofficial\/","article_modified_time":"2026-03-02T14:09:48+00:00","og_image":[{"width":866,"height":1032,"url":"https:\/\/tonymora.com\/wp-content\/uploads\/2023\/11\/24.jpg","type":"image\/jpeg"}],"twitter_card":"summary_large_image","twitter_misc":{"Gesch\u00e4tzte Lesezeit":"1\u00a0Minute"},"schema":{"@context":"https:\/\/schema.org","@graph":[{"@type":"WebPage","@id":"https:\/\/tonymora.com\/de\/produkt\/3389-nm-paseo-klub-schwarz\/","url":"https:\/\/tonymora.com\/de\/produkt\/3389-nm-paseo-klub-schwarz\/","name":"Schwarze Cowboystiefel aus Leder f\u00fcr Herren | Eleganz und Authentizit\u00e4t","isPartOf":{"@id":"https:\/\/tonymora.com\/de\/#website"},"primaryImageOfPage":{"@id":"https:\/\/tonymora.com\/de\/produkt\/3389-nm-paseo-klub-schwarz\/#primaryimage"},"image":{"@id":"https:\/\/tonymora.com\/de\/produkt\/3389-nm-paseo-klub-schwarz\/#primaryimage"},"thumbnailUrl":"https:\/\/tonymora.com\/wp-content\/uploads\/2023\/11\/24.jpg","datePublished":"2019-07-19T14:34:25+00:00","dateModified":"2026-03-02T14:09:48+00:00","description":"Schwarze Cowboystiefel aus Leder f\u00fcr Herren. Klassisches Design mit spitzer Zehenpartie und kubanischem Absatz. Perfekt f\u00fcr einen anspruchsvollen und zeitlosen Look. Hol sie dir jetzt!","breadcrumb":{"@id":"https:\/\/tonymora.com\/de\/produkt\/3389-nm-paseo-klub-schwarz\/#breadcrumb"},"inLanguage":"de","potentialAction":[{"@type":"ReadAction","target":["https:\/\/tonymora.com\/de\/produkt\/3389-nm-paseo-klub-schwarz\/"]}]},{"@type":"ImageObject","inLanguage":"de","@id":"https:\/\/tonymora.com\/de\/produkt\/3389-nm-paseo-klub-schwarz\/#primaryimage","url":"https:\/\/tonymora.com\/wp-content\/uploads\/2023\/11\/24.jpg","contentUrl":"https:\/\/tonymora.com\/wp-content\/uploads\/2023\/11\/24.jpg","width":866,"height":1032},{"@type":"BreadcrumbList","@id":"https:\/\/tonymora.com\/de\/produkt\/3389-nm-paseo-klub-schwarz\/#breadcrumb","itemListElement":[{"@type":"ListItem","position":1,"name":"Portada","item":"https:\/\/tonymora.com\/de\/"},{"@type":"ListItem","position":2,"name":"Shop","item":"https:\/\/tonymora.com\/de\/shop\/"},{"@type":"ListItem","position":3,"name":"Herren","item":"https:\/\/tonymora.com\/de\/produkt-kategorie\/herren\/"},{"@type":"ListItem","position":4,"name":"3389 NM PASEO KLUB SCHWARZ"}]},{"@type":"WebSite","@id":"https:\/\/tonymora.com\/de\/#website","url":"https:\/\/tonymora.com\/de\/","name":"Tony Mora\u00ae Boots Official Store","description":"Cowboy Boots","publisher":{"@id":"https:\/\/tonymora.com\/de\/#organization"},"potentialAction":[{"@type":"SearchAction","target":{"@type":"EntryPoint","urlTemplate":"https:\/\/tonymora.com\/de\/?s={search_term_string}"},"query-input":{"@type":"PropertyValueSpecification","valueRequired":true,"valueName":"search_term_string"}}],"inLanguage":"de"},{"@type":"Organization","@id":"https:\/\/tonymora.com\/de\/#organization","name":"Tony Mora Boots","url":"https:\/\/tonymora.com\/de\/","logo":{"@type":"ImageObject","inLanguage":"de","@id":"https:\/\/tonymora.com\/de\/#\/schema\/logo\/image\/","url":"https:\/\/tonymora.com\/wp-content\/uploads\/2023\/12\/LOGO.jpg","contentUrl":"https:\/\/tonymora.com\/wp-content\/uploads\/2023\/12\/LOGO.jpg","width":2272,"height":1411,"caption":"Tony Mora Boots"},"image":{"@id":"https:\/\/tonymora.com\/de\/#\/schema\/logo\/image\/"},"sameAs":["https:\/\/www.facebook.com\/Tonymoraofficial\/","https:\/\/www.instagram.com\/tonymoraofficial\/?hl=es"]}]}},"_links":{"self":[{"href":"https:\/\/tonymora.com\/de\/wp-json\/wp\/v2\/product\/37400","targetHints":{"allow":["GET"]}}],"collection":[{"href":"https:\/\/tonymora.com\/de\/wp-json\/wp\/v2\/product"}],"about":[{"href":"https:\/\/tonymora.com\/de\/wp-json\/wp\/v2\/types\/product"}],"wp:featuredmedia":[{"embeddable":true,"href":"https:\/\/tonymora.com\/de\/wp-json\/wp\/v2\/media\/714300"}],"wp:attachment":[{"href":"https:\/\/tonymora.com\/de\/wp-json\/wp\/v2\/media?parent=37400"}],"wp:term":[{"taxonomy":"product_brand","embeddable":true,"href":"https:\/\/tonymora.com\/de\/wp-json\/wp\/v2\/product_brand?post=37400"},{"taxonomy":"product_cat","embeddable":true,"href":"https:\/\/tonymora.com\/de\/wp-json\/wp\/v2\/product_cat?post=37400"},{"taxonomy":"product_tag","embeddable":true,"href":"https:\/\/tonymora.com\/de\/wp-json\/wp\/v2\/product_tag?post=37400"}],"curies":[{"name":"wp","href":"https:\/\/api.w.org\/{rel}","templated":true}]}}