{"id":37422,"date":"2019-07-19T16:33:22","date_gmt":"2019-07-19T14:33:22","guid":{"rendered":"https:\/\/tonymora.com\/product\/__2331-houston-doug-aranjuez-brasilien\/"},"modified":"2026-05-11T19:34:51","modified_gmt":"2026-05-11T17:34:51","slug":"2331-houston-doug-aranjuez-brasil","status":"publish","type":"product","link":"https:\/\/tonymora.com\/de\/produkt\/2331-houston-doug-aranjuez-brasil\/","title":{"rendered":"2331 HOUSTON DOUG ARANJUEZ BRASILIEN"},"content":{"rendered":"<p style=\"text-align: left;>Ein Klassiker, der nie aus der Mode kommt, bequem und praktisch&#8230; der perfekte Bikerboot. Hergestellt aus 100% Naturleder bester Qualit\u00e4t, sieht der Schuh immer elegant aus, und verliert dennoch nicht den rebellischen Touch des Bikers. Die quadratische Spitze l\u00e4sst den n\u00f6tigen Freiraum, um die Stiefel erm\u00fcdungsfrei und bei jeder Gelegenheit zu tragen. Nehmen Sie sie immer mit!<\/p>\n","protected":false},"excerpt":{"rendered":"<p>Ein Konzept mit Herz, geschaffen, um Sie aufrichtig zu begleiten. Komfort und Stil in nat\u00fcrlicher Harmonie. Entworfen, um Momente zu erleben, nicht um Trends zu folgen.<\/p>\n","protected":false},"featured_media":674298,"template":"","meta":{"_mbp_gutenberg_autopost":false},"product_brand":[771,773,775,777,779,781,783,785],"product_cat":[215,216,214],"product_tag":[],"class_list":{"0":"post-37422","1":"product","2":"type-product","3":"status-publish","4":"has-post-thumbnail","6":"product_brand-talla-hombre-40","7":"product_brand-talla-hombre-41","8":"product_brand-talla-hombre-42","9":"product_brand-talla-hombre-43","10":"product_brand-talla-hombre-44","11":"product_brand-talla-hombre-45","12":"product_brand-talla-hombre-46","13":"product_brand-talla-hombre-47","14":"product_cat-bikerstiefel-herren","15":"product_cat-casualstiefel-herren","16":"product_cat-herren","18":"first","19":"outofstock","20":"taxable","21":"shipping-taxable","22":"purchasable","23":"product-type-variable"},"_links":{"self":[{"href":"https:\/\/tonymora.com\/de\/wp-json\/wp\/v2\/product\/37422","targetHints":{"allow":["GET"]}}],"collection":[{"href":"https:\/\/tonymora.com\/de\/wp-json\/wp\/v2\/product"}],"about":[{"href":"https:\/\/tonymora.com\/de\/wp-json\/wp\/v2\/types\/product"}],"wp:featuredmedia":[{"embeddable":true,"href":"https:\/\/tonymora.com\/de\/wp-json\/wp\/v2\/media\/674298"}],"wp:attachment":[{"href":"https:\/\/tonymora.com\/de\/wp-json\/wp\/v2\/media?parent=37422"}],"wp:term":[{"taxonomy":"product_brand","embeddable":true,"href":"https:\/\/tonymora.com\/de\/wp-json\/wp\/v2\/product_brand?post=37422"},{"taxonomy":"product_cat","embeddable":true,"href":"https:\/\/tonymora.com\/de\/wp-json\/wp\/v2\/product_cat?post=37422"},{"taxonomy":"product_tag","embeddable":true,"href":"https:\/\/tonymora.com\/de\/wp-json\/wp\/v2\/product_tag?post=37422"}],"curies":[{"name":"wp","href":"https:\/\/api.w.org\/{rel}","templated":true}]}}