{"id":38416,"date":"2018-08-23T10:54:22","date_gmt":"2018-08-23T08:54:22","guid":{"rendered":"https:\/\/tonymora.com\/product\/1570-m-mon-crazy-old-schwarz\/"},"modified":"2026-02-10T19:46:11","modified_gmt":"2026-02-10T18:46:11","slug":"1354-mt-mt-sprinter-engrasado-schwarz-2","status":"publish","type":"product","link":"https:\/\/tonymora.com\/de\/produkt\/1354-mt-mt-sprinter-engrasado-schwarz-2\/","title":{"rendered":"1354 MT MT SPRINTER ENGRASADO SCHWARZ"},"content":{"rendered":"<p style=\"text-align: left;\">Wenn die St\u00e4rke des Biker-Stils das ist, was Sie am meisten m\u00f6gen, dann warten diese Stiefel nur auf Sie. Seit 1960 stellen wir dieses Modell mit dem Goodyear-System her und jetzt haben wir es neu aufgelegt. Es gab viele Kopien auf dem Markt, aber bis heute hat niemand unser perfektes Duett von Stil und Eleganz erreicht, die wir Ihnen mit unserer Tony Mora-Garantie geben. Lassen Sie sie sich nicht entgehen!<\/p>\n","protected":false},"excerpt":{"rendered":"<p>Unaufdringliche Eleganz f\u00fcr Kenner. Klassischer Charakter mit modernem Flair.<br \/>\nEin Kleidungsst\u00fcck, das Ihre Pers\u00f6nlichkeit unterstreicht und Ihnen m\u00fchelos Exklusivit\u00e4t verleiht.<\/p>\n","protected":false},"featured_media":711681,"template":"","meta":{"_mbp_gutenberg_autopost":false},"product_brand":[757,759,761,763,765,767],"product_cat":[223,1174,167,1141,1135],"product_tag":[],"class_list":{"0":"post-38416","1":"product","2":"type-product","3":"status-publish","4":"has-post-thumbnail","6":"product_brand-talla-mujer-36","7":"product_brand-talla-mujer-37","8":"product_brand-talla-mujer-38","9":"product_brand-talla-mujer-39","10":"product_brand-talla-mujer-40","11":"product_brand-talla-mujer-41","12":"product_cat-bikerstiefel-damen","13":"product_cat-black-friday-de","14":"product_cat-damen","15":"product_cat-lederstiefel-damen","16":"product_cat-rabatte-damenstiefel","18":"first","19":"instock","20":"taxable","21":"shipping-taxable","22":"purchasable","23":"product-type-variable"},"supplier_id":null,"supplier_sku":"","barcode":null,"atum_controlled":true,"out_stock_date":null,"out_stock_threshold":null,"inheritable":true,"inbound_stock":null,"stock_on_hold":6,"sold_today":4,"sales_last_days":4,"reserved_stock":null,"customer_returns":null,"warehouse_damage":null,"lost_in_post":null,"other_logs":null,"out_stock_days":0,"lost_sales":0,"has_location":false,"update_date":"2026-03-26T10:25:24","atum_locations":[],"atum_stock_status":"instock","restock_status":false,"low_stock_amount":"","sales_update_date":"2025-11-14T05:30:06","calc_backorders":null,"yoast_head":"<!-- This site is optimized with the Yoast SEO plugin v27.2 - https:\/\/yoast.com\/product\/yoast-seo-wordpress\/ -->\n<title>Schwarze ge\u00f6lte Bikerstiefel mit Schnalle | Tony Mora<\/title>\n<meta name=\"description\" content=\"Schwarze gefettete Stiefel im Biker-Stil mit Schnalle und Goodyear-Rahmensystem. Handgefertigt, perfekt f\u00fcr einen urbanen und eleganten Look. Verpassen Sie es nicht!\" \/>\n<meta name=\"robots\" content=\"index, follow, max-snippet:-1, max-image-preview:large, max-video-preview:-1\" \/>\n<link rel=\"canonical\" href=\"https:\/\/tonymora.com\/de\/produkt\/1354-mt-mt-sprinter-engrasado-schwarz-2\/\" \/>\n<meta property=\"og:locale\" content=\"de_DE\" \/>\n<meta property=\"og:type\" content=\"article\" \/>\n<meta property=\"og:title\" content=\"Schwarze ge\u00f6lte Bikerstiefel mit Schnalle | Tony Mora\" \/>\n<meta property=\"og:description\" content=\"Schwarze gefettete Stiefel im Biker-Stil mit Schnalle und Goodyear-Rahmensystem. Handgefertigt, perfekt f\u00fcr einen urbanen und eleganten Look. Verpassen Sie es nicht!\" \/>\n<meta property=\"og:url\" content=\"https:\/\/tonymora.com\/de\/produkt\/1354-mt-mt-sprinter-engrasado-schwarz-2\/\" \/>\n<meta property=\"og:site_name\" content=\"Tony Mora\u00ae Boots Official Store\" \/>\n<meta property=\"article:publisher\" content=\"https:\/\/www.facebook.com\/Tonymoraofficial\/\" \/>\n<meta property=\"article:modified_time\" content=\"2026-02-10T18:46:11+00:00\" \/>\n<meta property=\"og:image\" content=\"https:\/\/tonymora.com\/wp-content\/uploads\/2018\/08\/03-1354-MT-MT-SPRINTER-ENGRASADO-BLACK.jpg\" \/>\n\t<meta property=\"og:image:width\" content=\"866\" \/>\n\t<meta property=\"og:image:height\" content=\"1032\" \/>\n\t<meta property=\"og:image:type\" content=\"image\/jpeg\" \/>\n<meta name=\"twitter:card\" content=\"summary_large_image\" \/>\n<script type=\"application\/ld+json\" class=\"yoast-schema-graph\">{\"@context\":\"https:\/\/schema.org\",\"@graph\":[{\"@type\":\"WebPage\",\"@id\":\"https:\/\/tonymora.com\/de\/produkt\/1354-mt-mt-sprinter-engrasado-schwarz-2\/\",\"url\":\"https:\/\/tonymora.com\/de\/produkt\/1354-mt-mt-sprinter-engrasado-schwarz-2\/\",\"name\":\"Schwarze ge\u00f6lte Bikerstiefel mit Schnalle | Tony Mora\",\"isPartOf\":{\"@id\":\"https:\/\/tonymora.com\/de\/#website\"},\"primaryImageOfPage\":{\"@id\":\"https:\/\/tonymora.com\/de\/produkt\/1354-mt-mt-sprinter-engrasado-schwarz-2\/#primaryimage\"},\"image\":{\"@id\":\"https:\/\/tonymora.com\/de\/produkt\/1354-mt-mt-sprinter-engrasado-schwarz-2\/#primaryimage\"},\"thumbnailUrl\":\"https:\/\/tonymora.com\/wp-content\/uploads\/2018\/08\/03-1354-MT-MT-SPRINTER-ENGRASADO-BLACK.jpg\",\"datePublished\":\"2018-08-23T08:54:22+00:00\",\"dateModified\":\"2026-02-10T18:46:11+00:00\",\"description\":\"Schwarze gefettete Stiefel im Biker-Stil mit Schnalle und Goodyear-Rahmensystem. Handgefertigt, perfekt f\u00fcr einen urbanen und eleganten Look. Verpassen Sie es nicht!\",\"breadcrumb\":{\"@id\":\"https:\/\/tonymora.com\/de\/produkt\/1354-mt-mt-sprinter-engrasado-schwarz-2\/#breadcrumb\"},\"inLanguage\":\"de\",\"potentialAction\":[{\"@type\":\"ReadAction\",\"target\":[\"https:\/\/tonymora.com\/de\/produkt\/1354-mt-mt-sprinter-engrasado-schwarz-2\/\"]}]},{\"@type\":\"ImageObject\",\"inLanguage\":\"de\",\"@id\":\"https:\/\/tonymora.com\/de\/produkt\/1354-mt-mt-sprinter-engrasado-schwarz-2\/#primaryimage\",\"url\":\"https:\/\/tonymora.com\/wp-content\/uploads\/2018\/08\/03-1354-MT-MT-SPRINTER-ENGRASADO-BLACK.jpg\",\"contentUrl\":\"https:\/\/tonymora.com\/wp-content\/uploads\/2018\/08\/03-1354-MT-MT-SPRINTER-ENGRASADO-BLACK.jpg\",\"width\":866,\"height\":1032,\"caption\":\"Botines Biker Engrasados Negros\"},{\"@type\":\"BreadcrumbList\",\"@id\":\"https:\/\/tonymora.com\/de\/produkt\/1354-mt-mt-sprinter-engrasado-schwarz-2\/#breadcrumb\",\"itemListElement\":[{\"@type\":\"ListItem\",\"position\":1,\"name\":\"Portada\",\"item\":\"https:\/\/tonymora.com\/de\/\"},{\"@type\":\"ListItem\",\"position\":2,\"name\":\"Shop\",\"item\":\"https:\/\/tonymora.com\/de\/shop\/\"},{\"@type\":\"ListItem\",\"position\":3,\"name\":\"Damen\",\"item\":\"https:\/\/tonymora.com\/de\/produkt-kategorie\/damen\/\"},{\"@type\":\"ListItem\",\"position\":4,\"name\":\"1354 MT MT SPRINTER ENGRASADO SCHWARZ\"}]},{\"@type\":\"WebSite\",\"@id\":\"https:\/\/tonymora.com\/de\/#website\",\"url\":\"https:\/\/tonymora.com\/de\/\",\"name\":\"Tony Mora\u00ae Boots Official Store\",\"description\":\"Cowboy Boots\",\"publisher\":{\"@id\":\"https:\/\/tonymora.com\/de\/#organization\"},\"potentialAction\":[{\"@type\":\"SearchAction\",\"target\":{\"@type\":\"EntryPoint\",\"urlTemplate\":\"https:\/\/tonymora.com\/de\/?s={search_term_string}\"},\"query-input\":{\"@type\":\"PropertyValueSpecification\",\"valueRequired\":true,\"valueName\":\"search_term_string\"}}],\"inLanguage\":\"de\"},{\"@type\":\"Organization\",\"@id\":\"https:\/\/tonymora.com\/de\/#organization\",\"name\":\"Tony Mora Boots\",\"url\":\"https:\/\/tonymora.com\/de\/\",\"logo\":{\"@type\":\"ImageObject\",\"inLanguage\":\"de\",\"@id\":\"https:\/\/tonymora.com\/de\/#\/schema\/logo\/image\/\",\"url\":\"https:\/\/tonymora.com\/wp-content\/uploads\/2023\/12\/LOGO.jpg\",\"contentUrl\":\"https:\/\/tonymora.com\/wp-content\/uploads\/2023\/12\/LOGO.jpg\",\"width\":2272,\"height\":1411,\"caption\":\"Tony Mora Boots\"},\"image\":{\"@id\":\"https:\/\/tonymora.com\/de\/#\/schema\/logo\/image\/\"},\"sameAs\":[\"https:\/\/www.facebook.com\/Tonymoraofficial\/\",\"https:\/\/www.instagram.com\/tonymoraofficial\/?hl=es\"]}]}<\/script>\n<!-- \/ Yoast SEO plugin. -->","yoast_head_json":{"title":"Schwarze ge\u00f6lte Bikerstiefel mit Schnalle | Tony Mora","description":"Schwarze gefettete Stiefel im Biker-Stil mit Schnalle und Goodyear-Rahmensystem. Handgefertigt, perfekt f\u00fcr einen urbanen und eleganten Look. Verpassen Sie es nicht!","robots":{"index":"index","follow":"follow","max-snippet":"max-snippet:-1","max-image-preview":"max-image-preview:large","max-video-preview":"max-video-preview:-1"},"canonical":"https:\/\/tonymora.com\/de\/produkt\/1354-mt-mt-sprinter-engrasado-schwarz-2\/","og_locale":"de_DE","og_type":"article","og_title":"Schwarze ge\u00f6lte Bikerstiefel mit Schnalle | Tony Mora","og_description":"Schwarze gefettete Stiefel im Biker-Stil mit Schnalle und Goodyear-Rahmensystem. Handgefertigt, perfekt f\u00fcr einen urbanen und eleganten Look. Verpassen Sie es nicht!","og_url":"https:\/\/tonymora.com\/de\/produkt\/1354-mt-mt-sprinter-engrasado-schwarz-2\/","og_site_name":"Tony Mora\u00ae Boots Official Store","article_publisher":"https:\/\/www.facebook.com\/Tonymoraofficial\/","article_modified_time":"2026-02-10T18:46:11+00:00","og_image":[{"width":866,"height":1032,"url":"https:\/\/tonymora.com\/wp-content\/uploads\/2018\/08\/03-1354-MT-MT-SPRINTER-ENGRASADO-BLACK.jpg","type":"image\/jpeg"}],"twitter_card":"summary_large_image","schema":{"@context":"https:\/\/schema.org","@graph":[{"@type":"WebPage","@id":"https:\/\/tonymora.com\/de\/produkt\/1354-mt-mt-sprinter-engrasado-schwarz-2\/","url":"https:\/\/tonymora.com\/de\/produkt\/1354-mt-mt-sprinter-engrasado-schwarz-2\/","name":"Schwarze ge\u00f6lte Bikerstiefel mit Schnalle | Tony Mora","isPartOf":{"@id":"https:\/\/tonymora.com\/de\/#website"},"primaryImageOfPage":{"@id":"https:\/\/tonymora.com\/de\/produkt\/1354-mt-mt-sprinter-engrasado-schwarz-2\/#primaryimage"},"image":{"@id":"https:\/\/tonymora.com\/de\/produkt\/1354-mt-mt-sprinter-engrasado-schwarz-2\/#primaryimage"},"thumbnailUrl":"https:\/\/tonymora.com\/wp-content\/uploads\/2018\/08\/03-1354-MT-MT-SPRINTER-ENGRASADO-BLACK.jpg","datePublished":"2018-08-23T08:54:22+00:00","dateModified":"2026-02-10T18:46:11+00:00","description":"Schwarze gefettete Stiefel im Biker-Stil mit Schnalle und Goodyear-Rahmensystem. Handgefertigt, perfekt f\u00fcr einen urbanen und eleganten Look. Verpassen Sie es nicht!","breadcrumb":{"@id":"https:\/\/tonymora.com\/de\/produkt\/1354-mt-mt-sprinter-engrasado-schwarz-2\/#breadcrumb"},"inLanguage":"de","potentialAction":[{"@type":"ReadAction","target":["https:\/\/tonymora.com\/de\/produkt\/1354-mt-mt-sprinter-engrasado-schwarz-2\/"]}]},{"@type":"ImageObject","inLanguage":"de","@id":"https:\/\/tonymora.com\/de\/produkt\/1354-mt-mt-sprinter-engrasado-schwarz-2\/#primaryimage","url":"https:\/\/tonymora.com\/wp-content\/uploads\/2018\/08\/03-1354-MT-MT-SPRINTER-ENGRASADO-BLACK.jpg","contentUrl":"https:\/\/tonymora.com\/wp-content\/uploads\/2018\/08\/03-1354-MT-MT-SPRINTER-ENGRASADO-BLACK.jpg","width":866,"height":1032,"caption":"Botines Biker Engrasados Negros"},{"@type":"BreadcrumbList","@id":"https:\/\/tonymora.com\/de\/produkt\/1354-mt-mt-sprinter-engrasado-schwarz-2\/#breadcrumb","itemListElement":[{"@type":"ListItem","position":1,"name":"Portada","item":"https:\/\/tonymora.com\/de\/"},{"@type":"ListItem","position":2,"name":"Shop","item":"https:\/\/tonymora.com\/de\/shop\/"},{"@type":"ListItem","position":3,"name":"Damen","item":"https:\/\/tonymora.com\/de\/produkt-kategorie\/damen\/"},{"@type":"ListItem","position":4,"name":"1354 MT MT SPRINTER ENGRASADO SCHWARZ"}]},{"@type":"WebSite","@id":"https:\/\/tonymora.com\/de\/#website","url":"https:\/\/tonymora.com\/de\/","name":"Tony Mora\u00ae Boots Official Store","description":"Cowboy Boots","publisher":{"@id":"https:\/\/tonymora.com\/de\/#organization"},"potentialAction":[{"@type":"SearchAction","target":{"@type":"EntryPoint","urlTemplate":"https:\/\/tonymora.com\/de\/?s={search_term_string}"},"query-input":{"@type":"PropertyValueSpecification","valueRequired":true,"valueName":"search_term_string"}}],"inLanguage":"de"},{"@type":"Organization","@id":"https:\/\/tonymora.com\/de\/#organization","name":"Tony Mora Boots","url":"https:\/\/tonymora.com\/de\/","logo":{"@type":"ImageObject","inLanguage":"de","@id":"https:\/\/tonymora.com\/de\/#\/schema\/logo\/image\/","url":"https:\/\/tonymora.com\/wp-content\/uploads\/2023\/12\/LOGO.jpg","contentUrl":"https:\/\/tonymora.com\/wp-content\/uploads\/2023\/12\/LOGO.jpg","width":2272,"height":1411,"caption":"Tony Mora Boots"},"image":{"@id":"https:\/\/tonymora.com\/de\/#\/schema\/logo\/image\/"},"sameAs":["https:\/\/www.facebook.com\/Tonymoraofficial\/","https:\/\/www.instagram.com\/tonymoraofficial\/?hl=es"]}]}},"_links":{"self":[{"href":"https:\/\/tonymora.com\/de\/wp-json\/wp\/v2\/product\/38416","targetHints":{"allow":["GET"]}}],"collection":[{"href":"https:\/\/tonymora.com\/de\/wp-json\/wp\/v2\/product"}],"about":[{"href":"https:\/\/tonymora.com\/de\/wp-json\/wp\/v2\/types\/product"}],"wp:featuredmedia":[{"embeddable":true,"href":"https:\/\/tonymora.com\/de\/wp-json\/wp\/v2\/media\/711681"}],"wp:attachment":[{"href":"https:\/\/tonymora.com\/de\/wp-json\/wp\/v2\/media?parent=38416"}],"wp:term":[{"taxonomy":"product_brand","embeddable":true,"href":"https:\/\/tonymora.com\/de\/wp-json\/wp\/v2\/product_brand?post=38416"},{"taxonomy":"product_cat","embeddable":true,"href":"https:\/\/tonymora.com\/de\/wp-json\/wp\/v2\/product_cat?post=38416"},{"taxonomy":"product_tag","embeddable":true,"href":"https:\/\/tonymora.com\/de\/wp-json\/wp\/v2\/product_tag?post=38416"}],"curies":[{"name":"wp","href":"https:\/\/api.w.org\/{rel}","templated":true}]}}