{"id":39000,"date":"2018-01-15T12:52:30","date_gmt":"2018-01-15T11:52:30","guid":{"rendered":"https:\/\/tonymora.com\/product\/__6934-richmond-m-17-schwarz-suede\/"},"modified":"2026-03-07T15:51:08","modified_gmt":"2026-03-07T14:51:08","slug":"6934-richmond-m-17-schwarz-suede","status":"publish","type":"product","link":"https:\/\/tonymora.com\/de\/produkt\/6934-richmond-m-17-schwarz-suede\/","title":{"rendered":"1213 890 20 AFELPADO NEGRO"},"content":{"rendered":"<p style=\"text-align: left;\">Ankle Boots mit Stil und Charakter. Diese Chelsea-Stiefel sind ein Synonym f\u00fcr Distinktion, ein klassisches Modell, das nie aus der Mode kommt und zu 100 % handgefertigt ist mit unserem Goodyear-System. Der praktische Gummizug erleichtert das Anziehen und verleiht ihnen einen modernen Touch. Die runde Spitze bietet den idealen Komfort, um stundenlang mit ihnen zu laufen. Sie wollen einen l\u00e4ssigen und exklusiven Look? Das sind Ihre Stiefel.<\/p>\n","protected":false},"excerpt":{"rendered":"<p>Nat\u00fcrliche Eleganz in einer Silhouette, die alle Blicke auf sich zieht. Eine ausdrucksstarke Silhouette, die Selbstbewusstsein ausstrahlt.<br \/>\nSo kleiden Sie sich authentisch und stilvoll.<\/p>\n","protected":false},"featured_media":718739,"template":"","meta":{"_mbp_gutenberg_autopost":false},"product_brand":[757,759,761,763,765,767],"product_cat":[1174,169,167,226,1141,1135],"product_tag":[],"class_list":{"0":"post-39000","1":"product","2":"type-product","3":"status-publish","4":"has-post-thumbnail","6":"product_brand-talla-mujer-36","7":"product_brand-talla-mujer-37","8":"product_brand-talla-mujer-38","9":"product_brand-talla-mujer-39","10":"product_brand-talla-mujer-40","11":"product_brand-talla-mujer-41","12":"product_cat-black-friday-de","13":"product_cat-casual-damenstiefel","14":"product_cat-damen","15":"product_cat-damen-stiefeletten","16":"product_cat-lederstiefel-damen","17":"product_cat-rabatte-damenstiefel","19":"first","20":"instock","21":"taxable","22":"shipping-taxable","23":"purchasable","24":"product-type-variable"},"supplier_id":null,"supplier_sku":"","barcode":null,"atum_controlled":true,"out_stock_date":null,"out_stock_threshold":null,"inheritable":true,"inbound_stock":0,"stock_on_hold":2,"sold_today":2,"sales_last_days":2,"reserved_stock":0,"customer_returns":0,"warehouse_damage":0,"lost_in_post":0,"other_logs":0,"out_stock_days":0,"lost_sales":0,"has_location":false,"update_date":"2026-03-19T14:56:23","atum_locations":[],"atum_stock_status":"instock","restock_status":false,"low_stock_amount":"","sales_update_date":"2026-03-12T14:13:19","calc_backorders":null,"yoast_head":"<!-- This site is optimized with the Yoast SEO plugin v27.2 - https:\/\/yoast.com\/product\/yoast-seo-wordpress\/ -->\n<title>Schwarze Chelsea-Stiefel aus Pl\u00fcschleder mit rotem Gummizug<\/title>\n<meta name=\"description\" content=\"Chelsea-Stiefel f\u00fcr Damen aus schwarzem Wildleder mit rotem Gummizug. L\u00e4ssiger und moderner Stil, handgefertigt mit Goodyear-Rahmensystem. Tony Mora.\" \/>\n<meta name=\"robots\" content=\"index, follow, max-snippet:-1, max-image-preview:large, max-video-preview:-1\" \/>\n<link rel=\"canonical\" href=\"https:\/\/tonymora.com\/de\/produkt\/6934-richmond-m-17-schwarz-suede\/\" \/>\n<meta property=\"og:locale\" content=\"de_DE\" \/>\n<meta property=\"og:type\" content=\"article\" \/>\n<meta property=\"og:title\" content=\"Schwarze Chelsea-Stiefel aus Pl\u00fcschleder mit rotem Gummizug\" \/>\n<meta property=\"og:description\" content=\"Chelsea-Stiefel f\u00fcr Damen aus schwarzem Wildleder mit rotem Gummizug. L\u00e4ssiger und moderner Stil, handgefertigt mit Goodyear-Rahmensystem. Tony Mora.\" \/>\n<meta property=\"og:url\" content=\"https:\/\/tonymora.com\/de\/produkt\/6934-richmond-m-17-schwarz-suede\/\" \/>\n<meta property=\"og:site_name\" content=\"Tony Mora\u00ae Boots Official Store\" \/>\n<meta property=\"article:publisher\" content=\"https:\/\/www.facebook.com\/Tonymoraofficial\/\" \/>\n<meta property=\"article:modified_time\" content=\"2026-03-07T14:51:08+00:00\" \/>\n<meta property=\"og:image\" content=\"https:\/\/tonymora.com\/wp-content\/uploads\/2018\/01\/TONY-MORA-FOTO-MODELOS-2-671x800.png\" \/>\n\t<meta property=\"og:image:width\" content=\"671\" \/>\n\t<meta property=\"og:image:height\" content=\"800\" \/>\n\t<meta property=\"og:image:type\" content=\"image\/png\" \/>\n<meta name=\"twitter:card\" content=\"summary_large_image\" \/>\n<script type=\"application\/ld+json\" class=\"yoast-schema-graph\">{\"@context\":\"https:\/\/schema.org\",\"@graph\":[{\"@type\":\"WebPage\",\"@id\":\"https:\/\/tonymora.com\/de\/produkt\/6934-richmond-m-17-schwarz-suede\/\",\"url\":\"https:\/\/tonymora.com\/de\/produkt\/6934-richmond-m-17-schwarz-suede\/\",\"name\":\"Schwarze Chelsea-Stiefel aus Pl\u00fcschleder mit rotem Gummizug\",\"isPartOf\":{\"@id\":\"https:\/\/tonymora.com\/de\/#website\"},\"primaryImageOfPage\":{\"@id\":\"https:\/\/tonymora.com\/de\/produkt\/6934-richmond-m-17-schwarz-suede\/#primaryimage\"},\"image\":{\"@id\":\"https:\/\/tonymora.com\/de\/produkt\/6934-richmond-m-17-schwarz-suede\/#primaryimage\"},\"thumbnailUrl\":\"https:\/\/tonymora.com\/wp-content\/uploads\/2018\/01\/TONY-MORA-FOTO-MODELOS-2.png\",\"datePublished\":\"2018-01-15T11:52:30+00:00\",\"dateModified\":\"2026-03-07T14:51:08+00:00\",\"description\":\"Chelsea-Stiefel f\u00fcr Damen aus schwarzem Wildleder mit rotem Gummizug. L\u00e4ssiger und moderner Stil, handgefertigt mit Goodyear-Rahmensystem. Tony Mora.\",\"breadcrumb\":{\"@id\":\"https:\/\/tonymora.com\/de\/produkt\/6934-richmond-m-17-schwarz-suede\/#breadcrumb\"},\"inLanguage\":\"de\",\"potentialAction\":[{\"@type\":\"ReadAction\",\"target\":[\"https:\/\/tonymora.com\/de\/produkt\/6934-richmond-m-17-schwarz-suede\/\"]}]},{\"@type\":\"ImageObject\",\"inLanguage\":\"de\",\"@id\":\"https:\/\/tonymora.com\/de\/produkt\/6934-richmond-m-17-schwarz-suede\/#primaryimage\",\"url\":\"https:\/\/tonymora.com\/wp-content\/uploads\/2018\/01\/TONY-MORA-FOTO-MODELOS-2.png\",\"contentUrl\":\"https:\/\/tonymora.com\/wp-content\/uploads\/2018\/01\/TONY-MORA-FOTO-MODELOS-2.png\",\"width\":1624,\"height\":1935,\"caption\":\"Botines Chelsea de piel\"},{\"@type\":\"BreadcrumbList\",\"@id\":\"https:\/\/tonymora.com\/de\/produkt\/6934-richmond-m-17-schwarz-suede\/#breadcrumb\",\"itemListElement\":[{\"@type\":\"ListItem\",\"position\":1,\"name\":\"Portada\",\"item\":\"https:\/\/tonymora.com\/de\/\"},{\"@type\":\"ListItem\",\"position\":2,\"name\":\"Shop\",\"item\":\"https:\/\/tonymora.com\/de\/shop\/\"},{\"@type\":\"ListItem\",\"position\":3,\"name\":\"Damen\",\"item\":\"https:\/\/tonymora.com\/de\/produkt-kategorie\/damen\/\"},{\"@type\":\"ListItem\",\"position\":4,\"name\":\"1213 890 20 AFELPADO NEGRO\"}]},{\"@type\":\"WebSite\",\"@id\":\"https:\/\/tonymora.com\/de\/#website\",\"url\":\"https:\/\/tonymora.com\/de\/\",\"name\":\"Tony Mora\u00ae Boots Official Store\",\"description\":\"Cowboy Boots\",\"publisher\":{\"@id\":\"https:\/\/tonymora.com\/de\/#organization\"},\"potentialAction\":[{\"@type\":\"SearchAction\",\"target\":{\"@type\":\"EntryPoint\",\"urlTemplate\":\"https:\/\/tonymora.com\/de\/?s={search_term_string}\"},\"query-input\":{\"@type\":\"PropertyValueSpecification\",\"valueRequired\":true,\"valueName\":\"search_term_string\"}}],\"inLanguage\":\"de\"},{\"@type\":\"Organization\",\"@id\":\"https:\/\/tonymora.com\/de\/#organization\",\"name\":\"Tony Mora Boots\",\"url\":\"https:\/\/tonymora.com\/de\/\",\"logo\":{\"@type\":\"ImageObject\",\"inLanguage\":\"de\",\"@id\":\"https:\/\/tonymora.com\/de\/#\/schema\/logo\/image\/\",\"url\":\"https:\/\/tonymora.com\/wp-content\/uploads\/2023\/12\/LOGO.jpg\",\"contentUrl\":\"https:\/\/tonymora.com\/wp-content\/uploads\/2023\/12\/LOGO.jpg\",\"width\":2272,\"height\":1411,\"caption\":\"Tony Mora Boots\"},\"image\":{\"@id\":\"https:\/\/tonymora.com\/de\/#\/schema\/logo\/image\/\"},\"sameAs\":[\"https:\/\/www.facebook.com\/Tonymoraofficial\/\",\"https:\/\/www.instagram.com\/tonymoraofficial\/?hl=es\"]}]}<\/script>\n<!-- \/ Yoast SEO plugin. -->","yoast_head_json":{"title":"Schwarze Chelsea-Stiefel aus Pl\u00fcschleder mit rotem Gummizug","description":"Chelsea-Stiefel f\u00fcr Damen aus schwarzem Wildleder mit rotem Gummizug. L\u00e4ssiger und moderner Stil, handgefertigt mit Goodyear-Rahmensystem. Tony Mora.","robots":{"index":"index","follow":"follow","max-snippet":"max-snippet:-1","max-image-preview":"max-image-preview:large","max-video-preview":"max-video-preview:-1"},"canonical":"https:\/\/tonymora.com\/de\/produkt\/6934-richmond-m-17-schwarz-suede\/","og_locale":"de_DE","og_type":"article","og_title":"Schwarze Chelsea-Stiefel aus Pl\u00fcschleder mit rotem Gummizug","og_description":"Chelsea-Stiefel f\u00fcr Damen aus schwarzem Wildleder mit rotem Gummizug. L\u00e4ssiger und moderner Stil, handgefertigt mit Goodyear-Rahmensystem. Tony Mora.","og_url":"https:\/\/tonymora.com\/de\/produkt\/6934-richmond-m-17-schwarz-suede\/","og_site_name":"Tony Mora\u00ae Boots Official Store","article_publisher":"https:\/\/www.facebook.com\/Tonymoraofficial\/","article_modified_time":"2026-03-07T14:51:08+00:00","og_image":[{"width":671,"height":800,"url":"https:\/\/tonymora.com\/wp-content\/uploads\/2018\/01\/TONY-MORA-FOTO-MODELOS-2-671x800.png","type":"image\/png"}],"twitter_card":"summary_large_image","schema":{"@context":"https:\/\/schema.org","@graph":[{"@type":"WebPage","@id":"https:\/\/tonymora.com\/de\/produkt\/6934-richmond-m-17-schwarz-suede\/","url":"https:\/\/tonymora.com\/de\/produkt\/6934-richmond-m-17-schwarz-suede\/","name":"Schwarze Chelsea-Stiefel aus Pl\u00fcschleder mit rotem Gummizug","isPartOf":{"@id":"https:\/\/tonymora.com\/de\/#website"},"primaryImageOfPage":{"@id":"https:\/\/tonymora.com\/de\/produkt\/6934-richmond-m-17-schwarz-suede\/#primaryimage"},"image":{"@id":"https:\/\/tonymora.com\/de\/produkt\/6934-richmond-m-17-schwarz-suede\/#primaryimage"},"thumbnailUrl":"https:\/\/tonymora.com\/wp-content\/uploads\/2018\/01\/TONY-MORA-FOTO-MODELOS-2.png","datePublished":"2018-01-15T11:52:30+00:00","dateModified":"2026-03-07T14:51:08+00:00","description":"Chelsea-Stiefel f\u00fcr Damen aus schwarzem Wildleder mit rotem Gummizug. L\u00e4ssiger und moderner Stil, handgefertigt mit Goodyear-Rahmensystem. Tony Mora.","breadcrumb":{"@id":"https:\/\/tonymora.com\/de\/produkt\/6934-richmond-m-17-schwarz-suede\/#breadcrumb"},"inLanguage":"de","potentialAction":[{"@type":"ReadAction","target":["https:\/\/tonymora.com\/de\/produkt\/6934-richmond-m-17-schwarz-suede\/"]}]},{"@type":"ImageObject","inLanguage":"de","@id":"https:\/\/tonymora.com\/de\/produkt\/6934-richmond-m-17-schwarz-suede\/#primaryimage","url":"https:\/\/tonymora.com\/wp-content\/uploads\/2018\/01\/TONY-MORA-FOTO-MODELOS-2.png","contentUrl":"https:\/\/tonymora.com\/wp-content\/uploads\/2018\/01\/TONY-MORA-FOTO-MODELOS-2.png","width":1624,"height":1935,"caption":"Botines Chelsea de piel"},{"@type":"BreadcrumbList","@id":"https:\/\/tonymora.com\/de\/produkt\/6934-richmond-m-17-schwarz-suede\/#breadcrumb","itemListElement":[{"@type":"ListItem","position":1,"name":"Portada","item":"https:\/\/tonymora.com\/de\/"},{"@type":"ListItem","position":2,"name":"Shop","item":"https:\/\/tonymora.com\/de\/shop\/"},{"@type":"ListItem","position":3,"name":"Damen","item":"https:\/\/tonymora.com\/de\/produkt-kategorie\/damen\/"},{"@type":"ListItem","position":4,"name":"1213 890 20 AFELPADO NEGRO"}]},{"@type":"WebSite","@id":"https:\/\/tonymora.com\/de\/#website","url":"https:\/\/tonymora.com\/de\/","name":"Tony Mora\u00ae Boots Official Store","description":"Cowboy Boots","publisher":{"@id":"https:\/\/tonymora.com\/de\/#organization"},"potentialAction":[{"@type":"SearchAction","target":{"@type":"EntryPoint","urlTemplate":"https:\/\/tonymora.com\/de\/?s={search_term_string}"},"query-input":{"@type":"PropertyValueSpecification","valueRequired":true,"valueName":"search_term_string"}}],"inLanguage":"de"},{"@type":"Organization","@id":"https:\/\/tonymora.com\/de\/#organization","name":"Tony Mora Boots","url":"https:\/\/tonymora.com\/de\/","logo":{"@type":"ImageObject","inLanguage":"de","@id":"https:\/\/tonymora.com\/de\/#\/schema\/logo\/image\/","url":"https:\/\/tonymora.com\/wp-content\/uploads\/2023\/12\/LOGO.jpg","contentUrl":"https:\/\/tonymora.com\/wp-content\/uploads\/2023\/12\/LOGO.jpg","width":2272,"height":1411,"caption":"Tony Mora Boots"},"image":{"@id":"https:\/\/tonymora.com\/de\/#\/schema\/logo\/image\/"},"sameAs":["https:\/\/www.facebook.com\/Tonymoraofficial\/","https:\/\/www.instagram.com\/tonymoraofficial\/?hl=es"]}]}},"_links":{"self":[{"href":"https:\/\/tonymora.com\/de\/wp-json\/wp\/v2\/product\/39000","targetHints":{"allow":["GET"]}}],"collection":[{"href":"https:\/\/tonymora.com\/de\/wp-json\/wp\/v2\/product"}],"about":[{"href":"https:\/\/tonymora.com\/de\/wp-json\/wp\/v2\/types\/product"}],"wp:featuredmedia":[{"embeddable":true,"href":"https:\/\/tonymora.com\/de\/wp-json\/wp\/v2\/media\/718739"}],"wp:attachment":[{"href":"https:\/\/tonymora.com\/de\/wp-json\/wp\/v2\/media?parent=39000"}],"wp:term":[{"taxonomy":"product_brand","embeddable":true,"href":"https:\/\/tonymora.com\/de\/wp-json\/wp\/v2\/product_brand?post=39000"},{"taxonomy":"product_cat","embeddable":true,"href":"https:\/\/tonymora.com\/de\/wp-json\/wp\/v2\/product_cat?post=39000"},{"taxonomy":"product_tag","embeddable":true,"href":"https:\/\/tonymora.com\/de\/wp-json\/wp\/v2\/product_tag?post=39000"}],"curies":[{"name":"wp","href":"https:\/\/api.w.org\/{rel}","templated":true}]}}