{"id":39251,"date":"2017-08-18T19:02:46","date_gmt":"2017-08-18T17:02:46","guid":{"rendered":"https:\/\/tonymora.com\/product\/__2051-j-denos-serraje-tabaco-brash\/"},"modified":"2025-11-13T10:09:06","modified_gmt":"2025-11-13T09:09:06","slug":"2051-j-denos-serraje-tabak-brash","status":"publish","type":"product","link":"https:\/\/tonymora.com\/de\/produkt\/2051-j-denos-serraje-tabak-brash\/","title":{"rendered":"2051 J DENOS SERRAJE TABACO BRASH"},"content":{"rendered":"<p style=\"text-align: left;\">Wir arbeiten mit Qualit\u00e4t und in jeden Stiefel legen wir das Siegel der Tony Mora Garantie: Mit unseren Modellen erhalten Sie einen klassischen Cowboy-Stil. Die gem\u00fctliche Schuhspitze l\u00e4dt dazu ein, die Boots wo und wann immer Sie wollen anzuziehen. Tragen Sie sie f\u00fcr ein Vorstellungsgespr\u00e4ch, ein Abendessen oder einen Ausflug mit Freunden. Dies ist ein Modell, das nicht aus der Mode kommt und Sie immer begleiten wird. Ein notwendiger Klassiker.<\/p>\n","protected":false},"excerpt":{"rendered":"<p>Unaufdringliche Eleganz f\u00fcr Kenner. Eine ausdrucksstarke Silhouette, die Selbstbewusstsein vermittelt.<br \/>\nDer letzte Schliff, der Schlichtheit in etwas Unvergessliches verwandelt.<\/p>\n","protected":false},"featured_media":700423,"template":"","meta":{"_mbp_gutenberg_autopost":false},"product_brand":[],"product_cat":[1174,216,214,1147,1126],"product_tag":[],"class_list":{"0":"post-39251","1":"product","2":"type-product","3":"status-publish","4":"has-post-thumbnail","6":"product_cat-black-friday-de","7":"product_cat-casualstiefel-herren","8":"product_cat-herren","9":"product_cat-lederstiefel-herren","10":"product_cat-rabatte-herrenstiefel","12":"first","13":"instock","14":"taxable","15":"shipping-taxable","16":"purchasable","17":"product-type-variable"},"supplier_id":null,"supplier_sku":"","barcode":null,"atum_controlled":true,"out_stock_date":null,"out_stock_threshold":null,"inheritable":true,"inbound_stock":null,"stock_on_hold":6,"sold_today":2,"sales_last_days":3,"reserved_stock":null,"customer_returns":null,"warehouse_damage":null,"lost_in_post":null,"other_logs":null,"out_stock_days":0,"lost_sales":0,"has_location":false,"update_date":"2026-03-26T11:43:02","atum_locations":[],"atum_stock_status":"instock","restock_status":false,"low_stock_amount":"","sales_update_date":"2024-07-09T08:22:47","calc_backorders":null,"yoast_head":"<!-- This site is optimized with the Yoast SEO plugin v27.2 - https:\/\/yoast.com\/product\/yoast-seo-wordpress\/ -->\n<title>2051 J DENOS SERRAJE TABACO BRASH - Tony Mora\u00ae Boots Official Store<\/title>\n<meta name=\"description\" content=\"Einer von Tony Moras Rockstiefeln, entworfen mit schrillem Tabaks\u00e4gen. Eine handge\u00f6lte Haut mit pinsel, um diesen l\u00e4ssigen Look zu geben.\" \/>\n<meta name=\"robots\" content=\"index, follow, max-snippet:-1, max-image-preview:large, max-video-preview:-1\" \/>\n<link rel=\"canonical\" href=\"https:\/\/tonymora.com\/de\/produkt\/2051-j-denos-serraje-tabak-brash\/\" \/>\n<meta property=\"og:locale\" content=\"de_DE\" \/>\n<meta property=\"og:type\" content=\"article\" \/>\n<meta property=\"og:title\" content=\"2051 J DENOS SERRAJE TABACO BRASH - Tony Mora\u00ae Boots Official Store\" \/>\n<meta property=\"og:description\" content=\"Einer von Tony Moras Rockstiefeln, entworfen mit schrillem Tabaks\u00e4gen. Eine handge\u00f6lte Haut mit pinsel, um diesen l\u00e4ssigen Look zu geben.\" \/>\n<meta property=\"og:url\" content=\"https:\/\/tonymora.com\/de\/produkt\/2051-j-denos-serraje-tabak-brash\/\" \/>\n<meta property=\"og:site_name\" content=\"Tony Mora\u00ae Boots Official Store\" \/>\n<meta property=\"article:publisher\" content=\"https:\/\/www.facebook.com\/Tonymoraofficial\/\" \/>\n<meta property=\"article:modified_time\" content=\"2025-11-13T09:09:06+00:00\" \/>\n<meta property=\"og:image\" content=\"https:\/\/tonymora.com\/wp-content\/uploads\/2017\/08\/01-2051-j-denos-serraje-tabaco-marron.jpg\" \/>\n\t<meta property=\"og:image:width\" content=\"866\" \/>\n\t<meta property=\"og:image:height\" content=\"1032\" \/>\n\t<meta property=\"og:image:type\" content=\"image\/jpeg\" \/>\n<meta name=\"twitter:card\" content=\"summary_large_image\" \/>\n<script type=\"application\/ld+json\" class=\"yoast-schema-graph\">{\"@context\":\"https:\/\/schema.org\",\"@graph\":[{\"@type\":\"WebPage\",\"@id\":\"https:\/\/tonymora.com\/de\/produkt\/2051-j-denos-serraje-tabak-brash\/\",\"url\":\"https:\/\/tonymora.com\/de\/produkt\/2051-j-denos-serraje-tabak-brash\/\",\"name\":\"2051 J DENOS SERRAJE TABACO BRASH - Tony Mora\u00ae Boots Official Store\",\"isPartOf\":{\"@id\":\"https:\/\/tonymora.com\/de\/#website\"},\"primaryImageOfPage\":{\"@id\":\"https:\/\/tonymora.com\/de\/produkt\/2051-j-denos-serraje-tabak-brash\/#primaryimage\"},\"image\":{\"@id\":\"https:\/\/tonymora.com\/de\/produkt\/2051-j-denos-serraje-tabak-brash\/#primaryimage\"},\"thumbnailUrl\":\"https:\/\/tonymora.com\/wp-content\/uploads\/2017\/08\/01-2051-j-denos-serraje-tabaco-marron.jpg\",\"datePublished\":\"2017-08-18T17:02:46+00:00\",\"dateModified\":\"2025-11-13T09:09:06+00:00\",\"description\":\"Einer von Tony Moras Rockstiefeln, entworfen mit schrillem Tabaks\u00e4gen. Eine handge\u00f6lte Haut mit pinsel, um diesen l\u00e4ssigen Look zu geben.\",\"breadcrumb\":{\"@id\":\"https:\/\/tonymora.com\/de\/produkt\/2051-j-denos-serraje-tabak-brash\/#breadcrumb\"},\"inLanguage\":\"de\",\"potentialAction\":[{\"@type\":\"ReadAction\",\"target\":[\"https:\/\/tonymora.com\/de\/produkt\/2051-j-denos-serraje-tabak-brash\/\"]}]},{\"@type\":\"ImageObject\",\"inLanguage\":\"de\",\"@id\":\"https:\/\/tonymora.com\/de\/produkt\/2051-j-denos-serraje-tabak-brash\/#primaryimage\",\"url\":\"https:\/\/tonymora.com\/wp-content\/uploads\/2017\/08\/01-2051-j-denos-serraje-tabaco-marron.jpg\",\"contentUrl\":\"https:\/\/tonymora.com\/wp-content\/uploads\/2017\/08\/01-2051-j-denos-serraje-tabaco-marron.jpg\",\"width\":866,\"height\":1032,\"caption\":\"Botines de serraje color tabaco\"},{\"@type\":\"BreadcrumbList\",\"@id\":\"https:\/\/tonymora.com\/de\/produkt\/2051-j-denos-serraje-tabak-brash\/#breadcrumb\",\"itemListElement\":[{\"@type\":\"ListItem\",\"position\":1,\"name\":\"Portada\",\"item\":\"https:\/\/tonymora.com\/de\/\"},{\"@type\":\"ListItem\",\"position\":2,\"name\":\"Shop\",\"item\":\"https:\/\/tonymora.com\/de\/shop\/\"},{\"@type\":\"ListItem\",\"position\":3,\"name\":\"Black Friday\",\"item\":\"https:\/\/tonymora.com\/de\/produkt-kategorie\/black-friday-de\/\"},{\"@type\":\"ListItem\",\"position\":4,\"name\":\"2051 J DENOS SERRAJE TABACO BRASH\"}]},{\"@type\":\"WebSite\",\"@id\":\"https:\/\/tonymora.com\/de\/#website\",\"url\":\"https:\/\/tonymora.com\/de\/\",\"name\":\"Tony Mora\u00ae Boots Official Store\",\"description\":\"Cowboy Boots\",\"publisher\":{\"@id\":\"https:\/\/tonymora.com\/de\/#organization\"},\"potentialAction\":[{\"@type\":\"SearchAction\",\"target\":{\"@type\":\"EntryPoint\",\"urlTemplate\":\"https:\/\/tonymora.com\/de\/?s={search_term_string}\"},\"query-input\":{\"@type\":\"PropertyValueSpecification\",\"valueRequired\":true,\"valueName\":\"search_term_string\"}}],\"inLanguage\":\"de\"},{\"@type\":\"Organization\",\"@id\":\"https:\/\/tonymora.com\/de\/#organization\",\"name\":\"Tony Mora Boots\",\"url\":\"https:\/\/tonymora.com\/de\/\",\"logo\":{\"@type\":\"ImageObject\",\"inLanguage\":\"de\",\"@id\":\"https:\/\/tonymora.com\/de\/#\/schema\/logo\/image\/\",\"url\":\"https:\/\/tonymora.com\/wp-content\/uploads\/2023\/12\/LOGO.jpg\",\"contentUrl\":\"https:\/\/tonymora.com\/wp-content\/uploads\/2023\/12\/LOGO.jpg\",\"width\":2272,\"height\":1411,\"caption\":\"Tony Mora Boots\"},\"image\":{\"@id\":\"https:\/\/tonymora.com\/de\/#\/schema\/logo\/image\/\"},\"sameAs\":[\"https:\/\/www.facebook.com\/Tonymoraofficial\/\",\"https:\/\/www.instagram.com\/tonymoraofficial\/?hl=es\"]}]}<\/script>\n<!-- \/ Yoast SEO plugin. -->","yoast_head_json":{"title":"2051 J DENOS SERRAJE TABACO BRASH - Tony Mora\u00ae Boots Official Store","description":"Einer von Tony Moras Rockstiefeln, entworfen mit schrillem Tabaks\u00e4gen. Eine handge\u00f6lte Haut mit pinsel, um diesen l\u00e4ssigen Look zu geben.","robots":{"index":"index","follow":"follow","max-snippet":"max-snippet:-1","max-image-preview":"max-image-preview:large","max-video-preview":"max-video-preview:-1"},"canonical":"https:\/\/tonymora.com\/de\/produkt\/2051-j-denos-serraje-tabak-brash\/","og_locale":"de_DE","og_type":"article","og_title":"2051 J DENOS SERRAJE TABACO BRASH - Tony Mora\u00ae Boots Official Store","og_description":"Einer von Tony Moras Rockstiefeln, entworfen mit schrillem Tabaks\u00e4gen. Eine handge\u00f6lte Haut mit pinsel, um diesen l\u00e4ssigen Look zu geben.","og_url":"https:\/\/tonymora.com\/de\/produkt\/2051-j-denos-serraje-tabak-brash\/","og_site_name":"Tony Mora\u00ae Boots Official Store","article_publisher":"https:\/\/www.facebook.com\/Tonymoraofficial\/","article_modified_time":"2025-11-13T09:09:06+00:00","og_image":[{"width":866,"height":1032,"url":"https:\/\/tonymora.com\/wp-content\/uploads\/2017\/08\/01-2051-j-denos-serraje-tabaco-marron.jpg","type":"image\/jpeg"}],"twitter_card":"summary_large_image","schema":{"@context":"https:\/\/schema.org","@graph":[{"@type":"WebPage","@id":"https:\/\/tonymora.com\/de\/produkt\/2051-j-denos-serraje-tabak-brash\/","url":"https:\/\/tonymora.com\/de\/produkt\/2051-j-denos-serraje-tabak-brash\/","name":"2051 J DENOS SERRAJE TABACO BRASH - Tony Mora\u00ae Boots Official Store","isPartOf":{"@id":"https:\/\/tonymora.com\/de\/#website"},"primaryImageOfPage":{"@id":"https:\/\/tonymora.com\/de\/produkt\/2051-j-denos-serraje-tabak-brash\/#primaryimage"},"image":{"@id":"https:\/\/tonymora.com\/de\/produkt\/2051-j-denos-serraje-tabak-brash\/#primaryimage"},"thumbnailUrl":"https:\/\/tonymora.com\/wp-content\/uploads\/2017\/08\/01-2051-j-denos-serraje-tabaco-marron.jpg","datePublished":"2017-08-18T17:02:46+00:00","dateModified":"2025-11-13T09:09:06+00:00","description":"Einer von Tony Moras Rockstiefeln, entworfen mit schrillem Tabaks\u00e4gen. Eine handge\u00f6lte Haut mit pinsel, um diesen l\u00e4ssigen Look zu geben.","breadcrumb":{"@id":"https:\/\/tonymora.com\/de\/produkt\/2051-j-denos-serraje-tabak-brash\/#breadcrumb"},"inLanguage":"de","potentialAction":[{"@type":"ReadAction","target":["https:\/\/tonymora.com\/de\/produkt\/2051-j-denos-serraje-tabak-brash\/"]}]},{"@type":"ImageObject","inLanguage":"de","@id":"https:\/\/tonymora.com\/de\/produkt\/2051-j-denos-serraje-tabak-brash\/#primaryimage","url":"https:\/\/tonymora.com\/wp-content\/uploads\/2017\/08\/01-2051-j-denos-serraje-tabaco-marron.jpg","contentUrl":"https:\/\/tonymora.com\/wp-content\/uploads\/2017\/08\/01-2051-j-denos-serraje-tabaco-marron.jpg","width":866,"height":1032,"caption":"Botines de serraje color tabaco"},{"@type":"BreadcrumbList","@id":"https:\/\/tonymora.com\/de\/produkt\/2051-j-denos-serraje-tabak-brash\/#breadcrumb","itemListElement":[{"@type":"ListItem","position":1,"name":"Portada","item":"https:\/\/tonymora.com\/de\/"},{"@type":"ListItem","position":2,"name":"Shop","item":"https:\/\/tonymora.com\/de\/shop\/"},{"@type":"ListItem","position":3,"name":"Black Friday","item":"https:\/\/tonymora.com\/de\/produkt-kategorie\/black-friday-de\/"},{"@type":"ListItem","position":4,"name":"2051 J DENOS SERRAJE TABACO BRASH"}]},{"@type":"WebSite","@id":"https:\/\/tonymora.com\/de\/#website","url":"https:\/\/tonymora.com\/de\/","name":"Tony Mora\u00ae Boots Official Store","description":"Cowboy Boots","publisher":{"@id":"https:\/\/tonymora.com\/de\/#organization"},"potentialAction":[{"@type":"SearchAction","target":{"@type":"EntryPoint","urlTemplate":"https:\/\/tonymora.com\/de\/?s={search_term_string}"},"query-input":{"@type":"PropertyValueSpecification","valueRequired":true,"valueName":"search_term_string"}}],"inLanguage":"de"},{"@type":"Organization","@id":"https:\/\/tonymora.com\/de\/#organization","name":"Tony Mora Boots","url":"https:\/\/tonymora.com\/de\/","logo":{"@type":"ImageObject","inLanguage":"de","@id":"https:\/\/tonymora.com\/de\/#\/schema\/logo\/image\/","url":"https:\/\/tonymora.com\/wp-content\/uploads\/2023\/12\/LOGO.jpg","contentUrl":"https:\/\/tonymora.com\/wp-content\/uploads\/2023\/12\/LOGO.jpg","width":2272,"height":1411,"caption":"Tony Mora Boots"},"image":{"@id":"https:\/\/tonymora.com\/de\/#\/schema\/logo\/image\/"},"sameAs":["https:\/\/www.facebook.com\/Tonymoraofficial\/","https:\/\/www.instagram.com\/tonymoraofficial\/?hl=es"]}]}},"_links":{"self":[{"href":"https:\/\/tonymora.com\/de\/wp-json\/wp\/v2\/product\/39251","targetHints":{"allow":["GET"]}}],"collection":[{"href":"https:\/\/tonymora.com\/de\/wp-json\/wp\/v2\/product"}],"about":[{"href":"https:\/\/tonymora.com\/de\/wp-json\/wp\/v2\/types\/product"}],"wp:featuredmedia":[{"embeddable":true,"href":"https:\/\/tonymora.com\/de\/wp-json\/wp\/v2\/media\/700423"}],"wp:attachment":[{"href":"https:\/\/tonymora.com\/de\/wp-json\/wp\/v2\/media?parent=39251"}],"wp:term":[{"taxonomy":"product_brand","embeddable":true,"href":"https:\/\/tonymora.com\/de\/wp-json\/wp\/v2\/product_brand?post=39251"},{"taxonomy":"product_cat","embeddable":true,"href":"https:\/\/tonymora.com\/de\/wp-json\/wp\/v2\/product_cat?post=39251"},{"taxonomy":"product_tag","embeddable":true,"href":"https:\/\/tonymora.com\/de\/wp-json\/wp\/v2\/product_tag?post=39251"}],"curies":[{"name":"wp","href":"https:\/\/api.w.org\/{rel}","templated":true}]}}