{"id":48692,"date":"2019-08-09T10:56:21","date_gmt":"2019-08-09T08:56:21","guid":{"rendered":"https:\/\/tonymora.com\/product\/dundee-asturias-381-pithon-black-and-white\/"},"modified":"2025-08-01T09:13:40","modified_gmt":"2025-08-01T07:13:40","slug":"dundee-asturias-381-pithon-schwarz-weis","status":"publish","type":"product","link":"https:\/\/tonymora.com\/de\/produkt\/dundee-asturias-381-pithon-schwarz-weis\/","title":{"rendered":"DUNDEE ASTURIAS 381 PITHON SCHWARZ UND WEISS"},"content":{"rendered":"<p style=\"text-align: left;\">Diese raffinierten Schuhe aus schwarzem und wei\u00dfem Pythonleder sind wahre Kunstwerke. Mit diesen Schuhen sehen Sie nicht nur elegant aus, sondern genie\u00dfen auch Komfort und Unterscheidungskraft bei jedem Schritt, den Sie machen. Jedes Paar ist aufgrund seines Musters ein einzigartiges und exklusives St\u00fcck. Unsere Kunsthandwerker schneiden jedes St\u00fcck von Hand zu und f\u00fcgen es dann sorgf\u00e4ltig zusammen, um einzigartige und unwiederholbare Schuhe zu schaffen, die durch ihre sch\u00f6ne Farbkombination auffallen. So k\u00f6nnen Sie sie im Alltag mit Ihrer Lieblingsjeans oder mit einem Anzug kombinieren!<br \/>\nDiese Art von Leder garantiert eine erstaunliche Haltbarkeit und Flexibilit\u00e4t, ebenso wie die Innenausstattung aus Kalbsleder, die Weichheit und Komfort bietet und den Schuh sehr atmungsaktiv macht. Diese Schuhe werden von Hand gen\u00e4ht, wobei das renommierte &#8222;Goodyear welted&#8220;-System verwendet wird, das die Qualit\u00e4t von Tony Mora garantiert.<\/p>\n","protected":false},"excerpt":{"rendered":"<p>Ein Angebot mit Herz, das Sie aufrichtig begleitet. Klassischer Charakter mit modernem Touch.<br \/>\nAuthentizit\u00e4t und Eleganz vereint.<\/p>\n","protected":false},"featured_media":707188,"template":"","meta":{"_mbp_gutenberg_autopost":false},"product_brand":[],"product_cat":[1174,214,1143,1126,222],"product_tag":[],"class_list":{"0":"post-48692","1":"product","2":"type-product","3":"status-publish","4":"has-post-thumbnail","6":"product_cat-black-friday-de","7":"product_cat-herren","8":"product_cat-luxusstiefel-herren-de","9":"product_cat-rabatte-herrenstiefel","10":"product_cat-schuhe-herren","12":"first","13":"instock","14":"taxable","15":"shipping-taxable","16":"purchasable","17":"product-type-variable"},"supplier_id":null,"supplier_sku":"","barcode":null,"atum_controlled":true,"out_stock_date":"2021-12-10 09:04:22","out_stock_threshold":null,"inheritable":true,"inbound_stock":0,"stock_on_hold":0,"sold_today":0,"sales_last_days":0,"reserved_stock":0,"customer_returns":0,"warehouse_damage":0,"lost_in_post":0,"other_logs":0,"out_stock_days":1567,"lost_sales":0,"has_location":false,"update_date":"2026-03-26T12:33:42","atum_locations":[],"atum_stock_status":"instock","restock_status":false,"low_stock_amount":"","sales_update_date":"2025-04-15T08:27:17","calc_backorders":null,"yoast_head":"<!-- This site is optimized with the Yoast SEO plugin v27.2 - https:\/\/yoast.com\/product\/yoast-seo-wordpress\/ -->\n<title>Schwarz-wei\u00dfe Pythonschuhe | Einzigartige Eleganz | Tony Mora<\/title>\n<meta name=\"description\" content=\"Schwarz-wei\u00dfe Pythonschuhe mit einzigartigem handgefertigten Design. Eleganz, Komfort und Vornehmheit bei jedem Schritt. Handgefertigt in Tony Mora-Qualit\u00e4t.\" \/>\n<meta name=\"robots\" content=\"index, follow, max-snippet:-1, max-image-preview:large, max-video-preview:-1\" \/>\n<link rel=\"canonical\" href=\"https:\/\/tonymora.com\/de\/produkt\/dundee-asturias-381-pithon-schwarz-weis\/\" \/>\n<meta property=\"og:locale\" content=\"de_DE\" \/>\n<meta property=\"og:type\" content=\"article\" \/>\n<meta property=\"og:title\" content=\"Schwarz-wei\u00dfe Pythonschuhe | Einzigartige Eleganz | Tony Mora\" \/>\n<meta property=\"og:description\" content=\"Schwarz-wei\u00dfe Pythonschuhe mit einzigartigem handgefertigten Design. Eleganz, Komfort und Vornehmheit bei jedem Schritt. Handgefertigt in Tony Mora-Qualit\u00e4t.\" \/>\n<meta property=\"og:url\" content=\"https:\/\/tonymora.com\/de\/produkt\/dundee-asturias-381-pithon-schwarz-weis\/\" \/>\n<meta property=\"og:site_name\" content=\"Tony Mora\u00ae Boots Official Store\" \/>\n<meta property=\"article:publisher\" content=\"https:\/\/www.facebook.com\/Tonymoraofficial\/\" \/>\n<meta property=\"article:modified_time\" content=\"2025-08-01T07:13:40+00:00\" \/>\n<meta property=\"og:image\" content=\"https:\/\/tonymora.com\/wp-content\/uploads\/2019\/08\/07-1146-ASTURIAS-381-PITON-BW.jpg\" \/>\n\t<meta property=\"og:image:width\" content=\"866\" \/>\n\t<meta property=\"og:image:height\" content=\"1032\" \/>\n\t<meta property=\"og:image:type\" content=\"image\/jpeg\" \/>\n<meta name=\"twitter:card\" content=\"summary_large_image\" \/>\n<script type=\"application\/ld+json\" class=\"yoast-schema-graph\">{\"@context\":\"https:\/\/schema.org\",\"@graph\":[{\"@type\":\"WebPage\",\"@id\":\"https:\/\/tonymora.com\/de\/produkt\/dundee-asturias-381-pithon-schwarz-weis\/\",\"url\":\"https:\/\/tonymora.com\/de\/produkt\/dundee-asturias-381-pithon-schwarz-weis\/\",\"name\":\"Schwarz-wei\u00dfe Pythonschuhe | Einzigartige Eleganz | Tony Mora\",\"isPartOf\":{\"@id\":\"https:\/\/tonymora.com\/de\/#website\"},\"primaryImageOfPage\":{\"@id\":\"https:\/\/tonymora.com\/de\/produkt\/dundee-asturias-381-pithon-schwarz-weis\/#primaryimage\"},\"image\":{\"@id\":\"https:\/\/tonymora.com\/de\/produkt\/dundee-asturias-381-pithon-schwarz-weis\/#primaryimage\"},\"thumbnailUrl\":\"https:\/\/tonymora.com\/wp-content\/uploads\/2019\/08\/07-1146-ASTURIAS-381-PITON-BW.jpg\",\"datePublished\":\"2019-08-09T08:56:21+00:00\",\"dateModified\":\"2025-08-01T07:13:40+00:00\",\"description\":\"Schwarz-wei\u00dfe Pythonschuhe mit einzigartigem handgefertigten Design. Eleganz, Komfort und Vornehmheit bei jedem Schritt. Handgefertigt in Tony Mora-Qualit\u00e4t.\",\"breadcrumb\":{\"@id\":\"https:\/\/tonymora.com\/de\/produkt\/dundee-asturias-381-pithon-schwarz-weis\/#breadcrumb\"},\"inLanguage\":\"de\",\"potentialAction\":[{\"@type\":\"ReadAction\",\"target\":[\"https:\/\/tonymora.com\/de\/produkt\/dundee-asturias-381-pithon-schwarz-weis\/\"]}]},{\"@type\":\"ImageObject\",\"inLanguage\":\"de\",\"@id\":\"https:\/\/tonymora.com\/de\/produkt\/dundee-asturias-381-pithon-schwarz-weis\/#primaryimage\",\"url\":\"https:\/\/tonymora.com\/wp-content\/uploads\/2019\/08\/07-1146-ASTURIAS-381-PITON-BW.jpg\",\"contentUrl\":\"https:\/\/tonymora.com\/wp-content\/uploads\/2019\/08\/07-1146-ASTURIAS-381-PITON-BW.jpg\",\"width\":866,\"height\":1032,\"caption\":\"Zapatos de piel de pit\u00f3n blanco y negro\"},{\"@type\":\"BreadcrumbList\",\"@id\":\"https:\/\/tonymora.com\/de\/produkt\/dundee-asturias-381-pithon-schwarz-weis\/#breadcrumb\",\"itemListElement\":[{\"@type\":\"ListItem\",\"position\":1,\"name\":\"Portada\",\"item\":\"https:\/\/tonymora.com\/de\/\"},{\"@type\":\"ListItem\",\"position\":2,\"name\":\"Shop\",\"item\":\"https:\/\/tonymora.com\/de\/shop\/\"},{\"@type\":\"ListItem\",\"position\":3,\"name\":\"Herren\",\"item\":\"https:\/\/tonymora.com\/de\/produkt-kategorie\/herren\/\"},{\"@type\":\"ListItem\",\"position\":4,\"name\":\"DUNDEE ASTURIAS 381 PITHON SCHWARZ UND WEISS\"}]},{\"@type\":\"WebSite\",\"@id\":\"https:\/\/tonymora.com\/de\/#website\",\"url\":\"https:\/\/tonymora.com\/de\/\",\"name\":\"Tony Mora\u00ae Boots Official Store\",\"description\":\"Cowboy Boots\",\"publisher\":{\"@id\":\"https:\/\/tonymora.com\/de\/#organization\"},\"potentialAction\":[{\"@type\":\"SearchAction\",\"target\":{\"@type\":\"EntryPoint\",\"urlTemplate\":\"https:\/\/tonymora.com\/de\/?s={search_term_string}\"},\"query-input\":{\"@type\":\"PropertyValueSpecification\",\"valueRequired\":true,\"valueName\":\"search_term_string\"}}],\"inLanguage\":\"de\"},{\"@type\":\"Organization\",\"@id\":\"https:\/\/tonymora.com\/de\/#organization\",\"name\":\"Tony Mora Boots\",\"url\":\"https:\/\/tonymora.com\/de\/\",\"logo\":{\"@type\":\"ImageObject\",\"inLanguage\":\"de\",\"@id\":\"https:\/\/tonymora.com\/de\/#\/schema\/logo\/image\/\",\"url\":\"https:\/\/tonymora.com\/wp-content\/uploads\/2023\/12\/LOGO.jpg\",\"contentUrl\":\"https:\/\/tonymora.com\/wp-content\/uploads\/2023\/12\/LOGO.jpg\",\"width\":2272,\"height\":1411,\"caption\":\"Tony Mora Boots\"},\"image\":{\"@id\":\"https:\/\/tonymora.com\/de\/#\/schema\/logo\/image\/\"},\"sameAs\":[\"https:\/\/www.facebook.com\/Tonymoraofficial\/\",\"https:\/\/www.instagram.com\/tonymoraofficial\/?hl=es\"]}]}<\/script>\n<!-- \/ Yoast SEO plugin. -->","yoast_head_json":{"title":"Schwarz-wei\u00dfe Pythonschuhe | Einzigartige Eleganz | Tony Mora","description":"Schwarz-wei\u00dfe Pythonschuhe mit einzigartigem handgefertigten Design. Eleganz, Komfort und Vornehmheit bei jedem Schritt. Handgefertigt in Tony Mora-Qualit\u00e4t.","robots":{"index":"index","follow":"follow","max-snippet":"max-snippet:-1","max-image-preview":"max-image-preview:large","max-video-preview":"max-video-preview:-1"},"canonical":"https:\/\/tonymora.com\/de\/produkt\/dundee-asturias-381-pithon-schwarz-weis\/","og_locale":"de_DE","og_type":"article","og_title":"Schwarz-wei\u00dfe Pythonschuhe | Einzigartige Eleganz | Tony Mora","og_description":"Schwarz-wei\u00dfe Pythonschuhe mit einzigartigem handgefertigten Design. Eleganz, Komfort und Vornehmheit bei jedem Schritt. Handgefertigt in Tony Mora-Qualit\u00e4t.","og_url":"https:\/\/tonymora.com\/de\/produkt\/dundee-asturias-381-pithon-schwarz-weis\/","og_site_name":"Tony Mora\u00ae Boots Official Store","article_publisher":"https:\/\/www.facebook.com\/Tonymoraofficial\/","article_modified_time":"2025-08-01T07:13:40+00:00","og_image":[{"width":866,"height":1032,"url":"https:\/\/tonymora.com\/wp-content\/uploads\/2019\/08\/07-1146-ASTURIAS-381-PITON-BW.jpg","type":"image\/jpeg"}],"twitter_card":"summary_large_image","schema":{"@context":"https:\/\/schema.org","@graph":[{"@type":"WebPage","@id":"https:\/\/tonymora.com\/de\/produkt\/dundee-asturias-381-pithon-schwarz-weis\/","url":"https:\/\/tonymora.com\/de\/produkt\/dundee-asturias-381-pithon-schwarz-weis\/","name":"Schwarz-wei\u00dfe Pythonschuhe | Einzigartige Eleganz | Tony Mora","isPartOf":{"@id":"https:\/\/tonymora.com\/de\/#website"},"primaryImageOfPage":{"@id":"https:\/\/tonymora.com\/de\/produkt\/dundee-asturias-381-pithon-schwarz-weis\/#primaryimage"},"image":{"@id":"https:\/\/tonymora.com\/de\/produkt\/dundee-asturias-381-pithon-schwarz-weis\/#primaryimage"},"thumbnailUrl":"https:\/\/tonymora.com\/wp-content\/uploads\/2019\/08\/07-1146-ASTURIAS-381-PITON-BW.jpg","datePublished":"2019-08-09T08:56:21+00:00","dateModified":"2025-08-01T07:13:40+00:00","description":"Schwarz-wei\u00dfe Pythonschuhe mit einzigartigem handgefertigten Design. Eleganz, Komfort und Vornehmheit bei jedem Schritt. Handgefertigt in Tony Mora-Qualit\u00e4t.","breadcrumb":{"@id":"https:\/\/tonymora.com\/de\/produkt\/dundee-asturias-381-pithon-schwarz-weis\/#breadcrumb"},"inLanguage":"de","potentialAction":[{"@type":"ReadAction","target":["https:\/\/tonymora.com\/de\/produkt\/dundee-asturias-381-pithon-schwarz-weis\/"]}]},{"@type":"ImageObject","inLanguage":"de","@id":"https:\/\/tonymora.com\/de\/produkt\/dundee-asturias-381-pithon-schwarz-weis\/#primaryimage","url":"https:\/\/tonymora.com\/wp-content\/uploads\/2019\/08\/07-1146-ASTURIAS-381-PITON-BW.jpg","contentUrl":"https:\/\/tonymora.com\/wp-content\/uploads\/2019\/08\/07-1146-ASTURIAS-381-PITON-BW.jpg","width":866,"height":1032,"caption":"Zapatos de piel de pit\u00f3n blanco y negro"},{"@type":"BreadcrumbList","@id":"https:\/\/tonymora.com\/de\/produkt\/dundee-asturias-381-pithon-schwarz-weis\/#breadcrumb","itemListElement":[{"@type":"ListItem","position":1,"name":"Portada","item":"https:\/\/tonymora.com\/de\/"},{"@type":"ListItem","position":2,"name":"Shop","item":"https:\/\/tonymora.com\/de\/shop\/"},{"@type":"ListItem","position":3,"name":"Herren","item":"https:\/\/tonymora.com\/de\/produkt-kategorie\/herren\/"},{"@type":"ListItem","position":4,"name":"DUNDEE ASTURIAS 381 PITHON SCHWARZ UND WEISS"}]},{"@type":"WebSite","@id":"https:\/\/tonymora.com\/de\/#website","url":"https:\/\/tonymora.com\/de\/","name":"Tony Mora\u00ae Boots Official Store","description":"Cowboy Boots","publisher":{"@id":"https:\/\/tonymora.com\/de\/#organization"},"potentialAction":[{"@type":"SearchAction","target":{"@type":"EntryPoint","urlTemplate":"https:\/\/tonymora.com\/de\/?s={search_term_string}"},"query-input":{"@type":"PropertyValueSpecification","valueRequired":true,"valueName":"search_term_string"}}],"inLanguage":"de"},{"@type":"Organization","@id":"https:\/\/tonymora.com\/de\/#organization","name":"Tony Mora Boots","url":"https:\/\/tonymora.com\/de\/","logo":{"@type":"ImageObject","inLanguage":"de","@id":"https:\/\/tonymora.com\/de\/#\/schema\/logo\/image\/","url":"https:\/\/tonymora.com\/wp-content\/uploads\/2023\/12\/LOGO.jpg","contentUrl":"https:\/\/tonymora.com\/wp-content\/uploads\/2023\/12\/LOGO.jpg","width":2272,"height":1411,"caption":"Tony Mora Boots"},"image":{"@id":"https:\/\/tonymora.com\/de\/#\/schema\/logo\/image\/"},"sameAs":["https:\/\/www.facebook.com\/Tonymoraofficial\/","https:\/\/www.instagram.com\/tonymoraofficial\/?hl=es"]}]}},"_links":{"self":[{"href":"https:\/\/tonymora.com\/de\/wp-json\/wp\/v2\/product\/48692","targetHints":{"allow":["GET"]}}],"collection":[{"href":"https:\/\/tonymora.com\/de\/wp-json\/wp\/v2\/product"}],"about":[{"href":"https:\/\/tonymora.com\/de\/wp-json\/wp\/v2\/types\/product"}],"wp:featuredmedia":[{"embeddable":true,"href":"https:\/\/tonymora.com\/de\/wp-json\/wp\/v2\/media\/707188"}],"wp:attachment":[{"href":"https:\/\/tonymora.com\/de\/wp-json\/wp\/v2\/media?parent=48692"}],"wp:term":[{"taxonomy":"product_brand","embeddable":true,"href":"https:\/\/tonymora.com\/de\/wp-json\/wp\/v2\/product_brand?post=48692"},{"taxonomy":"product_cat","embeddable":true,"href":"https:\/\/tonymora.com\/de\/wp-json\/wp\/v2\/product_cat?post=48692"},{"taxonomy":"product_tag","embeddable":true,"href":"https:\/\/tonymora.com\/de\/wp-json\/wp\/v2\/product_tag?post=48692"}],"curies":[{"name":"wp","href":"https:\/\/api.w.org\/{rel}","templated":true}]}}