{"id":657142,"date":"2019-07-25T11:27:45","date_gmt":"2019-07-25T09:27:45","guid":{"rendered":"https:\/\/tonymora.com\/product\/621-tx-sv-serraje-brash-tabaco\/"},"modified":"2026-03-12T12:27:29","modified_gmt":"2026-03-12T11:27:29","slug":"621-tx-sv-serraje-brash-tabaco","status":"publish","type":"product","link":"https:\/\/tonymora.com\/de\/produkt\/621-tx-sv-serraje-brash-tabaco\/","title":{"rendered":"621 TX SV SERRAJE BRASH TABACO"},"content":{"rendered":"<p class=\"p1\" style=\"text-align: left;\">Wenn wir an bequeme Stiefeletten denken, kommt uns dieses Modell sofort in den Sinn. Die quadratische Spitze verleiht der Stiefelette Weite, und der niedrige Absatz ist perfekt, um sie immer zu tragen. Wir haben f\u00fcr dieses Modell ein Wildleder im Tabakton gew\u00e4hlt, das sich sehr leicht kombinieren l\u00e4sst und durch die Weichheit des Wildleders ist jeder Schritt ein Genuss.<\/p>\n","protected":false},"excerpt":{"rendered":"<p>Zeitlose Eleganz mit unverwechselbarem Stil. Authentische Inspiration und eine unverwechselbare Pers\u00f6nlichkeit.<br \/>\nEntworfen f\u00fcr alle, die Eleganz als Lebenseinstellung verstehen.<\/p>\n","protected":false},"featured_media":714396,"template":"","meta":{"_mbp_gutenberg_autopost":false},"product_brand":[],"product_cat":[215,1174,216,214,221,1147,1126],"product_tag":[],"class_list":{"0":"post-657142","1":"product","2":"type-product","3":"status-publish","4":"has-post-thumbnail","6":"product_cat-bikerstiefel-herren","7":"product_cat-black-friday-de","8":"product_cat-casualstiefel-herren","9":"product_cat-herren","10":"product_cat-stiefeletten-herren","11":"product_cat-lederstiefel-herren","12":"product_cat-rabatte-herrenstiefel","14":"first","15":"instock","16":"taxable","17":"shipping-taxable","18":"purchasable","19":"product-type-variable"},"supplier_id":null,"supplier_sku":"","barcode":null,"atum_controlled":true,"out_stock_date":null,"out_stock_threshold":null,"inheritable":true,"inbound_stock":null,"stock_on_hold":10,"sold_today":1,"sales_last_days":1,"reserved_stock":null,"customer_returns":null,"warehouse_damage":null,"lost_in_post":null,"other_logs":null,"out_stock_days":0,"lost_sales":0,"has_location":false,"update_date":"2026-03-26T11:41:09","atum_locations":[],"atum_stock_status":"instock","restock_status":false,"low_stock_amount":"","sales_update_date":"2026-03-12T13:44:11","calc_backorders":null,"yoast_head":"<!-- This site is optimized with the Yoast SEO plugin v27.2 - https:\/\/yoast.com\/product\/yoast-seo-wordpress\/ -->\n<title>Herren-Cowboystiefel aus braunem Leder | Stil und Komfort<\/title>\n<meta name=\"description\" content=\"Braune Cowboystiefel aus Leder f\u00fcr Herren. Rustikales Design, quadratische Zehenpartie und lang anhaltender Komfort, hergestellt aus 100 % Naturleder von h\u00f6chster Qualit\u00e4t.\" \/>\n<meta name=\"robots\" content=\"index, follow, max-snippet:-1, max-image-preview:large, max-video-preview:-1\" \/>\n<link rel=\"canonical\" href=\"https:\/\/tonymora.com\/de\/produkt\/621-tx-sv-serraje-brash-tabaco\/\" \/>\n<meta property=\"og:locale\" content=\"de_DE\" \/>\n<meta property=\"og:type\" content=\"article\" \/>\n<meta property=\"og:title\" content=\"Herren-Cowboystiefel aus braunem Leder | Stil und Komfort\" \/>\n<meta property=\"og:description\" content=\"Braune Cowboystiefel aus Leder f\u00fcr Herren. Rustikales Design, quadratische Zehenpartie und lang anhaltender Komfort, hergestellt aus 100 % Naturleder von h\u00f6chster Qualit\u00e4t.\" \/>\n<meta property=\"og:url\" content=\"https:\/\/tonymora.com\/de\/produkt\/621-tx-sv-serraje-brash-tabaco\/\" \/>\n<meta property=\"og:site_name\" content=\"Tony Mora\u00ae Boots Official Store\" \/>\n<meta property=\"article:publisher\" content=\"https:\/\/www.facebook.com\/Tonymoraofficial\/\" \/>\n<meta property=\"article:modified_time\" content=\"2026-03-12T11:27:29+00:00\" \/>\n<meta property=\"og:image\" content=\"https:\/\/tonymora.com\/wp-content\/uploads\/2019\/07\/38.jpg\" \/>\n\t<meta property=\"og:image:width\" content=\"866\" \/>\n\t<meta property=\"og:image:height\" content=\"1032\" \/>\n\t<meta property=\"og:image:type\" content=\"image\/jpeg\" \/>\n<meta name=\"twitter:card\" content=\"summary_large_image\" \/>\n<script type=\"application\/ld+json\" class=\"yoast-schema-graph\">{\"@context\":\"https:\/\/schema.org\",\"@graph\":[{\"@type\":\"WebPage\",\"@id\":\"https:\/\/tonymora.com\/de\/produkt\/621-tx-sv-serraje-brash-tabaco\/\",\"url\":\"https:\/\/tonymora.com\/de\/produkt\/621-tx-sv-serraje-brash-tabaco\/\",\"name\":\"Herren-Cowboystiefel aus braunem Leder | Stil und Komfort\",\"isPartOf\":{\"@id\":\"https:\/\/tonymora.com\/de\/#website\"},\"primaryImageOfPage\":{\"@id\":\"https:\/\/tonymora.com\/de\/produkt\/621-tx-sv-serraje-brash-tabaco\/#primaryimage\"},\"image\":{\"@id\":\"https:\/\/tonymora.com\/de\/produkt\/621-tx-sv-serraje-brash-tabaco\/#primaryimage\"},\"thumbnailUrl\":\"https:\/\/tonymora.com\/wp-content\/uploads\/2019\/07\/38.jpg\",\"datePublished\":\"2019-07-25T09:27:45+00:00\",\"dateModified\":\"2026-03-12T11:27:29+00:00\",\"description\":\"Braune Cowboystiefel aus Leder f\u00fcr Herren. Rustikales Design, quadratische Zehenpartie und lang anhaltender Komfort, hergestellt aus 100 % Naturleder von h\u00f6chster Qualit\u00e4t.\",\"breadcrumb\":{\"@id\":\"https:\/\/tonymora.com\/de\/produkt\/621-tx-sv-serraje-brash-tabaco\/#breadcrumb\"},\"inLanguage\":\"de\",\"potentialAction\":[{\"@type\":\"ReadAction\",\"target\":[\"https:\/\/tonymora.com\/de\/produkt\/621-tx-sv-serraje-brash-tabaco\/\"]}]},{\"@type\":\"ImageObject\",\"inLanguage\":\"de\",\"@id\":\"https:\/\/tonymora.com\/de\/produkt\/621-tx-sv-serraje-brash-tabaco\/#primaryimage\",\"url\":\"https:\/\/tonymora.com\/wp-content\/uploads\/2019\/07\/38.jpg\",\"contentUrl\":\"https:\/\/tonymora.com\/wp-content\/uploads\/2019\/07\/38.jpg\",\"width\":866,\"height\":1032},{\"@type\":\"BreadcrumbList\",\"@id\":\"https:\/\/tonymora.com\/de\/produkt\/621-tx-sv-serraje-brash-tabaco\/#breadcrumb\",\"itemListElement\":[{\"@type\":\"ListItem\",\"position\":1,\"name\":\"Portada\",\"item\":\"https:\/\/tonymora.com\/de\/\"},{\"@type\":\"ListItem\",\"position\":2,\"name\":\"Shop\",\"item\":\"https:\/\/tonymora.com\/de\/shop\/\"},{\"@type\":\"ListItem\",\"position\":3,\"name\":\"Herren\",\"item\":\"https:\/\/tonymora.com\/de\/produkt-kategorie\/herren\/\"},{\"@type\":\"ListItem\",\"position\":4,\"name\":\"621 TX SV SERRAJE BRASH TABACO\"}]},{\"@type\":\"WebSite\",\"@id\":\"https:\/\/tonymora.com\/de\/#website\",\"url\":\"https:\/\/tonymora.com\/de\/\",\"name\":\"Tony Mora\u00ae Boots Official Store\",\"description\":\"Cowboy Boots\",\"publisher\":{\"@id\":\"https:\/\/tonymora.com\/de\/#organization\"},\"potentialAction\":[{\"@type\":\"SearchAction\",\"target\":{\"@type\":\"EntryPoint\",\"urlTemplate\":\"https:\/\/tonymora.com\/de\/?s={search_term_string}\"},\"query-input\":{\"@type\":\"PropertyValueSpecification\",\"valueRequired\":true,\"valueName\":\"search_term_string\"}}],\"inLanguage\":\"de\"},{\"@type\":\"Organization\",\"@id\":\"https:\/\/tonymora.com\/de\/#organization\",\"name\":\"Tony Mora Boots\",\"url\":\"https:\/\/tonymora.com\/de\/\",\"logo\":{\"@type\":\"ImageObject\",\"inLanguage\":\"de\",\"@id\":\"https:\/\/tonymora.com\/de\/#\/schema\/logo\/image\/\",\"url\":\"https:\/\/tonymora.com\/wp-content\/uploads\/2023\/12\/LOGO.jpg\",\"contentUrl\":\"https:\/\/tonymora.com\/wp-content\/uploads\/2023\/12\/LOGO.jpg\",\"width\":2272,\"height\":1411,\"caption\":\"Tony Mora Boots\"},\"image\":{\"@id\":\"https:\/\/tonymora.com\/de\/#\/schema\/logo\/image\/\"},\"sameAs\":[\"https:\/\/www.facebook.com\/Tonymoraofficial\/\",\"https:\/\/www.instagram.com\/tonymoraofficial\/?hl=es\"]}]}<\/script>\n<!-- \/ Yoast SEO plugin. -->","yoast_head_json":{"title":"Herren-Cowboystiefel aus braunem Leder | Stil und Komfort","description":"Braune Cowboystiefel aus Leder f\u00fcr Herren. Rustikales Design, quadratische Zehenpartie und lang anhaltender Komfort, hergestellt aus 100 % Naturleder von h\u00f6chster Qualit\u00e4t.","robots":{"index":"index","follow":"follow","max-snippet":"max-snippet:-1","max-image-preview":"max-image-preview:large","max-video-preview":"max-video-preview:-1"},"canonical":"https:\/\/tonymora.com\/de\/produkt\/621-tx-sv-serraje-brash-tabaco\/","og_locale":"de_DE","og_type":"article","og_title":"Herren-Cowboystiefel aus braunem Leder | Stil und Komfort","og_description":"Braune Cowboystiefel aus Leder f\u00fcr Herren. Rustikales Design, quadratische Zehenpartie und lang anhaltender Komfort, hergestellt aus 100 % Naturleder von h\u00f6chster Qualit\u00e4t.","og_url":"https:\/\/tonymora.com\/de\/produkt\/621-tx-sv-serraje-brash-tabaco\/","og_site_name":"Tony Mora\u00ae Boots Official Store","article_publisher":"https:\/\/www.facebook.com\/Tonymoraofficial\/","article_modified_time":"2026-03-12T11:27:29+00:00","og_image":[{"width":866,"height":1032,"url":"https:\/\/tonymora.com\/wp-content\/uploads\/2019\/07\/38.jpg","type":"image\/jpeg"}],"twitter_card":"summary_large_image","schema":{"@context":"https:\/\/schema.org","@graph":[{"@type":"WebPage","@id":"https:\/\/tonymora.com\/de\/produkt\/621-tx-sv-serraje-brash-tabaco\/","url":"https:\/\/tonymora.com\/de\/produkt\/621-tx-sv-serraje-brash-tabaco\/","name":"Herren-Cowboystiefel aus braunem Leder | Stil und Komfort","isPartOf":{"@id":"https:\/\/tonymora.com\/de\/#website"},"primaryImageOfPage":{"@id":"https:\/\/tonymora.com\/de\/produkt\/621-tx-sv-serraje-brash-tabaco\/#primaryimage"},"image":{"@id":"https:\/\/tonymora.com\/de\/produkt\/621-tx-sv-serraje-brash-tabaco\/#primaryimage"},"thumbnailUrl":"https:\/\/tonymora.com\/wp-content\/uploads\/2019\/07\/38.jpg","datePublished":"2019-07-25T09:27:45+00:00","dateModified":"2026-03-12T11:27:29+00:00","description":"Braune Cowboystiefel aus Leder f\u00fcr Herren. Rustikales Design, quadratische Zehenpartie und lang anhaltender Komfort, hergestellt aus 100 % Naturleder von h\u00f6chster Qualit\u00e4t.","breadcrumb":{"@id":"https:\/\/tonymora.com\/de\/produkt\/621-tx-sv-serraje-brash-tabaco\/#breadcrumb"},"inLanguage":"de","potentialAction":[{"@type":"ReadAction","target":["https:\/\/tonymora.com\/de\/produkt\/621-tx-sv-serraje-brash-tabaco\/"]}]},{"@type":"ImageObject","inLanguage":"de","@id":"https:\/\/tonymora.com\/de\/produkt\/621-tx-sv-serraje-brash-tabaco\/#primaryimage","url":"https:\/\/tonymora.com\/wp-content\/uploads\/2019\/07\/38.jpg","contentUrl":"https:\/\/tonymora.com\/wp-content\/uploads\/2019\/07\/38.jpg","width":866,"height":1032},{"@type":"BreadcrumbList","@id":"https:\/\/tonymora.com\/de\/produkt\/621-tx-sv-serraje-brash-tabaco\/#breadcrumb","itemListElement":[{"@type":"ListItem","position":1,"name":"Portada","item":"https:\/\/tonymora.com\/de\/"},{"@type":"ListItem","position":2,"name":"Shop","item":"https:\/\/tonymora.com\/de\/shop\/"},{"@type":"ListItem","position":3,"name":"Herren","item":"https:\/\/tonymora.com\/de\/produkt-kategorie\/herren\/"},{"@type":"ListItem","position":4,"name":"621 TX SV SERRAJE BRASH TABACO"}]},{"@type":"WebSite","@id":"https:\/\/tonymora.com\/de\/#website","url":"https:\/\/tonymora.com\/de\/","name":"Tony Mora\u00ae Boots Official Store","description":"Cowboy Boots","publisher":{"@id":"https:\/\/tonymora.com\/de\/#organization"},"potentialAction":[{"@type":"SearchAction","target":{"@type":"EntryPoint","urlTemplate":"https:\/\/tonymora.com\/de\/?s={search_term_string}"},"query-input":{"@type":"PropertyValueSpecification","valueRequired":true,"valueName":"search_term_string"}}],"inLanguage":"de"},{"@type":"Organization","@id":"https:\/\/tonymora.com\/de\/#organization","name":"Tony Mora Boots","url":"https:\/\/tonymora.com\/de\/","logo":{"@type":"ImageObject","inLanguage":"de","@id":"https:\/\/tonymora.com\/de\/#\/schema\/logo\/image\/","url":"https:\/\/tonymora.com\/wp-content\/uploads\/2023\/12\/LOGO.jpg","contentUrl":"https:\/\/tonymora.com\/wp-content\/uploads\/2023\/12\/LOGO.jpg","width":2272,"height":1411,"caption":"Tony Mora Boots"},"image":{"@id":"https:\/\/tonymora.com\/de\/#\/schema\/logo\/image\/"},"sameAs":["https:\/\/www.facebook.com\/Tonymoraofficial\/","https:\/\/www.instagram.com\/tonymoraofficial\/?hl=es"]}]}},"_links":{"self":[{"href":"https:\/\/tonymora.com\/de\/wp-json\/wp\/v2\/product\/657142","targetHints":{"allow":["GET"]}}],"collection":[{"href":"https:\/\/tonymora.com\/de\/wp-json\/wp\/v2\/product"}],"about":[{"href":"https:\/\/tonymora.com\/de\/wp-json\/wp\/v2\/types\/product"}],"wp:featuredmedia":[{"embeddable":true,"href":"https:\/\/tonymora.com\/de\/wp-json\/wp\/v2\/media\/714396"}],"wp:attachment":[{"href":"https:\/\/tonymora.com\/de\/wp-json\/wp\/v2\/media?parent=657142"}],"wp:term":[{"taxonomy":"product_brand","embeddable":true,"href":"https:\/\/tonymora.com\/de\/wp-json\/wp\/v2\/product_brand?post=657142"},{"taxonomy":"product_cat","embeddable":true,"href":"https:\/\/tonymora.com\/de\/wp-json\/wp\/v2\/product_cat?post=657142"},{"taxonomy":"product_tag","embeddable":true,"href":"https:\/\/tonymora.com\/de\/wp-json\/wp\/v2\/product_tag?post=657142"}],"curies":[{"name":"wp","href":"https:\/\/api.w.org\/{rel}","templated":true}]}}