{"id":673080,"date":"2021-03-29T14:45:59","date_gmt":"2021-03-29T12:45:59","guid":{"rendered":"https:\/\/tonymora.com\/?post_type=product&#038;p=673080"},"modified":"2023-04-13T09:38:08","modified_gmt":"2023-04-13T07:38:08","slug":"1257-u-mon-manhatan-ebano-palermo","status":"publish","type":"product","link":"https:\/\/tonymora.com\/de\/produkt\/1257-u-mon-manhatan-ebano-palermo\/","title":{"rendered":"1257 U MON MANHATAN EBANO PALERMO"},"content":{"rendered":"<p style=\"text-align: center;\">Aus exklusivem Kalbsleder und mit unserem charakteristischen &#8222;Goodyear-System&#8220; gefertigt, ist dieses Modell ein Synonym f\u00fcr Komfort und Eleganz. Ein Klassiker aus unserer Manufaktur. Diese Boots sind perfekt f\u00fcr einen Tag im B\u00fcro oder ein besonderes Abendessen. Hergestellt aus weichem Leder in einem warmen Braunton, sind sie ein zeitloses Modell, das nie aus der Mode kommt und Sie immer begleiten wird.<\/p>\n","protected":false},"excerpt":{"rendered":"<p>Eine Wahl, die auf den ersten Blick etwas Besonderes ist. Funktionalit\u00e4t mit einem Hauch von Raffinesse.<br \/>\nEin subtiles Statement von gutem Geschmack und Selbstbewusstsein.<\/p>\n","protected":false},"featured_media":673052,"template":"","meta":{"_mbp_gutenberg_autopost":false},"product_brand":[771,773,775,777,779,781,783,785],"product_cat":[216,214],"product_tag":[],"class_list":{"0":"post-673080","1":"product","2":"type-product","3":"status-publish","4":"has-post-thumbnail","6":"product_brand-talla-hombre-40","7":"product_brand-talla-hombre-41","8":"product_brand-talla-hombre-42","9":"product_brand-talla-hombre-43","10":"product_brand-talla-hombre-44","11":"product_brand-talla-hombre-45","12":"product_brand-talla-hombre-46","13":"product_brand-talla-hombre-47","14":"product_cat-casualstiefel-herren","15":"product_cat-herren","17":"first","18":"instock","19":"taxable","20":"shipping-taxable","21":"product-type-variable"},"supplier_id":null,"supplier_sku":"","barcode":null,"atum_controlled":true,"out_stock_date":null,"out_stock_threshold":null,"inheritable":true,"inbound_stock":0,"stock_on_hold":0,"sold_today":0,"sales_last_days":0,"reserved_stock":0,"customer_returns":0,"warehouse_damage":0,"lost_in_post":0,"other_logs":0,"out_stock_days":0,"lost_sales":0,"has_location":false,"update_date":"2024-08-02T14:07:01","atum_locations":[],"atum_stock_status":"outofstock","restock_status":false,"low_stock_amount":"","sales_update_date":"2024-07-09T08:27:05","calc_backorders":null,"yoast_head":"<!-- This site is optimized with the Yoast SEO plugin v27.4 - https:\/\/yoast.com\/product\/yoast-seo-wordpress\/ -->\n<title>1257 U MON MANHATAN EBANO PALERMO - Tony Mora\u00ae Boots Official Store<\/title>\n<meta name=\"description\" content=\"Aus exklusivem Kalbsleder und mit unserem charakteristischen &quot;Goodyear-System&quot; gefertigt, ist dieses Modell ein Synonym f\u00fcr Komfort.\" \/>\n<meta name=\"robots\" content=\"index, follow, max-snippet:-1, max-image-preview:large, max-video-preview:-1\" \/>\n<link rel=\"canonical\" href=\"https:\/\/tonymora.com\/de\/produkt\/1257-u-mon-manhatan-ebano-palermo\/\" \/>\n<meta property=\"og:locale\" content=\"de_DE\" \/>\n<meta property=\"og:type\" content=\"article\" \/>\n<meta property=\"og:title\" content=\"1257 U MON MANHATAN EBANO PALERMO - Tony Mora\u00ae Boots Official Store\" \/>\n<meta property=\"og:description\" content=\"Aus exklusivem Kalbsleder und mit unserem charakteristischen &quot;Goodyear-System&quot; gefertigt, ist dieses Modell ein Synonym f\u00fcr Komfort.\" \/>\n<meta property=\"og:url\" content=\"https:\/\/tonymora.com\/de\/produkt\/1257-u-mon-manhatan-ebano-palermo\/\" \/>\n<meta property=\"og:site_name\" content=\"Tony Mora\u00ae Boots Official Store\" \/>\n<meta property=\"article:publisher\" content=\"https:\/\/www.facebook.com\/Tonymoraofficial\/\" \/>\n<meta property=\"article:modified_time\" content=\"2023-04-13T07:38:08+00:00\" \/>\n<meta property=\"og:image\" content=\"https:\/\/tonymora.com\/wp-content\/uploads\/2021\/03\/2-4.jpg\" \/>\n\t<meta property=\"og:image:width\" content=\"866\" \/>\n\t<meta property=\"og:image:height\" content=\"1032\" \/>\n\t<meta property=\"og:image:type\" content=\"image\/jpeg\" \/>\n<meta name=\"twitter:card\" content=\"summary_large_image\" \/>\n<script type=\"application\/ld+json\" class=\"yoast-schema-graph\">{\"@context\":\"https:\\\/\\\/schema.org\",\"@graph\":[{\"@type\":\"WebPage\",\"@id\":\"https:\\\/\\\/tonymora.com\\\/de\\\/produkt\\\/1257-u-mon-manhatan-ebano-palermo\\\/\",\"url\":\"https:\\\/\\\/tonymora.com\\\/de\\\/produkt\\\/1257-u-mon-manhatan-ebano-palermo\\\/\",\"name\":\"1257 U MON MANHATAN EBANO PALERMO - Tony Mora\u00ae Boots Official Store\",\"isPartOf\":{\"@id\":\"https:\\\/\\\/tonymora.com\\\/de\\\/#website\"},\"primaryImageOfPage\":{\"@id\":\"https:\\\/\\\/tonymora.com\\\/de\\\/produkt\\\/1257-u-mon-manhatan-ebano-palermo\\\/#primaryimage\"},\"image\":{\"@id\":\"https:\\\/\\\/tonymora.com\\\/de\\\/produkt\\\/1257-u-mon-manhatan-ebano-palermo\\\/#primaryimage\"},\"thumbnailUrl\":\"https:\\\/\\\/tonymora.com\\\/wp-content\\\/uploads\\\/2021\\\/03\\\/2-4.jpg\",\"datePublished\":\"2021-03-29T12:45:59+00:00\",\"dateModified\":\"2023-04-13T07:38:08+00:00\",\"description\":\"Aus exklusivem Kalbsleder und mit unserem charakteristischen \\\"Goodyear-System\\\" gefertigt, ist dieses Modell ein Synonym f\u00fcr Komfort.\",\"breadcrumb\":{\"@id\":\"https:\\\/\\\/tonymora.com\\\/de\\\/produkt\\\/1257-u-mon-manhatan-ebano-palermo\\\/#breadcrumb\"},\"inLanguage\":\"de\",\"potentialAction\":[{\"@type\":\"ReadAction\",\"target\":[\"https:\\\/\\\/tonymora.com\\\/de\\\/produkt\\\/1257-u-mon-manhatan-ebano-palermo\\\/\"]}]},{\"@type\":\"ImageObject\",\"inLanguage\":\"de\",\"@id\":\"https:\\\/\\\/tonymora.com\\\/de\\\/produkt\\\/1257-u-mon-manhatan-ebano-palermo\\\/#primaryimage\",\"url\":\"https:\\\/\\\/tonymora.com\\\/wp-content\\\/uploads\\\/2021\\\/03\\\/2-4.jpg\",\"contentUrl\":\"https:\\\/\\\/tonymora.com\\\/wp-content\\\/uploads\\\/2021\\\/03\\\/2-4.jpg\",\"width\":866,\"height\":1032},{\"@type\":\"BreadcrumbList\",\"@id\":\"https:\\\/\\\/tonymora.com\\\/de\\\/produkt\\\/1257-u-mon-manhatan-ebano-palermo\\\/#breadcrumb\",\"itemListElement\":[{\"@type\":\"ListItem\",\"position\":1,\"name\":\"Portada\",\"item\":\"https:\\\/\\\/tonymora.com\\\/de\\\/\"},{\"@type\":\"ListItem\",\"position\":2,\"name\":\"Shop\",\"item\":\"https:\\\/\\\/tonymora.com\\\/de\\\/shop\\\/\"},{\"@type\":\"ListItem\",\"position\":3,\"name\":\"Herren\",\"item\":\"https:\\\/\\\/tonymora.com\\\/de\\\/produkt-kategorie\\\/herren\\\/\"},{\"@type\":\"ListItem\",\"position\":4,\"name\":\"Casual Stiefel Herren\",\"item\":\"https:\\\/\\\/tonymora.com\\\/de\\\/produkt-kategorie\\\/herren\\\/casualstiefel-herren\\\/\"},{\"@type\":\"ListItem\",\"position\":5,\"name\":\"1257 U MON MANHATAN EBANO PALERMO\"}]},{\"@type\":\"WebSite\",\"@id\":\"https:\\\/\\\/tonymora.com\\\/de\\\/#website\",\"url\":\"https:\\\/\\\/tonymora.com\\\/de\\\/\",\"name\":\"Tony Mora\u00ae Boots Official Store\",\"description\":\"Cowboy Boots\",\"publisher\":{\"@id\":\"https:\\\/\\\/tonymora.com\\\/de\\\/#organization\"},\"potentialAction\":[{\"@type\":\"SearchAction\",\"target\":{\"@type\":\"EntryPoint\",\"urlTemplate\":\"https:\\\/\\\/tonymora.com\\\/de\\\/?s={search_term_string}\"},\"query-input\":{\"@type\":\"PropertyValueSpecification\",\"valueRequired\":true,\"valueName\":\"search_term_string\"}}],\"inLanguage\":\"de\"},{\"@type\":\"Organization\",\"@id\":\"https:\\\/\\\/tonymora.com\\\/de\\\/#organization\",\"name\":\"Tony Mora Boots\",\"url\":\"https:\\\/\\\/tonymora.com\\\/de\\\/\",\"logo\":{\"@type\":\"ImageObject\",\"inLanguage\":\"de\",\"@id\":\"https:\\\/\\\/tonymora.com\\\/de\\\/#\\\/schema\\\/logo\\\/image\\\/\",\"url\":\"https:\\\/\\\/tonymora.com\\\/wp-content\\\/uploads\\\/2023\\\/12\\\/LOGO.jpg\",\"contentUrl\":\"https:\\\/\\\/tonymora.com\\\/wp-content\\\/uploads\\\/2023\\\/12\\\/LOGO.jpg\",\"width\":2272,\"height\":1411,\"caption\":\"Tony Mora Boots\"},\"image\":{\"@id\":\"https:\\\/\\\/tonymora.com\\\/de\\\/#\\\/schema\\\/logo\\\/image\\\/\"},\"sameAs\":[\"https:\\\/\\\/www.facebook.com\\\/Tonymoraofficial\\\/\",\"https:\\\/\\\/www.instagram.com\\\/tonymoraofficial\\\/?hl=es\"]}]}<\/script>\n<!-- \/ Yoast SEO plugin. -->","yoast_head_json":{"title":"1257 U MON MANHATAN EBANO PALERMO - Tony Mora\u00ae Boots Official Store","description":"Aus exklusivem Kalbsleder und mit unserem charakteristischen \"Goodyear-System\" gefertigt, ist dieses Modell ein Synonym f\u00fcr Komfort.","robots":{"index":"index","follow":"follow","max-snippet":"max-snippet:-1","max-image-preview":"max-image-preview:large","max-video-preview":"max-video-preview:-1"},"canonical":"https:\/\/tonymora.com\/de\/produkt\/1257-u-mon-manhatan-ebano-palermo\/","og_locale":"de_DE","og_type":"article","og_title":"1257 U MON MANHATAN EBANO PALERMO - Tony Mora\u00ae Boots Official Store","og_description":"Aus exklusivem Kalbsleder und mit unserem charakteristischen \"Goodyear-System\" gefertigt, ist dieses Modell ein Synonym f\u00fcr Komfort.","og_url":"https:\/\/tonymora.com\/de\/produkt\/1257-u-mon-manhatan-ebano-palermo\/","og_site_name":"Tony Mora\u00ae Boots Official Store","article_publisher":"https:\/\/www.facebook.com\/Tonymoraofficial\/","article_modified_time":"2023-04-13T07:38:08+00:00","og_image":[{"width":866,"height":1032,"url":"https:\/\/tonymora.com\/wp-content\/uploads\/2021\/03\/2-4.jpg","type":"image\/jpeg"}],"twitter_card":"summary_large_image","schema":{"@context":"https:\/\/schema.org","@graph":[{"@type":"WebPage","@id":"https:\/\/tonymora.com\/de\/produkt\/1257-u-mon-manhatan-ebano-palermo\/","url":"https:\/\/tonymora.com\/de\/produkt\/1257-u-mon-manhatan-ebano-palermo\/","name":"1257 U MON MANHATAN EBANO PALERMO - Tony Mora\u00ae Boots Official Store","isPartOf":{"@id":"https:\/\/tonymora.com\/de\/#website"},"primaryImageOfPage":{"@id":"https:\/\/tonymora.com\/de\/produkt\/1257-u-mon-manhatan-ebano-palermo\/#primaryimage"},"image":{"@id":"https:\/\/tonymora.com\/de\/produkt\/1257-u-mon-manhatan-ebano-palermo\/#primaryimage"},"thumbnailUrl":"https:\/\/tonymora.com\/wp-content\/uploads\/2021\/03\/2-4.jpg","datePublished":"2021-03-29T12:45:59+00:00","dateModified":"2023-04-13T07:38:08+00:00","description":"Aus exklusivem Kalbsleder und mit unserem charakteristischen \"Goodyear-System\" gefertigt, ist dieses Modell ein Synonym f\u00fcr Komfort.","breadcrumb":{"@id":"https:\/\/tonymora.com\/de\/produkt\/1257-u-mon-manhatan-ebano-palermo\/#breadcrumb"},"inLanguage":"de","potentialAction":[{"@type":"ReadAction","target":["https:\/\/tonymora.com\/de\/produkt\/1257-u-mon-manhatan-ebano-palermo\/"]}]},{"@type":"ImageObject","inLanguage":"de","@id":"https:\/\/tonymora.com\/de\/produkt\/1257-u-mon-manhatan-ebano-palermo\/#primaryimage","url":"https:\/\/tonymora.com\/wp-content\/uploads\/2021\/03\/2-4.jpg","contentUrl":"https:\/\/tonymora.com\/wp-content\/uploads\/2021\/03\/2-4.jpg","width":866,"height":1032},{"@type":"BreadcrumbList","@id":"https:\/\/tonymora.com\/de\/produkt\/1257-u-mon-manhatan-ebano-palermo\/#breadcrumb","itemListElement":[{"@type":"ListItem","position":1,"name":"Portada","item":"https:\/\/tonymora.com\/de\/"},{"@type":"ListItem","position":2,"name":"Shop","item":"https:\/\/tonymora.com\/de\/shop\/"},{"@type":"ListItem","position":3,"name":"Herren","item":"https:\/\/tonymora.com\/de\/produkt-kategorie\/herren\/"},{"@type":"ListItem","position":4,"name":"Casual Stiefel Herren","item":"https:\/\/tonymora.com\/de\/produkt-kategorie\/herren\/casualstiefel-herren\/"},{"@type":"ListItem","position":5,"name":"1257 U MON MANHATAN EBANO PALERMO"}]},{"@type":"WebSite","@id":"https:\/\/tonymora.com\/de\/#website","url":"https:\/\/tonymora.com\/de\/","name":"Tony Mora\u00ae Boots Official Store","description":"Cowboy Boots","publisher":{"@id":"https:\/\/tonymora.com\/de\/#organization"},"potentialAction":[{"@type":"SearchAction","target":{"@type":"EntryPoint","urlTemplate":"https:\/\/tonymora.com\/de\/?s={search_term_string}"},"query-input":{"@type":"PropertyValueSpecification","valueRequired":true,"valueName":"search_term_string"}}],"inLanguage":"de"},{"@type":"Organization","@id":"https:\/\/tonymora.com\/de\/#organization","name":"Tony Mora Boots","url":"https:\/\/tonymora.com\/de\/","logo":{"@type":"ImageObject","inLanguage":"de","@id":"https:\/\/tonymora.com\/de\/#\/schema\/logo\/image\/","url":"https:\/\/tonymora.com\/wp-content\/uploads\/2023\/12\/LOGO.jpg","contentUrl":"https:\/\/tonymora.com\/wp-content\/uploads\/2023\/12\/LOGO.jpg","width":2272,"height":1411,"caption":"Tony Mora Boots"},"image":{"@id":"https:\/\/tonymora.com\/de\/#\/schema\/logo\/image\/"},"sameAs":["https:\/\/www.facebook.com\/Tonymoraofficial\/","https:\/\/www.instagram.com\/tonymoraofficial\/?hl=es"]}]}},"_links":{"self":[{"href":"https:\/\/tonymora.com\/de\/wp-json\/wp\/v2\/product\/673080","targetHints":{"allow":["GET"]}}],"collection":[{"href":"https:\/\/tonymora.com\/de\/wp-json\/wp\/v2\/product"}],"about":[{"href":"https:\/\/tonymora.com\/de\/wp-json\/wp\/v2\/types\/product"}],"wp:featuredmedia":[{"embeddable":true,"href":"https:\/\/tonymora.com\/de\/wp-json\/wp\/v2\/media\/673052"}],"wp:attachment":[{"href":"https:\/\/tonymora.com\/de\/wp-json\/wp\/v2\/media?parent=673080"}],"wp:term":[{"taxonomy":"product_brand","embeddable":true,"href":"https:\/\/tonymora.com\/de\/wp-json\/wp\/v2\/product_brand?post=673080"},{"taxonomy":"product_cat","embeddable":true,"href":"https:\/\/tonymora.com\/de\/wp-json\/wp\/v2\/product_cat?post=673080"},{"taxonomy":"product_tag","embeddable":true,"href":"https:\/\/tonymora.com\/de\/wp-json\/wp\/v2\/product_tag?post=673080"}],"curies":[{"name":"wp","href":"https:\/\/api.w.org\/{rel}","templated":true}]}}