{"id":673557,"date":"2021-03-29T16:21:16","date_gmt":"2021-03-29T14:21:16","guid":{"rendered":"https:\/\/tonymora.com\/?post_type=product&#038;p=673557"},"modified":"2023-11-09T09:33:19","modified_gmt":"2023-11-09T08:33:19","slug":"1216-virgi-lini-python-137-creme-vacheta-cuero-creme","status":"publish","type":"product","link":"https:\/\/tonymora.com\/de\/produkt\/1216-virgi-lini-python-137-creme-vacheta-cuero-creme\/","title":{"rendered":"1216 VIRGI LINI PYTHON 137 CREME\/ VACHETA CUERO CREME"},"content":{"rendered":"<p style=\"text-align: left;\">Dieses Modell ist das Markenzeichen des Hauses. Unsere Erfahrung in der Kunst, Leder zu kombinieren und mit Texturen und Farben zu spielen, resultiert in diesem sch\u00f6nen und einzigartigen Modell. Wir widmen dem Schnitt des Kalbsleders f\u00fcr die Gestaltung des Schafts und der Ferse besondere Aufmerksamkeit, um ein elegantes Cowboy-Design zu schaffen, das in ein au\u00dfergew\u00f6hnliches Pythonleder an der Schuhspitze \u00fcbergeht. Die Sch\u00e4fte haben eine adlerf\u00f6rmige Stepparbeit, ein Klassiker, der nicht aus der Mode kommt. Nehmen Sie dieses einzigartige Modell aus der Tony Mora Familie. Ein notwendiger Klassiker.<\/p>\n","protected":false},"excerpt":{"rendered":"<p>Nat\u00fcrliche Eleganz in einer Silhouette, die alle Blicke auf sich zieht.<br \/>\nDer letzte Schliff, der Schlichtheit in etwas Unvergessliches verwandelt.<\/p>\n","protected":false},"featured_media":673529,"template":"","meta":{"_mbp_gutenberg_autopost":false},"product_brand":[761],"product_cat":[170,167,224],"product_tag":[],"class_list":{"0":"post-673557","1":"product","2":"type-product","3":"status-publish","4":"has-post-thumbnail","6":"product_brand-talla-mujer-38","7":"product_cat-cowboystiefel-damen","8":"product_cat-damen","9":"product_cat-luxusstiefel-damen","11":"first","12":"outofstock","13":"taxable","14":"shipping-taxable","15":"purchasable","16":"product-type-variable"},"supplier_id":null,"supplier_sku":"","barcode":null,"atum_controlled":true,"out_stock_date":null,"out_stock_threshold":null,"inheritable":true,"inbound_stock":0,"stock_on_hold":0,"sold_today":0,"sales_last_days":0,"reserved_stock":0,"customer_returns":0,"warehouse_damage":0,"lost_in_post":0,"other_logs":0,"out_stock_days":0,"lost_sales":0,"has_location":false,"update_date":"2024-07-08T12:00:48","atum_locations":[],"atum_stock_status":"outofstock","restock_status":false,"low_stock_amount":"","sales_update_date":"2024-07-08T12:00:48","calc_backorders":null,"yoast_head":"<!-- This site is optimized with the Yoast SEO plugin v27.4 - https:\/\/yoast.com\/product\/yoast-seo-wordpress\/ -->\n<title>1216 VIRGI LINI PYTHON 137 CREME\/ VACHETA CUERO CREME - Tony Mora\u00ae Boots Official Store<\/title>\n<meta name=\"description\" content=\"Dieses Modell ist das Markenzeichen des Hauses. Unsere Erfahrung in der Kunst, Leder zu kombinieren und mit Texturen und Farben zu spielen\" \/>\n<meta name=\"robots\" content=\"index, follow, max-snippet:-1, max-image-preview:large, max-video-preview:-1\" \/>\n<link rel=\"canonical\" href=\"https:\/\/tonymora.com\/de\/produkt\/1216-virgi-lini-python-137-creme-vacheta-cuero-creme\/\" \/>\n<meta property=\"og:locale\" content=\"de_DE\" \/>\n<meta property=\"og:type\" content=\"article\" \/>\n<meta property=\"og:title\" content=\"1216 VIRGI LINI PYTHON 137 CREME\/ VACHETA CUERO CREME - Tony Mora\u00ae Boots Official Store\" \/>\n<meta property=\"og:description\" content=\"Dieses Modell ist das Markenzeichen des Hauses. Unsere Erfahrung in der Kunst, Leder zu kombinieren und mit Texturen und Farben zu spielen\" \/>\n<meta property=\"og:url\" content=\"https:\/\/tonymora.com\/de\/produkt\/1216-virgi-lini-python-137-creme-vacheta-cuero-creme\/\" \/>\n<meta property=\"og:site_name\" content=\"Tony Mora\u00ae Boots Official Store\" \/>\n<meta property=\"article:publisher\" content=\"https:\/\/www.facebook.com\/Tonymoraofficial\/\" \/>\n<meta property=\"article:modified_time\" content=\"2023-11-09T08:33:19+00:00\" \/>\n<meta property=\"og:image\" content=\"https:\/\/tonymora.com\/wp-content\/uploads\/2021\/03\/2-14.jpg\" \/>\n\t<meta property=\"og:image:width\" content=\"866\" \/>\n\t<meta property=\"og:image:height\" content=\"1032\" \/>\n\t<meta property=\"og:image:type\" content=\"image\/jpeg\" \/>\n<meta name=\"twitter:card\" content=\"summary_large_image\" \/>\n<script type=\"application\/ld+json\" class=\"yoast-schema-graph\">{\"@context\":\"https:\\\/\\\/schema.org\",\"@graph\":[{\"@type\":\"WebPage\",\"@id\":\"https:\\\/\\\/tonymora.com\\\/de\\\/produkt\\\/1216-virgi-lini-python-137-creme-vacheta-cuero-creme\\\/\",\"url\":\"https:\\\/\\\/tonymora.com\\\/de\\\/produkt\\\/1216-virgi-lini-python-137-creme-vacheta-cuero-creme\\\/\",\"name\":\"1216 VIRGI LINI PYTHON 137 CREME\\\/ VACHETA CUERO CREME - Tony Mora\u00ae Boots Official Store\",\"isPartOf\":{\"@id\":\"https:\\\/\\\/tonymora.com\\\/de\\\/#website\"},\"primaryImageOfPage\":{\"@id\":\"https:\\\/\\\/tonymora.com\\\/de\\\/produkt\\\/1216-virgi-lini-python-137-creme-vacheta-cuero-creme\\\/#primaryimage\"},\"image\":{\"@id\":\"https:\\\/\\\/tonymora.com\\\/de\\\/produkt\\\/1216-virgi-lini-python-137-creme-vacheta-cuero-creme\\\/#primaryimage\"},\"thumbnailUrl\":\"https:\\\/\\\/tonymora.com\\\/wp-content\\\/uploads\\\/2021\\\/03\\\/2-14.jpg\",\"datePublished\":\"2021-03-29T14:21:16+00:00\",\"dateModified\":\"2023-11-09T08:33:19+00:00\",\"description\":\"Dieses Modell ist das Markenzeichen des Hauses. Unsere Erfahrung in der Kunst, Leder zu kombinieren und mit Texturen und Farben zu spielen\",\"breadcrumb\":{\"@id\":\"https:\\\/\\\/tonymora.com\\\/de\\\/produkt\\\/1216-virgi-lini-python-137-creme-vacheta-cuero-creme\\\/#breadcrumb\"},\"inLanguage\":\"de\",\"potentialAction\":[{\"@type\":\"ReadAction\",\"target\":[\"https:\\\/\\\/tonymora.com\\\/de\\\/produkt\\\/1216-virgi-lini-python-137-creme-vacheta-cuero-creme\\\/\"]}]},{\"@type\":\"ImageObject\",\"inLanguage\":\"de\",\"@id\":\"https:\\\/\\\/tonymora.com\\\/de\\\/produkt\\\/1216-virgi-lini-python-137-creme-vacheta-cuero-creme\\\/#primaryimage\",\"url\":\"https:\\\/\\\/tonymora.com\\\/wp-content\\\/uploads\\\/2021\\\/03\\\/2-14.jpg\",\"contentUrl\":\"https:\\\/\\\/tonymora.com\\\/wp-content\\\/uploads\\\/2021\\\/03\\\/2-14.jpg\",\"width\":866,\"height\":1032},{\"@type\":\"BreadcrumbList\",\"@id\":\"https:\\\/\\\/tonymora.com\\\/de\\\/produkt\\\/1216-virgi-lini-python-137-creme-vacheta-cuero-creme\\\/#breadcrumb\",\"itemListElement\":[{\"@type\":\"ListItem\",\"position\":1,\"name\":\"Portada\",\"item\":\"https:\\\/\\\/tonymora.com\\\/de\\\/\"},{\"@type\":\"ListItem\",\"position\":2,\"name\":\"Shop\",\"item\":\"https:\\\/\\\/tonymora.com\\\/de\\\/shop\\\/\"},{\"@type\":\"ListItem\",\"position\":3,\"name\":\"Damen\",\"item\":\"https:\\\/\\\/tonymora.com\\\/de\\\/produkt-kategorie\\\/damen\\\/\"},{\"@type\":\"ListItem\",\"position\":4,\"name\":\"1216 VIRGI LINI PYTHON 137 CREME\\\/ VACHETA CUERO CREME\"}]},{\"@type\":\"WebSite\",\"@id\":\"https:\\\/\\\/tonymora.com\\\/de\\\/#website\",\"url\":\"https:\\\/\\\/tonymora.com\\\/de\\\/\",\"name\":\"Tony Mora\u00ae Boots Official Store\",\"description\":\"Cowboy Boots\",\"publisher\":{\"@id\":\"https:\\\/\\\/tonymora.com\\\/de\\\/#organization\"},\"potentialAction\":[{\"@type\":\"SearchAction\",\"target\":{\"@type\":\"EntryPoint\",\"urlTemplate\":\"https:\\\/\\\/tonymora.com\\\/de\\\/?s={search_term_string}\"},\"query-input\":{\"@type\":\"PropertyValueSpecification\",\"valueRequired\":true,\"valueName\":\"search_term_string\"}}],\"inLanguage\":\"de\"},{\"@type\":\"Organization\",\"@id\":\"https:\\\/\\\/tonymora.com\\\/de\\\/#organization\",\"name\":\"Tony Mora Boots\",\"url\":\"https:\\\/\\\/tonymora.com\\\/de\\\/\",\"logo\":{\"@type\":\"ImageObject\",\"inLanguage\":\"de\",\"@id\":\"https:\\\/\\\/tonymora.com\\\/de\\\/#\\\/schema\\\/logo\\\/image\\\/\",\"url\":\"https:\\\/\\\/tonymora.com\\\/wp-content\\\/uploads\\\/2023\\\/12\\\/LOGO.jpg\",\"contentUrl\":\"https:\\\/\\\/tonymora.com\\\/wp-content\\\/uploads\\\/2023\\\/12\\\/LOGO.jpg\",\"width\":2272,\"height\":1411,\"caption\":\"Tony Mora Boots\"},\"image\":{\"@id\":\"https:\\\/\\\/tonymora.com\\\/de\\\/#\\\/schema\\\/logo\\\/image\\\/\"},\"sameAs\":[\"https:\\\/\\\/www.facebook.com\\\/Tonymoraofficial\\\/\",\"https:\\\/\\\/www.instagram.com\\\/tonymoraofficial\\\/?hl=es\"]}]}<\/script>\n<!-- \/ Yoast SEO plugin. -->","yoast_head_json":{"title":"1216 VIRGI LINI PYTHON 137 CREME\/ VACHETA CUERO CREME - Tony Mora\u00ae Boots Official Store","description":"Dieses Modell ist das Markenzeichen des Hauses. Unsere Erfahrung in der Kunst, Leder zu kombinieren und mit Texturen und Farben zu spielen","robots":{"index":"index","follow":"follow","max-snippet":"max-snippet:-1","max-image-preview":"max-image-preview:large","max-video-preview":"max-video-preview:-1"},"canonical":"https:\/\/tonymora.com\/de\/produkt\/1216-virgi-lini-python-137-creme-vacheta-cuero-creme\/","og_locale":"de_DE","og_type":"article","og_title":"1216 VIRGI LINI PYTHON 137 CREME\/ VACHETA CUERO CREME - Tony Mora\u00ae Boots Official Store","og_description":"Dieses Modell ist das Markenzeichen des Hauses. Unsere Erfahrung in der Kunst, Leder zu kombinieren und mit Texturen und Farben zu spielen","og_url":"https:\/\/tonymora.com\/de\/produkt\/1216-virgi-lini-python-137-creme-vacheta-cuero-creme\/","og_site_name":"Tony Mora\u00ae Boots Official Store","article_publisher":"https:\/\/www.facebook.com\/Tonymoraofficial\/","article_modified_time":"2023-11-09T08:33:19+00:00","og_image":[{"width":866,"height":1032,"url":"https:\/\/tonymora.com\/wp-content\/uploads\/2021\/03\/2-14.jpg","type":"image\/jpeg"}],"twitter_card":"summary_large_image","schema":{"@context":"https:\/\/schema.org","@graph":[{"@type":"WebPage","@id":"https:\/\/tonymora.com\/de\/produkt\/1216-virgi-lini-python-137-creme-vacheta-cuero-creme\/","url":"https:\/\/tonymora.com\/de\/produkt\/1216-virgi-lini-python-137-creme-vacheta-cuero-creme\/","name":"1216 VIRGI LINI PYTHON 137 CREME\/ VACHETA CUERO CREME - Tony Mora\u00ae Boots Official Store","isPartOf":{"@id":"https:\/\/tonymora.com\/de\/#website"},"primaryImageOfPage":{"@id":"https:\/\/tonymora.com\/de\/produkt\/1216-virgi-lini-python-137-creme-vacheta-cuero-creme\/#primaryimage"},"image":{"@id":"https:\/\/tonymora.com\/de\/produkt\/1216-virgi-lini-python-137-creme-vacheta-cuero-creme\/#primaryimage"},"thumbnailUrl":"https:\/\/tonymora.com\/wp-content\/uploads\/2021\/03\/2-14.jpg","datePublished":"2021-03-29T14:21:16+00:00","dateModified":"2023-11-09T08:33:19+00:00","description":"Dieses Modell ist das Markenzeichen des Hauses. Unsere Erfahrung in der Kunst, Leder zu kombinieren und mit Texturen und Farben zu spielen","breadcrumb":{"@id":"https:\/\/tonymora.com\/de\/produkt\/1216-virgi-lini-python-137-creme-vacheta-cuero-creme\/#breadcrumb"},"inLanguage":"de","potentialAction":[{"@type":"ReadAction","target":["https:\/\/tonymora.com\/de\/produkt\/1216-virgi-lini-python-137-creme-vacheta-cuero-creme\/"]}]},{"@type":"ImageObject","inLanguage":"de","@id":"https:\/\/tonymora.com\/de\/produkt\/1216-virgi-lini-python-137-creme-vacheta-cuero-creme\/#primaryimage","url":"https:\/\/tonymora.com\/wp-content\/uploads\/2021\/03\/2-14.jpg","contentUrl":"https:\/\/tonymora.com\/wp-content\/uploads\/2021\/03\/2-14.jpg","width":866,"height":1032},{"@type":"BreadcrumbList","@id":"https:\/\/tonymora.com\/de\/produkt\/1216-virgi-lini-python-137-creme-vacheta-cuero-creme\/#breadcrumb","itemListElement":[{"@type":"ListItem","position":1,"name":"Portada","item":"https:\/\/tonymora.com\/de\/"},{"@type":"ListItem","position":2,"name":"Shop","item":"https:\/\/tonymora.com\/de\/shop\/"},{"@type":"ListItem","position":3,"name":"Damen","item":"https:\/\/tonymora.com\/de\/produkt-kategorie\/damen\/"},{"@type":"ListItem","position":4,"name":"1216 VIRGI LINI PYTHON 137 CREME\/ VACHETA CUERO CREME"}]},{"@type":"WebSite","@id":"https:\/\/tonymora.com\/de\/#website","url":"https:\/\/tonymora.com\/de\/","name":"Tony Mora\u00ae Boots Official Store","description":"Cowboy Boots","publisher":{"@id":"https:\/\/tonymora.com\/de\/#organization"},"potentialAction":[{"@type":"SearchAction","target":{"@type":"EntryPoint","urlTemplate":"https:\/\/tonymora.com\/de\/?s={search_term_string}"},"query-input":{"@type":"PropertyValueSpecification","valueRequired":true,"valueName":"search_term_string"}}],"inLanguage":"de"},{"@type":"Organization","@id":"https:\/\/tonymora.com\/de\/#organization","name":"Tony Mora Boots","url":"https:\/\/tonymora.com\/de\/","logo":{"@type":"ImageObject","inLanguage":"de","@id":"https:\/\/tonymora.com\/de\/#\/schema\/logo\/image\/","url":"https:\/\/tonymora.com\/wp-content\/uploads\/2023\/12\/LOGO.jpg","contentUrl":"https:\/\/tonymora.com\/wp-content\/uploads\/2023\/12\/LOGO.jpg","width":2272,"height":1411,"caption":"Tony Mora Boots"},"image":{"@id":"https:\/\/tonymora.com\/de\/#\/schema\/logo\/image\/"},"sameAs":["https:\/\/www.facebook.com\/Tonymoraofficial\/","https:\/\/www.instagram.com\/tonymoraofficial\/?hl=es"]}]}},"_links":{"self":[{"href":"https:\/\/tonymora.com\/de\/wp-json\/wp\/v2\/product\/673557","targetHints":{"allow":["GET"]}}],"collection":[{"href":"https:\/\/tonymora.com\/de\/wp-json\/wp\/v2\/product"}],"about":[{"href":"https:\/\/tonymora.com\/de\/wp-json\/wp\/v2\/types\/product"}],"wp:featuredmedia":[{"embeddable":true,"href":"https:\/\/tonymora.com\/de\/wp-json\/wp\/v2\/media\/673529"}],"wp:attachment":[{"href":"https:\/\/tonymora.com\/de\/wp-json\/wp\/v2\/media?parent=673557"}],"wp:term":[{"taxonomy":"product_brand","embeddable":true,"href":"https:\/\/tonymora.com\/de\/wp-json\/wp\/v2\/product_brand?post=673557"},{"taxonomy":"product_cat","embeddable":true,"href":"https:\/\/tonymora.com\/de\/wp-json\/wp\/v2\/product_cat?post=673557"},{"taxonomy":"product_tag","embeddable":true,"href":"https:\/\/tonymora.com\/de\/wp-json\/wp\/v2\/product_tag?post=673557"}],"curies":[{"name":"wp","href":"https:\/\/api.w.org\/{rel}","templated":true}]}}