{"id":673706,"date":"2021-03-30T08:35:06","date_gmt":"2021-03-30T06:35:06","guid":{"rendered":"https:\/\/tonymora.com\/?post_type=product&#038;p=673706"},"modified":"2023-11-09T09:53:48","modified_gmt":"2023-11-09T08:53:48","slug":"1862-j-lini-conoly-schwarz","status":"publish","type":"product","link":"https:\/\/tonymora.com\/de\/produkt\/1862-j-lini-conoly-schwarz\/","title":{"rendered":"1862 J LINI CONOLY SCHWARZ"},"content":{"rendered":"<p style=\"text-align: left;\">Ein ganz besonderes Modell dank der sorgf\u00e4ltigen Handwerkskunst der &#8222;Pr\u00e4gung&#8220; des Leders, das ein Relief-Design auf dem Schaft erm\u00f6glicht. Jedes Teil ist von Hand bemalt, jeder Stiefel einzigartig und originell. Mit der bequemen Spitze werden Sie die Boots vom ersten Tag an lieben. Wo immer auch Sie hingehen, tragen Sie Tony Mora Qualit\u00e4t.<\/p>\n","protected":false},"excerpt":{"rendered":"<p>Nat\u00fcrliche Eleganz in einer Silhouette, die alle Blicke auf sich zieht. Eine ausdrucksstarke Silhouette, die Selbstbewusstsein ausstrahlt.<br \/>\nEin Kleidungsst\u00fcck, das Ihre Pers\u00f6nlichkeit unterstreicht und Ihnen m\u00fchelos Eleganz verleiht.<\/p>\n","protected":false},"featured_media":673681,"template":"","meta":{"_mbp_gutenberg_autopost":false},"product_brand":[759,763,765],"product_cat":[1174,169,167,1141,168,1135],"product_tag":[],"class_list":{"0":"post-673706","1":"product","2":"type-product","3":"status-publish","4":"has-post-thumbnail","6":"product_brand-talla-mujer-37","7":"product_brand-talla-mujer-39","8":"product_brand-talla-mujer-40","9":"product_cat-black-friday-de","10":"product_cat-casual-damenstiefel","11":"product_cat-damen","12":"product_cat-lederstiefel-damen","13":"product_cat-line-dancing-stiefel-damen","14":"product_cat-rabatte-damenstiefel","16":"first","17":"outofstock","18":"taxable","19":"shipping-taxable","20":"purchasable","21":"product-type-variable"},"supplier_id":null,"supplier_sku":"","barcode":null,"atum_controlled":true,"out_stock_date":null,"out_stock_threshold":null,"inheritable":true,"inbound_stock":0,"stock_on_hold":0,"sold_today":0,"sales_last_days":0,"reserved_stock":0,"customer_returns":0,"warehouse_damage":0,"lost_in_post":0,"other_logs":0,"out_stock_days":0,"lost_sales":0,"has_location":false,"update_date":"2025-04-08T00:46:07","atum_locations":[],"atum_stock_status":"instock","restock_status":false,"low_stock_amount":"","sales_update_date":"2024-04-24T22:32:18","calc_backorders":null,"yoast_head":"<!-- This site is optimized with the Yoast SEO plugin v27.4 - https:\/\/yoast.com\/product\/yoast-seo-wordpress\/ -->\n<title>1862 J LINI CONOLY SCHWARZ - Tony Mora\u00ae Boots Official Store<\/title>\n<meta name=\"description\" content=\"Ein ganz besonderes Modell dank der sorgf\u00e4ltigen Handwerkskunst der &quot;Pr\u00e4gung&quot; des Leders, das ein Relief-Design auf dem Schaft erm\u00f6glicht\" \/>\n<meta name=\"robots\" content=\"index, follow, max-snippet:-1, max-image-preview:large, max-video-preview:-1\" \/>\n<link rel=\"canonical\" href=\"https:\/\/tonymora.com\/de\/produkt\/1862-j-lini-conoly-schwarz\/\" \/>\n<meta property=\"og:locale\" content=\"de_DE\" \/>\n<meta property=\"og:type\" content=\"article\" \/>\n<meta property=\"og:title\" content=\"1862 J LINI CONOLY SCHWARZ - Tony Mora\u00ae Boots Official Store\" \/>\n<meta property=\"og:description\" content=\"Ein ganz besonderes Modell dank der sorgf\u00e4ltigen Handwerkskunst der &quot;Pr\u00e4gung&quot; des Leders, das ein Relief-Design auf dem Schaft erm\u00f6glicht\" \/>\n<meta property=\"og:url\" content=\"https:\/\/tonymora.com\/de\/produkt\/1862-j-lini-conoly-schwarz\/\" \/>\n<meta property=\"og:site_name\" content=\"Tony Mora\u00ae Boots Official Store\" \/>\n<meta property=\"article:publisher\" content=\"https:\/\/www.facebook.com\/Tonymoraofficial\/\" \/>\n<meta property=\"article:modified_time\" content=\"2023-11-09T08:53:48+00:00\" \/>\n<meta property=\"og:image\" content=\"https:\/\/tonymora.com\/wp-content\/uploads\/2021\/03\/2-17.jpg\" \/>\n\t<meta property=\"og:image:width\" content=\"866\" \/>\n\t<meta property=\"og:image:height\" content=\"1032\" \/>\n\t<meta property=\"og:image:type\" content=\"image\/jpeg\" \/>\n<meta name=\"twitter:card\" content=\"summary_large_image\" \/>\n<script type=\"application\/ld+json\" class=\"yoast-schema-graph\">{\"@context\":\"https:\\\/\\\/schema.org\",\"@graph\":[{\"@type\":\"WebPage\",\"@id\":\"https:\\\/\\\/tonymora.com\\\/de\\\/produkt\\\/1862-j-lini-conoly-schwarz\\\/\",\"url\":\"https:\\\/\\\/tonymora.com\\\/de\\\/produkt\\\/1862-j-lini-conoly-schwarz\\\/\",\"name\":\"1862 J LINI CONOLY SCHWARZ - Tony Mora\u00ae Boots Official Store\",\"isPartOf\":{\"@id\":\"https:\\\/\\\/tonymora.com\\\/de\\\/#website\"},\"primaryImageOfPage\":{\"@id\":\"https:\\\/\\\/tonymora.com\\\/de\\\/produkt\\\/1862-j-lini-conoly-schwarz\\\/#primaryimage\"},\"image\":{\"@id\":\"https:\\\/\\\/tonymora.com\\\/de\\\/produkt\\\/1862-j-lini-conoly-schwarz\\\/#primaryimage\"},\"thumbnailUrl\":\"https:\\\/\\\/tonymora.com\\\/wp-content\\\/uploads\\\/2021\\\/03\\\/2-17.jpg\",\"datePublished\":\"2021-03-30T06:35:06+00:00\",\"dateModified\":\"2023-11-09T08:53:48+00:00\",\"description\":\"Ein ganz besonderes Modell dank der sorgf\u00e4ltigen Handwerkskunst der \\\"Pr\u00e4gung\\\" des Leders, das ein Relief-Design auf dem Schaft erm\u00f6glicht\",\"breadcrumb\":{\"@id\":\"https:\\\/\\\/tonymora.com\\\/de\\\/produkt\\\/1862-j-lini-conoly-schwarz\\\/#breadcrumb\"},\"inLanguage\":\"de\",\"potentialAction\":[{\"@type\":\"ReadAction\",\"target\":[\"https:\\\/\\\/tonymora.com\\\/de\\\/produkt\\\/1862-j-lini-conoly-schwarz\\\/\"]}]},{\"@type\":\"ImageObject\",\"inLanguage\":\"de\",\"@id\":\"https:\\\/\\\/tonymora.com\\\/de\\\/produkt\\\/1862-j-lini-conoly-schwarz\\\/#primaryimage\",\"url\":\"https:\\\/\\\/tonymora.com\\\/wp-content\\\/uploads\\\/2021\\\/03\\\/2-17.jpg\",\"contentUrl\":\"https:\\\/\\\/tonymora.com\\\/wp-content\\\/uploads\\\/2021\\\/03\\\/2-17.jpg\",\"width\":866,\"height\":1032},{\"@type\":\"BreadcrumbList\",\"@id\":\"https:\\\/\\\/tonymora.com\\\/de\\\/produkt\\\/1862-j-lini-conoly-schwarz\\\/#breadcrumb\",\"itemListElement\":[{\"@type\":\"ListItem\",\"position\":1,\"name\":\"Portada\",\"item\":\"https:\\\/\\\/tonymora.com\\\/de\\\/\"},{\"@type\":\"ListItem\",\"position\":2,\"name\":\"Shop\",\"item\":\"https:\\\/\\\/tonymora.com\\\/de\\\/shop\\\/\"},{\"@type\":\"ListItem\",\"position\":3,\"name\":\"Damen\",\"item\":\"https:\\\/\\\/tonymora.com\\\/de\\\/produkt-kategorie\\\/damen\\\/\"},{\"@type\":\"ListItem\",\"position\":4,\"name\":\"1862 J LINI CONOLY SCHWARZ\"}]},{\"@type\":\"WebSite\",\"@id\":\"https:\\\/\\\/tonymora.com\\\/de\\\/#website\",\"url\":\"https:\\\/\\\/tonymora.com\\\/de\\\/\",\"name\":\"Tony Mora\u00ae Boots Official Store\",\"description\":\"Cowboy Boots\",\"publisher\":{\"@id\":\"https:\\\/\\\/tonymora.com\\\/de\\\/#organization\"},\"potentialAction\":[{\"@type\":\"SearchAction\",\"target\":{\"@type\":\"EntryPoint\",\"urlTemplate\":\"https:\\\/\\\/tonymora.com\\\/de\\\/?s={search_term_string}\"},\"query-input\":{\"@type\":\"PropertyValueSpecification\",\"valueRequired\":true,\"valueName\":\"search_term_string\"}}],\"inLanguage\":\"de\"},{\"@type\":\"Organization\",\"@id\":\"https:\\\/\\\/tonymora.com\\\/de\\\/#organization\",\"name\":\"Tony Mora Boots\",\"url\":\"https:\\\/\\\/tonymora.com\\\/de\\\/\",\"logo\":{\"@type\":\"ImageObject\",\"inLanguage\":\"de\",\"@id\":\"https:\\\/\\\/tonymora.com\\\/de\\\/#\\\/schema\\\/logo\\\/image\\\/\",\"url\":\"https:\\\/\\\/tonymora.com\\\/wp-content\\\/uploads\\\/2023\\\/12\\\/LOGO.jpg\",\"contentUrl\":\"https:\\\/\\\/tonymora.com\\\/wp-content\\\/uploads\\\/2023\\\/12\\\/LOGO.jpg\",\"width\":2272,\"height\":1411,\"caption\":\"Tony Mora Boots\"},\"image\":{\"@id\":\"https:\\\/\\\/tonymora.com\\\/de\\\/#\\\/schema\\\/logo\\\/image\\\/\"},\"sameAs\":[\"https:\\\/\\\/www.facebook.com\\\/Tonymoraofficial\\\/\",\"https:\\\/\\\/www.instagram.com\\\/tonymoraofficial\\\/?hl=es\"]}]}<\/script>\n<!-- \/ Yoast SEO plugin. -->","yoast_head_json":{"title":"1862 J LINI CONOLY SCHWARZ - Tony Mora\u00ae Boots Official Store","description":"Ein ganz besonderes Modell dank der sorgf\u00e4ltigen Handwerkskunst der \"Pr\u00e4gung\" des Leders, das ein Relief-Design auf dem Schaft erm\u00f6glicht","robots":{"index":"index","follow":"follow","max-snippet":"max-snippet:-1","max-image-preview":"max-image-preview:large","max-video-preview":"max-video-preview:-1"},"canonical":"https:\/\/tonymora.com\/de\/produkt\/1862-j-lini-conoly-schwarz\/","og_locale":"de_DE","og_type":"article","og_title":"1862 J LINI CONOLY SCHWARZ - Tony Mora\u00ae Boots Official Store","og_description":"Ein ganz besonderes Modell dank der sorgf\u00e4ltigen Handwerkskunst der \"Pr\u00e4gung\" des Leders, das ein Relief-Design auf dem Schaft erm\u00f6glicht","og_url":"https:\/\/tonymora.com\/de\/produkt\/1862-j-lini-conoly-schwarz\/","og_site_name":"Tony Mora\u00ae Boots Official Store","article_publisher":"https:\/\/www.facebook.com\/Tonymoraofficial\/","article_modified_time":"2023-11-09T08:53:48+00:00","og_image":[{"width":866,"height":1032,"url":"https:\/\/tonymora.com\/wp-content\/uploads\/2021\/03\/2-17.jpg","type":"image\/jpeg"}],"twitter_card":"summary_large_image","schema":{"@context":"https:\/\/schema.org","@graph":[{"@type":"WebPage","@id":"https:\/\/tonymora.com\/de\/produkt\/1862-j-lini-conoly-schwarz\/","url":"https:\/\/tonymora.com\/de\/produkt\/1862-j-lini-conoly-schwarz\/","name":"1862 J LINI CONOLY SCHWARZ - Tony Mora\u00ae Boots Official Store","isPartOf":{"@id":"https:\/\/tonymora.com\/de\/#website"},"primaryImageOfPage":{"@id":"https:\/\/tonymora.com\/de\/produkt\/1862-j-lini-conoly-schwarz\/#primaryimage"},"image":{"@id":"https:\/\/tonymora.com\/de\/produkt\/1862-j-lini-conoly-schwarz\/#primaryimage"},"thumbnailUrl":"https:\/\/tonymora.com\/wp-content\/uploads\/2021\/03\/2-17.jpg","datePublished":"2021-03-30T06:35:06+00:00","dateModified":"2023-11-09T08:53:48+00:00","description":"Ein ganz besonderes Modell dank der sorgf\u00e4ltigen Handwerkskunst der \"Pr\u00e4gung\" des Leders, das ein Relief-Design auf dem Schaft erm\u00f6glicht","breadcrumb":{"@id":"https:\/\/tonymora.com\/de\/produkt\/1862-j-lini-conoly-schwarz\/#breadcrumb"},"inLanguage":"de","potentialAction":[{"@type":"ReadAction","target":["https:\/\/tonymora.com\/de\/produkt\/1862-j-lini-conoly-schwarz\/"]}]},{"@type":"ImageObject","inLanguage":"de","@id":"https:\/\/tonymora.com\/de\/produkt\/1862-j-lini-conoly-schwarz\/#primaryimage","url":"https:\/\/tonymora.com\/wp-content\/uploads\/2021\/03\/2-17.jpg","contentUrl":"https:\/\/tonymora.com\/wp-content\/uploads\/2021\/03\/2-17.jpg","width":866,"height":1032},{"@type":"BreadcrumbList","@id":"https:\/\/tonymora.com\/de\/produkt\/1862-j-lini-conoly-schwarz\/#breadcrumb","itemListElement":[{"@type":"ListItem","position":1,"name":"Portada","item":"https:\/\/tonymora.com\/de\/"},{"@type":"ListItem","position":2,"name":"Shop","item":"https:\/\/tonymora.com\/de\/shop\/"},{"@type":"ListItem","position":3,"name":"Damen","item":"https:\/\/tonymora.com\/de\/produkt-kategorie\/damen\/"},{"@type":"ListItem","position":4,"name":"1862 J LINI CONOLY SCHWARZ"}]},{"@type":"WebSite","@id":"https:\/\/tonymora.com\/de\/#website","url":"https:\/\/tonymora.com\/de\/","name":"Tony Mora\u00ae Boots Official Store","description":"Cowboy Boots","publisher":{"@id":"https:\/\/tonymora.com\/de\/#organization"},"potentialAction":[{"@type":"SearchAction","target":{"@type":"EntryPoint","urlTemplate":"https:\/\/tonymora.com\/de\/?s={search_term_string}"},"query-input":{"@type":"PropertyValueSpecification","valueRequired":true,"valueName":"search_term_string"}}],"inLanguage":"de"},{"@type":"Organization","@id":"https:\/\/tonymora.com\/de\/#organization","name":"Tony Mora Boots","url":"https:\/\/tonymora.com\/de\/","logo":{"@type":"ImageObject","inLanguage":"de","@id":"https:\/\/tonymora.com\/de\/#\/schema\/logo\/image\/","url":"https:\/\/tonymora.com\/wp-content\/uploads\/2023\/12\/LOGO.jpg","contentUrl":"https:\/\/tonymora.com\/wp-content\/uploads\/2023\/12\/LOGO.jpg","width":2272,"height":1411,"caption":"Tony Mora Boots"},"image":{"@id":"https:\/\/tonymora.com\/de\/#\/schema\/logo\/image\/"},"sameAs":["https:\/\/www.facebook.com\/Tonymoraofficial\/","https:\/\/www.instagram.com\/tonymoraofficial\/?hl=es"]}]}},"_links":{"self":[{"href":"https:\/\/tonymora.com\/de\/wp-json\/wp\/v2\/product\/673706","targetHints":{"allow":["GET"]}}],"collection":[{"href":"https:\/\/tonymora.com\/de\/wp-json\/wp\/v2\/product"}],"about":[{"href":"https:\/\/tonymora.com\/de\/wp-json\/wp\/v2\/types\/product"}],"wp:featuredmedia":[{"embeddable":true,"href":"https:\/\/tonymora.com\/de\/wp-json\/wp\/v2\/media\/673681"}],"wp:attachment":[{"href":"https:\/\/tonymora.com\/de\/wp-json\/wp\/v2\/media?parent=673706"}],"wp:term":[{"taxonomy":"product_brand","embeddable":true,"href":"https:\/\/tonymora.com\/de\/wp-json\/wp\/v2\/product_brand?post=673706"},{"taxonomy":"product_cat","embeddable":true,"href":"https:\/\/tonymora.com\/de\/wp-json\/wp\/v2\/product_cat?post=673706"},{"taxonomy":"product_tag","embeddable":true,"href":"https:\/\/tonymora.com\/de\/wp-json\/wp\/v2\/product_tag?post=673706"}],"curies":[{"name":"wp","href":"https:\/\/api.w.org\/{rel}","templated":true}]}}