{"id":673906,"date":"2021-03-30T09:13:11","date_gmt":"2021-03-30T07:13:11","guid":{"rendered":"https:\/\/tonymora.com\/?post_type=product&#038;p=673906"},"modified":"2023-11-09T09:56:04","modified_gmt":"2023-11-09T08:56:04","slug":"4374-j-lini-palermo-leder","status":"publish","type":"product","link":"https:\/\/tonymora.com\/de\/produkt\/4374-j-lini-palermo-leder\/","title":{"rendered":"4374 J LINI PALERMO LEDER"},"content":{"rendered":"<p style=\"text-align: left;\">Wir lieben den Fr\u00fchling und noch mehr, ihn immer bei uns zu tragen! Diese Stiefelette ist aus mehreren Gr\u00fcnden ideal. Das weiche hautfarbene Leder l\u00e4sst sich zu jeder Jahreszeit tragen und mit jeder Farbe kombinieren. Die Schafth\u00f6he ist perfekt zu Hosen oder Kleidern. Die abgerundete Spitze macht ihn vom ersten Moment an bequem und gem\u00fctlich. Und schlie\u00dflich verleiht das Stickerei-Design diesem Stil eine subtile und sehr feminine Note. Verlieben Sie sich in dieses erstaunliche Design und genie\u00dfen Sie es bei jeder Gelegenheit.<\/p>\n","protected":false},"excerpt":{"rendered":"<p>Eine Wahl, die auf den ersten Blick besonders wirkt. Absolute Eleganz in dunklem Ton.<br \/>\nEntworfen f\u00fcr all jene, die Eleganz als Haltung verstehen.<\/p>\n","protected":false},"featured_media":673881,"template":"","meta":{"_mbp_gutenberg_autopost":false},"product_brand":[757,759,761,763,765,767],"product_cat":[167,226,1141,1135],"product_tag":[],"class_list":{"0":"post-673906","1":"product","2":"type-product","3":"status-publish","4":"has-post-thumbnail","6":"product_brand-talla-mujer-36","7":"product_brand-talla-mujer-37","8":"product_brand-talla-mujer-38","9":"product_brand-talla-mujer-39","10":"product_brand-talla-mujer-40","11":"product_brand-talla-mujer-41","12":"product_cat-damen","13":"product_cat-damen-stiefeletten","14":"product_cat-lederstiefel-damen","15":"product_cat-rabatte-damenstiefel","17":"first","18":"outofstock","19":"taxable","20":"shipping-taxable","21":"purchasable","22":"product-type-variable"},"_links":{"self":[{"href":"https:\/\/tonymora.com\/de\/wp-json\/wp\/v2\/product\/673906","targetHints":{"allow":["GET"]}}],"collection":[{"href":"https:\/\/tonymora.com\/de\/wp-json\/wp\/v2\/product"}],"about":[{"href":"https:\/\/tonymora.com\/de\/wp-json\/wp\/v2\/types\/product"}],"wp:featuredmedia":[{"embeddable":true,"href":"https:\/\/tonymora.com\/de\/wp-json\/wp\/v2\/media\/673881"}],"wp:attachment":[{"href":"https:\/\/tonymora.com\/de\/wp-json\/wp\/v2\/media?parent=673906"}],"wp:term":[{"taxonomy":"product_brand","embeddable":true,"href":"https:\/\/tonymora.com\/de\/wp-json\/wp\/v2\/product_brand?post=673906"},{"taxonomy":"product_cat","embeddable":true,"href":"https:\/\/tonymora.com\/de\/wp-json\/wp\/v2\/product_cat?post=673906"},{"taxonomy":"product_tag","embeddable":true,"href":"https:\/\/tonymora.com\/de\/wp-json\/wp\/v2\/product_tag?post=673906"}],"curies":[{"name":"wp","href":"https:\/\/api.w.org\/{rel}","templated":true}]}}