{"id":674007,"date":"2021-03-30T09:29:52","date_gmt":"2021-03-30T07:29:52","guid":{"rendered":"https:\/\/tonymora.com\/?post_type=product&#038;p=674007"},"modified":"2026-05-11T19:34:49","modified_gmt":"2026-05-11T17:34:49","slug":"5621-daslu-lini-serraje-marino","status":"publish","type":"product","link":"https:\/\/tonymora.com\/de\/produkt\/5621-daslu-lini-serraje-marino\/","title":{"rendered":"5621 DASLU LINI SERRAJE MARINO"},"content":{"rendered":"<p style=\"text-align: left;>Tragen Sie den Fr\u00fchling an den F\u00fc\u00dfen dank diesem spektakul\u00e4ren Modell mit scharfer Spitze und mittelhohem Absatz. Komplett aus Wildleder gefertigt und in unserer Fabrik in einem intensiven Marineblau handgef\u00e4rbt. Verpassen Sie nicht aufwendige Stickerei, ein Blumenmuster in einem hellblauen Faden, das ein sehr weiches und feminines Farbspiel erzeugt.<\/p>\n","protected":false},"excerpt":{"rendered":"<p>Nat\u00fcrliche Eleganz in einer Silhouette, die ins Auge f\u00e4llt. Das Detail, das den Look perfekt abrundet. Ein subtiles Statement von gutem Geschmack und Selbstbewusstsein.<\/p>\n","protected":false},"featured_media":673982,"template":"","meta":{"_mbp_gutenberg_autopost":false},"product_brand":[],"product_cat":[1174,169,167,226,1141,1135],"product_tag":[],"class_list":{"0":"post-674007","1":"product","2":"type-product","3":"status-publish","4":"has-post-thumbnail","6":"product_cat-black-friday-de","7":"product_cat-casual-damenstiefel","8":"product_cat-damen","9":"product_cat-damen-stiefeletten","10":"product_cat-lederstiefel-damen","11":"product_cat-rabatte-damenstiefel","13":"first","14":"instock","15":"taxable","16":"shipping-taxable","17":"purchasable","18":"product-type-variable"},"_links":{"self":[{"href":"https:\/\/tonymora.com\/de\/wp-json\/wp\/v2\/product\/674007","targetHints":{"allow":["GET"]}}],"collection":[{"href":"https:\/\/tonymora.com\/de\/wp-json\/wp\/v2\/product"}],"about":[{"href":"https:\/\/tonymora.com\/de\/wp-json\/wp\/v2\/types\/product"}],"wp:featuredmedia":[{"embeddable":true,"href":"https:\/\/tonymora.com\/de\/wp-json\/wp\/v2\/media\/673982"}],"wp:attachment":[{"href":"https:\/\/tonymora.com\/de\/wp-json\/wp\/v2\/media?parent=674007"}],"wp:term":[{"taxonomy":"product_brand","embeddable":true,"href":"https:\/\/tonymora.com\/de\/wp-json\/wp\/v2\/product_brand?post=674007"},{"taxonomy":"product_cat","embeddable":true,"href":"https:\/\/tonymora.com\/de\/wp-json\/wp\/v2\/product_cat?post=674007"},{"taxonomy":"product_tag","embeddable":true,"href":"https:\/\/tonymora.com\/de\/wp-json\/wp\/v2\/product_tag?post=674007"}],"curies":[{"name":"wp","href":"https:\/\/api.w.org\/{rel}","templated":true}]}}