{"id":674663,"date":"2021-04-12T11:02:21","date_gmt":"2021-04-12T09:02:21","guid":{"rendered":"https:\/\/tonymora.com\/?post_type=product&#038;p=674663"},"modified":"2025-10-20T16:35:57","modified_gmt":"2025-10-20T14:35:57","slug":"shopper-bag-piton-bw","status":"publish","type":"product","link":"https:\/\/tonymora.com\/de\/produkt\/shopper-bag-piton-bw\/","title":{"rendered":"SHOPPER BAG PITON BW"},"content":{"rendered":"<p style=\"text-align: left;\">Unsere schwarz-wei\u00dfe Python-Ledertasche wird immer ein modischer Begleiter sein. Sie ist aus exklusivem Leder gefertigt, f\u00fchlt sich sehr weich an und ist eine Tasche von au\u00dfergew\u00f6hnlicher Sch\u00f6nheit. Ihre Gr\u00f6\u00dfe macht sie perfekt f\u00fcr einen Arbeitstag oder einen Einkaufsbummel. Der mittelgro\u00dfe Griff aus weichem Kalbsleder ist mit einer Kreuznaht versehen, was dem Leder Kontrast und St\u00e4rke verleiht. Die Tasche hat einen raffinierten Verschluss an der Vorderseite und ist aus 100 % Kalbsleder gefertigt.<br \/>\nVerlieben Sie sich in die W\u00e4rme und Eleganz dieses Designs.<\/p>\n","protected":false},"excerpt":{"rendered":"<p>Charakter und Eleganz in perfekter Balance. Eine ausdrucksstarke Silhouette, die Ihnen Selbstbewusstsein verleiht.<br \/>\nEin Kleidungsst\u00fcck, das Sie heute, morgen und in vielen Jahren mit derselben Ausstrahlung tragen k\u00f6nnen.<\/p>\n","protected":false},"featured_media":684140,"template":"","meta":{"_mbp_gutenberg_autopost":false},"product_brand":[],"product_cat":[1174,541],"product_tag":[],"class_list":{"0":"post-674663","1":"product","2":"type-product","3":"status-publish","4":"has-post-thumbnail","6":"product_cat-black-friday-de","7":"product_cat-handtaschen","9":"first","10":"instock","11":"taxable","12":"shipping-taxable","13":"purchasable","14":"product-type-simple"},"supplier_id":null,"supplier_sku":"","barcode":null,"atum_controlled":false,"out_stock_date":null,"out_stock_threshold":null,"inheritable":false,"inbound_stock":0,"stock_on_hold":1,"sold_today":1,"sales_last_days":1,"reserved_stock":0,"customer_returns":0,"warehouse_damage":0,"lost_in_post":0,"other_logs":0,"out_stock_days":0,"lost_sales":0,"has_location":false,"update_date":"2026-03-17T11:58:00","atum_locations":[],"atum_stock_status":"instock","restock_status":false,"low_stock_amount":2,"sales_update_date":"2026-02-20T20:52:30","calc_backorders":null,"yoast_head":"<!-- This site is optimized with the Yoast SEO plugin v27.4 - https:\/\/yoast.com\/product\/yoast-seo-wordpress\/ -->\n<title>Schwarz-wei\u00dfe Shopper-Tasche aus Pythonleder | Eleganz und Stil<\/title>\n<meta name=\"description\" content=\"Shopper-Tasche aus schwarz-wei\u00dfem Pythonleder, weich und exklusiv. Perfekt f\u00fcr den t\u00e4glichen Gebrauch mit einem Hauch von Raffinesse und Funktionalit\u00e4t. Finde es heraus!\" \/>\n<meta name=\"robots\" content=\"index, follow, max-snippet:-1, max-image-preview:large, max-video-preview:-1\" \/>\n<link rel=\"canonical\" href=\"https:\/\/tonymora.com\/de\/produkt\/shopper-bag-piton-bw\/\" \/>\n<meta property=\"og:locale\" content=\"de_DE\" \/>\n<meta property=\"og:type\" content=\"article\" \/>\n<meta property=\"og:title\" content=\"Schwarz-wei\u00dfe Shopper-Tasche aus Pythonleder | Eleganz und Stil\" \/>\n<meta property=\"og:description\" content=\"Shopper-Tasche aus schwarz-wei\u00dfem Pythonleder, weich und exklusiv. Perfekt f\u00fcr den t\u00e4glichen Gebrauch mit einem Hauch von Raffinesse und Funktionalit\u00e4t. Finde es heraus!\" \/>\n<meta property=\"og:url\" content=\"https:\/\/tonymora.com\/de\/produkt\/shopper-bag-piton-bw\/\" \/>\n<meta property=\"og:site_name\" content=\"Tony Mora\u00ae Boots Official Store\" \/>\n<meta property=\"article:publisher\" content=\"https:\/\/www.facebook.com\/Tonymoraofficial\/\" \/>\n<meta property=\"article:modified_time\" content=\"2025-10-20T14:35:57+00:00\" \/>\n<meta property=\"og:image\" content=\"https:\/\/tonymora.com\/wp-content\/uploads\/2021\/04\/03_principal.jpg\" \/>\n\t<meta property=\"og:image:width\" content=\"866\" \/>\n\t<meta property=\"og:image:height\" content=\"1032\" \/>\n\t<meta property=\"og:image:type\" content=\"image\/jpeg\" \/>\n<meta name=\"twitter:card\" content=\"summary_large_image\" \/>\n<script type=\"application\/ld+json\" class=\"yoast-schema-graph\">{\"@context\":\"https:\\\/\\\/schema.org\",\"@graph\":[{\"@type\":\"WebPage\",\"@id\":\"https:\\\/\\\/tonymora.com\\\/de\\\/produkt\\\/shopper-bag-piton-bw\\\/\",\"url\":\"https:\\\/\\\/tonymora.com\\\/de\\\/produkt\\\/shopper-bag-piton-bw\\\/\",\"name\":\"Schwarz-wei\u00dfe Shopper-Tasche aus Pythonleder | Eleganz und Stil\",\"isPartOf\":{\"@id\":\"https:\\\/\\\/tonymora.com\\\/de\\\/#website\"},\"primaryImageOfPage\":{\"@id\":\"https:\\\/\\\/tonymora.com\\\/de\\\/produkt\\\/shopper-bag-piton-bw\\\/#primaryimage\"},\"image\":{\"@id\":\"https:\\\/\\\/tonymora.com\\\/de\\\/produkt\\\/shopper-bag-piton-bw\\\/#primaryimage\"},\"thumbnailUrl\":\"https:\\\/\\\/tonymora.com\\\/wp-content\\\/uploads\\\/2021\\\/04\\\/03_principal.jpg\",\"datePublished\":\"2021-04-12T09:02:21+00:00\",\"dateModified\":\"2025-10-20T14:35:57+00:00\",\"description\":\"Shopper-Tasche aus schwarz-wei\u00dfem Pythonleder, weich und exklusiv. Perfekt f\u00fcr den t\u00e4glichen Gebrauch mit einem Hauch von Raffinesse und Funktionalit\u00e4t. Finde es heraus!\",\"breadcrumb\":{\"@id\":\"https:\\\/\\\/tonymora.com\\\/de\\\/produkt\\\/shopper-bag-piton-bw\\\/#breadcrumb\"},\"inLanguage\":\"de\",\"potentialAction\":[{\"@type\":\"ReadAction\",\"target\":[\"https:\\\/\\\/tonymora.com\\\/de\\\/produkt\\\/shopper-bag-piton-bw\\\/\"]}]},{\"@type\":\"ImageObject\",\"inLanguage\":\"de\",\"@id\":\"https:\\\/\\\/tonymora.com\\\/de\\\/produkt\\\/shopper-bag-piton-bw\\\/#primaryimage\",\"url\":\"https:\\\/\\\/tonymora.com\\\/wp-content\\\/uploads\\\/2021\\\/04\\\/03_principal.jpg\",\"contentUrl\":\"https:\\\/\\\/tonymora.com\\\/wp-content\\\/uploads\\\/2021\\\/04\\\/03_principal.jpg\",\"width\":866,\"height\":1032},{\"@type\":\"BreadcrumbList\",\"@id\":\"https:\\\/\\\/tonymora.com\\\/de\\\/produkt\\\/shopper-bag-piton-bw\\\/#breadcrumb\",\"itemListElement\":[{\"@type\":\"ListItem\",\"position\":1,\"name\":\"Portada\",\"item\":\"https:\\\/\\\/tonymora.com\\\/de\\\/\"},{\"@type\":\"ListItem\",\"position\":2,\"name\":\"Shop\",\"item\":\"https:\\\/\\\/tonymora.com\\\/de\\\/shop\\\/\"},{\"@type\":\"ListItem\",\"position\":3,\"name\":\"Damen\",\"item\":\"https:\\\/\\\/tonymora.com\\\/de\\\/produkt-kategorie\\\/damen\\\/\"},{\"@type\":\"ListItem\",\"position\":4,\"name\":\"Handtaschen\",\"item\":\"https:\\\/\\\/tonymora.com\\\/de\\\/produkt-kategorie\\\/damen\\\/handtaschen\\\/\"},{\"@type\":\"ListItem\",\"position\":5,\"name\":\"SHOPPER BAG PITON BW\"}]},{\"@type\":\"WebSite\",\"@id\":\"https:\\\/\\\/tonymora.com\\\/de\\\/#website\",\"url\":\"https:\\\/\\\/tonymora.com\\\/de\\\/\",\"name\":\"Tony Mora\u00ae Boots Official Store\",\"description\":\"Cowboy Boots\",\"publisher\":{\"@id\":\"https:\\\/\\\/tonymora.com\\\/de\\\/#organization\"},\"potentialAction\":[{\"@type\":\"SearchAction\",\"target\":{\"@type\":\"EntryPoint\",\"urlTemplate\":\"https:\\\/\\\/tonymora.com\\\/de\\\/?s={search_term_string}\"},\"query-input\":{\"@type\":\"PropertyValueSpecification\",\"valueRequired\":true,\"valueName\":\"search_term_string\"}}],\"inLanguage\":\"de\"},{\"@type\":\"Organization\",\"@id\":\"https:\\\/\\\/tonymora.com\\\/de\\\/#organization\",\"name\":\"Tony Mora Boots\",\"url\":\"https:\\\/\\\/tonymora.com\\\/de\\\/\",\"logo\":{\"@type\":\"ImageObject\",\"inLanguage\":\"de\",\"@id\":\"https:\\\/\\\/tonymora.com\\\/de\\\/#\\\/schema\\\/logo\\\/image\\\/\",\"url\":\"https:\\\/\\\/tonymora.com\\\/wp-content\\\/uploads\\\/2023\\\/12\\\/LOGO.jpg\",\"contentUrl\":\"https:\\\/\\\/tonymora.com\\\/wp-content\\\/uploads\\\/2023\\\/12\\\/LOGO.jpg\",\"width\":2272,\"height\":1411,\"caption\":\"Tony Mora Boots\"},\"image\":{\"@id\":\"https:\\\/\\\/tonymora.com\\\/de\\\/#\\\/schema\\\/logo\\\/image\\\/\"},\"sameAs\":[\"https:\\\/\\\/www.facebook.com\\\/Tonymoraofficial\\\/\",\"https:\\\/\\\/www.instagram.com\\\/tonymoraofficial\\\/?hl=es\"]}]}<\/script>\n<!-- \/ Yoast SEO plugin. -->","yoast_head_json":{"title":"Schwarz-wei\u00dfe Shopper-Tasche aus Pythonleder | Eleganz und Stil","description":"Shopper-Tasche aus schwarz-wei\u00dfem Pythonleder, weich und exklusiv. Perfekt f\u00fcr den t\u00e4glichen Gebrauch mit einem Hauch von Raffinesse und Funktionalit\u00e4t. Finde es heraus!","robots":{"index":"index","follow":"follow","max-snippet":"max-snippet:-1","max-image-preview":"max-image-preview:large","max-video-preview":"max-video-preview:-1"},"canonical":"https:\/\/tonymora.com\/de\/produkt\/shopper-bag-piton-bw\/","og_locale":"de_DE","og_type":"article","og_title":"Schwarz-wei\u00dfe Shopper-Tasche aus Pythonleder | Eleganz und Stil","og_description":"Shopper-Tasche aus schwarz-wei\u00dfem Pythonleder, weich und exklusiv. Perfekt f\u00fcr den t\u00e4glichen Gebrauch mit einem Hauch von Raffinesse und Funktionalit\u00e4t. Finde es heraus!","og_url":"https:\/\/tonymora.com\/de\/produkt\/shopper-bag-piton-bw\/","og_site_name":"Tony Mora\u00ae Boots Official Store","article_publisher":"https:\/\/www.facebook.com\/Tonymoraofficial\/","article_modified_time":"2025-10-20T14:35:57+00:00","og_image":[{"width":866,"height":1032,"url":"https:\/\/tonymora.com\/wp-content\/uploads\/2021\/04\/03_principal.jpg","type":"image\/jpeg"}],"twitter_card":"summary_large_image","schema":{"@context":"https:\/\/schema.org","@graph":[{"@type":"WebPage","@id":"https:\/\/tonymora.com\/de\/produkt\/shopper-bag-piton-bw\/","url":"https:\/\/tonymora.com\/de\/produkt\/shopper-bag-piton-bw\/","name":"Schwarz-wei\u00dfe Shopper-Tasche aus Pythonleder | Eleganz und Stil","isPartOf":{"@id":"https:\/\/tonymora.com\/de\/#website"},"primaryImageOfPage":{"@id":"https:\/\/tonymora.com\/de\/produkt\/shopper-bag-piton-bw\/#primaryimage"},"image":{"@id":"https:\/\/tonymora.com\/de\/produkt\/shopper-bag-piton-bw\/#primaryimage"},"thumbnailUrl":"https:\/\/tonymora.com\/wp-content\/uploads\/2021\/04\/03_principal.jpg","datePublished":"2021-04-12T09:02:21+00:00","dateModified":"2025-10-20T14:35:57+00:00","description":"Shopper-Tasche aus schwarz-wei\u00dfem Pythonleder, weich und exklusiv. Perfekt f\u00fcr den t\u00e4glichen Gebrauch mit einem Hauch von Raffinesse und Funktionalit\u00e4t. Finde es heraus!","breadcrumb":{"@id":"https:\/\/tonymora.com\/de\/produkt\/shopper-bag-piton-bw\/#breadcrumb"},"inLanguage":"de","potentialAction":[{"@type":"ReadAction","target":["https:\/\/tonymora.com\/de\/produkt\/shopper-bag-piton-bw\/"]}]},{"@type":"ImageObject","inLanguage":"de","@id":"https:\/\/tonymora.com\/de\/produkt\/shopper-bag-piton-bw\/#primaryimage","url":"https:\/\/tonymora.com\/wp-content\/uploads\/2021\/04\/03_principal.jpg","contentUrl":"https:\/\/tonymora.com\/wp-content\/uploads\/2021\/04\/03_principal.jpg","width":866,"height":1032},{"@type":"BreadcrumbList","@id":"https:\/\/tonymora.com\/de\/produkt\/shopper-bag-piton-bw\/#breadcrumb","itemListElement":[{"@type":"ListItem","position":1,"name":"Portada","item":"https:\/\/tonymora.com\/de\/"},{"@type":"ListItem","position":2,"name":"Shop","item":"https:\/\/tonymora.com\/de\/shop\/"},{"@type":"ListItem","position":3,"name":"Damen","item":"https:\/\/tonymora.com\/de\/produkt-kategorie\/damen\/"},{"@type":"ListItem","position":4,"name":"Handtaschen","item":"https:\/\/tonymora.com\/de\/produkt-kategorie\/damen\/handtaschen\/"},{"@type":"ListItem","position":5,"name":"SHOPPER BAG PITON BW"}]},{"@type":"WebSite","@id":"https:\/\/tonymora.com\/de\/#website","url":"https:\/\/tonymora.com\/de\/","name":"Tony Mora\u00ae Boots Official Store","description":"Cowboy Boots","publisher":{"@id":"https:\/\/tonymora.com\/de\/#organization"},"potentialAction":[{"@type":"SearchAction","target":{"@type":"EntryPoint","urlTemplate":"https:\/\/tonymora.com\/de\/?s={search_term_string}"},"query-input":{"@type":"PropertyValueSpecification","valueRequired":true,"valueName":"search_term_string"}}],"inLanguage":"de"},{"@type":"Organization","@id":"https:\/\/tonymora.com\/de\/#organization","name":"Tony Mora Boots","url":"https:\/\/tonymora.com\/de\/","logo":{"@type":"ImageObject","inLanguage":"de","@id":"https:\/\/tonymora.com\/de\/#\/schema\/logo\/image\/","url":"https:\/\/tonymora.com\/wp-content\/uploads\/2023\/12\/LOGO.jpg","contentUrl":"https:\/\/tonymora.com\/wp-content\/uploads\/2023\/12\/LOGO.jpg","width":2272,"height":1411,"caption":"Tony Mora Boots"},"image":{"@id":"https:\/\/tonymora.com\/de\/#\/schema\/logo\/image\/"},"sameAs":["https:\/\/www.facebook.com\/Tonymoraofficial\/","https:\/\/www.instagram.com\/tonymoraofficial\/?hl=es"]}]}},"_links":{"self":[{"href":"https:\/\/tonymora.com\/de\/wp-json\/wp\/v2\/product\/674663","targetHints":{"allow":["GET"]}}],"collection":[{"href":"https:\/\/tonymora.com\/de\/wp-json\/wp\/v2\/product"}],"about":[{"href":"https:\/\/tonymora.com\/de\/wp-json\/wp\/v2\/types\/product"}],"wp:featuredmedia":[{"embeddable":true,"href":"https:\/\/tonymora.com\/de\/wp-json\/wp\/v2\/media\/684140"}],"wp:attachment":[{"href":"https:\/\/tonymora.com\/de\/wp-json\/wp\/v2\/media?parent=674663"}],"wp:term":[{"taxonomy":"product_brand","embeddable":true,"href":"https:\/\/tonymora.com\/de\/wp-json\/wp\/v2\/product_brand?post=674663"},{"taxonomy":"product_cat","embeddable":true,"href":"https:\/\/tonymora.com\/de\/wp-json\/wp\/v2\/product_cat?post=674663"},{"taxonomy":"product_tag","embeddable":true,"href":"https:\/\/tonymora.com\/de\/wp-json\/wp\/v2\/product_tag?post=674663"}],"curies":[{"name":"wp","href":"https:\/\/api.w.org\/{rel}","templated":true}]}}