{"id":674696,"date":"2021-04-12T11:33:12","date_gmt":"2021-04-12T09:33:12","guid":{"rendered":"https:\/\/tonymora.com\/?post_type=product&#038;p=674696"},"modified":"2023-11-09T10:06:16","modified_gmt":"2023-11-09T09:06:16","slug":"tote-bag-lince-braun","status":"publish","type":"product","link":"https:\/\/tonymora.com\/de\/produkt\/tote-bag-lince-braun\/","title":{"rendered":"TOTE BAG LINCE BRAUN"},"content":{"rendered":"<p style=\"text-align: left;>Unsere \u00fcbergro\u00dfe Tasche ist aus exklusivem braunen Luchsleder, einem ungew\u00f6hnlich seltenen und sch\u00f6nen Leder mit einer breiten kontrastierenden Farbpalette. Ein einzigartiges St\u00fcck, das sich sehr weich anf\u00fchlt. Die Tasche hat einen Rei\u00dfverschluss an der Oberseite und einen doppelten Griff aus 100% Kalbsleder. Tragen Sie die Eleganz und den Komfort dieses besonderen Designs.<\/p>\n","protected":false},"excerpt":{"rendered":"<p>Ein Stil, der ohne Worte von Identit\u00e4t erz\u00e4hlt. Eine subtile Pr\u00e4senz, die Ihren Stil unterstreicht. Entworfen, um im Moment zu leben, nicht um Trends zu folgen.<\/p>\n","protected":false},"featured_media":684120,"template":"","meta":{"_mbp_gutenberg_autopost":false},"product_brand":[],"product_cat":[1174,541],"product_tag":[],"class_list":{"0":"post-674696","1":"product","2":"type-product","3":"status-publish","4":"has-post-thumbnail","6":"product_cat-black-friday-de","7":"product_cat-handtaschen","9":"first","10":"outofstock","11":"taxable","12":"shipping-taxable","13":"purchasable","14":"product-type-simple"},"supplier_id":null,"supplier_sku":"","barcode":null,"atum_controlled":false,"out_stock_date":null,"out_stock_threshold":null,"inheritable":false,"inbound_stock":0,"stock_on_hold":0,"sold_today":0,"sales_last_days":0,"reserved_stock":0,"customer_returns":0,"warehouse_damage":0,"lost_in_post":0,"other_logs":0,"out_stock_days":0,"lost_sales":0,"has_location":false,"update_date":"2024-10-31T15:26:58","atum_locations":[],"atum_stock_status":"outofstock","restock_status":false,"low_stock_amount":2,"sales_update_date":"2024-04-24T22:33:21","calc_backorders":null,"yoast_head":"<!-- This site is optimized with the Yoast SEO plugin v27.4 - https:\/\/yoast.com\/product\/yoast-seo-wordpress\/ -->\n<title>TOTE BAG LINCE BRAUN - Tony Mora\u00ae Boots Official Store<\/title>\n<meta name=\"robots\" content=\"index, follow, max-snippet:-1, max-image-preview:large, max-video-preview:-1\" \/>\n<link rel=\"canonical\" href=\"https:\/\/tonymora.com\/de\/produkt\/tote-bag-lince-braun\/\" \/>\n<meta property=\"og:locale\" content=\"de_DE\" \/>\n<meta property=\"og:type\" content=\"article\" \/>\n<meta property=\"og:title\" content=\"TOTE BAG LINCE BRAUN - Tony Mora\u00ae Boots Official Store\" \/>\n<meta property=\"og:description\" content=\"Ein Stil, der ohne Worte von Identit\u00e4t erz\u00e4hlt. Eine subtile Pr\u00e4senz, die Ihren Stil unterstreicht. Entworfen, um im Moment zu leben, nicht um Trends zu folgen.\" \/>\n<meta property=\"og:url\" content=\"https:\/\/tonymora.com\/de\/produkt\/tote-bag-lince-braun\/\" \/>\n<meta property=\"og:site_name\" content=\"Tony Mora\u00ae Boots Official Store\" \/>\n<meta property=\"article:publisher\" content=\"https:\/\/www.facebook.com\/Tonymoraofficial\/\" \/>\n<meta property=\"article:modified_time\" content=\"2023-11-09T09:06:16+00:00\" \/>\n<meta property=\"og:image\" content=\"https:\/\/tonymora.com\/wp-content\/uploads\/2021\/04\/06_principal.jpg\" \/>\n\t<meta property=\"og:image:width\" content=\"866\" \/>\n\t<meta property=\"og:image:height\" content=\"1032\" \/>\n\t<meta property=\"og:image:type\" content=\"image\/jpeg\" \/>\n<meta name=\"twitter:card\" content=\"summary_large_image\" \/>\n<script type=\"application\/ld+json\" class=\"yoast-schema-graph\">{\"@context\":\"https:\\\/\\\/schema.org\",\"@graph\":[{\"@type\":\"WebPage\",\"@id\":\"https:\\\/\\\/tonymora.com\\\/de\\\/produkt\\\/tote-bag-lince-braun\\\/\",\"url\":\"https:\\\/\\\/tonymora.com\\\/de\\\/produkt\\\/tote-bag-lince-braun\\\/\",\"name\":\"TOTE BAG LINCE BRAUN - Tony Mora\u00ae Boots Official Store\",\"isPartOf\":{\"@id\":\"https:\\\/\\\/tonymora.com\\\/de\\\/#website\"},\"primaryImageOfPage\":{\"@id\":\"https:\\\/\\\/tonymora.com\\\/de\\\/produkt\\\/tote-bag-lince-braun\\\/#primaryimage\"},\"image\":{\"@id\":\"https:\\\/\\\/tonymora.com\\\/de\\\/produkt\\\/tote-bag-lince-braun\\\/#primaryimage\"},\"thumbnailUrl\":\"https:\\\/\\\/tonymora.com\\\/wp-content\\\/uploads\\\/2021\\\/04\\\/06_principal.jpg\",\"datePublished\":\"2021-04-12T09:33:12+00:00\",\"dateModified\":\"2023-11-09T09:06:16+00:00\",\"breadcrumb\":{\"@id\":\"https:\\\/\\\/tonymora.com\\\/de\\\/produkt\\\/tote-bag-lince-braun\\\/#breadcrumb\"},\"inLanguage\":\"de\",\"potentialAction\":[{\"@type\":\"ReadAction\",\"target\":[\"https:\\\/\\\/tonymora.com\\\/de\\\/produkt\\\/tote-bag-lince-braun\\\/\"]}]},{\"@type\":\"ImageObject\",\"inLanguage\":\"de\",\"@id\":\"https:\\\/\\\/tonymora.com\\\/de\\\/produkt\\\/tote-bag-lince-braun\\\/#primaryimage\",\"url\":\"https:\\\/\\\/tonymora.com\\\/wp-content\\\/uploads\\\/2021\\\/04\\\/06_principal.jpg\",\"contentUrl\":\"https:\\\/\\\/tonymora.com\\\/wp-content\\\/uploads\\\/2021\\\/04\\\/06_principal.jpg\",\"width\":866,\"height\":1032},{\"@type\":\"BreadcrumbList\",\"@id\":\"https:\\\/\\\/tonymora.com\\\/de\\\/produkt\\\/tote-bag-lince-braun\\\/#breadcrumb\",\"itemListElement\":[{\"@type\":\"ListItem\",\"position\":1,\"name\":\"Portada\",\"item\":\"https:\\\/\\\/tonymora.com\\\/de\\\/\"},{\"@type\":\"ListItem\",\"position\":2,\"name\":\"Shop\",\"item\":\"https:\\\/\\\/tonymora.com\\\/de\\\/shop\\\/\"},{\"@type\":\"ListItem\",\"position\":3,\"name\":\"Damen\",\"item\":\"https:\\\/\\\/tonymora.com\\\/de\\\/produkt-kategorie\\\/damen\\\/\"},{\"@type\":\"ListItem\",\"position\":4,\"name\":\"Handtaschen\",\"item\":\"https:\\\/\\\/tonymora.com\\\/de\\\/produkt-kategorie\\\/damen\\\/handtaschen\\\/\"},{\"@type\":\"ListItem\",\"position\":5,\"name\":\"TOTE BAG LINCE BRAUN\"}]},{\"@type\":\"WebSite\",\"@id\":\"https:\\\/\\\/tonymora.com\\\/de\\\/#website\",\"url\":\"https:\\\/\\\/tonymora.com\\\/de\\\/\",\"name\":\"Tony Mora\u00ae Boots Official Store\",\"description\":\"Cowboy Boots\",\"publisher\":{\"@id\":\"https:\\\/\\\/tonymora.com\\\/de\\\/#organization\"},\"potentialAction\":[{\"@type\":\"SearchAction\",\"target\":{\"@type\":\"EntryPoint\",\"urlTemplate\":\"https:\\\/\\\/tonymora.com\\\/de\\\/?s={search_term_string}\"},\"query-input\":{\"@type\":\"PropertyValueSpecification\",\"valueRequired\":true,\"valueName\":\"search_term_string\"}}],\"inLanguage\":\"de\"},{\"@type\":\"Organization\",\"@id\":\"https:\\\/\\\/tonymora.com\\\/de\\\/#organization\",\"name\":\"Tony Mora Boots\",\"url\":\"https:\\\/\\\/tonymora.com\\\/de\\\/\",\"logo\":{\"@type\":\"ImageObject\",\"inLanguage\":\"de\",\"@id\":\"https:\\\/\\\/tonymora.com\\\/de\\\/#\\\/schema\\\/logo\\\/image\\\/\",\"url\":\"https:\\\/\\\/tonymora.com\\\/wp-content\\\/uploads\\\/2023\\\/12\\\/LOGO.jpg\",\"contentUrl\":\"https:\\\/\\\/tonymora.com\\\/wp-content\\\/uploads\\\/2023\\\/12\\\/LOGO.jpg\",\"width\":2272,\"height\":1411,\"caption\":\"Tony Mora Boots\"},\"image\":{\"@id\":\"https:\\\/\\\/tonymora.com\\\/de\\\/#\\\/schema\\\/logo\\\/image\\\/\"},\"sameAs\":[\"https:\\\/\\\/www.facebook.com\\\/Tonymoraofficial\\\/\",\"https:\\\/\\\/www.instagram.com\\\/tonymoraofficial\\\/?hl=es\"]}]}<\/script>\n<!-- \/ Yoast SEO plugin. -->","yoast_head_json":{"title":"TOTE BAG LINCE BRAUN - Tony Mora\u00ae Boots Official Store","robots":{"index":"index","follow":"follow","max-snippet":"max-snippet:-1","max-image-preview":"max-image-preview:large","max-video-preview":"max-video-preview:-1"},"canonical":"https:\/\/tonymora.com\/de\/produkt\/tote-bag-lince-braun\/","og_locale":"de_DE","og_type":"article","og_title":"TOTE BAG LINCE BRAUN - Tony Mora\u00ae Boots Official Store","og_description":"Ein Stil, der ohne Worte von Identit\u00e4t erz\u00e4hlt. Eine subtile Pr\u00e4senz, die Ihren Stil unterstreicht. Entworfen, um im Moment zu leben, nicht um Trends zu folgen.","og_url":"https:\/\/tonymora.com\/de\/produkt\/tote-bag-lince-braun\/","og_site_name":"Tony Mora\u00ae Boots Official Store","article_publisher":"https:\/\/www.facebook.com\/Tonymoraofficial\/","article_modified_time":"2023-11-09T09:06:16+00:00","og_image":[{"width":866,"height":1032,"url":"https:\/\/tonymora.com\/wp-content\/uploads\/2021\/04\/06_principal.jpg","type":"image\/jpeg"}],"twitter_card":"summary_large_image","schema":{"@context":"https:\/\/schema.org","@graph":[{"@type":"WebPage","@id":"https:\/\/tonymora.com\/de\/produkt\/tote-bag-lince-braun\/","url":"https:\/\/tonymora.com\/de\/produkt\/tote-bag-lince-braun\/","name":"TOTE BAG LINCE BRAUN - Tony Mora\u00ae Boots Official Store","isPartOf":{"@id":"https:\/\/tonymora.com\/de\/#website"},"primaryImageOfPage":{"@id":"https:\/\/tonymora.com\/de\/produkt\/tote-bag-lince-braun\/#primaryimage"},"image":{"@id":"https:\/\/tonymora.com\/de\/produkt\/tote-bag-lince-braun\/#primaryimage"},"thumbnailUrl":"https:\/\/tonymora.com\/wp-content\/uploads\/2021\/04\/06_principal.jpg","datePublished":"2021-04-12T09:33:12+00:00","dateModified":"2023-11-09T09:06:16+00:00","breadcrumb":{"@id":"https:\/\/tonymora.com\/de\/produkt\/tote-bag-lince-braun\/#breadcrumb"},"inLanguage":"de","potentialAction":[{"@type":"ReadAction","target":["https:\/\/tonymora.com\/de\/produkt\/tote-bag-lince-braun\/"]}]},{"@type":"ImageObject","inLanguage":"de","@id":"https:\/\/tonymora.com\/de\/produkt\/tote-bag-lince-braun\/#primaryimage","url":"https:\/\/tonymora.com\/wp-content\/uploads\/2021\/04\/06_principal.jpg","contentUrl":"https:\/\/tonymora.com\/wp-content\/uploads\/2021\/04\/06_principal.jpg","width":866,"height":1032},{"@type":"BreadcrumbList","@id":"https:\/\/tonymora.com\/de\/produkt\/tote-bag-lince-braun\/#breadcrumb","itemListElement":[{"@type":"ListItem","position":1,"name":"Portada","item":"https:\/\/tonymora.com\/de\/"},{"@type":"ListItem","position":2,"name":"Shop","item":"https:\/\/tonymora.com\/de\/shop\/"},{"@type":"ListItem","position":3,"name":"Damen","item":"https:\/\/tonymora.com\/de\/produkt-kategorie\/damen\/"},{"@type":"ListItem","position":4,"name":"Handtaschen","item":"https:\/\/tonymora.com\/de\/produkt-kategorie\/damen\/handtaschen\/"},{"@type":"ListItem","position":5,"name":"TOTE BAG LINCE BRAUN"}]},{"@type":"WebSite","@id":"https:\/\/tonymora.com\/de\/#website","url":"https:\/\/tonymora.com\/de\/","name":"Tony Mora\u00ae Boots Official Store","description":"Cowboy Boots","publisher":{"@id":"https:\/\/tonymora.com\/de\/#organization"},"potentialAction":[{"@type":"SearchAction","target":{"@type":"EntryPoint","urlTemplate":"https:\/\/tonymora.com\/de\/?s={search_term_string}"},"query-input":{"@type":"PropertyValueSpecification","valueRequired":true,"valueName":"search_term_string"}}],"inLanguage":"de"},{"@type":"Organization","@id":"https:\/\/tonymora.com\/de\/#organization","name":"Tony Mora Boots","url":"https:\/\/tonymora.com\/de\/","logo":{"@type":"ImageObject","inLanguage":"de","@id":"https:\/\/tonymora.com\/de\/#\/schema\/logo\/image\/","url":"https:\/\/tonymora.com\/wp-content\/uploads\/2023\/12\/LOGO.jpg","contentUrl":"https:\/\/tonymora.com\/wp-content\/uploads\/2023\/12\/LOGO.jpg","width":2272,"height":1411,"caption":"Tony Mora Boots"},"image":{"@id":"https:\/\/tonymora.com\/de\/#\/schema\/logo\/image\/"},"sameAs":["https:\/\/www.facebook.com\/Tonymoraofficial\/","https:\/\/www.instagram.com\/tonymoraofficial\/?hl=es"]}]}},"_links":{"self":[{"href":"https:\/\/tonymora.com\/de\/wp-json\/wp\/v2\/product\/674696","targetHints":{"allow":["GET"]}}],"collection":[{"href":"https:\/\/tonymora.com\/de\/wp-json\/wp\/v2\/product"}],"about":[{"href":"https:\/\/tonymora.com\/de\/wp-json\/wp\/v2\/types\/product"}],"wp:featuredmedia":[{"embeddable":true,"href":"https:\/\/tonymora.com\/de\/wp-json\/wp\/v2\/media\/684120"}],"wp:attachment":[{"href":"https:\/\/tonymora.com\/de\/wp-json\/wp\/v2\/media?parent=674696"}],"wp:term":[{"taxonomy":"product_brand","embeddable":true,"href":"https:\/\/tonymora.com\/de\/wp-json\/wp\/v2\/product_brand?post=674696"},{"taxonomy":"product_cat","embeddable":true,"href":"https:\/\/tonymora.com\/de\/wp-json\/wp\/v2\/product_cat?post=674696"},{"taxonomy":"product_tag","embeddable":true,"href":"https:\/\/tonymora.com\/de\/wp-json\/wp\/v2\/product_tag?post=674696"}],"curies":[{"name":"wp","href":"https:\/\/api.w.org\/{rel}","templated":true}]}}