{"id":674708,"date":"2021-04-12T11:37:25","date_gmt":"2021-04-12T09:37:25","guid":{"rendered":"https:\/\/tonymora.com\/?post_type=product&#038;p=674708"},"modified":"2025-11-30T20:05:08","modified_gmt":"2025-11-30T19:05:08","slug":"shopper-bag-anaconda-schwarz","status":"publish","type":"product","link":"https:\/\/tonymora.com\/de\/produkt\/shopper-bag-anaconda-schwarz\/","title":{"rendered":"SHOPPER BAG ANACONDA SCHWARZ"},"content":{"rendered":"<p style=\"text-align: left;\">Sp\u00fcren Sie die St\u00e4rke und Eleganz dieser Tasche aus schwarz gl\u00e4nzendem Anaconda-Leder. Ein Leder, das sich sehr weich anf\u00fchlt und von beneidenswerter Haltbarkeit ist.<br \/>\nDieses sch\u00f6ne Design tr\u00e4gt einen raffinierten Verschluss und in der Mitte einen Griff, beides aus 100 % Kalbsleder. Die \u00e4u\u00dfere Kreuznaht verleiht dem Design eine einzigartige Note. Nehmen Sie diese sch\u00f6ne Tony Mora Tasche mit auf jeden Spaziergang!<\/p>\n","protected":false},"excerpt":{"rendered":"<p>Ein Kleidungsst\u00fcck, das mit unaufdringlicher Selbstsicherheit besticht. Ein Hauch von Raffinesse, der Sicherheit und Eleganz ausstrahlt.<br \/>\nDer letzte Schliff, der Schlichtheit in etwas Unvergessliches verwandelt.<\/p>\n","protected":false},"featured_media":684159,"template":"","meta":{"_mbp_gutenberg_autopost":false},"product_brand":[],"product_cat":[1174,541],"product_tag":[],"class_list":{"0":"post-674708","1":"product","2":"type-product","3":"status-publish","4":"has-post-thumbnail","6":"product_cat-black-friday-de","7":"product_cat-handtaschen","9":"first","10":"instock","11":"taxable","12":"shipping-taxable","13":"purchasable","14":"product-type-simple"},"_links":{"self":[{"href":"https:\/\/tonymora.com\/de\/wp-json\/wp\/v2\/product\/674708","targetHints":{"allow":["GET"]}}],"collection":[{"href":"https:\/\/tonymora.com\/de\/wp-json\/wp\/v2\/product"}],"about":[{"href":"https:\/\/tonymora.com\/de\/wp-json\/wp\/v2\/types\/product"}],"wp:featuredmedia":[{"embeddable":true,"href":"https:\/\/tonymora.com\/de\/wp-json\/wp\/v2\/media\/684159"}],"wp:attachment":[{"href":"https:\/\/tonymora.com\/de\/wp-json\/wp\/v2\/media?parent=674708"}],"wp:term":[{"taxonomy":"product_brand","embeddable":true,"href":"https:\/\/tonymora.com\/de\/wp-json\/wp\/v2\/product_brand?post=674708"},{"taxonomy":"product_cat","embeddable":true,"href":"https:\/\/tonymora.com\/de\/wp-json\/wp\/v2\/product_cat?post=674708"},{"taxonomy":"product_tag","embeddable":true,"href":"https:\/\/tonymora.com\/de\/wp-json\/wp\/v2\/product_tag?post=674708"}],"curies":[{"name":"wp","href":"https:\/\/api.w.org\/{rel}","templated":true}]}}