{"id":682287,"date":"2021-08-16T09:58:56","date_gmt":"2021-08-16T07:58:56","guid":{"rendered":"https:\/\/tonymora.com\/shop\/621-daslu-lini-cocodrilo-caramelo\/"},"modified":"2023-11-09T10:15:53","modified_gmt":"2023-11-09T09:15:53","slug":"621-daslu-lini-cocodrilo-caramelo","status":"publish","type":"product","link":"https:\/\/tonymora.com\/de\/produkt\/621-daslu-lini-cocodrilo-caramelo\/","title":{"rendered":"621 DASLU LINI COCODRILO CARAMELO"},"content":{"rendered":"<p>Sp\u00fcren Sie die Exklusivit\u00e4t und Raffinesse von Tony Mora. Tragen Sie die perfekte Mischung aus Sch\u00f6nheit, St\u00e4rke und Langlebigkeit an sich, die wir Ihnen mit diesem Paar aus elegantem und weichem Krokodilleder pr\u00e4sentieren \u2013 zweifelsohne hebt es sich von anderen ab. Diese Stiefelette begleitet Sie auf Schritt und Tritt und gl\u00e4nzt vor Eleganz. Die s\u00fc\u00dfe Karamellfarbe macht sie zum idealen Begleiter in Kombination mit dunklen Wintert\u00f6nen oder hellen Sommerfarben.<br \/>\nVerlieben Sie sich in den Stil, verlieben Sie sich in die Eleganz&#8230; verlieben Sie sich in die Exklusivit\u00e4t.<\/p>\n","protected":false},"excerpt":{"rendered":"<p>Eine markante Silhouette, die jeden Look aufwertet.<br \/>\nEine Wahl, die Sie nicht vergessen werden, weil sie Ihnen ein so gutes Gef\u00fchl gibt.<\/p>\n","protected":false},"featured_media":682259,"template":"","meta":{"_mbp_gutenberg_autopost":false},"product_brand":[763],"product_cat":[167,226,224,1137,1135],"product_tag":[],"class_list":{"0":"post-682287","1":"product","2":"type-product","3":"status-publish","4":"has-post-thumbnail","6":"product_brand-talla-mujer-39","7":"product_cat-damen","8":"product_cat-damen-stiefeletten","9":"product_cat-luxusstiefel-damen","10":"product_cat-luxusstiefel-damen-de","11":"product_cat-rabatte-damenstiefel","13":"first","14":"outofstock","15":"taxable","16":"shipping-taxable","17":"purchasable","18":"product-type-variable"},"supplier_id":null,"supplier_sku":"","barcode":null,"atum_controlled":true,"out_stock_date":null,"out_stock_threshold":null,"inheritable":true,"inbound_stock":0,"stock_on_hold":0,"sold_today":0,"sales_last_days":0,"reserved_stock":0,"customer_returns":0,"warehouse_damage":0,"lost_in_post":0,"other_logs":0,"out_stock_days":0,"lost_sales":0,"has_location":false,"update_date":"2026-03-12T13:44:06","atum_locations":[],"atum_stock_status":"instock","restock_status":false,"low_stock_amount":"","sales_update_date":"2026-03-12T13:44:06","calc_backorders":null,"yoast_head":"<!-- This site is optimized with the Yoast SEO plugin v27.2 - https:\/\/yoast.com\/product\/yoast-seo-wordpress\/ -->\n<title>621 DASLU LINI COCODRILO CARAMELO - Tony Mora\u00ae Boots Official Store<\/title>\n<meta name=\"description\" content=\"Sp\u00fcren Sie die Exklusivit\u00e4t und Raffinesse von Tony Mora. Tragen Sie die perfekte Mischung aus Sch\u00f6nheit, St\u00e4rke und Langlebigkeit an sich\" \/>\n<meta name=\"robots\" content=\"index, follow, max-snippet:-1, max-image-preview:large, max-video-preview:-1\" \/>\n<link rel=\"canonical\" href=\"https:\/\/tonymora.com\/de\/produkt\/621-daslu-lini-cocodrilo-caramelo\/\" \/>\n<meta property=\"og:locale\" content=\"de_DE\" \/>\n<meta property=\"og:type\" content=\"article\" \/>\n<meta property=\"og:title\" content=\"621 DASLU LINI COCODRILO CARAMELO - Tony Mora\u00ae Boots Official Store\" \/>\n<meta property=\"og:description\" content=\"Sp\u00fcren Sie die Exklusivit\u00e4t und Raffinesse von Tony Mora. Tragen Sie die perfekte Mischung aus Sch\u00f6nheit, St\u00e4rke und Langlebigkeit an sich\" \/>\n<meta property=\"og:url\" content=\"https:\/\/tonymora.com\/de\/produkt\/621-daslu-lini-cocodrilo-caramelo\/\" \/>\n<meta property=\"og:site_name\" content=\"Tony Mora\u00ae Boots Official Store\" \/>\n<meta property=\"article:publisher\" content=\"https:\/\/www.facebook.com\/Tonymoraofficial\/\" \/>\n<meta property=\"article:modified_time\" content=\"2023-11-09T09:15:53+00:00\" \/>\n<meta property=\"og:image\" content=\"https:\/\/tonymora.com\/wp-content\/uploads\/2021\/08\/2-1.jpg\" \/>\n\t<meta property=\"og:image:width\" content=\"866\" \/>\n\t<meta property=\"og:image:height\" content=\"1032\" \/>\n\t<meta property=\"og:image:type\" content=\"image\/jpeg\" \/>\n<meta name=\"twitter:card\" content=\"summary_large_image\" \/>\n<script type=\"application\/ld+json\" class=\"yoast-schema-graph\">{\"@context\":\"https:\/\/schema.org\",\"@graph\":[{\"@type\":\"WebPage\",\"@id\":\"https:\/\/tonymora.com\/de\/produkt\/621-daslu-lini-cocodrilo-caramelo\/\",\"url\":\"https:\/\/tonymora.com\/de\/produkt\/621-daslu-lini-cocodrilo-caramelo\/\",\"name\":\"621 DASLU LINI COCODRILO CARAMELO - Tony Mora\u00ae Boots Official Store\",\"isPartOf\":{\"@id\":\"https:\/\/tonymora.com\/de\/#website\"},\"primaryImageOfPage\":{\"@id\":\"https:\/\/tonymora.com\/de\/produkt\/621-daslu-lini-cocodrilo-caramelo\/#primaryimage\"},\"image\":{\"@id\":\"https:\/\/tonymora.com\/de\/produkt\/621-daslu-lini-cocodrilo-caramelo\/#primaryimage\"},\"thumbnailUrl\":\"https:\/\/tonymora.com\/wp-content\/uploads\/2021\/08\/2-1.jpg\",\"datePublished\":\"2021-08-16T07:58:56+00:00\",\"dateModified\":\"2023-11-09T09:15:53+00:00\",\"description\":\"Sp\u00fcren Sie die Exklusivit\u00e4t und Raffinesse von Tony Mora. Tragen Sie die perfekte Mischung aus Sch\u00f6nheit, St\u00e4rke und Langlebigkeit an sich\",\"breadcrumb\":{\"@id\":\"https:\/\/tonymora.com\/de\/produkt\/621-daslu-lini-cocodrilo-caramelo\/#breadcrumb\"},\"inLanguage\":\"de\",\"potentialAction\":[{\"@type\":\"ReadAction\",\"target\":[\"https:\/\/tonymora.com\/de\/produkt\/621-daslu-lini-cocodrilo-caramelo\/\"]}]},{\"@type\":\"ImageObject\",\"inLanguage\":\"de\",\"@id\":\"https:\/\/tonymora.com\/de\/produkt\/621-daslu-lini-cocodrilo-caramelo\/#primaryimage\",\"url\":\"https:\/\/tonymora.com\/wp-content\/uploads\/2021\/08\/2-1.jpg\",\"contentUrl\":\"https:\/\/tonymora.com\/wp-content\/uploads\/2021\/08\/2-1.jpg\",\"width\":866,\"height\":1032},{\"@type\":\"BreadcrumbList\",\"@id\":\"https:\/\/tonymora.com\/de\/produkt\/621-daslu-lini-cocodrilo-caramelo\/#breadcrumb\",\"itemListElement\":[{\"@type\":\"ListItem\",\"position\":1,\"name\":\"Portada\",\"item\":\"https:\/\/tonymora.com\/de\/\"},{\"@type\":\"ListItem\",\"position\":2,\"name\":\"Shop\",\"item\":\"https:\/\/tonymora.com\/de\/shop\/\"},{\"@type\":\"ListItem\",\"position\":3,\"name\":\"Damen\",\"item\":\"https:\/\/tonymora.com\/de\/produkt-kategorie\/damen\/\"},{\"@type\":\"ListItem\",\"position\":4,\"name\":\"621 DASLU LINI COCODRILO CARAMELO\"}]},{\"@type\":\"WebSite\",\"@id\":\"https:\/\/tonymora.com\/de\/#website\",\"url\":\"https:\/\/tonymora.com\/de\/\",\"name\":\"Tony Mora\u00ae Boots Official Store\",\"description\":\"Cowboy Boots\",\"publisher\":{\"@id\":\"https:\/\/tonymora.com\/de\/#organization\"},\"potentialAction\":[{\"@type\":\"SearchAction\",\"target\":{\"@type\":\"EntryPoint\",\"urlTemplate\":\"https:\/\/tonymora.com\/de\/?s={search_term_string}\"},\"query-input\":{\"@type\":\"PropertyValueSpecification\",\"valueRequired\":true,\"valueName\":\"search_term_string\"}}],\"inLanguage\":\"de\"},{\"@type\":\"Organization\",\"@id\":\"https:\/\/tonymora.com\/de\/#organization\",\"name\":\"Tony Mora Boots\",\"url\":\"https:\/\/tonymora.com\/de\/\",\"logo\":{\"@type\":\"ImageObject\",\"inLanguage\":\"de\",\"@id\":\"https:\/\/tonymora.com\/de\/#\/schema\/logo\/image\/\",\"url\":\"https:\/\/tonymora.com\/wp-content\/uploads\/2023\/12\/LOGO.jpg\",\"contentUrl\":\"https:\/\/tonymora.com\/wp-content\/uploads\/2023\/12\/LOGO.jpg\",\"width\":2272,\"height\":1411,\"caption\":\"Tony Mora Boots\"},\"image\":{\"@id\":\"https:\/\/tonymora.com\/de\/#\/schema\/logo\/image\/\"},\"sameAs\":[\"https:\/\/www.facebook.com\/Tonymoraofficial\/\",\"https:\/\/www.instagram.com\/tonymoraofficial\/?hl=es\"]}]}<\/script>\n<!-- \/ Yoast SEO plugin. -->","yoast_head_json":{"title":"621 DASLU LINI COCODRILO CARAMELO - Tony Mora\u00ae Boots Official Store","description":"Sp\u00fcren Sie die Exklusivit\u00e4t und Raffinesse von Tony Mora. Tragen Sie die perfekte Mischung aus Sch\u00f6nheit, St\u00e4rke und Langlebigkeit an sich","robots":{"index":"index","follow":"follow","max-snippet":"max-snippet:-1","max-image-preview":"max-image-preview:large","max-video-preview":"max-video-preview:-1"},"canonical":"https:\/\/tonymora.com\/de\/produkt\/621-daslu-lini-cocodrilo-caramelo\/","og_locale":"de_DE","og_type":"article","og_title":"621 DASLU LINI COCODRILO CARAMELO - Tony Mora\u00ae Boots Official Store","og_description":"Sp\u00fcren Sie die Exklusivit\u00e4t und Raffinesse von Tony Mora. Tragen Sie die perfekte Mischung aus Sch\u00f6nheit, St\u00e4rke und Langlebigkeit an sich","og_url":"https:\/\/tonymora.com\/de\/produkt\/621-daslu-lini-cocodrilo-caramelo\/","og_site_name":"Tony Mora\u00ae Boots Official Store","article_publisher":"https:\/\/www.facebook.com\/Tonymoraofficial\/","article_modified_time":"2023-11-09T09:15:53+00:00","og_image":[{"width":866,"height":1032,"url":"https:\/\/tonymora.com\/wp-content\/uploads\/2021\/08\/2-1.jpg","type":"image\/jpeg"}],"twitter_card":"summary_large_image","schema":{"@context":"https:\/\/schema.org","@graph":[{"@type":"WebPage","@id":"https:\/\/tonymora.com\/de\/produkt\/621-daslu-lini-cocodrilo-caramelo\/","url":"https:\/\/tonymora.com\/de\/produkt\/621-daslu-lini-cocodrilo-caramelo\/","name":"621 DASLU LINI COCODRILO CARAMELO - Tony Mora\u00ae Boots Official Store","isPartOf":{"@id":"https:\/\/tonymora.com\/de\/#website"},"primaryImageOfPage":{"@id":"https:\/\/tonymora.com\/de\/produkt\/621-daslu-lini-cocodrilo-caramelo\/#primaryimage"},"image":{"@id":"https:\/\/tonymora.com\/de\/produkt\/621-daslu-lini-cocodrilo-caramelo\/#primaryimage"},"thumbnailUrl":"https:\/\/tonymora.com\/wp-content\/uploads\/2021\/08\/2-1.jpg","datePublished":"2021-08-16T07:58:56+00:00","dateModified":"2023-11-09T09:15:53+00:00","description":"Sp\u00fcren Sie die Exklusivit\u00e4t und Raffinesse von Tony Mora. Tragen Sie die perfekte Mischung aus Sch\u00f6nheit, St\u00e4rke und Langlebigkeit an sich","breadcrumb":{"@id":"https:\/\/tonymora.com\/de\/produkt\/621-daslu-lini-cocodrilo-caramelo\/#breadcrumb"},"inLanguage":"de","potentialAction":[{"@type":"ReadAction","target":["https:\/\/tonymora.com\/de\/produkt\/621-daslu-lini-cocodrilo-caramelo\/"]}]},{"@type":"ImageObject","inLanguage":"de","@id":"https:\/\/tonymora.com\/de\/produkt\/621-daslu-lini-cocodrilo-caramelo\/#primaryimage","url":"https:\/\/tonymora.com\/wp-content\/uploads\/2021\/08\/2-1.jpg","contentUrl":"https:\/\/tonymora.com\/wp-content\/uploads\/2021\/08\/2-1.jpg","width":866,"height":1032},{"@type":"BreadcrumbList","@id":"https:\/\/tonymora.com\/de\/produkt\/621-daslu-lini-cocodrilo-caramelo\/#breadcrumb","itemListElement":[{"@type":"ListItem","position":1,"name":"Portada","item":"https:\/\/tonymora.com\/de\/"},{"@type":"ListItem","position":2,"name":"Shop","item":"https:\/\/tonymora.com\/de\/shop\/"},{"@type":"ListItem","position":3,"name":"Damen","item":"https:\/\/tonymora.com\/de\/produkt-kategorie\/damen\/"},{"@type":"ListItem","position":4,"name":"621 DASLU LINI COCODRILO CARAMELO"}]},{"@type":"WebSite","@id":"https:\/\/tonymora.com\/de\/#website","url":"https:\/\/tonymora.com\/de\/","name":"Tony Mora\u00ae Boots Official Store","description":"Cowboy Boots","publisher":{"@id":"https:\/\/tonymora.com\/de\/#organization"},"potentialAction":[{"@type":"SearchAction","target":{"@type":"EntryPoint","urlTemplate":"https:\/\/tonymora.com\/de\/?s={search_term_string}"},"query-input":{"@type":"PropertyValueSpecification","valueRequired":true,"valueName":"search_term_string"}}],"inLanguage":"de"},{"@type":"Organization","@id":"https:\/\/tonymora.com\/de\/#organization","name":"Tony Mora Boots","url":"https:\/\/tonymora.com\/de\/","logo":{"@type":"ImageObject","inLanguage":"de","@id":"https:\/\/tonymora.com\/de\/#\/schema\/logo\/image\/","url":"https:\/\/tonymora.com\/wp-content\/uploads\/2023\/12\/LOGO.jpg","contentUrl":"https:\/\/tonymora.com\/wp-content\/uploads\/2023\/12\/LOGO.jpg","width":2272,"height":1411,"caption":"Tony Mora Boots"},"image":{"@id":"https:\/\/tonymora.com\/de\/#\/schema\/logo\/image\/"},"sameAs":["https:\/\/www.facebook.com\/Tonymoraofficial\/","https:\/\/www.instagram.com\/tonymoraofficial\/?hl=es"]}]}},"_links":{"self":[{"href":"https:\/\/tonymora.com\/de\/wp-json\/wp\/v2\/product\/682287","targetHints":{"allow":["GET"]}}],"collection":[{"href":"https:\/\/tonymora.com\/de\/wp-json\/wp\/v2\/product"}],"about":[{"href":"https:\/\/tonymora.com\/de\/wp-json\/wp\/v2\/types\/product"}],"wp:featuredmedia":[{"embeddable":true,"href":"https:\/\/tonymora.com\/de\/wp-json\/wp\/v2\/media\/682259"}],"wp:attachment":[{"href":"https:\/\/tonymora.com\/de\/wp-json\/wp\/v2\/media?parent=682287"}],"wp:term":[{"taxonomy":"product_brand","embeddable":true,"href":"https:\/\/tonymora.com\/de\/wp-json\/wp\/v2\/product_brand?post=682287"},{"taxonomy":"product_cat","embeddable":true,"href":"https:\/\/tonymora.com\/de\/wp-json\/wp\/v2\/product_cat?post=682287"},{"taxonomy":"product_tag","embeddable":true,"href":"https:\/\/tonymora.com\/de\/wp-json\/wp\/v2\/product_tag?post=682287"}],"curies":[{"name":"wp","href":"https:\/\/api.w.org\/{rel}","templated":true}]}}