{"id":682339,"date":"2021-08-16T10:07:20","date_gmt":"2021-08-16T08:07:20","guid":{"rendered":"https:\/\/tonymora.com\/shop\/621-daslu-lini-piton-granate\/"},"modified":"2026-01-28T12:45:14","modified_gmt":"2026-01-28T11:45:14","slug":"621-daslu-lini-piton-granat","status":"publish","type":"product","link":"https:\/\/tonymora.com\/de\/produkt\/621-daslu-lini-piton-granat\/","title":{"rendered":"621 DASLU LINI PITON GRANAT"},"content":{"rendered":"<h3><strong>Damen Stiefeletten aus granatrotem Pythonleder<\/strong><\/h3>\n<p>Lernen Sie unser neues Modell kennen, gefertigt aus 100 % nat\u00fcrlichem und hochwertigstem Pythonleder, damit Sie stets elegant und modisch gekleidet sind. F\u00fcr die Herstellung dieser Modelle verwenden wir Leisten, die \u00fcber 40 Jahre alt sind, und erreichen so eine nat\u00fcrliche Distinktion in einer Silhouette, die garantiert auff\u00e4llt und jedem Outfit das gewisse Etwas verleiht.<\/p>\n<p>Dieses Produkt wird in Handarbeit nach dem <b>Goodyear Welt Comfort<\/b>-System gefertigt und passt garantiert perfekt zu Ihnen. Das exotische Leder passt sich Ihren F\u00fc\u00dfen an, sodass Sie den ganzen Tag lang bequem darin laufen k\u00f6nnen. Probieren Sie sie aus und erleben Sie echte mallorquinische Handwerkskunst!<\/p>\n","protected":false},"excerpt":{"rendered":"<p>Zeitlose Eleganz mit unverwechselbarer Ausstrahlung. Ideal, um Sie vom Tag bis in die Nacht mit derselben Souver\u00e4nit\u00e4t zu begleiten.<\/p>\n","protected":false},"featured_media":682308,"template":"","meta":{"_mbp_gutenberg_autopost":false},"product_brand":[],"product_cat":[1174,167,226,224,1139,1135],"product_tag":[],"class_list":{"0":"post-682339","1":"product","2":"type-product","3":"status-publish","4":"has-post-thumbnail","6":"product_cat-black-friday-de","7":"product_cat-damen","8":"product_cat-damen-stiefeletten","9":"product_cat-luxusstiefel-damen","10":"product_cat-python-stiefel-damen","11":"product_cat-rabatte-damenstiefel","13":"first","14":"instock","15":"taxable","16":"shipping-taxable","17":"purchasable","18":"product-type-variable"},"_links":{"self":[{"href":"https:\/\/tonymora.com\/de\/wp-json\/wp\/v2\/product\/682339","targetHints":{"allow":["GET"]}}],"collection":[{"href":"https:\/\/tonymora.com\/de\/wp-json\/wp\/v2\/product"}],"about":[{"href":"https:\/\/tonymora.com\/de\/wp-json\/wp\/v2\/types\/product"}],"wp:featuredmedia":[{"embeddable":true,"href":"https:\/\/tonymora.com\/de\/wp-json\/wp\/v2\/media\/682308"}],"wp:attachment":[{"href":"https:\/\/tonymora.com\/de\/wp-json\/wp\/v2\/media?parent=682339"}],"wp:term":[{"taxonomy":"product_brand","embeddable":true,"href":"https:\/\/tonymora.com\/de\/wp-json\/wp\/v2\/product_brand?post=682339"},{"taxonomy":"product_cat","embeddable":true,"href":"https:\/\/tonymora.com\/de\/wp-json\/wp\/v2\/product_cat?post=682339"},{"taxonomy":"product_tag","embeddable":true,"href":"https:\/\/tonymora.com\/de\/wp-json\/wp\/v2\/product_tag?post=682339"}],"curies":[{"name":"wp","href":"https:\/\/api.w.org\/{rel}","templated":true}]}}