{"id":682387,"date":"2021-08-16T10:15:47","date_gmt":"2021-08-16T08:15:47","guid":{"rendered":"https:\/\/tonymora.com\/shop\/1163-tedy-paseo-washed-cacao\/"},"modified":"2025-08-01T09:13:42","modified_gmt":"2025-08-01T07:13:42","slug":"1163-tedy-paseo-washed-cacao","status":"publish","type":"product","link":"https:\/\/tonymora.com\/de\/produkt\/1163-tedy-paseo-washed-cacao\/","title":{"rendered":"1163 VIRGI PASEO WASHED CACAO"},"content":{"rendered":"<p>Ein Paar Stiefel im reinen Cowboy-Stil, aus einem weichen Leder in Kakao-Ton. Sie sind sehr einfach mit jedem Stil zu kombinieren. Wenn Sie ein Pferdeliebhaber sind, ist dieses Modell genau das Richtige f\u00fcr Sie: an den Sch\u00e4ften ist die Silhouette eines Pferdes zu sehen, was die Aufmerksamkeit auf dieses feine Detail lenkt. Viel Spa\u00df damit!<\/p>\n","protected":false},"excerpt":{"rendered":"<p>Eine Wahl, die sich vom ersten Moment an besonders anf\u00fchlt.<br \/>\nDer letzte Schliff, der das Schlichte in etwas Unvergessliches verwandelt.<\/p>\n","protected":false},"featured_media":682359,"template":"","meta":{"_mbp_gutenberg_autopost":false},"product_brand":[757],"product_cat":[170,167],"product_tag":[],"class_list":{"0":"post-682387","1":"product","2":"type-product","3":"status-publish","4":"has-post-thumbnail","6":"product_brand-talla-mujer-36","7":"product_cat-cowboystiefel-damen","8":"product_cat-damen","10":"first","11":"outofstock","12":"taxable","13":"shipping-taxable","14":"purchasable","15":"product-type-variable"},"supplier_id":null,"supplier_sku":"","barcode":null,"atum_controlled":true,"out_stock_date":null,"out_stock_threshold":null,"inheritable":true,"inbound_stock":0,"stock_on_hold":0,"sold_today":0,"sales_last_days":0,"reserved_stock":0,"customer_returns":0,"warehouse_damage":0,"lost_in_post":0,"other_logs":0,"out_stock_days":0,"lost_sales":0,"has_location":false,"update_date":"2026-02-03T10:30:55","atum_locations":[],"atum_stock_status":"outofstock","restock_status":false,"low_stock_amount":"","sales_update_date":"2026-02-03T10:30:55","calc_backorders":null,"yoast_head":"<!-- This site is optimized with the Yoast SEO plugin v27.2 - https:\/\/yoast.com\/product\/yoast-seo-wordpress\/ -->\n<title>Stiefel im Cowboy-Stil aus kakaofarbenem Leder mit Pferdedetail | Tony Mora<\/title>\n<meta name=\"description\" content=\"Cowgirlstiefel aus Kakaoleder mit einzigartigem Design und Pferdedetails. Sie vereinen Stil und Komfort f\u00fcr Liebhaber des Westernstils. Handgefertigt.\" \/>\n<meta name=\"robots\" content=\"index, follow, max-snippet:-1, max-image-preview:large, max-video-preview:-1\" \/>\n<link rel=\"canonical\" href=\"https:\/\/tonymora.com\/de\/produkt\/1163-tedy-paseo-washed-cacao\/\" \/>\n<meta property=\"og:locale\" content=\"de_DE\" \/>\n<meta property=\"og:type\" content=\"article\" \/>\n<meta property=\"og:title\" content=\"Stiefel im Cowboy-Stil aus kakaofarbenem Leder mit Pferdedetail | Tony Mora\" \/>\n<meta property=\"og:description\" content=\"Cowgirlstiefel aus Kakaoleder mit einzigartigem Design und Pferdedetails. Sie vereinen Stil und Komfort f\u00fcr Liebhaber des Westernstils. Handgefertigt.\" \/>\n<meta property=\"og:url\" content=\"https:\/\/tonymora.com\/de\/produkt\/1163-tedy-paseo-washed-cacao\/\" \/>\n<meta property=\"og:site_name\" content=\"Tony Mora\u00ae Boots Official Store\" \/>\n<meta property=\"article:publisher\" content=\"https:\/\/www.facebook.com\/Tonymoraofficial\/\" \/>\n<meta property=\"article:modified_time\" content=\"2025-08-01T07:13:42+00:00\" \/>\n<meta property=\"og:image\" content=\"https:\/\/tonymora.com\/wp-content\/uploads\/2021\/08\/2-3.jpg\" \/>\n\t<meta property=\"og:image:width\" content=\"866\" \/>\n\t<meta property=\"og:image:height\" content=\"1032\" \/>\n\t<meta property=\"og:image:type\" content=\"image\/jpeg\" \/>\n<meta name=\"twitter:card\" content=\"summary_large_image\" \/>\n<script type=\"application\/ld+json\" class=\"yoast-schema-graph\">{\"@context\":\"https:\/\/schema.org\",\"@graph\":[{\"@type\":\"WebPage\",\"@id\":\"https:\/\/tonymora.com\/de\/produkt\/1163-tedy-paseo-washed-cacao\/\",\"url\":\"https:\/\/tonymora.com\/de\/produkt\/1163-tedy-paseo-washed-cacao\/\",\"name\":\"Stiefel im Cowboy-Stil aus kakaofarbenem Leder mit Pferdedetail | Tony Mora\",\"isPartOf\":{\"@id\":\"https:\/\/tonymora.com\/de\/#website\"},\"primaryImageOfPage\":{\"@id\":\"https:\/\/tonymora.com\/de\/produkt\/1163-tedy-paseo-washed-cacao\/#primaryimage\"},\"image\":{\"@id\":\"https:\/\/tonymora.com\/de\/produkt\/1163-tedy-paseo-washed-cacao\/#primaryimage\"},\"thumbnailUrl\":\"https:\/\/tonymora.com\/wp-content\/uploads\/2021\/08\/2-3.jpg\",\"datePublished\":\"2021-08-16T08:15:47+00:00\",\"dateModified\":\"2025-08-01T07:13:42+00:00\",\"description\":\"Cowgirlstiefel aus Kakaoleder mit einzigartigem Design und Pferdedetails. Sie vereinen Stil und Komfort f\u00fcr Liebhaber des Westernstils. Handgefertigt.\",\"breadcrumb\":{\"@id\":\"https:\/\/tonymora.com\/de\/produkt\/1163-tedy-paseo-washed-cacao\/#breadcrumb\"},\"inLanguage\":\"de\",\"potentialAction\":[{\"@type\":\"ReadAction\",\"target\":[\"https:\/\/tonymora.com\/de\/produkt\/1163-tedy-paseo-washed-cacao\/\"]}]},{\"@type\":\"ImageObject\",\"inLanguage\":\"de\",\"@id\":\"https:\/\/tonymora.com\/de\/produkt\/1163-tedy-paseo-washed-cacao\/#primaryimage\",\"url\":\"https:\/\/tonymora.com\/wp-content\/uploads\/2021\/08\/2-3.jpg\",\"contentUrl\":\"https:\/\/tonymora.com\/wp-content\/uploads\/2021\/08\/2-3.jpg\",\"width\":866,\"height\":1032},{\"@type\":\"BreadcrumbList\",\"@id\":\"https:\/\/tonymora.com\/de\/produkt\/1163-tedy-paseo-washed-cacao\/#breadcrumb\",\"itemListElement\":[{\"@type\":\"ListItem\",\"position\":1,\"name\":\"Portada\",\"item\":\"https:\/\/tonymora.com\/de\/\"},{\"@type\":\"ListItem\",\"position\":2,\"name\":\"Shop\",\"item\":\"https:\/\/tonymora.com\/de\/shop\/\"},{\"@type\":\"ListItem\",\"position\":3,\"name\":\"Damen\",\"item\":\"https:\/\/tonymora.com\/de\/produkt-kategorie\/damen\/\"},{\"@type\":\"ListItem\",\"position\":4,\"name\":\"1163 VIRGI PASEO WASHED CACAO\"}]},{\"@type\":\"WebSite\",\"@id\":\"https:\/\/tonymora.com\/de\/#website\",\"url\":\"https:\/\/tonymora.com\/de\/\",\"name\":\"Tony Mora\u00ae Boots Official Store\",\"description\":\"Cowboy Boots\",\"publisher\":{\"@id\":\"https:\/\/tonymora.com\/de\/#organization\"},\"potentialAction\":[{\"@type\":\"SearchAction\",\"target\":{\"@type\":\"EntryPoint\",\"urlTemplate\":\"https:\/\/tonymora.com\/de\/?s={search_term_string}\"},\"query-input\":{\"@type\":\"PropertyValueSpecification\",\"valueRequired\":true,\"valueName\":\"search_term_string\"}}],\"inLanguage\":\"de\"},{\"@type\":\"Organization\",\"@id\":\"https:\/\/tonymora.com\/de\/#organization\",\"name\":\"Tony Mora Boots\",\"url\":\"https:\/\/tonymora.com\/de\/\",\"logo\":{\"@type\":\"ImageObject\",\"inLanguage\":\"de\",\"@id\":\"https:\/\/tonymora.com\/de\/#\/schema\/logo\/image\/\",\"url\":\"https:\/\/tonymora.com\/wp-content\/uploads\/2023\/12\/LOGO.jpg\",\"contentUrl\":\"https:\/\/tonymora.com\/wp-content\/uploads\/2023\/12\/LOGO.jpg\",\"width\":2272,\"height\":1411,\"caption\":\"Tony Mora Boots\"},\"image\":{\"@id\":\"https:\/\/tonymora.com\/de\/#\/schema\/logo\/image\/\"},\"sameAs\":[\"https:\/\/www.facebook.com\/Tonymoraofficial\/\",\"https:\/\/www.instagram.com\/tonymoraofficial\/?hl=es\"]}]}<\/script>\n<!-- \/ Yoast SEO plugin. -->","yoast_head_json":{"title":"Stiefel im Cowboy-Stil aus kakaofarbenem Leder mit Pferdedetail | Tony Mora","description":"Cowgirlstiefel aus Kakaoleder mit einzigartigem Design und Pferdedetails. Sie vereinen Stil und Komfort f\u00fcr Liebhaber des Westernstils. Handgefertigt.","robots":{"index":"index","follow":"follow","max-snippet":"max-snippet:-1","max-image-preview":"max-image-preview:large","max-video-preview":"max-video-preview:-1"},"canonical":"https:\/\/tonymora.com\/de\/produkt\/1163-tedy-paseo-washed-cacao\/","og_locale":"de_DE","og_type":"article","og_title":"Stiefel im Cowboy-Stil aus kakaofarbenem Leder mit Pferdedetail | Tony Mora","og_description":"Cowgirlstiefel aus Kakaoleder mit einzigartigem Design und Pferdedetails. Sie vereinen Stil und Komfort f\u00fcr Liebhaber des Westernstils. Handgefertigt.","og_url":"https:\/\/tonymora.com\/de\/produkt\/1163-tedy-paseo-washed-cacao\/","og_site_name":"Tony Mora\u00ae Boots Official Store","article_publisher":"https:\/\/www.facebook.com\/Tonymoraofficial\/","article_modified_time":"2025-08-01T07:13:42+00:00","og_image":[{"width":866,"height":1032,"url":"https:\/\/tonymora.com\/wp-content\/uploads\/2021\/08\/2-3.jpg","type":"image\/jpeg"}],"twitter_card":"summary_large_image","schema":{"@context":"https:\/\/schema.org","@graph":[{"@type":"WebPage","@id":"https:\/\/tonymora.com\/de\/produkt\/1163-tedy-paseo-washed-cacao\/","url":"https:\/\/tonymora.com\/de\/produkt\/1163-tedy-paseo-washed-cacao\/","name":"Stiefel im Cowboy-Stil aus kakaofarbenem Leder mit Pferdedetail | Tony Mora","isPartOf":{"@id":"https:\/\/tonymora.com\/de\/#website"},"primaryImageOfPage":{"@id":"https:\/\/tonymora.com\/de\/produkt\/1163-tedy-paseo-washed-cacao\/#primaryimage"},"image":{"@id":"https:\/\/tonymora.com\/de\/produkt\/1163-tedy-paseo-washed-cacao\/#primaryimage"},"thumbnailUrl":"https:\/\/tonymora.com\/wp-content\/uploads\/2021\/08\/2-3.jpg","datePublished":"2021-08-16T08:15:47+00:00","dateModified":"2025-08-01T07:13:42+00:00","description":"Cowgirlstiefel aus Kakaoleder mit einzigartigem Design und Pferdedetails. Sie vereinen Stil und Komfort f\u00fcr Liebhaber des Westernstils. Handgefertigt.","breadcrumb":{"@id":"https:\/\/tonymora.com\/de\/produkt\/1163-tedy-paseo-washed-cacao\/#breadcrumb"},"inLanguage":"de","potentialAction":[{"@type":"ReadAction","target":["https:\/\/tonymora.com\/de\/produkt\/1163-tedy-paseo-washed-cacao\/"]}]},{"@type":"ImageObject","inLanguage":"de","@id":"https:\/\/tonymora.com\/de\/produkt\/1163-tedy-paseo-washed-cacao\/#primaryimage","url":"https:\/\/tonymora.com\/wp-content\/uploads\/2021\/08\/2-3.jpg","contentUrl":"https:\/\/tonymora.com\/wp-content\/uploads\/2021\/08\/2-3.jpg","width":866,"height":1032},{"@type":"BreadcrumbList","@id":"https:\/\/tonymora.com\/de\/produkt\/1163-tedy-paseo-washed-cacao\/#breadcrumb","itemListElement":[{"@type":"ListItem","position":1,"name":"Portada","item":"https:\/\/tonymora.com\/de\/"},{"@type":"ListItem","position":2,"name":"Shop","item":"https:\/\/tonymora.com\/de\/shop\/"},{"@type":"ListItem","position":3,"name":"Damen","item":"https:\/\/tonymora.com\/de\/produkt-kategorie\/damen\/"},{"@type":"ListItem","position":4,"name":"1163 VIRGI PASEO WASHED CACAO"}]},{"@type":"WebSite","@id":"https:\/\/tonymora.com\/de\/#website","url":"https:\/\/tonymora.com\/de\/","name":"Tony Mora\u00ae Boots Official Store","description":"Cowboy Boots","publisher":{"@id":"https:\/\/tonymora.com\/de\/#organization"},"potentialAction":[{"@type":"SearchAction","target":{"@type":"EntryPoint","urlTemplate":"https:\/\/tonymora.com\/de\/?s={search_term_string}"},"query-input":{"@type":"PropertyValueSpecification","valueRequired":true,"valueName":"search_term_string"}}],"inLanguage":"de"},{"@type":"Organization","@id":"https:\/\/tonymora.com\/de\/#organization","name":"Tony Mora Boots","url":"https:\/\/tonymora.com\/de\/","logo":{"@type":"ImageObject","inLanguage":"de","@id":"https:\/\/tonymora.com\/de\/#\/schema\/logo\/image\/","url":"https:\/\/tonymora.com\/wp-content\/uploads\/2023\/12\/LOGO.jpg","contentUrl":"https:\/\/tonymora.com\/wp-content\/uploads\/2023\/12\/LOGO.jpg","width":2272,"height":1411,"caption":"Tony Mora Boots"},"image":{"@id":"https:\/\/tonymora.com\/de\/#\/schema\/logo\/image\/"},"sameAs":["https:\/\/www.facebook.com\/Tonymoraofficial\/","https:\/\/www.instagram.com\/tonymoraofficial\/?hl=es"]}]}},"_links":{"self":[{"href":"https:\/\/tonymora.com\/de\/wp-json\/wp\/v2\/product\/682387","targetHints":{"allow":["GET"]}}],"collection":[{"href":"https:\/\/tonymora.com\/de\/wp-json\/wp\/v2\/product"}],"about":[{"href":"https:\/\/tonymora.com\/de\/wp-json\/wp\/v2\/types\/product"}],"wp:featuredmedia":[{"embeddable":true,"href":"https:\/\/tonymora.com\/de\/wp-json\/wp\/v2\/media\/682359"}],"wp:attachment":[{"href":"https:\/\/tonymora.com\/de\/wp-json\/wp\/v2\/media?parent=682387"}],"wp:term":[{"taxonomy":"product_brand","embeddable":true,"href":"https:\/\/tonymora.com\/de\/wp-json\/wp\/v2\/product_brand?post=682387"},{"taxonomy":"product_cat","embeddable":true,"href":"https:\/\/tonymora.com\/de\/wp-json\/wp\/v2\/product_cat?post=682387"},{"taxonomy":"product_tag","embeddable":true,"href":"https:\/\/tonymora.com\/de\/wp-json\/wp\/v2\/product_tag?post=682387"}],"curies":[{"name":"wp","href":"https:\/\/api.w.org\/{rel}","templated":true}]}}