{"id":682438,"date":"2021-08-16T10:27:41","date_gmt":"2021-08-16T08:27:41","guid":{"rendered":"https:\/\/tonymora.com\/shop\/1354-m-mon-nubuck-graso-moka\/"},"modified":"2026-02-12T15:02:02","modified_gmt":"2026-02-12T14:02:02","slug":"1354-mt-mt-sprinter-engrasado-braun","status":"publish","type":"product","link":"https:\/\/tonymora.com\/de\/produkt\/1354-mt-mt-sprinter-engrasado-braun\/","title":{"rendered":"1354 MT MT SPRINTER ENGRASADO BRAUN"},"content":{"rendered":"<p>Lernen Sie unser neues Modell kennen. Tragen Sie diesen unterschiedlischen Stil mit einer Biker-Spitze. Das Leder der Boots passt sich Ihren F\u00fc\u00dfen an und Sie k\u00f6nnen sie jederzeit tragen. Mit ihrer Gummisohle sind sie die perfekten Stiefel f\u00fcr jedes Wetter. Probieren Sie sie aus, sie passen ausgezeichnet zu Ihnen!<\/p>\n","protected":false},"excerpt":{"rendered":"<p>Ein Design, das vom ersten Moment an Charakter ausstrahlt.<br \/>\nEin subtiles Statement von gutem Geschmack und Selbstbewusstsein.<\/p>\n","protected":false},"featured_media":694378,"template":"","meta":{"_mbp_gutenberg_autopost":false},"product_brand":[757,759,763,765,767],"product_cat":[223,1174,167,1141,1135],"product_tag":[],"class_list":{"0":"post-682438","1":"product","2":"type-product","3":"status-publish","4":"has-post-thumbnail","6":"product_brand-talla-mujer-36","7":"product_brand-talla-mujer-37","8":"product_brand-talla-mujer-39","9":"product_brand-talla-mujer-40","10":"product_brand-talla-mujer-41","11":"product_cat-bikerstiefel-damen","12":"product_cat-black-friday-de","13":"product_cat-damen","14":"product_cat-lederstiefel-damen","15":"product_cat-rabatte-damenstiefel","17":"first","18":"instock","19":"taxable","20":"shipping-taxable","21":"purchasable","22":"product-type-variable"},"supplier_id":null,"supplier_sku":"","barcode":null,"atum_controlled":true,"out_stock_date":null,"out_stock_threshold":null,"inheritable":true,"inbound_stock":0,"stock_on_hold":2,"sold_today":1,"sales_last_days":1,"reserved_stock":0,"customer_returns":0,"warehouse_damage":0,"lost_in_post":0,"other_logs":0,"out_stock_days":0,"lost_sales":0,"has_location":false,"update_date":"2026-03-26T10:23:47","atum_locations":[],"atum_stock_status":"instock","restock_status":false,"low_stock_amount":"","sales_update_date":"2025-11-14T05:30:03","calc_backorders":null,"yoast_head":"<!-- This site is optimized with the Yoast SEO plugin v27.2 - https:\/\/yoast.com\/product\/yoast-seo-wordpress\/ -->\n<title>Braune Bikerstiefel aus Leder f\u00fcr Damen | Stil und Haltbarkeit<\/title>\n<meta name=\"description\" content=\"Bikerstiefel f\u00fcr Damen aus ge\u00f6ltem braunem Leder. Robuste und bequeme Ausf\u00fchrung mit Gummisohle f\u00fcr jedes Wetter. Perfekt f\u00fcr einen authentischen Look!\" \/>\n<meta name=\"robots\" content=\"index, follow, max-snippet:-1, max-image-preview:large, max-video-preview:-1\" \/>\n<link rel=\"canonical\" href=\"https:\/\/tonymora.com\/de\/produkt\/1354-mt-mt-sprinter-engrasado-braun\/\" \/>\n<meta property=\"og:locale\" content=\"de_DE\" \/>\n<meta property=\"og:type\" content=\"article\" \/>\n<meta property=\"og:title\" content=\"Braune Bikerstiefel aus Leder f\u00fcr Damen | Stil und Haltbarkeit\" \/>\n<meta property=\"og:description\" content=\"Bikerstiefel f\u00fcr Damen aus ge\u00f6ltem braunem Leder. Robuste und bequeme Ausf\u00fchrung mit Gummisohle f\u00fcr jedes Wetter. Perfekt f\u00fcr einen authentischen Look!\" \/>\n<meta property=\"og:url\" content=\"https:\/\/tonymora.com\/de\/produkt\/1354-mt-mt-sprinter-engrasado-braun\/\" \/>\n<meta property=\"og:site_name\" content=\"Tony Mora\u00ae Boots Official Store\" \/>\n<meta property=\"article:publisher\" content=\"https:\/\/www.facebook.com\/Tonymoraofficial\/\" \/>\n<meta property=\"article:modified_time\" content=\"2026-02-12T14:02:02+00:00\" \/>\n<meta property=\"og:image\" content=\"https:\/\/tonymora.com\/wp-content\/uploads\/2021\/08\/01-1354-MT-MT-SPRINTER.jpg\" \/>\n\t<meta property=\"og:image:width\" content=\"866\" \/>\n\t<meta property=\"og:image:height\" content=\"1032\" \/>\n\t<meta property=\"og:image:type\" content=\"image\/jpeg\" \/>\n<meta name=\"twitter:card\" content=\"summary_large_image\" \/>\n<script type=\"application\/ld+json\" class=\"yoast-schema-graph\">{\"@context\":\"https:\/\/schema.org\",\"@graph\":[{\"@type\":\"WebPage\",\"@id\":\"https:\/\/tonymora.com\/de\/produkt\/1354-mt-mt-sprinter-engrasado-braun\/\",\"url\":\"https:\/\/tonymora.com\/de\/produkt\/1354-mt-mt-sprinter-engrasado-braun\/\",\"name\":\"Braune Bikerstiefel aus Leder f\u00fcr Damen | Stil und Haltbarkeit\",\"isPartOf\":{\"@id\":\"https:\/\/tonymora.com\/de\/#website\"},\"primaryImageOfPage\":{\"@id\":\"https:\/\/tonymora.com\/de\/produkt\/1354-mt-mt-sprinter-engrasado-braun\/#primaryimage\"},\"image\":{\"@id\":\"https:\/\/tonymora.com\/de\/produkt\/1354-mt-mt-sprinter-engrasado-braun\/#primaryimage\"},\"thumbnailUrl\":\"https:\/\/tonymora.com\/wp-content\/uploads\/2021\/08\/01-1354-MT-MT-SPRINTER.jpg\",\"datePublished\":\"2021-08-16T08:27:41+00:00\",\"dateModified\":\"2026-02-12T14:02:02+00:00\",\"description\":\"Bikerstiefel f\u00fcr Damen aus ge\u00f6ltem braunem Leder. Robuste und bequeme Ausf\u00fchrung mit Gummisohle f\u00fcr jedes Wetter. Perfekt f\u00fcr einen authentischen Look!\",\"breadcrumb\":{\"@id\":\"https:\/\/tonymora.com\/de\/produkt\/1354-mt-mt-sprinter-engrasado-braun\/#breadcrumb\"},\"inLanguage\":\"de\",\"potentialAction\":[{\"@type\":\"ReadAction\",\"target\":[\"https:\/\/tonymora.com\/de\/produkt\/1354-mt-mt-sprinter-engrasado-braun\/\"]}]},{\"@type\":\"ImageObject\",\"inLanguage\":\"de\",\"@id\":\"https:\/\/tonymora.com\/de\/produkt\/1354-mt-mt-sprinter-engrasado-braun\/#primaryimage\",\"url\":\"https:\/\/tonymora.com\/wp-content\/uploads\/2021\/08\/01-1354-MT-MT-SPRINTER.jpg\",\"contentUrl\":\"https:\/\/tonymora.com\/wp-content\/uploads\/2021\/08\/01-1354-MT-MT-SPRINTER.jpg\",\"width\":866,\"height\":1032,\"caption\":\"Botas Motera Mujer Piel Marr\u00f3n\"},{\"@type\":\"BreadcrumbList\",\"@id\":\"https:\/\/tonymora.com\/de\/produkt\/1354-mt-mt-sprinter-engrasado-braun\/#breadcrumb\",\"itemListElement\":[{\"@type\":\"ListItem\",\"position\":1,\"name\":\"Portada\",\"item\":\"https:\/\/tonymora.com\/de\/\"},{\"@type\":\"ListItem\",\"position\":2,\"name\":\"Shop\",\"item\":\"https:\/\/tonymora.com\/de\/shop\/\"},{\"@type\":\"ListItem\",\"position\":3,\"name\":\"Damen\",\"item\":\"https:\/\/tonymora.com\/de\/produkt-kategorie\/damen\/\"},{\"@type\":\"ListItem\",\"position\":4,\"name\":\"1354 MT MT SPRINTER ENGRASADO BRAUN\"}]},{\"@type\":\"WebSite\",\"@id\":\"https:\/\/tonymora.com\/de\/#website\",\"url\":\"https:\/\/tonymora.com\/de\/\",\"name\":\"Tony Mora\u00ae Boots Official Store\",\"description\":\"Cowboy Boots\",\"publisher\":{\"@id\":\"https:\/\/tonymora.com\/de\/#organization\"},\"potentialAction\":[{\"@type\":\"SearchAction\",\"target\":{\"@type\":\"EntryPoint\",\"urlTemplate\":\"https:\/\/tonymora.com\/de\/?s={search_term_string}\"},\"query-input\":{\"@type\":\"PropertyValueSpecification\",\"valueRequired\":true,\"valueName\":\"search_term_string\"}}],\"inLanguage\":\"de\"},{\"@type\":\"Organization\",\"@id\":\"https:\/\/tonymora.com\/de\/#organization\",\"name\":\"Tony Mora Boots\",\"url\":\"https:\/\/tonymora.com\/de\/\",\"logo\":{\"@type\":\"ImageObject\",\"inLanguage\":\"de\",\"@id\":\"https:\/\/tonymora.com\/de\/#\/schema\/logo\/image\/\",\"url\":\"https:\/\/tonymora.com\/wp-content\/uploads\/2023\/12\/LOGO.jpg\",\"contentUrl\":\"https:\/\/tonymora.com\/wp-content\/uploads\/2023\/12\/LOGO.jpg\",\"width\":2272,\"height\":1411,\"caption\":\"Tony Mora Boots\"},\"image\":{\"@id\":\"https:\/\/tonymora.com\/de\/#\/schema\/logo\/image\/\"},\"sameAs\":[\"https:\/\/www.facebook.com\/Tonymoraofficial\/\",\"https:\/\/www.instagram.com\/tonymoraofficial\/?hl=es\"]}]}<\/script>\n<!-- \/ Yoast SEO plugin. -->","yoast_head_json":{"title":"Braune Bikerstiefel aus Leder f\u00fcr Damen | Stil und Haltbarkeit","description":"Bikerstiefel f\u00fcr Damen aus ge\u00f6ltem braunem Leder. Robuste und bequeme Ausf\u00fchrung mit Gummisohle f\u00fcr jedes Wetter. Perfekt f\u00fcr einen authentischen Look!","robots":{"index":"index","follow":"follow","max-snippet":"max-snippet:-1","max-image-preview":"max-image-preview:large","max-video-preview":"max-video-preview:-1"},"canonical":"https:\/\/tonymora.com\/de\/produkt\/1354-mt-mt-sprinter-engrasado-braun\/","og_locale":"de_DE","og_type":"article","og_title":"Braune Bikerstiefel aus Leder f\u00fcr Damen | Stil und Haltbarkeit","og_description":"Bikerstiefel f\u00fcr Damen aus ge\u00f6ltem braunem Leder. Robuste und bequeme Ausf\u00fchrung mit Gummisohle f\u00fcr jedes Wetter. Perfekt f\u00fcr einen authentischen Look!","og_url":"https:\/\/tonymora.com\/de\/produkt\/1354-mt-mt-sprinter-engrasado-braun\/","og_site_name":"Tony Mora\u00ae Boots Official Store","article_publisher":"https:\/\/www.facebook.com\/Tonymoraofficial\/","article_modified_time":"2026-02-12T14:02:02+00:00","og_image":[{"width":866,"height":1032,"url":"https:\/\/tonymora.com\/wp-content\/uploads\/2021\/08\/01-1354-MT-MT-SPRINTER.jpg","type":"image\/jpeg"}],"twitter_card":"summary_large_image","schema":{"@context":"https:\/\/schema.org","@graph":[{"@type":"WebPage","@id":"https:\/\/tonymora.com\/de\/produkt\/1354-mt-mt-sprinter-engrasado-braun\/","url":"https:\/\/tonymora.com\/de\/produkt\/1354-mt-mt-sprinter-engrasado-braun\/","name":"Braune Bikerstiefel aus Leder f\u00fcr Damen | Stil und Haltbarkeit","isPartOf":{"@id":"https:\/\/tonymora.com\/de\/#website"},"primaryImageOfPage":{"@id":"https:\/\/tonymora.com\/de\/produkt\/1354-mt-mt-sprinter-engrasado-braun\/#primaryimage"},"image":{"@id":"https:\/\/tonymora.com\/de\/produkt\/1354-mt-mt-sprinter-engrasado-braun\/#primaryimage"},"thumbnailUrl":"https:\/\/tonymora.com\/wp-content\/uploads\/2021\/08\/01-1354-MT-MT-SPRINTER.jpg","datePublished":"2021-08-16T08:27:41+00:00","dateModified":"2026-02-12T14:02:02+00:00","description":"Bikerstiefel f\u00fcr Damen aus ge\u00f6ltem braunem Leder. Robuste und bequeme Ausf\u00fchrung mit Gummisohle f\u00fcr jedes Wetter. Perfekt f\u00fcr einen authentischen Look!","breadcrumb":{"@id":"https:\/\/tonymora.com\/de\/produkt\/1354-mt-mt-sprinter-engrasado-braun\/#breadcrumb"},"inLanguage":"de","potentialAction":[{"@type":"ReadAction","target":["https:\/\/tonymora.com\/de\/produkt\/1354-mt-mt-sprinter-engrasado-braun\/"]}]},{"@type":"ImageObject","inLanguage":"de","@id":"https:\/\/tonymora.com\/de\/produkt\/1354-mt-mt-sprinter-engrasado-braun\/#primaryimage","url":"https:\/\/tonymora.com\/wp-content\/uploads\/2021\/08\/01-1354-MT-MT-SPRINTER.jpg","contentUrl":"https:\/\/tonymora.com\/wp-content\/uploads\/2021\/08\/01-1354-MT-MT-SPRINTER.jpg","width":866,"height":1032,"caption":"Botas Motera Mujer Piel Marr\u00f3n"},{"@type":"BreadcrumbList","@id":"https:\/\/tonymora.com\/de\/produkt\/1354-mt-mt-sprinter-engrasado-braun\/#breadcrumb","itemListElement":[{"@type":"ListItem","position":1,"name":"Portada","item":"https:\/\/tonymora.com\/de\/"},{"@type":"ListItem","position":2,"name":"Shop","item":"https:\/\/tonymora.com\/de\/shop\/"},{"@type":"ListItem","position":3,"name":"Damen","item":"https:\/\/tonymora.com\/de\/produkt-kategorie\/damen\/"},{"@type":"ListItem","position":4,"name":"1354 MT MT SPRINTER ENGRASADO BRAUN"}]},{"@type":"WebSite","@id":"https:\/\/tonymora.com\/de\/#website","url":"https:\/\/tonymora.com\/de\/","name":"Tony Mora\u00ae Boots Official Store","description":"Cowboy Boots","publisher":{"@id":"https:\/\/tonymora.com\/de\/#organization"},"potentialAction":[{"@type":"SearchAction","target":{"@type":"EntryPoint","urlTemplate":"https:\/\/tonymora.com\/de\/?s={search_term_string}"},"query-input":{"@type":"PropertyValueSpecification","valueRequired":true,"valueName":"search_term_string"}}],"inLanguage":"de"},{"@type":"Organization","@id":"https:\/\/tonymora.com\/de\/#organization","name":"Tony Mora Boots","url":"https:\/\/tonymora.com\/de\/","logo":{"@type":"ImageObject","inLanguage":"de","@id":"https:\/\/tonymora.com\/de\/#\/schema\/logo\/image\/","url":"https:\/\/tonymora.com\/wp-content\/uploads\/2023\/12\/LOGO.jpg","contentUrl":"https:\/\/tonymora.com\/wp-content\/uploads\/2023\/12\/LOGO.jpg","width":2272,"height":1411,"caption":"Tony Mora Boots"},"image":{"@id":"https:\/\/tonymora.com\/de\/#\/schema\/logo\/image\/"},"sameAs":["https:\/\/www.facebook.com\/Tonymoraofficial\/","https:\/\/www.instagram.com\/tonymoraofficial\/?hl=es"]}]}},"_links":{"self":[{"href":"https:\/\/tonymora.com\/de\/wp-json\/wp\/v2\/product\/682438","targetHints":{"allow":["GET"]}}],"collection":[{"href":"https:\/\/tonymora.com\/de\/wp-json\/wp\/v2\/product"}],"about":[{"href":"https:\/\/tonymora.com\/de\/wp-json\/wp\/v2\/types\/product"}],"wp:featuredmedia":[{"embeddable":true,"href":"https:\/\/tonymora.com\/de\/wp-json\/wp\/v2\/media\/694378"}],"wp:attachment":[{"href":"https:\/\/tonymora.com\/de\/wp-json\/wp\/v2\/media?parent=682438"}],"wp:term":[{"taxonomy":"product_brand","embeddable":true,"href":"https:\/\/tonymora.com\/de\/wp-json\/wp\/v2\/product_brand?post=682438"},{"taxonomy":"product_cat","embeddable":true,"href":"https:\/\/tonymora.com\/de\/wp-json\/wp\/v2\/product_cat?post=682438"},{"taxonomy":"product_tag","embeddable":true,"href":"https:\/\/tonymora.com\/de\/wp-json\/wp\/v2\/product_tag?post=682438"}],"curies":[{"name":"wp","href":"https:\/\/api.w.org\/{rel}","templated":true}]}}