{"id":682521,"date":"2021-08-16T10:47:55","date_gmt":"2021-08-16T08:47:55","guid":{"rendered":"https:\/\/tonymora.com\/shop\/bolso-iguana-cielo-de-mallorca\/"},"modified":"2022-10-11T16:12:15","modified_gmt":"2022-10-11T14:12:15","slug":"bolso-iguana-cielo-de-mallorca","status":"publish","type":"product","link":"https:\/\/tonymora.com\/de\/produkt\/bolso-iguana-cielo-de-mallorca\/","title":{"rendered":"BOLSO IGUANA CIELO DE MALLORCA"},"content":{"rendered":"<p>Diese kokette Clutch-Tasche ist aus weichem widerstandsf\u00e4higen Leguanleder gefertigt, das sich perfekt an die Form der Tasche anpasst. Die s\u00fc??e hellblaue Farbe macht sie sehr attraktiv und gleichzeitig modern und elegant. Die seitlichen Nieten verleihen ihr einen modernen und provokanten Touch, der Riemen l\u00e4sst sich an Ihren Look anpassen. Entdecken Sie selbst, wie besonders diese Clutch ist.<\/p>\n","protected":false},"excerpt":{"rendered":"<p>Eine markante Silhouette, die jedes Outfit aufwertet. Subtilit\u00e4t und Raffinesse in perfekter Balance.<br \/>\nEin Kleidungsst\u00fcck, das Ihre Pers\u00f6nlichkeit unterstreicht und Ihnen m\u00fchelose Eleganz verleiht.<\/p>\n","protected":false},"featured_media":684176,"template":"","meta":{"_mbp_gutenberg_autopost":false},"product_brand":[],"product_cat":[1174,541],"product_tag":[],"class_list":{"0":"post-682521","1":"product","2":"type-product","3":"status-publish","4":"has-post-thumbnail","6":"product_cat-black-friday-de","7":"product_cat-handtaschen","9":"first","10":"outofstock","11":"taxable","12":"shipping-taxable","13":"purchasable","14":"product-type-simple"},"supplier_id":null,"supplier_sku":"","barcode":null,"atum_controlled":false,"out_stock_date":null,"out_stock_threshold":null,"inheritable":false,"inbound_stock":null,"stock_on_hold":0,"sold_today":0,"sales_last_days":0,"reserved_stock":null,"customer_returns":null,"warehouse_damage":null,"lost_in_post":null,"other_logs":null,"out_stock_days":0,"lost_sales":0,"has_location":false,"update_date":"2024-10-31T15:28:30","atum_locations":[],"atum_stock_status":"outofstock","restock_status":false,"low_stock_amount":"","sales_update_date":"2024-04-24T22:33:23","calc_backorders":null,"yoast_head":"<!-- This site is optimized with the Yoast SEO plugin v27.4 - https:\/\/yoast.com\/product\/yoast-seo-wordpress\/ -->\n<title>BOLSO IGUANA CIELO DE MALLORCA - Tony Mora\u00ae Boots Official Store<\/title>\n<meta name=\"description\" content=\"Diese kokette Clutch-Tasche ist aus weichem widerstandsf\u00e4higen Leguanleder gefertigt, das sich perfekt an die Form der Tasche anpasst.\" \/>\n<meta name=\"robots\" content=\"index, follow, max-snippet:-1, max-image-preview:large, max-video-preview:-1\" \/>\n<link rel=\"canonical\" href=\"https:\/\/tonymora.com\/de\/produkt\/bolso-iguana-cielo-de-mallorca\/\" \/>\n<meta property=\"og:locale\" content=\"de_DE\" \/>\n<meta property=\"og:type\" content=\"article\" \/>\n<meta property=\"og:title\" content=\"BOLSO IGUANA CIELO DE MALLORCA - Tony Mora\u00ae Boots Official Store\" \/>\n<meta property=\"og:description\" content=\"Diese kokette Clutch-Tasche ist aus weichem widerstandsf\u00e4higen Leguanleder gefertigt, das sich perfekt an die Form der Tasche anpasst.\" \/>\n<meta property=\"og:url\" content=\"https:\/\/tonymora.com\/de\/produkt\/bolso-iguana-cielo-de-mallorca\/\" \/>\n<meta property=\"og:site_name\" content=\"Tony Mora\u00ae Boots Official Store\" \/>\n<meta property=\"article:publisher\" content=\"https:\/\/www.facebook.com\/Tonymoraofficial\/\" \/>\n<meta property=\"article:modified_time\" content=\"2022-10-11T14:12:15+00:00\" \/>\n<meta property=\"og:image\" content=\"https:\/\/tonymora.com\/wp-content\/uploads\/2021\/08\/09_principal.jpg\" \/>\n\t<meta property=\"og:image:width\" content=\"866\" \/>\n\t<meta property=\"og:image:height\" content=\"1032\" \/>\n\t<meta property=\"og:image:type\" content=\"image\/jpeg\" \/>\n<meta name=\"twitter:card\" content=\"summary_large_image\" \/>\n<script type=\"application\/ld+json\" class=\"yoast-schema-graph\">{\"@context\":\"https:\\\/\\\/schema.org\",\"@graph\":[{\"@type\":\"WebPage\",\"@id\":\"https:\\\/\\\/tonymora.com\\\/de\\\/produkt\\\/bolso-iguana-cielo-de-mallorca\\\/\",\"url\":\"https:\\\/\\\/tonymora.com\\\/de\\\/produkt\\\/bolso-iguana-cielo-de-mallorca\\\/\",\"name\":\"BOLSO IGUANA CIELO DE MALLORCA - Tony Mora\u00ae Boots Official Store\",\"isPartOf\":{\"@id\":\"https:\\\/\\\/tonymora.com\\\/de\\\/#website\"},\"primaryImageOfPage\":{\"@id\":\"https:\\\/\\\/tonymora.com\\\/de\\\/produkt\\\/bolso-iguana-cielo-de-mallorca\\\/#primaryimage\"},\"image\":{\"@id\":\"https:\\\/\\\/tonymora.com\\\/de\\\/produkt\\\/bolso-iguana-cielo-de-mallorca\\\/#primaryimage\"},\"thumbnailUrl\":\"https:\\\/\\\/tonymora.com\\\/wp-content\\\/uploads\\\/2021\\\/08\\\/09_principal.jpg\",\"datePublished\":\"2021-08-16T08:47:55+00:00\",\"dateModified\":\"2022-10-11T14:12:15+00:00\",\"description\":\"Diese kokette Clutch-Tasche ist aus weichem widerstandsf\u00e4higen Leguanleder gefertigt, das sich perfekt an die Form der Tasche anpasst.\",\"breadcrumb\":{\"@id\":\"https:\\\/\\\/tonymora.com\\\/de\\\/produkt\\\/bolso-iguana-cielo-de-mallorca\\\/#breadcrumb\"},\"inLanguage\":\"de\",\"potentialAction\":[{\"@type\":\"ReadAction\",\"target\":[\"https:\\\/\\\/tonymora.com\\\/de\\\/produkt\\\/bolso-iguana-cielo-de-mallorca\\\/\"]}]},{\"@type\":\"ImageObject\",\"inLanguage\":\"de\",\"@id\":\"https:\\\/\\\/tonymora.com\\\/de\\\/produkt\\\/bolso-iguana-cielo-de-mallorca\\\/#primaryimage\",\"url\":\"https:\\\/\\\/tonymora.com\\\/wp-content\\\/uploads\\\/2021\\\/08\\\/09_principal.jpg\",\"contentUrl\":\"https:\\\/\\\/tonymora.com\\\/wp-content\\\/uploads\\\/2021\\\/08\\\/09_principal.jpg\",\"width\":866,\"height\":1032},{\"@type\":\"BreadcrumbList\",\"@id\":\"https:\\\/\\\/tonymora.com\\\/de\\\/produkt\\\/bolso-iguana-cielo-de-mallorca\\\/#breadcrumb\",\"itemListElement\":[{\"@type\":\"ListItem\",\"position\":1,\"name\":\"Portada\",\"item\":\"https:\\\/\\\/tonymora.com\\\/de\\\/\"},{\"@type\":\"ListItem\",\"position\":2,\"name\":\"Shop\",\"item\":\"https:\\\/\\\/tonymora.com\\\/de\\\/shop\\\/\"},{\"@type\":\"ListItem\",\"position\":3,\"name\":\"Damen\",\"item\":\"https:\\\/\\\/tonymora.com\\\/de\\\/produkt-kategorie\\\/damen\\\/\"},{\"@type\":\"ListItem\",\"position\":4,\"name\":\"Handtaschen\",\"item\":\"https:\\\/\\\/tonymora.com\\\/de\\\/produkt-kategorie\\\/damen\\\/handtaschen\\\/\"},{\"@type\":\"ListItem\",\"position\":5,\"name\":\"BOLSO IGUANA CIELO DE MALLORCA\"}]},{\"@type\":\"WebSite\",\"@id\":\"https:\\\/\\\/tonymora.com\\\/de\\\/#website\",\"url\":\"https:\\\/\\\/tonymora.com\\\/de\\\/\",\"name\":\"Tony Mora\u00ae Boots Official Store\",\"description\":\"Cowboy Boots\",\"publisher\":{\"@id\":\"https:\\\/\\\/tonymora.com\\\/de\\\/#organization\"},\"potentialAction\":[{\"@type\":\"SearchAction\",\"target\":{\"@type\":\"EntryPoint\",\"urlTemplate\":\"https:\\\/\\\/tonymora.com\\\/de\\\/?s={search_term_string}\"},\"query-input\":{\"@type\":\"PropertyValueSpecification\",\"valueRequired\":true,\"valueName\":\"search_term_string\"}}],\"inLanguage\":\"de\"},{\"@type\":\"Organization\",\"@id\":\"https:\\\/\\\/tonymora.com\\\/de\\\/#organization\",\"name\":\"Tony Mora Boots\",\"url\":\"https:\\\/\\\/tonymora.com\\\/de\\\/\",\"logo\":{\"@type\":\"ImageObject\",\"inLanguage\":\"de\",\"@id\":\"https:\\\/\\\/tonymora.com\\\/de\\\/#\\\/schema\\\/logo\\\/image\\\/\",\"url\":\"https:\\\/\\\/tonymora.com\\\/wp-content\\\/uploads\\\/2023\\\/12\\\/LOGO.jpg\",\"contentUrl\":\"https:\\\/\\\/tonymora.com\\\/wp-content\\\/uploads\\\/2023\\\/12\\\/LOGO.jpg\",\"width\":2272,\"height\":1411,\"caption\":\"Tony Mora Boots\"},\"image\":{\"@id\":\"https:\\\/\\\/tonymora.com\\\/de\\\/#\\\/schema\\\/logo\\\/image\\\/\"},\"sameAs\":[\"https:\\\/\\\/www.facebook.com\\\/Tonymoraofficial\\\/\",\"https:\\\/\\\/www.instagram.com\\\/tonymoraofficial\\\/?hl=es\"]}]}<\/script>\n<!-- \/ Yoast SEO plugin. -->","yoast_head_json":{"title":"BOLSO IGUANA CIELO DE MALLORCA - Tony Mora\u00ae Boots Official Store","description":"Diese kokette Clutch-Tasche ist aus weichem widerstandsf\u00e4higen Leguanleder gefertigt, das sich perfekt an die Form der Tasche anpasst.","robots":{"index":"index","follow":"follow","max-snippet":"max-snippet:-1","max-image-preview":"max-image-preview:large","max-video-preview":"max-video-preview:-1"},"canonical":"https:\/\/tonymora.com\/de\/produkt\/bolso-iguana-cielo-de-mallorca\/","og_locale":"de_DE","og_type":"article","og_title":"BOLSO IGUANA CIELO DE MALLORCA - Tony Mora\u00ae Boots Official Store","og_description":"Diese kokette Clutch-Tasche ist aus weichem widerstandsf\u00e4higen Leguanleder gefertigt, das sich perfekt an die Form der Tasche anpasst.","og_url":"https:\/\/tonymora.com\/de\/produkt\/bolso-iguana-cielo-de-mallorca\/","og_site_name":"Tony Mora\u00ae Boots Official Store","article_publisher":"https:\/\/www.facebook.com\/Tonymoraofficial\/","article_modified_time":"2022-10-11T14:12:15+00:00","og_image":[{"width":866,"height":1032,"url":"https:\/\/tonymora.com\/wp-content\/uploads\/2021\/08\/09_principal.jpg","type":"image\/jpeg"}],"twitter_card":"summary_large_image","schema":{"@context":"https:\/\/schema.org","@graph":[{"@type":"WebPage","@id":"https:\/\/tonymora.com\/de\/produkt\/bolso-iguana-cielo-de-mallorca\/","url":"https:\/\/tonymora.com\/de\/produkt\/bolso-iguana-cielo-de-mallorca\/","name":"BOLSO IGUANA CIELO DE MALLORCA - Tony Mora\u00ae Boots Official Store","isPartOf":{"@id":"https:\/\/tonymora.com\/de\/#website"},"primaryImageOfPage":{"@id":"https:\/\/tonymora.com\/de\/produkt\/bolso-iguana-cielo-de-mallorca\/#primaryimage"},"image":{"@id":"https:\/\/tonymora.com\/de\/produkt\/bolso-iguana-cielo-de-mallorca\/#primaryimage"},"thumbnailUrl":"https:\/\/tonymora.com\/wp-content\/uploads\/2021\/08\/09_principal.jpg","datePublished":"2021-08-16T08:47:55+00:00","dateModified":"2022-10-11T14:12:15+00:00","description":"Diese kokette Clutch-Tasche ist aus weichem widerstandsf\u00e4higen Leguanleder gefertigt, das sich perfekt an die Form der Tasche anpasst.","breadcrumb":{"@id":"https:\/\/tonymora.com\/de\/produkt\/bolso-iguana-cielo-de-mallorca\/#breadcrumb"},"inLanguage":"de","potentialAction":[{"@type":"ReadAction","target":["https:\/\/tonymora.com\/de\/produkt\/bolso-iguana-cielo-de-mallorca\/"]}]},{"@type":"ImageObject","inLanguage":"de","@id":"https:\/\/tonymora.com\/de\/produkt\/bolso-iguana-cielo-de-mallorca\/#primaryimage","url":"https:\/\/tonymora.com\/wp-content\/uploads\/2021\/08\/09_principal.jpg","contentUrl":"https:\/\/tonymora.com\/wp-content\/uploads\/2021\/08\/09_principal.jpg","width":866,"height":1032},{"@type":"BreadcrumbList","@id":"https:\/\/tonymora.com\/de\/produkt\/bolso-iguana-cielo-de-mallorca\/#breadcrumb","itemListElement":[{"@type":"ListItem","position":1,"name":"Portada","item":"https:\/\/tonymora.com\/de\/"},{"@type":"ListItem","position":2,"name":"Shop","item":"https:\/\/tonymora.com\/de\/shop\/"},{"@type":"ListItem","position":3,"name":"Damen","item":"https:\/\/tonymora.com\/de\/produkt-kategorie\/damen\/"},{"@type":"ListItem","position":4,"name":"Handtaschen","item":"https:\/\/tonymora.com\/de\/produkt-kategorie\/damen\/handtaschen\/"},{"@type":"ListItem","position":5,"name":"BOLSO IGUANA CIELO DE MALLORCA"}]},{"@type":"WebSite","@id":"https:\/\/tonymora.com\/de\/#website","url":"https:\/\/tonymora.com\/de\/","name":"Tony Mora\u00ae Boots Official Store","description":"Cowboy Boots","publisher":{"@id":"https:\/\/tonymora.com\/de\/#organization"},"potentialAction":[{"@type":"SearchAction","target":{"@type":"EntryPoint","urlTemplate":"https:\/\/tonymora.com\/de\/?s={search_term_string}"},"query-input":{"@type":"PropertyValueSpecification","valueRequired":true,"valueName":"search_term_string"}}],"inLanguage":"de"},{"@type":"Organization","@id":"https:\/\/tonymora.com\/de\/#organization","name":"Tony Mora Boots","url":"https:\/\/tonymora.com\/de\/","logo":{"@type":"ImageObject","inLanguage":"de","@id":"https:\/\/tonymora.com\/de\/#\/schema\/logo\/image\/","url":"https:\/\/tonymora.com\/wp-content\/uploads\/2023\/12\/LOGO.jpg","contentUrl":"https:\/\/tonymora.com\/wp-content\/uploads\/2023\/12\/LOGO.jpg","width":2272,"height":1411,"caption":"Tony Mora Boots"},"image":{"@id":"https:\/\/tonymora.com\/de\/#\/schema\/logo\/image\/"},"sameAs":["https:\/\/www.facebook.com\/Tonymoraofficial\/","https:\/\/www.instagram.com\/tonymoraofficial\/?hl=es"]}]}},"_links":{"self":[{"href":"https:\/\/tonymora.com\/de\/wp-json\/wp\/v2\/product\/682521","targetHints":{"allow":["GET"]}}],"collection":[{"href":"https:\/\/tonymora.com\/de\/wp-json\/wp\/v2\/product"}],"about":[{"href":"https:\/\/tonymora.com\/de\/wp-json\/wp\/v2\/types\/product"}],"wp:featuredmedia":[{"embeddable":true,"href":"https:\/\/tonymora.com\/de\/wp-json\/wp\/v2\/media\/684176"}],"wp:attachment":[{"href":"https:\/\/tonymora.com\/de\/wp-json\/wp\/v2\/media?parent=682521"}],"wp:term":[{"taxonomy":"product_brand","embeddable":true,"href":"https:\/\/tonymora.com\/de\/wp-json\/wp\/v2\/product_brand?post=682521"},{"taxonomy":"product_cat","embeddable":true,"href":"https:\/\/tonymora.com\/de\/wp-json\/wp\/v2\/product_cat?post=682521"},{"taxonomy":"product_tag","embeddable":true,"href":"https:\/\/tonymora.com\/de\/wp-json\/wp\/v2\/product_tag?post=682521"}],"curies":[{"name":"wp","href":"https:\/\/api.w.org\/{rel}","templated":true}]}}