{"id":682576,"date":"2021-08-16T11:25:25","date_gmt":"2021-08-16T09:25:25","guid":{"rendered":"https:\/\/tonymora.com\/shop\/limited-edition-daslu-lini-crushed-palermo-marron\/"},"modified":"2026-05-11T19:34:49","modified_gmt":"2026-05-11T17:34:49","slug":"7775-daslu-lini-crushed-palermo-marron","status":"publish","type":"product","link":"https:\/\/tonymora.com\/de\/produkt\/7775-daslu-lini-crushed-palermo-marron\/","title":{"rendered":"7775 DASLU LINI CRUSHED PALERMO BROWN"},"content":{"rendered":"<p>Marke des Hauses, sorgf\u00e4ltig entworfen und mit dem Goodyear-System hergestellt, hat diese limitierte Auflage einen starken Eindruck hinterlassen. Wir lieben es, Trends zu setzen, aber immer unter Beibehaltung unseres Qualit\u00e4tssiegels. So pr\u00e4sentieren wir dieses Modell in verschiedenen Farben, ein spezielles Design mit mittelhohen Sch\u00e4ften im klassischen Stil und auf den Sch\u00e4ften N\u00e4hte aus F\u00e4den im Kontrast zu dem Leder. Holen Sie sich ein modernes und andersartiges Modell in Tony Mora Qualit\u00e4t.<\/p>\n","protected":false},"excerpt":{"rendered":"<p>Unaufdringliche Eleganz f\u00fcr alle, die Wert auf Stil legen. Perfekt f\u00fcr urbane Looks mit Charakter.<br \/>\nEine Wahl, die in Erinnerung bleibt, weil sie ein so gutes Gef\u00fchl vermittelt.<\/p>\n","protected":false},"featured_media":682551,"template":"","meta":{"_mbp_gutenberg_autopost":false},"product_brand":[757,767],"product_cat":[1174,170,167,1141,168,1135],"product_tag":[],"class_list":{"0":"post-682576","1":"product","2":"type-product","3":"status-publish","4":"has-post-thumbnail","6":"product_brand-talla-mujer-36","7":"product_brand-talla-mujer-41","8":"product_cat-black-friday-de","9":"product_cat-cowboystiefel-damen","10":"product_cat-damen","11":"product_cat-lederstiefel-damen","12":"product_cat-line-dancing-stiefel-damen","13":"product_cat-rabatte-damenstiefel","15":"first","16":"instock","17":"taxable","18":"shipping-taxable","19":"purchasable","20":"product-type-variable"},"_links":{"self":[{"href":"https:\/\/tonymora.com\/de\/wp-json\/wp\/v2\/product\/682576","targetHints":{"allow":["GET"]}}],"collection":[{"href":"https:\/\/tonymora.com\/de\/wp-json\/wp\/v2\/product"}],"about":[{"href":"https:\/\/tonymora.com\/de\/wp-json\/wp\/v2\/types\/product"}],"wp:featuredmedia":[{"embeddable":true,"href":"https:\/\/tonymora.com\/de\/wp-json\/wp\/v2\/media\/682551"}],"wp:attachment":[{"href":"https:\/\/tonymora.com\/de\/wp-json\/wp\/v2\/media?parent=682576"}],"wp:term":[{"taxonomy":"product_brand","embeddable":true,"href":"https:\/\/tonymora.com\/de\/wp-json\/wp\/v2\/product_brand?post=682576"},{"taxonomy":"product_cat","embeddable":true,"href":"https:\/\/tonymora.com\/de\/wp-json\/wp\/v2\/product_cat?post=682576"},{"taxonomy":"product_tag","embeddable":true,"href":"https:\/\/tonymora.com\/de\/wp-json\/wp\/v2\/product_tag?post=682576"}],"curies":[{"name":"wp","href":"https:\/\/api.w.org\/{rel}","templated":true}]}}