{"id":683193,"date":"2021-08-17T15:13:48","date_gmt":"2021-08-17T13:13:48","guid":{"rendered":"https:\/\/tonymora.com\/shop\/2181-boto-recto-tuscany-dove-acabado-vintage-marron\/"},"modified":"2025-08-01T09:13:48","modified_gmt":"2025-08-01T07:13:48","slug":"2181-boto-recto-tuscany-dove-acabado-vintage-braun","status":"publish","type":"product","link":"https:\/\/tonymora.com\/de\/produkt\/2181-boto-recto-tuscany-dove-acabado-vintage-braun\/","title":{"rendered":"2181 BOTO RECTO TUSCANY DOVE \/ ACABADO VINTAGE BRAUN"},"content":{"rendered":"<p class=\"p1\">Komfort und Eleganz vereinen sich in diesem sch\u00f6nen Modell. Stiefel mit abgerundeter Spitze und geradem Absatz, die sich zu eleganten geraden und hohen Sch\u00e4ften strecken. Sie sind aus weichem Kalbsleder in einem Braunton gefertigt, der sich perfekt mit allen Farben kombinieren l\u00e4sst.<\/p>\n","protected":false},"excerpt":{"rendered":"<p>Eine Wahl, die sich auf den ersten Blick besonders anf\u00fchlt. Ideal, um Sie Tag und Nacht mit der gleichen Souver\u00e4nit\u00e4t zu begleiten.<\/p>\n","protected":false},"featured_media":694384,"template":"","meta":{"_mbp_gutenberg_autopost":false},"product_brand":[757,759,761,767],"product_cat":[1174,169,167,1141,1135],"product_tag":[],"class_list":{"0":"post-683193","1":"product","2":"type-product","3":"status-publish","4":"has-post-thumbnail","6":"product_brand-talla-mujer-36","7":"product_brand-talla-mujer-37","8":"product_brand-talla-mujer-38","9":"product_brand-talla-mujer-41","10":"product_cat-black-friday-de","11":"product_cat-casual-damenstiefel","12":"product_cat-damen","13":"product_cat-lederstiefel-damen","14":"product_cat-rabatte-damenstiefel","16":"first","17":"instock","18":"taxable","19":"shipping-taxable","20":"purchasable","21":"product-type-variable"},"supplier_id":null,"supplier_sku":"","barcode":null,"atum_controlled":true,"out_stock_date":null,"out_stock_threshold":null,"inheritable":true,"inbound_stock":0,"stock_on_hold":0,"sold_today":0,"sales_last_days":0,"reserved_stock":0,"customer_returns":0,"warehouse_damage":0,"lost_in_post":0,"other_logs":0,"out_stock_days":0,"lost_sales":0,"has_location":false,"update_date":"2025-08-01T05:13:53","atum_locations":[],"atum_stock_status":"instock","restock_status":false,"low_stock_amount":"","sales_update_date":"2024-04-24T22:32:19","calc_backorders":null,"yoast_head":"<!-- This site is optimized with the Yoast SEO plugin v27.2 - https:\/\/yoast.com\/product\/yoast-seo-wordpress\/ -->\n<title>Vintage braune Lederstiefel \u2013 Eleganz und Komfort<\/title>\n<meta name=\"description\" content=\"Braune Vintage-Stiefel aus weichem Kalbsleder, mit geradem Absatz und hohem Schaft. Komfort und Stil passend zu jedem Look. Tony Mora.\" \/>\n<meta name=\"robots\" content=\"index, follow, max-snippet:-1, max-image-preview:large, max-video-preview:-1\" \/>\n<link rel=\"canonical\" href=\"https:\/\/tonymora.com\/de\/produkt\/2181-boto-recto-tuscany-dove-acabado-vintage-braun\/\" \/>\n<meta property=\"og:locale\" content=\"de_DE\" \/>\n<meta property=\"og:type\" content=\"article\" \/>\n<meta property=\"og:title\" content=\"Vintage braune Lederstiefel \u2013 Eleganz und Komfort\" \/>\n<meta property=\"og:description\" content=\"Braune Vintage-Stiefel aus weichem Kalbsleder, mit geradem Absatz und hohem Schaft. Komfort und Stil passend zu jedem Look. Tony Mora.\" \/>\n<meta property=\"og:url\" content=\"https:\/\/tonymora.com\/de\/produkt\/2181-boto-recto-tuscany-dove-acabado-vintage-braun\/\" \/>\n<meta property=\"og:site_name\" content=\"Tony Mora\u00ae Boots Official Store\" \/>\n<meta property=\"article:publisher\" content=\"https:\/\/www.facebook.com\/Tonymoraofficial\/\" \/>\n<meta property=\"article:modified_time\" content=\"2025-08-01T07:13:48+00:00\" \/>\n<meta property=\"og:image\" content=\"https:\/\/tonymora.com\/wp-content\/uploads\/2021\/08\/01-2181_boto_recto_toscany_dove.jpg\" \/>\n\t<meta property=\"og:image:width\" content=\"866\" \/>\n\t<meta property=\"og:image:height\" content=\"1032\" \/>\n\t<meta property=\"og:image:type\" content=\"image\/jpeg\" \/>\n<meta name=\"twitter:card\" content=\"summary_large_image\" \/>\n<script type=\"application\/ld+json\" class=\"yoast-schema-graph\">{\"@context\":\"https:\/\/schema.org\",\"@graph\":[{\"@type\":\"WebPage\",\"@id\":\"https:\/\/tonymora.com\/de\/produkt\/2181-boto-recto-tuscany-dove-acabado-vintage-braun\/\",\"url\":\"https:\/\/tonymora.com\/de\/produkt\/2181-boto-recto-tuscany-dove-acabado-vintage-braun\/\",\"name\":\"Vintage braune Lederstiefel \u2013 Eleganz und Komfort\",\"isPartOf\":{\"@id\":\"https:\/\/tonymora.com\/de\/#website\"},\"primaryImageOfPage\":{\"@id\":\"https:\/\/tonymora.com\/de\/produkt\/2181-boto-recto-tuscany-dove-acabado-vintage-braun\/#primaryimage\"},\"image\":{\"@id\":\"https:\/\/tonymora.com\/de\/produkt\/2181-boto-recto-tuscany-dove-acabado-vintage-braun\/#primaryimage\"},\"thumbnailUrl\":\"https:\/\/tonymora.com\/wp-content\/uploads\/2021\/08\/01-2181_boto_recto_toscany_dove.jpg\",\"datePublished\":\"2021-08-17T13:13:48+00:00\",\"dateModified\":\"2025-08-01T07:13:48+00:00\",\"description\":\"Braune Vintage-Stiefel aus weichem Kalbsleder, mit geradem Absatz und hohem Schaft. Komfort und Stil passend zu jedem Look. Tony Mora.\",\"breadcrumb\":{\"@id\":\"https:\/\/tonymora.com\/de\/produkt\/2181-boto-recto-tuscany-dove-acabado-vintage-braun\/#breadcrumb\"},\"inLanguage\":\"de\",\"potentialAction\":[{\"@type\":\"ReadAction\",\"target\":[\"https:\/\/tonymora.com\/de\/produkt\/2181-boto-recto-tuscany-dove-acabado-vintage-braun\/\"]}]},{\"@type\":\"ImageObject\",\"inLanguage\":\"de\",\"@id\":\"https:\/\/tonymora.com\/de\/produkt\/2181-boto-recto-tuscany-dove-acabado-vintage-braun\/#primaryimage\",\"url\":\"https:\/\/tonymora.com\/wp-content\/uploads\/2021\/08\/01-2181_boto_recto_toscany_dove.jpg\",\"contentUrl\":\"https:\/\/tonymora.com\/wp-content\/uploads\/2021\/08\/01-2181_boto_recto_toscany_dove.jpg\",\"width\":866,\"height\":1032},{\"@type\":\"BreadcrumbList\",\"@id\":\"https:\/\/tonymora.com\/de\/produkt\/2181-boto-recto-tuscany-dove-acabado-vintage-braun\/#breadcrumb\",\"itemListElement\":[{\"@type\":\"ListItem\",\"position\":1,\"name\":\"Portada\",\"item\":\"https:\/\/tonymora.com\/de\/\"},{\"@type\":\"ListItem\",\"position\":2,\"name\":\"Shop\",\"item\":\"https:\/\/tonymora.com\/de\/shop\/\"},{\"@type\":\"ListItem\",\"position\":3,\"name\":\"Damen\",\"item\":\"https:\/\/tonymora.com\/de\/produkt-kategorie\/damen\/\"},{\"@type\":\"ListItem\",\"position\":4,\"name\":\"2181 BOTO RECTO TUSCANY DOVE \/ ACABADO VINTAGE BRAUN\"}]},{\"@type\":\"WebSite\",\"@id\":\"https:\/\/tonymora.com\/de\/#website\",\"url\":\"https:\/\/tonymora.com\/de\/\",\"name\":\"Tony Mora\u00ae Boots Official Store\",\"description\":\"Cowboy Boots\",\"publisher\":{\"@id\":\"https:\/\/tonymora.com\/de\/#organization\"},\"potentialAction\":[{\"@type\":\"SearchAction\",\"target\":{\"@type\":\"EntryPoint\",\"urlTemplate\":\"https:\/\/tonymora.com\/de\/?s={search_term_string}\"},\"query-input\":{\"@type\":\"PropertyValueSpecification\",\"valueRequired\":true,\"valueName\":\"search_term_string\"}}],\"inLanguage\":\"de\"},{\"@type\":\"Organization\",\"@id\":\"https:\/\/tonymora.com\/de\/#organization\",\"name\":\"Tony Mora Boots\",\"url\":\"https:\/\/tonymora.com\/de\/\",\"logo\":{\"@type\":\"ImageObject\",\"inLanguage\":\"de\",\"@id\":\"https:\/\/tonymora.com\/de\/#\/schema\/logo\/image\/\",\"url\":\"https:\/\/tonymora.com\/wp-content\/uploads\/2023\/12\/LOGO.jpg\",\"contentUrl\":\"https:\/\/tonymora.com\/wp-content\/uploads\/2023\/12\/LOGO.jpg\",\"width\":2272,\"height\":1411,\"caption\":\"Tony Mora Boots\"},\"image\":{\"@id\":\"https:\/\/tonymora.com\/de\/#\/schema\/logo\/image\/\"},\"sameAs\":[\"https:\/\/www.facebook.com\/Tonymoraofficial\/\",\"https:\/\/www.instagram.com\/tonymoraofficial\/?hl=es\"]}]}<\/script>\n<!-- \/ Yoast SEO plugin. -->","yoast_head_json":{"title":"Vintage braune Lederstiefel \u2013 Eleganz und Komfort","description":"Braune Vintage-Stiefel aus weichem Kalbsleder, mit geradem Absatz und hohem Schaft. Komfort und Stil passend zu jedem Look. Tony Mora.","robots":{"index":"index","follow":"follow","max-snippet":"max-snippet:-1","max-image-preview":"max-image-preview:large","max-video-preview":"max-video-preview:-1"},"canonical":"https:\/\/tonymora.com\/de\/produkt\/2181-boto-recto-tuscany-dove-acabado-vintage-braun\/","og_locale":"de_DE","og_type":"article","og_title":"Vintage braune Lederstiefel \u2013 Eleganz und Komfort","og_description":"Braune Vintage-Stiefel aus weichem Kalbsleder, mit geradem Absatz und hohem Schaft. Komfort und Stil passend zu jedem Look. Tony Mora.","og_url":"https:\/\/tonymora.com\/de\/produkt\/2181-boto-recto-tuscany-dove-acabado-vintage-braun\/","og_site_name":"Tony Mora\u00ae Boots Official Store","article_publisher":"https:\/\/www.facebook.com\/Tonymoraofficial\/","article_modified_time":"2025-08-01T07:13:48+00:00","og_image":[{"width":866,"height":1032,"url":"https:\/\/tonymora.com\/wp-content\/uploads\/2021\/08\/01-2181_boto_recto_toscany_dove.jpg","type":"image\/jpeg"}],"twitter_card":"summary_large_image","schema":{"@context":"https:\/\/schema.org","@graph":[{"@type":"WebPage","@id":"https:\/\/tonymora.com\/de\/produkt\/2181-boto-recto-tuscany-dove-acabado-vintage-braun\/","url":"https:\/\/tonymora.com\/de\/produkt\/2181-boto-recto-tuscany-dove-acabado-vintage-braun\/","name":"Vintage braune Lederstiefel \u2013 Eleganz und Komfort","isPartOf":{"@id":"https:\/\/tonymora.com\/de\/#website"},"primaryImageOfPage":{"@id":"https:\/\/tonymora.com\/de\/produkt\/2181-boto-recto-tuscany-dove-acabado-vintage-braun\/#primaryimage"},"image":{"@id":"https:\/\/tonymora.com\/de\/produkt\/2181-boto-recto-tuscany-dove-acabado-vintage-braun\/#primaryimage"},"thumbnailUrl":"https:\/\/tonymora.com\/wp-content\/uploads\/2021\/08\/01-2181_boto_recto_toscany_dove.jpg","datePublished":"2021-08-17T13:13:48+00:00","dateModified":"2025-08-01T07:13:48+00:00","description":"Braune Vintage-Stiefel aus weichem Kalbsleder, mit geradem Absatz und hohem Schaft. Komfort und Stil passend zu jedem Look. Tony Mora.","breadcrumb":{"@id":"https:\/\/tonymora.com\/de\/produkt\/2181-boto-recto-tuscany-dove-acabado-vintage-braun\/#breadcrumb"},"inLanguage":"de","potentialAction":[{"@type":"ReadAction","target":["https:\/\/tonymora.com\/de\/produkt\/2181-boto-recto-tuscany-dove-acabado-vintage-braun\/"]}]},{"@type":"ImageObject","inLanguage":"de","@id":"https:\/\/tonymora.com\/de\/produkt\/2181-boto-recto-tuscany-dove-acabado-vintage-braun\/#primaryimage","url":"https:\/\/tonymora.com\/wp-content\/uploads\/2021\/08\/01-2181_boto_recto_toscany_dove.jpg","contentUrl":"https:\/\/tonymora.com\/wp-content\/uploads\/2021\/08\/01-2181_boto_recto_toscany_dove.jpg","width":866,"height":1032},{"@type":"BreadcrumbList","@id":"https:\/\/tonymora.com\/de\/produkt\/2181-boto-recto-tuscany-dove-acabado-vintage-braun\/#breadcrumb","itemListElement":[{"@type":"ListItem","position":1,"name":"Portada","item":"https:\/\/tonymora.com\/de\/"},{"@type":"ListItem","position":2,"name":"Shop","item":"https:\/\/tonymora.com\/de\/shop\/"},{"@type":"ListItem","position":3,"name":"Damen","item":"https:\/\/tonymora.com\/de\/produkt-kategorie\/damen\/"},{"@type":"ListItem","position":4,"name":"2181 BOTO RECTO TUSCANY DOVE \/ ACABADO VINTAGE BRAUN"}]},{"@type":"WebSite","@id":"https:\/\/tonymora.com\/de\/#website","url":"https:\/\/tonymora.com\/de\/","name":"Tony Mora\u00ae Boots Official Store","description":"Cowboy Boots","publisher":{"@id":"https:\/\/tonymora.com\/de\/#organization"},"potentialAction":[{"@type":"SearchAction","target":{"@type":"EntryPoint","urlTemplate":"https:\/\/tonymora.com\/de\/?s={search_term_string}"},"query-input":{"@type":"PropertyValueSpecification","valueRequired":true,"valueName":"search_term_string"}}],"inLanguage":"de"},{"@type":"Organization","@id":"https:\/\/tonymora.com\/de\/#organization","name":"Tony Mora Boots","url":"https:\/\/tonymora.com\/de\/","logo":{"@type":"ImageObject","inLanguage":"de","@id":"https:\/\/tonymora.com\/de\/#\/schema\/logo\/image\/","url":"https:\/\/tonymora.com\/wp-content\/uploads\/2023\/12\/LOGO.jpg","contentUrl":"https:\/\/tonymora.com\/wp-content\/uploads\/2023\/12\/LOGO.jpg","width":2272,"height":1411,"caption":"Tony Mora Boots"},"image":{"@id":"https:\/\/tonymora.com\/de\/#\/schema\/logo\/image\/"},"sameAs":["https:\/\/www.facebook.com\/Tonymoraofficial\/","https:\/\/www.instagram.com\/tonymoraofficial\/?hl=es"]}]}},"_links":{"self":[{"href":"https:\/\/tonymora.com\/de\/wp-json\/wp\/v2\/product\/683193","targetHints":{"allow":["GET"]}}],"collection":[{"href":"https:\/\/tonymora.com\/de\/wp-json\/wp\/v2\/product"}],"about":[{"href":"https:\/\/tonymora.com\/de\/wp-json\/wp\/v2\/types\/product"}],"wp:featuredmedia":[{"embeddable":true,"href":"https:\/\/tonymora.com\/de\/wp-json\/wp\/v2\/media\/694384"}],"wp:attachment":[{"href":"https:\/\/tonymora.com\/de\/wp-json\/wp\/v2\/media?parent=683193"}],"wp:term":[{"taxonomy":"product_brand","embeddable":true,"href":"https:\/\/tonymora.com\/de\/wp-json\/wp\/v2\/product_brand?post=683193"},{"taxonomy":"product_cat","embeddable":true,"href":"https:\/\/tonymora.com\/de\/wp-json\/wp\/v2\/product_cat?post=683193"},{"taxonomy":"product_tag","embeddable":true,"href":"https:\/\/tonymora.com\/de\/wp-json\/wp\/v2\/product_tag?post=683193"}],"curies":[{"name":"wp","href":"https:\/\/api.w.org\/{rel}","templated":true}]}}