{"id":683247,"date":"2021-08-17T15:24:53","date_gmt":"2021-08-17T13:24:53","guid":{"rendered":"https:\/\/tonymora.com\/shop\/2181-boto-recto-washed-negro\/"},"modified":"2025-08-01T09:13:49","modified_gmt":"2025-08-01T07:13:49","slug":"2181-boto-recto-washed-schwarz","status":"publish","type":"product","link":"https:\/\/tonymora.com\/de\/produkt\/2181-boto-recto-washed-schwarz\/","title":{"rendered":"2181 BOTO RECTO WASHED SCHWARZ"},"content":{"rendered":"<p class=\"p1\">Neu in dieser Saison: Stiefel mit runder Spitze und geradem Absatz f\u00fcr Gem\u00fctlichkeit bei jedem Schritt. Hohe, gerade Sch\u00e4fte, die die Beine schlanker wirken und sich ideal mit Kleidern oder Hosen kombinieren lassen. Ihre elegante schwarze Farbe macht sie zu perfekten Begleitern f\u00fcr diesen Winter.<\/p>\n","protected":false},"excerpt":{"rendered":"<p>Ein Design, das vom ersten Moment an Charakter ausstrahlt. Funktionalit\u00e4t mit einem Hauch von Raffinesse.<br \/>\nEine Wahl, die Ihnen in Erinnerung bleiben wird, weil sie Ihnen ein so gutes Gef\u00fchl gibt.<\/p>\n","protected":false},"featured_media":695615,"template":"","meta":{"_mbp_gutenberg_autopost":false},"product_brand":[755,757,759,761,763],"product_cat":[1174,169,167,1141,1135],"product_tag":[],"class_list":{"0":"post-683247","1":"product","2":"type-product","3":"status-publish","4":"has-post-thumbnail","6":"product_brand-talla-mujer-35","7":"product_brand-talla-mujer-36","8":"product_brand-talla-mujer-37","9":"product_brand-talla-mujer-38","10":"product_brand-talla-mujer-39","11":"product_cat-black-friday-de","12":"product_cat-casual-damenstiefel","13":"product_cat-damen","14":"product_cat-lederstiefel-damen","15":"product_cat-rabatte-damenstiefel","17":"first","18":"instock","19":"taxable","20":"shipping-taxable","21":"purchasable","22":"product-type-variable"},"supplier_id":null,"supplier_sku":"","barcode":null,"atum_controlled":true,"out_stock_date":null,"out_stock_threshold":null,"inheritable":true,"inbound_stock":0,"stock_on_hold":1,"sold_today":1,"sales_last_days":1,"reserved_stock":0,"customer_returns":0,"warehouse_damage":0,"lost_in_post":0,"other_logs":0,"out_stock_days":0,"lost_sales":0,"has_location":false,"update_date":"2025-08-01T05:13:53","atum_locations":[],"atum_stock_status":"instock","restock_status":false,"low_stock_amount":"","sales_update_date":"2024-04-24T22:32:26","calc_backorders":null,"yoast_head":"<!-- This site is optimized with the Yoast SEO plugin v27.2 - https:\/\/yoast.com\/product\/yoast-seo-wordpress\/ -->\n<title>Schwarze Rociera-Stiefel f\u00fcr Damen | Tony Mora \u2013|Hoher schwarzer Stiefel<\/title>\n<meta name=\"description\" content=\"Schwarze Stiefel mit hohem Schaft und geradem Absatz. Komfort, Stil und Vielseitigkeit, die sich diesen Winter mit Kleidern oder Hosen kombinieren lassen. Tony Mora.\" \/>\n<meta name=\"robots\" content=\"index, follow, max-snippet:-1, max-image-preview:large, max-video-preview:-1\" \/>\n<link rel=\"canonical\" href=\"https:\/\/tonymora.com\/de\/produkt\/2181-boto-recto-washed-schwarz\/\" \/>\n<meta property=\"og:locale\" content=\"de_DE\" \/>\n<meta property=\"og:type\" content=\"article\" \/>\n<meta property=\"og:title\" content=\"Schwarze Rociera-Stiefel f\u00fcr Damen | Tony Mora \u2013|Hoher schwarzer Stiefel\" \/>\n<meta property=\"og:description\" content=\"Schwarze Stiefel mit hohem Schaft und geradem Absatz. Komfort, Stil und Vielseitigkeit, die sich diesen Winter mit Kleidern oder Hosen kombinieren lassen. Tony Mora.\" \/>\n<meta property=\"og:url\" content=\"https:\/\/tonymora.com\/de\/produkt\/2181-boto-recto-washed-schwarz\/\" \/>\n<meta property=\"og:site_name\" content=\"Tony Mora\u00ae Boots Official Store\" \/>\n<meta property=\"article:publisher\" content=\"https:\/\/www.facebook.com\/Tonymoraofficial\/\" \/>\n<meta property=\"article:modified_time\" content=\"2025-08-01T07:13:49+00:00\" \/>\n<meta property=\"og:image\" content=\"https:\/\/tonymora.com\/wp-content\/uploads\/2021\/08\/02-2181_boto_recto_washed_negro.jpg\" \/>\n\t<meta property=\"og:image:width\" content=\"866\" \/>\n\t<meta property=\"og:image:height\" content=\"1032\" \/>\n\t<meta property=\"og:image:type\" content=\"image\/jpeg\" \/>\n<meta name=\"twitter:card\" content=\"summary_large_image\" \/>\n<script type=\"application\/ld+json\" class=\"yoast-schema-graph\">{\"@context\":\"https:\/\/schema.org\",\"@graph\":[{\"@type\":\"WebPage\",\"@id\":\"https:\/\/tonymora.com\/de\/produkt\/2181-boto-recto-washed-schwarz\/\",\"url\":\"https:\/\/tonymora.com\/de\/produkt\/2181-boto-recto-washed-schwarz\/\",\"name\":\"Schwarze Rociera-Stiefel f\u00fcr Damen | Tony Mora \u2013|Hoher schwarzer Stiefel\",\"isPartOf\":{\"@id\":\"https:\/\/tonymora.com\/de\/#website\"},\"primaryImageOfPage\":{\"@id\":\"https:\/\/tonymora.com\/de\/produkt\/2181-boto-recto-washed-schwarz\/#primaryimage\"},\"image\":{\"@id\":\"https:\/\/tonymora.com\/de\/produkt\/2181-boto-recto-washed-schwarz\/#primaryimage\"},\"thumbnailUrl\":\"https:\/\/tonymora.com\/wp-content\/uploads\/2021\/08\/02-2181_boto_recto_washed_negro.jpg\",\"datePublished\":\"2021-08-17T13:24:53+00:00\",\"dateModified\":\"2025-08-01T07:13:49+00:00\",\"description\":\"Schwarze Stiefel mit hohem Schaft und geradem Absatz. Komfort, Stil und Vielseitigkeit, die sich diesen Winter mit Kleidern oder Hosen kombinieren lassen. Tony Mora.\",\"breadcrumb\":{\"@id\":\"https:\/\/tonymora.com\/de\/produkt\/2181-boto-recto-washed-schwarz\/#breadcrumb\"},\"inLanguage\":\"de\",\"potentialAction\":[{\"@type\":\"ReadAction\",\"target\":[\"https:\/\/tonymora.com\/de\/produkt\/2181-boto-recto-washed-schwarz\/\"]}]},{\"@type\":\"ImageObject\",\"inLanguage\":\"de\",\"@id\":\"https:\/\/tonymora.com\/de\/produkt\/2181-boto-recto-washed-schwarz\/#primaryimage\",\"url\":\"https:\/\/tonymora.com\/wp-content\/uploads\/2021\/08\/02-2181_boto_recto_washed_negro.jpg\",\"contentUrl\":\"https:\/\/tonymora.com\/wp-content\/uploads\/2021\/08\/02-2181_boto_recto_washed_negro.jpg\",\"width\":866,\"height\":1032},{\"@type\":\"BreadcrumbList\",\"@id\":\"https:\/\/tonymora.com\/de\/produkt\/2181-boto-recto-washed-schwarz\/#breadcrumb\",\"itemListElement\":[{\"@type\":\"ListItem\",\"position\":1,\"name\":\"Portada\",\"item\":\"https:\/\/tonymora.com\/de\/\"},{\"@type\":\"ListItem\",\"position\":2,\"name\":\"Shop\",\"item\":\"https:\/\/tonymora.com\/de\/shop\/\"},{\"@type\":\"ListItem\",\"position\":3,\"name\":\"Damen\",\"item\":\"https:\/\/tonymora.com\/de\/produkt-kategorie\/damen\/\"},{\"@type\":\"ListItem\",\"position\":4,\"name\":\"2181 BOTO RECTO WASHED SCHWARZ\"}]},{\"@type\":\"WebSite\",\"@id\":\"https:\/\/tonymora.com\/de\/#website\",\"url\":\"https:\/\/tonymora.com\/de\/\",\"name\":\"Tony Mora\u00ae Boots Official Store\",\"description\":\"Cowboy Boots\",\"publisher\":{\"@id\":\"https:\/\/tonymora.com\/de\/#organization\"},\"potentialAction\":[{\"@type\":\"SearchAction\",\"target\":{\"@type\":\"EntryPoint\",\"urlTemplate\":\"https:\/\/tonymora.com\/de\/?s={search_term_string}\"},\"query-input\":{\"@type\":\"PropertyValueSpecification\",\"valueRequired\":true,\"valueName\":\"search_term_string\"}}],\"inLanguage\":\"de\"},{\"@type\":\"Organization\",\"@id\":\"https:\/\/tonymora.com\/de\/#organization\",\"name\":\"Tony Mora Boots\",\"url\":\"https:\/\/tonymora.com\/de\/\",\"logo\":{\"@type\":\"ImageObject\",\"inLanguage\":\"de\",\"@id\":\"https:\/\/tonymora.com\/de\/#\/schema\/logo\/image\/\",\"url\":\"https:\/\/tonymora.com\/wp-content\/uploads\/2023\/12\/LOGO.jpg\",\"contentUrl\":\"https:\/\/tonymora.com\/wp-content\/uploads\/2023\/12\/LOGO.jpg\",\"width\":2272,\"height\":1411,\"caption\":\"Tony Mora Boots\"},\"image\":{\"@id\":\"https:\/\/tonymora.com\/de\/#\/schema\/logo\/image\/\"},\"sameAs\":[\"https:\/\/www.facebook.com\/Tonymoraofficial\/\",\"https:\/\/www.instagram.com\/tonymoraofficial\/?hl=es\"]}]}<\/script>\n<!-- \/ Yoast SEO plugin. -->","yoast_head_json":{"title":"Schwarze Rociera-Stiefel f\u00fcr Damen | Tony Mora \u2013|Hoher schwarzer Stiefel","description":"Schwarze Stiefel mit hohem Schaft und geradem Absatz. Komfort, Stil und Vielseitigkeit, die sich diesen Winter mit Kleidern oder Hosen kombinieren lassen. Tony Mora.","robots":{"index":"index","follow":"follow","max-snippet":"max-snippet:-1","max-image-preview":"max-image-preview:large","max-video-preview":"max-video-preview:-1"},"canonical":"https:\/\/tonymora.com\/de\/produkt\/2181-boto-recto-washed-schwarz\/","og_locale":"de_DE","og_type":"article","og_title":"Schwarze Rociera-Stiefel f\u00fcr Damen | Tony Mora \u2013|Hoher schwarzer Stiefel","og_description":"Schwarze Stiefel mit hohem Schaft und geradem Absatz. Komfort, Stil und Vielseitigkeit, die sich diesen Winter mit Kleidern oder Hosen kombinieren lassen. Tony Mora.","og_url":"https:\/\/tonymora.com\/de\/produkt\/2181-boto-recto-washed-schwarz\/","og_site_name":"Tony Mora\u00ae Boots Official Store","article_publisher":"https:\/\/www.facebook.com\/Tonymoraofficial\/","article_modified_time":"2025-08-01T07:13:49+00:00","og_image":[{"width":866,"height":1032,"url":"https:\/\/tonymora.com\/wp-content\/uploads\/2021\/08\/02-2181_boto_recto_washed_negro.jpg","type":"image\/jpeg"}],"twitter_card":"summary_large_image","schema":{"@context":"https:\/\/schema.org","@graph":[{"@type":"WebPage","@id":"https:\/\/tonymora.com\/de\/produkt\/2181-boto-recto-washed-schwarz\/","url":"https:\/\/tonymora.com\/de\/produkt\/2181-boto-recto-washed-schwarz\/","name":"Schwarze Rociera-Stiefel f\u00fcr Damen | Tony Mora \u2013|Hoher schwarzer Stiefel","isPartOf":{"@id":"https:\/\/tonymora.com\/de\/#website"},"primaryImageOfPage":{"@id":"https:\/\/tonymora.com\/de\/produkt\/2181-boto-recto-washed-schwarz\/#primaryimage"},"image":{"@id":"https:\/\/tonymora.com\/de\/produkt\/2181-boto-recto-washed-schwarz\/#primaryimage"},"thumbnailUrl":"https:\/\/tonymora.com\/wp-content\/uploads\/2021\/08\/02-2181_boto_recto_washed_negro.jpg","datePublished":"2021-08-17T13:24:53+00:00","dateModified":"2025-08-01T07:13:49+00:00","description":"Schwarze Stiefel mit hohem Schaft und geradem Absatz. Komfort, Stil und Vielseitigkeit, die sich diesen Winter mit Kleidern oder Hosen kombinieren lassen. Tony Mora.","breadcrumb":{"@id":"https:\/\/tonymora.com\/de\/produkt\/2181-boto-recto-washed-schwarz\/#breadcrumb"},"inLanguage":"de","potentialAction":[{"@type":"ReadAction","target":["https:\/\/tonymora.com\/de\/produkt\/2181-boto-recto-washed-schwarz\/"]}]},{"@type":"ImageObject","inLanguage":"de","@id":"https:\/\/tonymora.com\/de\/produkt\/2181-boto-recto-washed-schwarz\/#primaryimage","url":"https:\/\/tonymora.com\/wp-content\/uploads\/2021\/08\/02-2181_boto_recto_washed_negro.jpg","contentUrl":"https:\/\/tonymora.com\/wp-content\/uploads\/2021\/08\/02-2181_boto_recto_washed_negro.jpg","width":866,"height":1032},{"@type":"BreadcrumbList","@id":"https:\/\/tonymora.com\/de\/produkt\/2181-boto-recto-washed-schwarz\/#breadcrumb","itemListElement":[{"@type":"ListItem","position":1,"name":"Portada","item":"https:\/\/tonymora.com\/de\/"},{"@type":"ListItem","position":2,"name":"Shop","item":"https:\/\/tonymora.com\/de\/shop\/"},{"@type":"ListItem","position":3,"name":"Damen","item":"https:\/\/tonymora.com\/de\/produkt-kategorie\/damen\/"},{"@type":"ListItem","position":4,"name":"2181 BOTO RECTO WASHED SCHWARZ"}]},{"@type":"WebSite","@id":"https:\/\/tonymora.com\/de\/#website","url":"https:\/\/tonymora.com\/de\/","name":"Tony Mora\u00ae Boots Official Store","description":"Cowboy Boots","publisher":{"@id":"https:\/\/tonymora.com\/de\/#organization"},"potentialAction":[{"@type":"SearchAction","target":{"@type":"EntryPoint","urlTemplate":"https:\/\/tonymora.com\/de\/?s={search_term_string}"},"query-input":{"@type":"PropertyValueSpecification","valueRequired":true,"valueName":"search_term_string"}}],"inLanguage":"de"},{"@type":"Organization","@id":"https:\/\/tonymora.com\/de\/#organization","name":"Tony Mora Boots","url":"https:\/\/tonymora.com\/de\/","logo":{"@type":"ImageObject","inLanguage":"de","@id":"https:\/\/tonymora.com\/de\/#\/schema\/logo\/image\/","url":"https:\/\/tonymora.com\/wp-content\/uploads\/2023\/12\/LOGO.jpg","contentUrl":"https:\/\/tonymora.com\/wp-content\/uploads\/2023\/12\/LOGO.jpg","width":2272,"height":1411,"caption":"Tony Mora Boots"},"image":{"@id":"https:\/\/tonymora.com\/de\/#\/schema\/logo\/image\/"},"sameAs":["https:\/\/www.facebook.com\/Tonymoraofficial\/","https:\/\/www.instagram.com\/tonymoraofficial\/?hl=es"]}]}},"_links":{"self":[{"href":"https:\/\/tonymora.com\/de\/wp-json\/wp\/v2\/product\/683247","targetHints":{"allow":["GET"]}}],"collection":[{"href":"https:\/\/tonymora.com\/de\/wp-json\/wp\/v2\/product"}],"about":[{"href":"https:\/\/tonymora.com\/de\/wp-json\/wp\/v2\/types\/product"}],"wp:featuredmedia":[{"embeddable":true,"href":"https:\/\/tonymora.com\/de\/wp-json\/wp\/v2\/media\/695615"}],"wp:attachment":[{"href":"https:\/\/tonymora.com\/de\/wp-json\/wp\/v2\/media?parent=683247"}],"wp:term":[{"taxonomy":"product_brand","embeddable":true,"href":"https:\/\/tonymora.com\/de\/wp-json\/wp\/v2\/product_brand?post=683247"},{"taxonomy":"product_cat","embeddable":true,"href":"https:\/\/tonymora.com\/de\/wp-json\/wp\/v2\/product_cat?post=683247"},{"taxonomy":"product_tag","embeddable":true,"href":"https:\/\/tonymora.com\/de\/wp-json\/wp\/v2\/product_tag?post=683247"}],"curies":[{"name":"wp","href":"https:\/\/api.w.org\/{rel}","templated":true}]}}