{"id":683298,"date":"2021-08-17T15:47:02","date_gmt":"2021-08-17T13:47:02","guid":{"rendered":"https:\/\/tonymora.com\/shop\/3051-daslu-lini-giboya-taupe\/"},"modified":"2023-11-09T10:33:14","modified_gmt":"2023-11-09T09:33:14","slug":"3051-daslu-lini-giboya-taupe","status":"publish","type":"product","link":"https:\/\/tonymora.com\/de\/produkt\/3051-daslu-lini-giboya-taupe\/","title":{"rendered":"3051 DASLU LINI GIBOYA TAUPE"},"content":{"rendered":"<p class=\"p1\"><span class=\"s1\">Treffen Sie unser neues Modell, hergestellt mit nat\u00fcrlichem 100% Leder und von h\u00f6chster Qualit\u00e4t, so dass Sie immer elegant und modisch gehen. F\u00fcr die Herstellung der Gravuren verwenden wir Formen von vor mehr als 40 Jahren. Dieses Produkt ist handgefertigt und mit dem Goodyear Welt Comfort System, sicher perfekt zu Ihnen passen. Ihre Haut passt zu Ihren F\u00fc\u00dfen und Sie k\u00f6nnen den ganzen Tag mit ihnen gehen. Probieren Sie sie aus!<\/span><\/p>\n","protected":false},"excerpt":{"rendered":"<p>Ein Design, das vom ersten Moment an Charakter ausstrahlt.<br \/>\nEin subtiles Statement von gutem Geschmack und Selbstbewusstsein.<\/p>\n","protected":false},"featured_media":683270,"template":"","meta":{"_mbp_gutenberg_autopost":false},"product_brand":[757,759],"product_cat":[167,226,224,1139,1135],"product_tag":[],"class_list":{"0":"post-683298","1":"product","2":"type-product","3":"status-publish","4":"has-post-thumbnail","6":"product_brand-talla-mujer-36","7":"product_brand-talla-mujer-37","8":"product_cat-damen","9":"product_cat-damen-stiefeletten","10":"product_cat-luxusstiefel-damen","11":"product_cat-python-stiefel-damen","12":"product_cat-rabatte-damenstiefel","14":"first","15":"outofstock","16":"taxable","17":"shipping-taxable","18":"product-type-variable"},"supplier_id":null,"supplier_sku":"","barcode":null,"atum_controlled":true,"out_stock_date":null,"out_stock_threshold":null,"inheritable":true,"inbound_stock":0,"stock_on_hold":0,"sold_today":0,"sales_last_days":0,"reserved_stock":0,"customer_returns":0,"warehouse_damage":0,"lost_in_post":0,"other_logs":0,"out_stock_days":0,"lost_sales":0,"has_location":false,"update_date":"2025-10-27T12:53:51","atum_locations":[],"atum_stock_status":"outofstock","restock_status":false,"low_stock_amount":"","sales_update_date":"2024-04-24T22:32:19","calc_backorders":null,"yoast_head":"<!-- This site is optimized with the Yoast SEO plugin v27.4 - https:\/\/yoast.com\/product\/yoast-seo-wordpress\/ -->\n<title>3051 DASLU LINI GIBOYA TAUPE - Tony Mora\u00ae Boots Official Store<\/title>\n<meta name=\"description\" content=\"Treffen Sie unser neues Modell, hergestellt mit nat\u00fcrlichem 100% Leder und von h\u00f6chster Qualit\u00e4t, so dass Sie immer elegant und modisch.\" \/>\n<meta name=\"robots\" content=\"index, follow, max-snippet:-1, max-image-preview:large, max-video-preview:-1\" \/>\n<link rel=\"canonical\" href=\"https:\/\/tonymora.com\/de\/produkt\/3051-daslu-lini-giboya-taupe\/\" \/>\n<meta property=\"og:locale\" content=\"de_DE\" \/>\n<meta property=\"og:type\" content=\"article\" \/>\n<meta property=\"og:title\" content=\"3051 DASLU LINI GIBOYA TAUPE - Tony Mora\u00ae Boots Official Store\" \/>\n<meta property=\"og:description\" content=\"Treffen Sie unser neues Modell, hergestellt mit nat\u00fcrlichem 100% Leder und von h\u00f6chster Qualit\u00e4t, so dass Sie immer elegant und modisch.\" \/>\n<meta property=\"og:url\" content=\"https:\/\/tonymora.com\/de\/produkt\/3051-daslu-lini-giboya-taupe\/\" \/>\n<meta property=\"og:site_name\" content=\"Tony Mora\u00ae Boots Official Store\" \/>\n<meta property=\"article:publisher\" content=\"https:\/\/www.facebook.com\/Tonymoraofficial\/\" \/>\n<meta property=\"article:modified_time\" content=\"2023-11-09T09:33:14+00:00\" \/>\n<meta property=\"og:image\" content=\"https:\/\/tonymora.com\/wp-content\/uploads\/2021\/08\/2-22.jpg\" \/>\n\t<meta property=\"og:image:width\" content=\"866\" \/>\n\t<meta property=\"og:image:height\" content=\"1032\" \/>\n\t<meta property=\"og:image:type\" content=\"image\/jpeg\" \/>\n<meta name=\"twitter:card\" content=\"summary_large_image\" \/>\n<script type=\"application\/ld+json\" class=\"yoast-schema-graph\">{\"@context\":\"https:\\\/\\\/schema.org\",\"@graph\":[{\"@type\":\"WebPage\",\"@id\":\"https:\\\/\\\/tonymora.com\\\/de\\\/produkt\\\/3051-daslu-lini-giboya-taupe\\\/\",\"url\":\"https:\\\/\\\/tonymora.com\\\/de\\\/produkt\\\/3051-daslu-lini-giboya-taupe\\\/\",\"name\":\"3051 DASLU LINI GIBOYA TAUPE - Tony Mora\u00ae Boots Official Store\",\"isPartOf\":{\"@id\":\"https:\\\/\\\/tonymora.com\\\/de\\\/#website\"},\"primaryImageOfPage\":{\"@id\":\"https:\\\/\\\/tonymora.com\\\/de\\\/produkt\\\/3051-daslu-lini-giboya-taupe\\\/#primaryimage\"},\"image\":{\"@id\":\"https:\\\/\\\/tonymora.com\\\/de\\\/produkt\\\/3051-daslu-lini-giboya-taupe\\\/#primaryimage\"},\"thumbnailUrl\":\"https:\\\/\\\/tonymora.com\\\/wp-content\\\/uploads\\\/2021\\\/08\\\/2-22.jpg\",\"datePublished\":\"2021-08-17T13:47:02+00:00\",\"dateModified\":\"2023-11-09T09:33:14+00:00\",\"description\":\"Treffen Sie unser neues Modell, hergestellt mit nat\u00fcrlichem 100% Leder und von h\u00f6chster Qualit\u00e4t, so dass Sie immer elegant und modisch.\",\"breadcrumb\":{\"@id\":\"https:\\\/\\\/tonymora.com\\\/de\\\/produkt\\\/3051-daslu-lini-giboya-taupe\\\/#breadcrumb\"},\"inLanguage\":\"de\",\"potentialAction\":[{\"@type\":\"ReadAction\",\"target\":[\"https:\\\/\\\/tonymora.com\\\/de\\\/produkt\\\/3051-daslu-lini-giboya-taupe\\\/\"]}]},{\"@type\":\"ImageObject\",\"inLanguage\":\"de\",\"@id\":\"https:\\\/\\\/tonymora.com\\\/de\\\/produkt\\\/3051-daslu-lini-giboya-taupe\\\/#primaryimage\",\"url\":\"https:\\\/\\\/tonymora.com\\\/wp-content\\\/uploads\\\/2021\\\/08\\\/2-22.jpg\",\"contentUrl\":\"https:\\\/\\\/tonymora.com\\\/wp-content\\\/uploads\\\/2021\\\/08\\\/2-22.jpg\",\"width\":866,\"height\":1032},{\"@type\":\"BreadcrumbList\",\"@id\":\"https:\\\/\\\/tonymora.com\\\/de\\\/produkt\\\/3051-daslu-lini-giboya-taupe\\\/#breadcrumb\",\"itemListElement\":[{\"@type\":\"ListItem\",\"position\":1,\"name\":\"Portada\",\"item\":\"https:\\\/\\\/tonymora.com\\\/de\\\/\"},{\"@type\":\"ListItem\",\"position\":2,\"name\":\"Shop\",\"item\":\"https:\\\/\\\/tonymora.com\\\/de\\\/shop\\\/\"},{\"@type\":\"ListItem\",\"position\":3,\"name\":\"Damen\",\"item\":\"https:\\\/\\\/tonymora.com\\\/de\\\/produkt-kategorie\\\/damen\\\/\"},{\"@type\":\"ListItem\",\"position\":4,\"name\":\"3051 DASLU LINI GIBOYA TAUPE\"}]},{\"@type\":\"WebSite\",\"@id\":\"https:\\\/\\\/tonymora.com\\\/de\\\/#website\",\"url\":\"https:\\\/\\\/tonymora.com\\\/de\\\/\",\"name\":\"Tony Mora\u00ae Boots Official Store\",\"description\":\"Cowboy Boots\",\"publisher\":{\"@id\":\"https:\\\/\\\/tonymora.com\\\/de\\\/#organization\"},\"potentialAction\":[{\"@type\":\"SearchAction\",\"target\":{\"@type\":\"EntryPoint\",\"urlTemplate\":\"https:\\\/\\\/tonymora.com\\\/de\\\/?s={search_term_string}\"},\"query-input\":{\"@type\":\"PropertyValueSpecification\",\"valueRequired\":true,\"valueName\":\"search_term_string\"}}],\"inLanguage\":\"de\"},{\"@type\":\"Organization\",\"@id\":\"https:\\\/\\\/tonymora.com\\\/de\\\/#organization\",\"name\":\"Tony Mora Boots\",\"url\":\"https:\\\/\\\/tonymora.com\\\/de\\\/\",\"logo\":{\"@type\":\"ImageObject\",\"inLanguage\":\"de\",\"@id\":\"https:\\\/\\\/tonymora.com\\\/de\\\/#\\\/schema\\\/logo\\\/image\\\/\",\"url\":\"https:\\\/\\\/tonymora.com\\\/wp-content\\\/uploads\\\/2023\\\/12\\\/LOGO.jpg\",\"contentUrl\":\"https:\\\/\\\/tonymora.com\\\/wp-content\\\/uploads\\\/2023\\\/12\\\/LOGO.jpg\",\"width\":2272,\"height\":1411,\"caption\":\"Tony Mora Boots\"},\"image\":{\"@id\":\"https:\\\/\\\/tonymora.com\\\/de\\\/#\\\/schema\\\/logo\\\/image\\\/\"},\"sameAs\":[\"https:\\\/\\\/www.facebook.com\\\/Tonymoraofficial\\\/\",\"https:\\\/\\\/www.instagram.com\\\/tonymoraofficial\\\/?hl=es\"]}]}<\/script>\n<!-- \/ Yoast SEO plugin. -->","yoast_head_json":{"title":"3051 DASLU LINI GIBOYA TAUPE - Tony Mora\u00ae Boots Official Store","description":"Treffen Sie unser neues Modell, hergestellt mit nat\u00fcrlichem 100% Leder und von h\u00f6chster Qualit\u00e4t, so dass Sie immer elegant und modisch.","robots":{"index":"index","follow":"follow","max-snippet":"max-snippet:-1","max-image-preview":"max-image-preview:large","max-video-preview":"max-video-preview:-1"},"canonical":"https:\/\/tonymora.com\/de\/produkt\/3051-daslu-lini-giboya-taupe\/","og_locale":"de_DE","og_type":"article","og_title":"3051 DASLU LINI GIBOYA TAUPE - Tony Mora\u00ae Boots Official Store","og_description":"Treffen Sie unser neues Modell, hergestellt mit nat\u00fcrlichem 100% Leder und von h\u00f6chster Qualit\u00e4t, so dass Sie immer elegant und modisch.","og_url":"https:\/\/tonymora.com\/de\/produkt\/3051-daslu-lini-giboya-taupe\/","og_site_name":"Tony Mora\u00ae Boots Official Store","article_publisher":"https:\/\/www.facebook.com\/Tonymoraofficial\/","article_modified_time":"2023-11-09T09:33:14+00:00","og_image":[{"width":866,"height":1032,"url":"https:\/\/tonymora.com\/wp-content\/uploads\/2021\/08\/2-22.jpg","type":"image\/jpeg"}],"twitter_card":"summary_large_image","schema":{"@context":"https:\/\/schema.org","@graph":[{"@type":"WebPage","@id":"https:\/\/tonymora.com\/de\/produkt\/3051-daslu-lini-giboya-taupe\/","url":"https:\/\/tonymora.com\/de\/produkt\/3051-daslu-lini-giboya-taupe\/","name":"3051 DASLU LINI GIBOYA TAUPE - Tony Mora\u00ae Boots Official Store","isPartOf":{"@id":"https:\/\/tonymora.com\/de\/#website"},"primaryImageOfPage":{"@id":"https:\/\/tonymora.com\/de\/produkt\/3051-daslu-lini-giboya-taupe\/#primaryimage"},"image":{"@id":"https:\/\/tonymora.com\/de\/produkt\/3051-daslu-lini-giboya-taupe\/#primaryimage"},"thumbnailUrl":"https:\/\/tonymora.com\/wp-content\/uploads\/2021\/08\/2-22.jpg","datePublished":"2021-08-17T13:47:02+00:00","dateModified":"2023-11-09T09:33:14+00:00","description":"Treffen Sie unser neues Modell, hergestellt mit nat\u00fcrlichem 100% Leder und von h\u00f6chster Qualit\u00e4t, so dass Sie immer elegant und modisch.","breadcrumb":{"@id":"https:\/\/tonymora.com\/de\/produkt\/3051-daslu-lini-giboya-taupe\/#breadcrumb"},"inLanguage":"de","potentialAction":[{"@type":"ReadAction","target":["https:\/\/tonymora.com\/de\/produkt\/3051-daslu-lini-giboya-taupe\/"]}]},{"@type":"ImageObject","inLanguage":"de","@id":"https:\/\/tonymora.com\/de\/produkt\/3051-daslu-lini-giboya-taupe\/#primaryimage","url":"https:\/\/tonymora.com\/wp-content\/uploads\/2021\/08\/2-22.jpg","contentUrl":"https:\/\/tonymora.com\/wp-content\/uploads\/2021\/08\/2-22.jpg","width":866,"height":1032},{"@type":"BreadcrumbList","@id":"https:\/\/tonymora.com\/de\/produkt\/3051-daslu-lini-giboya-taupe\/#breadcrumb","itemListElement":[{"@type":"ListItem","position":1,"name":"Portada","item":"https:\/\/tonymora.com\/de\/"},{"@type":"ListItem","position":2,"name":"Shop","item":"https:\/\/tonymora.com\/de\/shop\/"},{"@type":"ListItem","position":3,"name":"Damen","item":"https:\/\/tonymora.com\/de\/produkt-kategorie\/damen\/"},{"@type":"ListItem","position":4,"name":"3051 DASLU LINI GIBOYA TAUPE"}]},{"@type":"WebSite","@id":"https:\/\/tonymora.com\/de\/#website","url":"https:\/\/tonymora.com\/de\/","name":"Tony Mora\u00ae Boots Official Store","description":"Cowboy Boots","publisher":{"@id":"https:\/\/tonymora.com\/de\/#organization"},"potentialAction":[{"@type":"SearchAction","target":{"@type":"EntryPoint","urlTemplate":"https:\/\/tonymora.com\/de\/?s={search_term_string}"},"query-input":{"@type":"PropertyValueSpecification","valueRequired":true,"valueName":"search_term_string"}}],"inLanguage":"de"},{"@type":"Organization","@id":"https:\/\/tonymora.com\/de\/#organization","name":"Tony Mora Boots","url":"https:\/\/tonymora.com\/de\/","logo":{"@type":"ImageObject","inLanguage":"de","@id":"https:\/\/tonymora.com\/de\/#\/schema\/logo\/image\/","url":"https:\/\/tonymora.com\/wp-content\/uploads\/2023\/12\/LOGO.jpg","contentUrl":"https:\/\/tonymora.com\/wp-content\/uploads\/2023\/12\/LOGO.jpg","width":2272,"height":1411,"caption":"Tony Mora Boots"},"image":{"@id":"https:\/\/tonymora.com\/de\/#\/schema\/logo\/image\/"},"sameAs":["https:\/\/www.facebook.com\/Tonymoraofficial\/","https:\/\/www.instagram.com\/tonymoraofficial\/?hl=es"]}]}},"_links":{"self":[{"href":"https:\/\/tonymora.com\/de\/wp-json\/wp\/v2\/product\/683298","targetHints":{"allow":["GET"]}}],"collection":[{"href":"https:\/\/tonymora.com\/de\/wp-json\/wp\/v2\/product"}],"about":[{"href":"https:\/\/tonymora.com\/de\/wp-json\/wp\/v2\/types\/product"}],"wp:featuredmedia":[{"embeddable":true,"href":"https:\/\/tonymora.com\/de\/wp-json\/wp\/v2\/media\/683270"}],"wp:attachment":[{"href":"https:\/\/tonymora.com\/de\/wp-json\/wp\/v2\/media?parent=683298"}],"wp:term":[{"taxonomy":"product_brand","embeddable":true,"href":"https:\/\/tonymora.com\/de\/wp-json\/wp\/v2\/product_brand?post=683298"},{"taxonomy":"product_cat","embeddable":true,"href":"https:\/\/tonymora.com\/de\/wp-json\/wp\/v2\/product_cat?post=683298"},{"taxonomy":"product_tag","embeddable":true,"href":"https:\/\/tonymora.com\/de\/wp-json\/wp\/v2\/product_tag?post=683298"}],"curies":[{"name":"wp","href":"https:\/\/api.w.org\/{rel}","templated":true}]}}