{"id":683368,"date":"2021-08-17T16:06:47","date_gmt":"2021-08-17T14:06:47","guid":{"rendered":"https:\/\/tonymora.com\/shop\/cinturon-2993-avestruz-marron\/"},"modified":"2025-08-01T09:13:22","modified_gmt":"2025-08-01T07:13:22","slug":"9143-tuerkisfarbenes-kalbsleder-mit-gravur","status":"publish","type":"product","link":"https:\/\/tonymora.com\/de\/produkt\/9143-tuerkisfarbenes-kalbsleder-mit-gravur\/","title":{"rendered":"9143 T\u00dcRKISFARBENES KALBSLEDER MIT GRAVUR"},"content":{"rendered":"<p class=\"p1\">Entdecken Sie einen G\u00fcrtel, der alle Blicke auf sich zieht! Mit einem t\u00fcrkisfarbenen Design und einer braunen Pr\u00e4gung, die einen Hauch von Raffinesse verleiht. Aus hochwertigem Rindsleder gefertigt, ist dieser exklusive G\u00fcrtel mehr als nur ein Accessoire, er ist ein Statement f\u00fcr Stil und Qualit\u00e4t. Er ist alltagstauglich und langlebig und damit die perfekte Wahl f\u00fcr alle, die Mode und Langlebigkeit miteinander verbinden m\u00f6chten.<\/p>\n","protected":false},"excerpt":{"rendered":"<p>Ein Design, das vom ersten Moment an Charakter ausstrahlt. Entworfen, um Sie bei jedem Anlass stilvoll zu begleiten. Gemacht, um Momente zu erleben, nicht um Trends zu folgen.<\/p>\n","protected":false},"featured_media":712131,"template":"","meta":{"_mbp_gutenberg_autopost":false},"product_brand":[],"product_cat":[1174,167,1156],"product_tag":[],"class_list":{"0":"post-683368","1":"product","2":"type-product","3":"status-publish","4":"has-post-thumbnail","6":"product_cat-black-friday-de","7":"product_cat-damen","8":"product_cat-damen-ledergurtel","10":"first","11":"instock","12":"taxable","13":"shipping-taxable","14":"purchasable","15":"product-type-variable"},"_links":{"self":[{"href":"https:\/\/tonymora.com\/de\/wp-json\/wp\/v2\/product\/683368","targetHints":{"allow":["GET"]}}],"collection":[{"href":"https:\/\/tonymora.com\/de\/wp-json\/wp\/v2\/product"}],"about":[{"href":"https:\/\/tonymora.com\/de\/wp-json\/wp\/v2\/types\/product"}],"wp:featuredmedia":[{"embeddable":true,"href":"https:\/\/tonymora.com\/de\/wp-json\/wp\/v2\/media\/712131"}],"wp:attachment":[{"href":"https:\/\/tonymora.com\/de\/wp-json\/wp\/v2\/media?parent=683368"}],"wp:term":[{"taxonomy":"product_brand","embeddable":true,"href":"https:\/\/tonymora.com\/de\/wp-json\/wp\/v2\/product_brand?post=683368"},{"taxonomy":"product_cat","embeddable":true,"href":"https:\/\/tonymora.com\/de\/wp-json\/wp\/v2\/product_cat?post=683368"},{"taxonomy":"product_tag","embeddable":true,"href":"https:\/\/tonymora.com\/de\/wp-json\/wp\/v2\/product_tag?post=683368"}],"curies":[{"name":"wp","href":"https:\/\/api.w.org\/{rel}","templated":true}]}}