{"id":683458,"date":"2021-08-17T16:22:49","date_gmt":"2021-08-17T14:22:49","guid":{"rendered":"https:\/\/tonymora.com\/shop\/cinturon-820-fantasia-club-negro-nobuck-bone-piton-bw\/"},"modified":"2025-08-01T09:13:40","modified_gmt":"2025-08-01T07:13:40","slug":"0229-fantasia-club-schwarz-nobuck-bone-python-bw","status":"publish","type":"product","link":"https:\/\/tonymora.com\/de\/produkt\/0229-fantasia-club-schwarz-nobuck-bone-python-bw\/","title":{"rendered":"0229 FANTASIA CLUB SCHWARZ\/ NOBUK BONE PYTHON BW"},"content":{"rendered":"<p class=\"p1\">Hier ist ein atemberaubender, doppellagiger G\u00fcrtel aus Rindsleder in Beige auf der Oberseite und Schwarz auf der Innenseite. Dieser exklusive G\u00fcrtel zeichnet sich durch einzigartige Details aus, wie zum Beispiel die elegante exotische Schlangenhaut, die einen Hauch von Raffinesse verleiht. Dar\u00fcber hinaus sind die Kanten des G\u00fcrtels sorgf\u00e4ltig geflochten, was die Qualit\u00e4t der Verarbeitung unterstreicht. Verleihen Sie Ihrem Outfit mit unserem exklusiven G\u00fcrtel einen Hauch von Klasse und setzen Sie zu jedem Anlass ein Statement.<\/p>\n","protected":false},"excerpt":{"rendered":"<p>Ein Stil, der Identit\u00e4t ausdr\u00fcckt, ganz ohne Worte.<br \/>\nIdeal, um Sie vom Tag bis in die Nacht mit demselben Selbstbewusstsein zu begleiten.<\/p>\n","protected":false},"featured_media":712149,"template":"","meta":{"_mbp_gutenberg_autopost":false},"product_brand":[],"product_cat":[1174,167,1156],"product_tag":[],"class_list":{"0":"post-683458","1":"product","2":"type-product","3":"status-publish","4":"has-post-thumbnail","6":"product_cat-black-friday-de","7":"product_cat-damen","8":"product_cat-damen-ledergurtel","10":"first","11":"instock","12":"taxable","13":"shipping-taxable","14":"purchasable","15":"product-type-variable"},"supplier_id":null,"supplier_sku":"","barcode":null,"atum_controlled":true,"out_stock_date":null,"out_stock_threshold":null,"inheritable":true,"inbound_stock":0,"stock_on_hold":1,"sold_today":1,"sales_last_days":2,"reserved_stock":0,"customer_returns":0,"warehouse_damage":0,"lost_in_post":0,"other_logs":0,"out_stock_days":0,"lost_sales":0,"has_location":false,"update_date":"2025-11-10T12:53:15","atum_locations":[],"atum_stock_status":"instock","restock_status":false,"low_stock_amount":"","sales_update_date":"2024-11-14T11:15:35","calc_backorders":null,"yoast_head":"<!-- This site is optimized with the Yoast SEO plugin v27.2 - https:\/\/yoast.com\/product\/yoast-seo-wordpress\/ -->\n<title>Beiger und schwarzer doppellagiger Rindslederg\u00fcrtel f\u00fcr Damen<\/title>\n<meta name=\"description\" content=\"Unser neuer G\u00fcrtelstil aus Kalbsleder und Python ist aufgrund der darin verarbeiteten Arbeit einzigartig und verleiht ihm einen ganz besonderen Charakter.\" \/>\n<meta name=\"robots\" content=\"index, follow, max-snippet:-1, max-image-preview:large, max-video-preview:-1\" \/>\n<link rel=\"canonical\" href=\"https:\/\/tonymora.com\/de\/produkt\/0229-fantasia-club-schwarz-nobuck-bone-python-bw\/\" \/>\n<meta property=\"og:locale\" content=\"de_DE\" \/>\n<meta property=\"og:type\" content=\"article\" \/>\n<meta property=\"og:title\" content=\"Beiger und schwarzer doppellagiger Rindslederg\u00fcrtel f\u00fcr Damen\" \/>\n<meta property=\"og:description\" content=\"Unser neuer G\u00fcrtelstil aus Kalbsleder und Python ist aufgrund der darin verarbeiteten Arbeit einzigartig und verleiht ihm einen ganz besonderen Charakter.\" \/>\n<meta property=\"og:url\" content=\"https:\/\/tonymora.com\/de\/produkt\/0229-fantasia-club-schwarz-nobuck-bone-python-bw\/\" \/>\n<meta property=\"og:site_name\" content=\"Tony Mora\u00ae Boots Official Store\" \/>\n<meta property=\"article:publisher\" content=\"https:\/\/www.facebook.com\/Tonymoraofficial\/\" \/>\n<meta property=\"article:modified_time\" content=\"2025-08-01T07:13:40+00:00\" \/>\n<meta property=\"og:image\" content=\"https:\/\/tonymora.com\/wp-content\/uploads\/2022\/09\/8.jpg\" \/>\n\t<meta property=\"og:image:width\" content=\"866\" \/>\n\t<meta property=\"og:image:height\" content=\"1032\" \/>\n\t<meta property=\"og:image:type\" content=\"image\/jpeg\" \/>\n<meta name=\"twitter:card\" content=\"summary_large_image\" \/>\n<meta name=\"twitter:label1\" content=\"Gesch\u00e4tzte Lesezeit\" \/>\n\t<meta name=\"twitter:data1\" content=\"1\u00a0Minute\" \/>\n<script type=\"application\/ld+json\" class=\"yoast-schema-graph\">{\"@context\":\"https:\/\/schema.org\",\"@graph\":[{\"@type\":\"WebPage\",\"@id\":\"https:\/\/tonymora.com\/de\/produkt\/0229-fantasia-club-schwarz-nobuck-bone-python-bw\/\",\"url\":\"https:\/\/tonymora.com\/de\/produkt\/0229-fantasia-club-schwarz-nobuck-bone-python-bw\/\",\"name\":\"Beiger und schwarzer doppellagiger Rindslederg\u00fcrtel f\u00fcr Damen\",\"isPartOf\":{\"@id\":\"https:\/\/tonymora.com\/de\/#website\"},\"primaryImageOfPage\":{\"@id\":\"https:\/\/tonymora.com\/de\/produkt\/0229-fantasia-club-schwarz-nobuck-bone-python-bw\/#primaryimage\"},\"image\":{\"@id\":\"https:\/\/tonymora.com\/de\/produkt\/0229-fantasia-club-schwarz-nobuck-bone-python-bw\/#primaryimage\"},\"thumbnailUrl\":\"https:\/\/tonymora.com\/wp-content\/uploads\/2022\/09\/8.jpg\",\"datePublished\":\"2021-08-17T14:22:49+00:00\",\"dateModified\":\"2025-08-01T07:13:40+00:00\",\"description\":\"Unser neuer G\u00fcrtelstil aus Kalbsleder und Python ist aufgrund der darin verarbeiteten Arbeit einzigartig und verleiht ihm einen ganz besonderen Charakter.\",\"breadcrumb\":{\"@id\":\"https:\/\/tonymora.com\/de\/produkt\/0229-fantasia-club-schwarz-nobuck-bone-python-bw\/#breadcrumb\"},\"inLanguage\":\"de\",\"potentialAction\":[{\"@type\":\"ReadAction\",\"target\":[\"https:\/\/tonymora.com\/de\/produkt\/0229-fantasia-club-schwarz-nobuck-bone-python-bw\/\"]}]},{\"@type\":\"ImageObject\",\"inLanguage\":\"de\",\"@id\":\"https:\/\/tonymora.com\/de\/produkt\/0229-fantasia-club-schwarz-nobuck-bone-python-bw\/#primaryimage\",\"url\":\"https:\/\/tonymora.com\/wp-content\/uploads\/2022\/09\/8.jpg\",\"contentUrl\":\"https:\/\/tonymora.com\/wp-content\/uploads\/2022\/09\/8.jpg\",\"width\":866,\"height\":1032,\"caption\":\"Cintur\u00f3n de doble capa de piel de vacuno beige y negra para mujer\"},{\"@type\":\"BreadcrumbList\",\"@id\":\"https:\/\/tonymora.com\/de\/produkt\/0229-fantasia-club-schwarz-nobuck-bone-python-bw\/#breadcrumb\",\"itemListElement\":[{\"@type\":\"ListItem\",\"position\":1,\"name\":\"Portada\",\"item\":\"https:\/\/tonymora.com\/de\/\"},{\"@type\":\"ListItem\",\"position\":2,\"name\":\"Shop\",\"item\":\"https:\/\/tonymora.com\/de\/shop\/\"},{\"@type\":\"ListItem\",\"position\":3,\"name\":\"Damen Lederg\u00fcrtel\",\"item\":\"https:\/\/tonymora.com\/de\/produkt-kategorie\/damen-ledergurtel\/\"},{\"@type\":\"ListItem\",\"position\":4,\"name\":\"0229 FANTASIA CLUB SCHWARZ\/ NOBUK BONE PYTHON BW\"}]},{\"@type\":\"WebSite\",\"@id\":\"https:\/\/tonymora.com\/de\/#website\",\"url\":\"https:\/\/tonymora.com\/de\/\",\"name\":\"Tony Mora\u00ae Boots Official Store\",\"description\":\"Cowboy Boots\",\"publisher\":{\"@id\":\"https:\/\/tonymora.com\/de\/#organization\"},\"potentialAction\":[{\"@type\":\"SearchAction\",\"target\":{\"@type\":\"EntryPoint\",\"urlTemplate\":\"https:\/\/tonymora.com\/de\/?s={search_term_string}\"},\"query-input\":{\"@type\":\"PropertyValueSpecification\",\"valueRequired\":true,\"valueName\":\"search_term_string\"}}],\"inLanguage\":\"de\"},{\"@type\":\"Organization\",\"@id\":\"https:\/\/tonymora.com\/de\/#organization\",\"name\":\"Tony Mora Boots\",\"url\":\"https:\/\/tonymora.com\/de\/\",\"logo\":{\"@type\":\"ImageObject\",\"inLanguage\":\"de\",\"@id\":\"https:\/\/tonymora.com\/de\/#\/schema\/logo\/image\/\",\"url\":\"https:\/\/tonymora.com\/wp-content\/uploads\/2023\/12\/LOGO.jpg\",\"contentUrl\":\"https:\/\/tonymora.com\/wp-content\/uploads\/2023\/12\/LOGO.jpg\",\"width\":2272,\"height\":1411,\"caption\":\"Tony Mora Boots\"},\"image\":{\"@id\":\"https:\/\/tonymora.com\/de\/#\/schema\/logo\/image\/\"},\"sameAs\":[\"https:\/\/www.facebook.com\/Tonymoraofficial\/\",\"https:\/\/www.instagram.com\/tonymoraofficial\/?hl=es\"]}]}<\/script>\n<!-- \/ Yoast SEO plugin. -->","yoast_head_json":{"title":"Beiger und schwarzer doppellagiger Rindslederg\u00fcrtel f\u00fcr Damen","description":"Unser neuer G\u00fcrtelstil aus Kalbsleder und Python ist aufgrund der darin verarbeiteten Arbeit einzigartig und verleiht ihm einen ganz besonderen Charakter.","robots":{"index":"index","follow":"follow","max-snippet":"max-snippet:-1","max-image-preview":"max-image-preview:large","max-video-preview":"max-video-preview:-1"},"canonical":"https:\/\/tonymora.com\/de\/produkt\/0229-fantasia-club-schwarz-nobuck-bone-python-bw\/","og_locale":"de_DE","og_type":"article","og_title":"Beiger und schwarzer doppellagiger Rindslederg\u00fcrtel f\u00fcr Damen","og_description":"Unser neuer G\u00fcrtelstil aus Kalbsleder und Python ist aufgrund der darin verarbeiteten Arbeit einzigartig und verleiht ihm einen ganz besonderen Charakter.","og_url":"https:\/\/tonymora.com\/de\/produkt\/0229-fantasia-club-schwarz-nobuck-bone-python-bw\/","og_site_name":"Tony Mora\u00ae Boots Official Store","article_publisher":"https:\/\/www.facebook.com\/Tonymoraofficial\/","article_modified_time":"2025-08-01T07:13:40+00:00","og_image":[{"width":866,"height":1032,"url":"https:\/\/tonymora.com\/wp-content\/uploads\/2022\/09\/8.jpg","type":"image\/jpeg"}],"twitter_card":"summary_large_image","twitter_misc":{"Gesch\u00e4tzte Lesezeit":"1\u00a0Minute"},"schema":{"@context":"https:\/\/schema.org","@graph":[{"@type":"WebPage","@id":"https:\/\/tonymora.com\/de\/produkt\/0229-fantasia-club-schwarz-nobuck-bone-python-bw\/","url":"https:\/\/tonymora.com\/de\/produkt\/0229-fantasia-club-schwarz-nobuck-bone-python-bw\/","name":"Beiger und schwarzer doppellagiger Rindslederg\u00fcrtel f\u00fcr Damen","isPartOf":{"@id":"https:\/\/tonymora.com\/de\/#website"},"primaryImageOfPage":{"@id":"https:\/\/tonymora.com\/de\/produkt\/0229-fantasia-club-schwarz-nobuck-bone-python-bw\/#primaryimage"},"image":{"@id":"https:\/\/tonymora.com\/de\/produkt\/0229-fantasia-club-schwarz-nobuck-bone-python-bw\/#primaryimage"},"thumbnailUrl":"https:\/\/tonymora.com\/wp-content\/uploads\/2022\/09\/8.jpg","datePublished":"2021-08-17T14:22:49+00:00","dateModified":"2025-08-01T07:13:40+00:00","description":"Unser neuer G\u00fcrtelstil aus Kalbsleder und Python ist aufgrund der darin verarbeiteten Arbeit einzigartig und verleiht ihm einen ganz besonderen Charakter.","breadcrumb":{"@id":"https:\/\/tonymora.com\/de\/produkt\/0229-fantasia-club-schwarz-nobuck-bone-python-bw\/#breadcrumb"},"inLanguage":"de","potentialAction":[{"@type":"ReadAction","target":["https:\/\/tonymora.com\/de\/produkt\/0229-fantasia-club-schwarz-nobuck-bone-python-bw\/"]}]},{"@type":"ImageObject","inLanguage":"de","@id":"https:\/\/tonymora.com\/de\/produkt\/0229-fantasia-club-schwarz-nobuck-bone-python-bw\/#primaryimage","url":"https:\/\/tonymora.com\/wp-content\/uploads\/2022\/09\/8.jpg","contentUrl":"https:\/\/tonymora.com\/wp-content\/uploads\/2022\/09\/8.jpg","width":866,"height":1032,"caption":"Cintur\u00f3n de doble capa de piel de vacuno beige y negra para mujer"},{"@type":"BreadcrumbList","@id":"https:\/\/tonymora.com\/de\/produkt\/0229-fantasia-club-schwarz-nobuck-bone-python-bw\/#breadcrumb","itemListElement":[{"@type":"ListItem","position":1,"name":"Portada","item":"https:\/\/tonymora.com\/de\/"},{"@type":"ListItem","position":2,"name":"Shop","item":"https:\/\/tonymora.com\/de\/shop\/"},{"@type":"ListItem","position":3,"name":"Damen Lederg\u00fcrtel","item":"https:\/\/tonymora.com\/de\/produkt-kategorie\/damen-ledergurtel\/"},{"@type":"ListItem","position":4,"name":"0229 FANTASIA CLUB SCHWARZ\/ NOBUK BONE PYTHON BW"}]},{"@type":"WebSite","@id":"https:\/\/tonymora.com\/de\/#website","url":"https:\/\/tonymora.com\/de\/","name":"Tony Mora\u00ae Boots Official Store","description":"Cowboy Boots","publisher":{"@id":"https:\/\/tonymora.com\/de\/#organization"},"potentialAction":[{"@type":"SearchAction","target":{"@type":"EntryPoint","urlTemplate":"https:\/\/tonymora.com\/de\/?s={search_term_string}"},"query-input":{"@type":"PropertyValueSpecification","valueRequired":true,"valueName":"search_term_string"}}],"inLanguage":"de"},{"@type":"Organization","@id":"https:\/\/tonymora.com\/de\/#organization","name":"Tony Mora Boots","url":"https:\/\/tonymora.com\/de\/","logo":{"@type":"ImageObject","inLanguage":"de","@id":"https:\/\/tonymora.com\/de\/#\/schema\/logo\/image\/","url":"https:\/\/tonymora.com\/wp-content\/uploads\/2023\/12\/LOGO.jpg","contentUrl":"https:\/\/tonymora.com\/wp-content\/uploads\/2023\/12\/LOGO.jpg","width":2272,"height":1411,"caption":"Tony Mora Boots"},"image":{"@id":"https:\/\/tonymora.com\/de\/#\/schema\/logo\/image\/"},"sameAs":["https:\/\/www.facebook.com\/Tonymoraofficial\/","https:\/\/www.instagram.com\/tonymoraofficial\/?hl=es"]}]}},"_links":{"self":[{"href":"https:\/\/tonymora.com\/de\/wp-json\/wp\/v2\/product\/683458","targetHints":{"allow":["GET"]}}],"collection":[{"href":"https:\/\/tonymora.com\/de\/wp-json\/wp\/v2\/product"}],"about":[{"href":"https:\/\/tonymora.com\/de\/wp-json\/wp\/v2\/types\/product"}],"wp:featuredmedia":[{"embeddable":true,"href":"https:\/\/tonymora.com\/de\/wp-json\/wp\/v2\/media\/712149"}],"wp:attachment":[{"href":"https:\/\/tonymora.com\/de\/wp-json\/wp\/v2\/media?parent=683458"}],"wp:term":[{"taxonomy":"product_brand","embeddable":true,"href":"https:\/\/tonymora.com\/de\/wp-json\/wp\/v2\/product_brand?post=683458"},{"taxonomy":"product_cat","embeddable":true,"href":"https:\/\/tonymora.com\/de\/wp-json\/wp\/v2\/product_cat?post=683458"},{"taxonomy":"product_tag","embeddable":true,"href":"https:\/\/tonymora.com\/de\/wp-json\/wp\/v2\/product_tag?post=683458"}],"curies":[{"name":"wp","href":"https:\/\/api.w.org\/{rel}","templated":true}]}}