{"id":683509,"date":"2021-08-18T08:42:53","date_gmt":"2021-08-18T06:42:53","guid":{"rendered":"https:\/\/tonymora.com\/shop\/cinturon-2993-avestruz-negro\/"},"modified":"2025-08-01T09:13:40","modified_gmt":"2025-08-01T07:13:40","slug":"0086-graviertes-graues-kalbfleisch","status":"publish","type":"product","link":"https:\/\/tonymora.com\/de\/produkt\/0086-graviertes-graues-kalbfleisch\/","title":{"rendered":"0086 GRAVIERTES GRAUES KALBFLEISCH"},"content":{"rendered":"<p class=\"p1\">Verleihen Sie Ihrem Look einen Hauch von Eleganz und Raffinesse mit unserem exklusiven G\u00fcrtel in einem fesselnden dunkelgrauen Ton. Dieser unverwechselbare, handgepr\u00e4gte G\u00fcrtel verleiht jedem Outfit einen einzigartigen Hauch von Stil und kann mit Ihrer Lieblingsjeans kombiniert werden. Er ist aus Rindsleder gefertigt und verf\u00fcgt \u00fcber eine quadratische Schnalle mit Antik-Effekt. Er ist ideal f\u00fcr ein formelles Treffen oder einen l\u00e4ssigen Ausflug.<\/p>\n","protected":false},"excerpt":{"rendered":"<p>Nat\u00fcrliche Eleganz in einer Silhouette, die alle Blicke auf sich zieht. Perfekt f\u00fcr ausdrucksstarke, urbane Looks. Ein zeitloser Klassiker, der heute, morgen und auch in vielen Jahren noch begeistert.<\/p>\n","protected":false},"featured_media":712134,"template":"","meta":{"_mbp_gutenberg_autopost":false},"product_brand":[],"product_cat":[1174,167,1156],"product_tag":[],"class_list":{"0":"post-683509","1":"product","2":"type-product","3":"status-publish","4":"has-post-thumbnail","6":"product_cat-black-friday-de","7":"product_cat-damen","8":"product_cat-damen-ledergurtel","10":"first","11":"instock","12":"taxable","13":"shipping-taxable","14":"purchasable","15":"product-type-variable"},"supplier_id":null,"supplier_sku":"","barcode":null,"atum_controlled":true,"out_stock_date":null,"out_stock_threshold":null,"inheritable":true,"inbound_stock":0,"stock_on_hold":0,"sold_today":0,"sales_last_days":0,"reserved_stock":0,"customer_returns":0,"warehouse_damage":0,"lost_in_post":0,"other_logs":0,"out_stock_days":0,"lost_sales":0,"has_location":false,"update_date":"2025-08-01T05:13:44","atum_locations":[],"atum_stock_status":"instock","restock_status":false,"low_stock_amount":"","sales_update_date":"2024-11-14T11:11:26","calc_backorders":null,"yoast_head":"<!-- This site is optimized with the Yoast SEO plugin v27.4 - https:\/\/yoast.com\/product\/yoast-seo-wordpress\/ -->\n<title>Grauer G\u00fcrtel aus gepr\u00e4gtem Kalbsleder | Tony Mora<\/title>\n<meta name=\"description\" content=\"Handgefertigter G\u00fcrtel aus Rindsleder mit floraler Gravur und Vintage-Schnalle. Eleganter Stil f\u00fcr formelle oder legere Outfits. Jetzt informieren!\" \/>\n<meta name=\"robots\" content=\"index, follow, max-snippet:-1, max-image-preview:large, max-video-preview:-1\" \/>\n<link rel=\"canonical\" href=\"https:\/\/tonymora.com\/de\/produkt\/0086-graviertes-graues-kalbfleisch\/\" \/>\n<meta property=\"og:locale\" content=\"de_DE\" \/>\n<meta property=\"og:type\" content=\"article\" \/>\n<meta property=\"og:title\" content=\"Grauer G\u00fcrtel aus gepr\u00e4gtem Kalbsleder | Tony Mora\" \/>\n<meta property=\"og:description\" content=\"Handgefertigter G\u00fcrtel aus Rindsleder mit floraler Gravur und Vintage-Schnalle. Eleganter Stil f\u00fcr formelle oder legere Outfits. Jetzt informieren!\" \/>\n<meta property=\"og:url\" content=\"https:\/\/tonymora.com\/de\/produkt\/0086-graviertes-graues-kalbfleisch\/\" \/>\n<meta property=\"og:site_name\" content=\"Tony Mora\u00ae Boots Official Store\" \/>\n<meta property=\"article:publisher\" content=\"https:\/\/www.facebook.com\/Tonymoraofficial\/\" \/>\n<meta property=\"article:modified_time\" content=\"2025-08-01T07:13:40+00:00\" \/>\n<meta property=\"og:image\" content=\"https:\/\/tonymora.com\/wp-content\/uploads\/2022\/09\/3-1.jpg\" \/>\n\t<meta property=\"og:image:width\" content=\"866\" \/>\n\t<meta property=\"og:image:height\" content=\"1032\" \/>\n\t<meta property=\"og:image:type\" content=\"image\/jpeg\" \/>\n<meta name=\"twitter:card\" content=\"summary_large_image\" \/>\n<meta name=\"twitter:label1\" content=\"Gesch\u00e4tzte Lesezeit\" \/>\n\t<meta name=\"twitter:data1\" content=\"1\u00a0Minute\" \/>\n<script type=\"application\/ld+json\" class=\"yoast-schema-graph\">{\"@context\":\"https:\\\/\\\/schema.org\",\"@graph\":[{\"@type\":\"WebPage\",\"@id\":\"https:\\\/\\\/tonymora.com\\\/de\\\/produkt\\\/0086-graviertes-graues-kalbfleisch\\\/\",\"url\":\"https:\\\/\\\/tonymora.com\\\/de\\\/produkt\\\/0086-graviertes-graues-kalbfleisch\\\/\",\"name\":\"Grauer G\u00fcrtel aus gepr\u00e4gtem Kalbsleder | Tony Mora\",\"isPartOf\":{\"@id\":\"https:\\\/\\\/tonymora.com\\\/de\\\/#website\"},\"primaryImageOfPage\":{\"@id\":\"https:\\\/\\\/tonymora.com\\\/de\\\/produkt\\\/0086-graviertes-graues-kalbfleisch\\\/#primaryimage\"},\"image\":{\"@id\":\"https:\\\/\\\/tonymora.com\\\/de\\\/produkt\\\/0086-graviertes-graues-kalbfleisch\\\/#primaryimage\"},\"thumbnailUrl\":\"https:\\\/\\\/tonymora.com\\\/wp-content\\\/uploads\\\/2022\\\/09\\\/3-1.jpg\",\"datePublished\":\"2021-08-18T06:42:53+00:00\",\"dateModified\":\"2025-08-01T07:13:40+00:00\",\"description\":\"Handgefertigter G\u00fcrtel aus Rindsleder mit floraler Gravur und Vintage-Schnalle. Eleganter Stil f\u00fcr formelle oder legere Outfits. Jetzt informieren!\",\"breadcrumb\":{\"@id\":\"https:\\\/\\\/tonymora.com\\\/de\\\/produkt\\\/0086-graviertes-graues-kalbfleisch\\\/#breadcrumb\"},\"inLanguage\":\"de\",\"potentialAction\":[{\"@type\":\"ReadAction\",\"target\":[\"https:\\\/\\\/tonymora.com\\\/de\\\/produkt\\\/0086-graviertes-graues-kalbfleisch\\\/\"]}]},{\"@type\":\"ImageObject\",\"inLanguage\":\"de\",\"@id\":\"https:\\\/\\\/tonymora.com\\\/de\\\/produkt\\\/0086-graviertes-graues-kalbfleisch\\\/#primaryimage\",\"url\":\"https:\\\/\\\/tonymora.com\\\/wp-content\\\/uploads\\\/2022\\\/09\\\/3-1.jpg\",\"contentUrl\":\"https:\\\/\\\/tonymora.com\\\/wp-content\\\/uploads\\\/2022\\\/09\\\/3-1.jpg\",\"width\":866,\"height\":1032,\"caption\":\"Cintur\u00f3n gris grabado en piel de becerro\"},{\"@type\":\"BreadcrumbList\",\"@id\":\"https:\\\/\\\/tonymora.com\\\/de\\\/produkt\\\/0086-graviertes-graues-kalbfleisch\\\/#breadcrumb\",\"itemListElement\":[{\"@type\":\"ListItem\",\"position\":1,\"name\":\"Portada\",\"item\":\"https:\\\/\\\/tonymora.com\\\/de\\\/\"},{\"@type\":\"ListItem\",\"position\":2,\"name\":\"Shop\",\"item\":\"https:\\\/\\\/tonymora.com\\\/de\\\/shop\\\/\"},{\"@type\":\"ListItem\",\"position\":3,\"name\":\"Damen\",\"item\":\"https:\\\/\\\/tonymora.com\\\/de\\\/produkt-kategorie\\\/damen\\\/\"},{\"@type\":\"ListItem\",\"position\":4,\"name\":\"0086 GRAVIERTES GRAUES KALBFLEISCH\"}]},{\"@type\":\"WebSite\",\"@id\":\"https:\\\/\\\/tonymora.com\\\/de\\\/#website\",\"url\":\"https:\\\/\\\/tonymora.com\\\/de\\\/\",\"name\":\"Tony Mora\u00ae Boots Official Store\",\"description\":\"Cowboy Boots\",\"publisher\":{\"@id\":\"https:\\\/\\\/tonymora.com\\\/de\\\/#organization\"},\"potentialAction\":[{\"@type\":\"SearchAction\",\"target\":{\"@type\":\"EntryPoint\",\"urlTemplate\":\"https:\\\/\\\/tonymora.com\\\/de\\\/?s={search_term_string}\"},\"query-input\":{\"@type\":\"PropertyValueSpecification\",\"valueRequired\":true,\"valueName\":\"search_term_string\"}}],\"inLanguage\":\"de\"},{\"@type\":\"Organization\",\"@id\":\"https:\\\/\\\/tonymora.com\\\/de\\\/#organization\",\"name\":\"Tony Mora Boots\",\"url\":\"https:\\\/\\\/tonymora.com\\\/de\\\/\",\"logo\":{\"@type\":\"ImageObject\",\"inLanguage\":\"de\",\"@id\":\"https:\\\/\\\/tonymora.com\\\/de\\\/#\\\/schema\\\/logo\\\/image\\\/\",\"url\":\"https:\\\/\\\/tonymora.com\\\/wp-content\\\/uploads\\\/2023\\\/12\\\/LOGO.jpg\",\"contentUrl\":\"https:\\\/\\\/tonymora.com\\\/wp-content\\\/uploads\\\/2023\\\/12\\\/LOGO.jpg\",\"width\":2272,\"height\":1411,\"caption\":\"Tony Mora Boots\"},\"image\":{\"@id\":\"https:\\\/\\\/tonymora.com\\\/de\\\/#\\\/schema\\\/logo\\\/image\\\/\"},\"sameAs\":[\"https:\\\/\\\/www.facebook.com\\\/Tonymoraofficial\\\/\",\"https:\\\/\\\/www.instagram.com\\\/tonymoraofficial\\\/?hl=es\"]}]}<\/script>\n<!-- \/ Yoast SEO plugin. -->","yoast_head_json":{"title":"Grauer G\u00fcrtel aus gepr\u00e4gtem Kalbsleder | Tony Mora","description":"Handgefertigter G\u00fcrtel aus Rindsleder mit floraler Gravur und Vintage-Schnalle. Eleganter Stil f\u00fcr formelle oder legere Outfits. Jetzt informieren!","robots":{"index":"index","follow":"follow","max-snippet":"max-snippet:-1","max-image-preview":"max-image-preview:large","max-video-preview":"max-video-preview:-1"},"canonical":"https:\/\/tonymora.com\/de\/produkt\/0086-graviertes-graues-kalbfleisch\/","og_locale":"de_DE","og_type":"article","og_title":"Grauer G\u00fcrtel aus gepr\u00e4gtem Kalbsleder | Tony Mora","og_description":"Handgefertigter G\u00fcrtel aus Rindsleder mit floraler Gravur und Vintage-Schnalle. Eleganter Stil f\u00fcr formelle oder legere Outfits. Jetzt informieren!","og_url":"https:\/\/tonymora.com\/de\/produkt\/0086-graviertes-graues-kalbfleisch\/","og_site_name":"Tony Mora\u00ae Boots Official Store","article_publisher":"https:\/\/www.facebook.com\/Tonymoraofficial\/","article_modified_time":"2025-08-01T07:13:40+00:00","og_image":[{"width":866,"height":1032,"url":"https:\/\/tonymora.com\/wp-content\/uploads\/2022\/09\/3-1.jpg","type":"image\/jpeg"}],"twitter_card":"summary_large_image","twitter_misc":{"Gesch\u00e4tzte Lesezeit":"1\u00a0Minute"},"schema":{"@context":"https:\/\/schema.org","@graph":[{"@type":"WebPage","@id":"https:\/\/tonymora.com\/de\/produkt\/0086-graviertes-graues-kalbfleisch\/","url":"https:\/\/tonymora.com\/de\/produkt\/0086-graviertes-graues-kalbfleisch\/","name":"Grauer G\u00fcrtel aus gepr\u00e4gtem Kalbsleder | Tony Mora","isPartOf":{"@id":"https:\/\/tonymora.com\/de\/#website"},"primaryImageOfPage":{"@id":"https:\/\/tonymora.com\/de\/produkt\/0086-graviertes-graues-kalbfleisch\/#primaryimage"},"image":{"@id":"https:\/\/tonymora.com\/de\/produkt\/0086-graviertes-graues-kalbfleisch\/#primaryimage"},"thumbnailUrl":"https:\/\/tonymora.com\/wp-content\/uploads\/2022\/09\/3-1.jpg","datePublished":"2021-08-18T06:42:53+00:00","dateModified":"2025-08-01T07:13:40+00:00","description":"Handgefertigter G\u00fcrtel aus Rindsleder mit floraler Gravur und Vintage-Schnalle. Eleganter Stil f\u00fcr formelle oder legere Outfits. Jetzt informieren!","breadcrumb":{"@id":"https:\/\/tonymora.com\/de\/produkt\/0086-graviertes-graues-kalbfleisch\/#breadcrumb"},"inLanguage":"de","potentialAction":[{"@type":"ReadAction","target":["https:\/\/tonymora.com\/de\/produkt\/0086-graviertes-graues-kalbfleisch\/"]}]},{"@type":"ImageObject","inLanguage":"de","@id":"https:\/\/tonymora.com\/de\/produkt\/0086-graviertes-graues-kalbfleisch\/#primaryimage","url":"https:\/\/tonymora.com\/wp-content\/uploads\/2022\/09\/3-1.jpg","contentUrl":"https:\/\/tonymora.com\/wp-content\/uploads\/2022\/09\/3-1.jpg","width":866,"height":1032,"caption":"Cintur\u00f3n gris grabado en piel de becerro"},{"@type":"BreadcrumbList","@id":"https:\/\/tonymora.com\/de\/produkt\/0086-graviertes-graues-kalbfleisch\/#breadcrumb","itemListElement":[{"@type":"ListItem","position":1,"name":"Portada","item":"https:\/\/tonymora.com\/de\/"},{"@type":"ListItem","position":2,"name":"Shop","item":"https:\/\/tonymora.com\/de\/shop\/"},{"@type":"ListItem","position":3,"name":"Damen","item":"https:\/\/tonymora.com\/de\/produkt-kategorie\/damen\/"},{"@type":"ListItem","position":4,"name":"0086 GRAVIERTES GRAUES KALBFLEISCH"}]},{"@type":"WebSite","@id":"https:\/\/tonymora.com\/de\/#website","url":"https:\/\/tonymora.com\/de\/","name":"Tony Mora\u00ae Boots Official Store","description":"Cowboy Boots","publisher":{"@id":"https:\/\/tonymora.com\/de\/#organization"},"potentialAction":[{"@type":"SearchAction","target":{"@type":"EntryPoint","urlTemplate":"https:\/\/tonymora.com\/de\/?s={search_term_string}"},"query-input":{"@type":"PropertyValueSpecification","valueRequired":true,"valueName":"search_term_string"}}],"inLanguage":"de"},{"@type":"Organization","@id":"https:\/\/tonymora.com\/de\/#organization","name":"Tony Mora Boots","url":"https:\/\/tonymora.com\/de\/","logo":{"@type":"ImageObject","inLanguage":"de","@id":"https:\/\/tonymora.com\/de\/#\/schema\/logo\/image\/","url":"https:\/\/tonymora.com\/wp-content\/uploads\/2023\/12\/LOGO.jpg","contentUrl":"https:\/\/tonymora.com\/wp-content\/uploads\/2023\/12\/LOGO.jpg","width":2272,"height":1411,"caption":"Tony Mora Boots"},"image":{"@id":"https:\/\/tonymora.com\/de\/#\/schema\/logo\/image\/"},"sameAs":["https:\/\/www.facebook.com\/Tonymoraofficial\/","https:\/\/www.instagram.com\/tonymoraofficial\/?hl=es"]}]}},"_links":{"self":[{"href":"https:\/\/tonymora.com\/de\/wp-json\/wp\/v2\/product\/683509","targetHints":{"allow":["GET"]}}],"collection":[{"href":"https:\/\/tonymora.com\/de\/wp-json\/wp\/v2\/product"}],"about":[{"href":"https:\/\/tonymora.com\/de\/wp-json\/wp\/v2\/types\/product"}],"wp:featuredmedia":[{"embeddable":true,"href":"https:\/\/tonymora.com\/de\/wp-json\/wp\/v2\/media\/712134"}],"wp:attachment":[{"href":"https:\/\/tonymora.com\/de\/wp-json\/wp\/v2\/media?parent=683509"}],"wp:term":[{"taxonomy":"product_brand","embeddable":true,"href":"https:\/\/tonymora.com\/de\/wp-json\/wp\/v2\/product_brand?post=683509"},{"taxonomy":"product_cat","embeddable":true,"href":"https:\/\/tonymora.com\/de\/wp-json\/wp\/v2\/product_cat?post=683509"},{"taxonomy":"product_tag","embeddable":true,"href":"https:\/\/tonymora.com\/de\/wp-json\/wp\/v2\/product_tag?post=683509"}],"curies":[{"name":"wp","href":"https:\/\/api.w.org\/{rel}","templated":true}]}}