{"id":683639,"date":"2021-08-18T09:05:46","date_gmt":"2021-08-18T07:05:46","guid":{"rendered":"https:\/\/tonymora.com\/shop\/cinturon-7310-vintage-fantasia-ayers-taupe\/"},"modified":"2023-07-01T11:34:46","modified_gmt":"2023-07-01T09:34:46","slug":"cinturon-7310-vintage-fantasia-ayers-taupe","status":"publish","type":"product","link":"https:\/\/tonymora.com\/de\/produkt\/cinturon-7310-vintage-fantasia-ayers-taupe\/","title":{"rendered":"CINTURON 7310 VINTAGE FANTASIA \/ AYERS TAUPE"},"content":{"rendered":"<p>Wir stellen Ihnen unseren neuen G\u00fcrtel vor, der mit Pythonleder im Taupe-Ton unterlegt ist, der diesem neuen Modell einen Kontrast von Texturen und Farben verleiht. Jedes Teil des G\u00fcrtels wird sorgf\u00e4ltig von Hand zugeschnitten, jedes St\u00fcck tr\u00e4gt einen Hauch von Exklusivit\u00e4t. Die Borden sind farblich passend zum Leder gen\u00e4ht und mit silbernen Nieten verziert.<\/p>\n","protected":false},"excerpt":{"rendered":"<p>Eine markante Silhouette, die jedes Outfit aufwertet.<br \/>\nEin Kleidungsst\u00fcck, das Ihre Pers\u00f6nlichkeit unterstreicht und Ihnen m\u00fchelos Eleganz verleiht.<\/p>\n","protected":false},"featured_media":698090,"template":"","meta":{"_mbp_gutenberg_autopost":false},"product_brand":[],"product_cat":[1174,263],"product_tag":[],"class_list":{"0":"post-683639","1":"product","2":"type-product","3":"status-publish","4":"has-post-thumbnail","6":"product_cat-black-friday-de","7":"product_cat-guertel","9":"first","10":"outofstock","11":"taxable","12":"shipping-taxable","13":"product-type-variable"},"supplier_id":null,"supplier_sku":"","barcode":null,"atum_controlled":true,"out_stock_date":null,"out_stock_threshold":null,"inheritable":true,"inbound_stock":0,"stock_on_hold":0,"sold_today":0,"sales_last_days":0,"reserved_stock":0,"customer_returns":0,"warehouse_damage":0,"lost_in_post":0,"other_logs":0,"out_stock_days":0,"lost_sales":0,"has_location":false,"update_date":"2024-10-31T15:13:55","atum_locations":[],"atum_stock_status":"outofstock","restock_status":false,"low_stock_amount":"","sales_update_date":"2024-09-23T07:28:46","calc_backorders":null,"yoast_head":"<!-- This site is optimized with the Yoast SEO plugin v27.2 - https:\/\/yoast.com\/product\/yoast-seo-wordpress\/ -->\n<title>CINTURON 7310 VINTAGE FANTASIA \/ AYERS TAUPE - Tony Mora\u00ae Boots Official Store<\/title>\n<meta name=\"description\" content=\"Wir stellen Ihnen unseren neuen G\u00fcrtel vor, der mit Pythonleder im Taupe-Ton unterlegt ist, der diesem neuen Modell einen Kontrast.\" \/>\n<meta name=\"robots\" content=\"index, follow, max-snippet:-1, max-image-preview:large, max-video-preview:-1\" \/>\n<link rel=\"canonical\" href=\"https:\/\/tonymora.com\/de\/produkt\/cinturon-7310-vintage-fantasia-ayers-taupe\/\" \/>\n<meta property=\"og:locale\" content=\"de_DE\" \/>\n<meta property=\"og:type\" content=\"article\" \/>\n<meta property=\"og:title\" content=\"CINTURON 7310 VINTAGE FANTASIA \/ AYERS TAUPE - Tony Mora\u00ae Boots Official Store\" \/>\n<meta property=\"og:description\" content=\"Wir stellen Ihnen unseren neuen G\u00fcrtel vor, der mit Pythonleder im Taupe-Ton unterlegt ist, der diesem neuen Modell einen Kontrast.\" \/>\n<meta property=\"og:url\" content=\"https:\/\/tonymora.com\/de\/produkt\/cinturon-7310-vintage-fantasia-ayers-taupe\/\" \/>\n<meta property=\"og:site_name\" content=\"Tony Mora\u00ae Boots Official Store\" \/>\n<meta property=\"article:publisher\" content=\"https:\/\/www.facebook.com\/Tonymoraofficial\/\" \/>\n<meta property=\"article:modified_time\" content=\"2023-07-01T09:34:46+00:00\" \/>\n<meta property=\"og:image\" content=\"https:\/\/tonymora.com\/wp-content\/uploads\/2021\/08\/R23_CINTURON-7310-VINTAGE-FANTASIA-AYERS-TAUPE.jpg\" \/>\n\t<meta property=\"og:image:width\" content=\"866\" \/>\n\t<meta property=\"og:image:height\" content=\"1032\" \/>\n\t<meta property=\"og:image:type\" content=\"image\/jpeg\" \/>\n<meta name=\"twitter:card\" content=\"summary_large_image\" \/>\n<script type=\"application\/ld+json\" class=\"yoast-schema-graph\">{\"@context\":\"https:\/\/schema.org\",\"@graph\":[{\"@type\":\"WebPage\",\"@id\":\"https:\/\/tonymora.com\/de\/produkt\/cinturon-7310-vintage-fantasia-ayers-taupe\/\",\"url\":\"https:\/\/tonymora.com\/de\/produkt\/cinturon-7310-vintage-fantasia-ayers-taupe\/\",\"name\":\"CINTURON 7310 VINTAGE FANTASIA \/ AYERS TAUPE - Tony Mora\u00ae Boots Official Store\",\"isPartOf\":{\"@id\":\"https:\/\/tonymora.com\/de\/#website\"},\"primaryImageOfPage\":{\"@id\":\"https:\/\/tonymora.com\/de\/produkt\/cinturon-7310-vintage-fantasia-ayers-taupe\/#primaryimage\"},\"image\":{\"@id\":\"https:\/\/tonymora.com\/de\/produkt\/cinturon-7310-vintage-fantasia-ayers-taupe\/#primaryimage\"},\"thumbnailUrl\":\"https:\/\/tonymora.com\/wp-content\/uploads\/2021\/08\/R23_CINTURON-7310-VINTAGE-FANTASIA-AYERS-TAUPE.jpg\",\"datePublished\":\"2021-08-18T07:05:46+00:00\",\"dateModified\":\"2023-07-01T09:34:46+00:00\",\"description\":\"Wir stellen Ihnen unseren neuen G\u00fcrtel vor, der mit Pythonleder im Taupe-Ton unterlegt ist, der diesem neuen Modell einen Kontrast.\",\"breadcrumb\":{\"@id\":\"https:\/\/tonymora.com\/de\/produkt\/cinturon-7310-vintage-fantasia-ayers-taupe\/#breadcrumb\"},\"inLanguage\":\"de\",\"potentialAction\":[{\"@type\":\"ReadAction\",\"target\":[\"https:\/\/tonymora.com\/de\/produkt\/cinturon-7310-vintage-fantasia-ayers-taupe\/\"]}]},{\"@type\":\"ImageObject\",\"inLanguage\":\"de\",\"@id\":\"https:\/\/tonymora.com\/de\/produkt\/cinturon-7310-vintage-fantasia-ayers-taupe\/#primaryimage\",\"url\":\"https:\/\/tonymora.com\/wp-content\/uploads\/2021\/08\/R23_CINTURON-7310-VINTAGE-FANTASIA-AYERS-TAUPE.jpg\",\"contentUrl\":\"https:\/\/tonymora.com\/wp-content\/uploads\/2021\/08\/R23_CINTURON-7310-VINTAGE-FANTASIA-AYERS-TAUPE.jpg\",\"width\":866,\"height\":1032},{\"@type\":\"BreadcrumbList\",\"@id\":\"https:\/\/tonymora.com\/de\/produkt\/cinturon-7310-vintage-fantasia-ayers-taupe\/#breadcrumb\",\"itemListElement\":[{\"@type\":\"ListItem\",\"position\":1,\"name\":\"Portada\",\"item\":\"https:\/\/tonymora.com\/de\/\"},{\"@type\":\"ListItem\",\"position\":2,\"name\":\"Shop\",\"item\":\"https:\/\/tonymora.com\/de\/shop\/\"},{\"@type\":\"ListItem\",\"position\":3,\"name\":\"G\u00fcrtel\",\"item\":\"https:\/\/tonymora.com\/de\/produkt-kategorie\/guertel\/\"},{\"@type\":\"ListItem\",\"position\":4,\"name\":\"CINTURON 7310 VINTAGE FANTASIA \/ AYERS TAUPE\"}]},{\"@type\":\"WebSite\",\"@id\":\"https:\/\/tonymora.com\/de\/#website\",\"url\":\"https:\/\/tonymora.com\/de\/\",\"name\":\"Tony Mora\u00ae Boots Official Store\",\"description\":\"Cowboy Boots\",\"publisher\":{\"@id\":\"https:\/\/tonymora.com\/de\/#organization\"},\"potentialAction\":[{\"@type\":\"SearchAction\",\"target\":{\"@type\":\"EntryPoint\",\"urlTemplate\":\"https:\/\/tonymora.com\/de\/?s={search_term_string}\"},\"query-input\":{\"@type\":\"PropertyValueSpecification\",\"valueRequired\":true,\"valueName\":\"search_term_string\"}}],\"inLanguage\":\"de\"},{\"@type\":\"Organization\",\"@id\":\"https:\/\/tonymora.com\/de\/#organization\",\"name\":\"Tony Mora Boots\",\"url\":\"https:\/\/tonymora.com\/de\/\",\"logo\":{\"@type\":\"ImageObject\",\"inLanguage\":\"de\",\"@id\":\"https:\/\/tonymora.com\/de\/#\/schema\/logo\/image\/\",\"url\":\"https:\/\/tonymora.com\/wp-content\/uploads\/2023\/12\/LOGO.jpg\",\"contentUrl\":\"https:\/\/tonymora.com\/wp-content\/uploads\/2023\/12\/LOGO.jpg\",\"width\":2272,\"height\":1411,\"caption\":\"Tony Mora Boots\"},\"image\":{\"@id\":\"https:\/\/tonymora.com\/de\/#\/schema\/logo\/image\/\"},\"sameAs\":[\"https:\/\/www.facebook.com\/Tonymoraofficial\/\",\"https:\/\/www.instagram.com\/tonymoraofficial\/?hl=es\"]}]}<\/script>\n<!-- \/ Yoast SEO plugin. -->","yoast_head_json":{"title":"CINTURON 7310 VINTAGE FANTASIA \/ AYERS TAUPE - Tony Mora\u00ae Boots Official Store","description":"Wir stellen Ihnen unseren neuen G\u00fcrtel vor, der mit Pythonleder im Taupe-Ton unterlegt ist, der diesem neuen Modell einen Kontrast.","robots":{"index":"index","follow":"follow","max-snippet":"max-snippet:-1","max-image-preview":"max-image-preview:large","max-video-preview":"max-video-preview:-1"},"canonical":"https:\/\/tonymora.com\/de\/produkt\/cinturon-7310-vintage-fantasia-ayers-taupe\/","og_locale":"de_DE","og_type":"article","og_title":"CINTURON 7310 VINTAGE FANTASIA \/ AYERS TAUPE - Tony Mora\u00ae Boots Official Store","og_description":"Wir stellen Ihnen unseren neuen G\u00fcrtel vor, der mit Pythonleder im Taupe-Ton unterlegt ist, der diesem neuen Modell einen Kontrast.","og_url":"https:\/\/tonymora.com\/de\/produkt\/cinturon-7310-vintage-fantasia-ayers-taupe\/","og_site_name":"Tony Mora\u00ae Boots Official Store","article_publisher":"https:\/\/www.facebook.com\/Tonymoraofficial\/","article_modified_time":"2023-07-01T09:34:46+00:00","og_image":[{"width":866,"height":1032,"url":"https:\/\/tonymora.com\/wp-content\/uploads\/2021\/08\/R23_CINTURON-7310-VINTAGE-FANTASIA-AYERS-TAUPE.jpg","type":"image\/jpeg"}],"twitter_card":"summary_large_image","schema":{"@context":"https:\/\/schema.org","@graph":[{"@type":"WebPage","@id":"https:\/\/tonymora.com\/de\/produkt\/cinturon-7310-vintage-fantasia-ayers-taupe\/","url":"https:\/\/tonymora.com\/de\/produkt\/cinturon-7310-vintage-fantasia-ayers-taupe\/","name":"CINTURON 7310 VINTAGE FANTASIA \/ AYERS TAUPE - Tony Mora\u00ae Boots Official Store","isPartOf":{"@id":"https:\/\/tonymora.com\/de\/#website"},"primaryImageOfPage":{"@id":"https:\/\/tonymora.com\/de\/produkt\/cinturon-7310-vintage-fantasia-ayers-taupe\/#primaryimage"},"image":{"@id":"https:\/\/tonymora.com\/de\/produkt\/cinturon-7310-vintage-fantasia-ayers-taupe\/#primaryimage"},"thumbnailUrl":"https:\/\/tonymora.com\/wp-content\/uploads\/2021\/08\/R23_CINTURON-7310-VINTAGE-FANTASIA-AYERS-TAUPE.jpg","datePublished":"2021-08-18T07:05:46+00:00","dateModified":"2023-07-01T09:34:46+00:00","description":"Wir stellen Ihnen unseren neuen G\u00fcrtel vor, der mit Pythonleder im Taupe-Ton unterlegt ist, der diesem neuen Modell einen Kontrast.","breadcrumb":{"@id":"https:\/\/tonymora.com\/de\/produkt\/cinturon-7310-vintage-fantasia-ayers-taupe\/#breadcrumb"},"inLanguage":"de","potentialAction":[{"@type":"ReadAction","target":["https:\/\/tonymora.com\/de\/produkt\/cinturon-7310-vintage-fantasia-ayers-taupe\/"]}]},{"@type":"ImageObject","inLanguage":"de","@id":"https:\/\/tonymora.com\/de\/produkt\/cinturon-7310-vintage-fantasia-ayers-taupe\/#primaryimage","url":"https:\/\/tonymora.com\/wp-content\/uploads\/2021\/08\/R23_CINTURON-7310-VINTAGE-FANTASIA-AYERS-TAUPE.jpg","contentUrl":"https:\/\/tonymora.com\/wp-content\/uploads\/2021\/08\/R23_CINTURON-7310-VINTAGE-FANTASIA-AYERS-TAUPE.jpg","width":866,"height":1032},{"@type":"BreadcrumbList","@id":"https:\/\/tonymora.com\/de\/produkt\/cinturon-7310-vintage-fantasia-ayers-taupe\/#breadcrumb","itemListElement":[{"@type":"ListItem","position":1,"name":"Portada","item":"https:\/\/tonymora.com\/de\/"},{"@type":"ListItem","position":2,"name":"Shop","item":"https:\/\/tonymora.com\/de\/shop\/"},{"@type":"ListItem","position":3,"name":"G\u00fcrtel","item":"https:\/\/tonymora.com\/de\/produkt-kategorie\/guertel\/"},{"@type":"ListItem","position":4,"name":"CINTURON 7310 VINTAGE FANTASIA \/ AYERS TAUPE"}]},{"@type":"WebSite","@id":"https:\/\/tonymora.com\/de\/#website","url":"https:\/\/tonymora.com\/de\/","name":"Tony Mora\u00ae Boots Official Store","description":"Cowboy Boots","publisher":{"@id":"https:\/\/tonymora.com\/de\/#organization"},"potentialAction":[{"@type":"SearchAction","target":{"@type":"EntryPoint","urlTemplate":"https:\/\/tonymora.com\/de\/?s={search_term_string}"},"query-input":{"@type":"PropertyValueSpecification","valueRequired":true,"valueName":"search_term_string"}}],"inLanguage":"de"},{"@type":"Organization","@id":"https:\/\/tonymora.com\/de\/#organization","name":"Tony Mora Boots","url":"https:\/\/tonymora.com\/de\/","logo":{"@type":"ImageObject","inLanguage":"de","@id":"https:\/\/tonymora.com\/de\/#\/schema\/logo\/image\/","url":"https:\/\/tonymora.com\/wp-content\/uploads\/2023\/12\/LOGO.jpg","contentUrl":"https:\/\/tonymora.com\/wp-content\/uploads\/2023\/12\/LOGO.jpg","width":2272,"height":1411,"caption":"Tony Mora Boots"},"image":{"@id":"https:\/\/tonymora.com\/de\/#\/schema\/logo\/image\/"},"sameAs":["https:\/\/www.facebook.com\/Tonymoraofficial\/","https:\/\/www.instagram.com\/tonymoraofficial\/?hl=es"]}]}},"_links":{"self":[{"href":"https:\/\/tonymora.com\/de\/wp-json\/wp\/v2\/product\/683639","targetHints":{"allow":["GET"]}}],"collection":[{"href":"https:\/\/tonymora.com\/de\/wp-json\/wp\/v2\/product"}],"about":[{"href":"https:\/\/tonymora.com\/de\/wp-json\/wp\/v2\/types\/product"}],"wp:featuredmedia":[{"embeddable":true,"href":"https:\/\/tonymora.com\/de\/wp-json\/wp\/v2\/media\/698090"}],"wp:attachment":[{"href":"https:\/\/tonymora.com\/de\/wp-json\/wp\/v2\/media?parent=683639"}],"wp:term":[{"taxonomy":"product_brand","embeddable":true,"href":"https:\/\/tonymora.com\/de\/wp-json\/wp\/v2\/product_brand?post=683639"},{"taxonomy":"product_cat","embeddable":true,"href":"https:\/\/tonymora.com\/de\/wp-json\/wp\/v2\/product_cat?post=683639"},{"taxonomy":"product_tag","embeddable":true,"href":"https:\/\/tonymora.com\/de\/wp-json\/wp\/v2\/product_tag?post=683639"}],"curies":[{"name":"wp","href":"https:\/\/api.w.org\/{rel}","templated":true}]}}