{"id":684405,"date":"2021-09-06T09:48:47","date_gmt":"2021-09-06T07:48:47","guid":{"rendered":"https:\/\/tonymora.com\/shop\/0001-daslu-lini-luxury-black\/"},"modified":"2025-08-01T09:13:56","modified_gmt":"2025-08-01T07:13:56","slug":"7777-daslu-lini-luxury-schwarz","status":"publish","type":"product","link":"https:\/\/tonymora.com\/de\/produkt\/7777-daslu-lini-luxury-schwarz\/","title":{"rendered":"7777 DASLU LINI LUXURY SCHWARZ"},"content":{"rendered":"<p class=\"p1\">Damals und heute &#8211; schon immer sind wir bei Tony Mora Pioniere in jedem Design.<br \/>\nWir bringen Ihnen einen Look mit eleganten Fransen auf den verzierten Sch\u00e4ften, dazu eine spezielle \u201ePr\u00e4gungsarbeit\u201c, die dem Leder Kontrast gibt. Die Schuhspitze verleiht den Stiefeln eine nat\u00fcrliche Eleganz, der mittelhohe Absatz ist ideal, um sie jederzeit anzuziehen, handgefertigt aus einem der weichsten und bequemsten &#8222;Washed&#8220;-Leder, gem\u00fctlich vom ersten Tragen an. Unsere LUXURY-Edition l\u00e4sst Sie strahlen wie ein Star.<\/p>\n","protected":false},"excerpt":{"rendered":"<p>Eine markante Silhouette, die jedes Outfit aufwertet. Ein Hauch von Gr\u00f6\u00dfe, der Selbstbewusstsein und Eleganz ausstrahlt.<br \/>\nSo kleiden Sie sich authentisch und elegant.<\/p>\n","protected":false},"featured_media":684698,"template":"","meta":{"_mbp_gutenberg_autopost":false},"product_brand":[761,767],"product_cat":[170,167,224],"product_tag":[],"class_list":{"0":"post-684405","1":"product","2":"type-product","3":"status-publish","4":"has-post-thumbnail","6":"product_brand-talla-mujer-38","7":"product_brand-talla-mujer-41","8":"product_cat-cowboystiefel-damen","9":"product_cat-damen","10":"product_cat-luxusstiefel-damen","12":"first","13":"outofstock","14":"taxable","15":"shipping-taxable","16":"purchasable","17":"product-type-variable"},"supplier_id":null,"supplier_sku":"","barcode":null,"atum_controlled":true,"out_stock_date":null,"out_stock_threshold":null,"inheritable":true,"inbound_stock":0,"stock_on_hold":0,"sold_today":0,"sales_last_days":0,"reserved_stock":0,"customer_returns":0,"warehouse_damage":0,"lost_in_post":0,"other_logs":0,"out_stock_days":0,"lost_sales":0,"has_location":false,"update_date":"2025-08-01T05:14:00","atum_locations":[],"atum_stock_status":"instock","restock_status":false,"low_stock_amount":"","sales_update_date":"2024-04-24T22:32:19","calc_backorders":null,"yoast_head":"<!-- This site is optimized with the Yoast SEO plugin v27.3 - https:\/\/yoast.com\/product\/yoast-seo-wordpress\/ -->\n<title>Schwarze Cowboystiefel mit Fransen f\u00fcr Damen | Luxus Tony Mora<\/title>\n<meta name=\"description\" content=\"Schwarze Stiefeletten aus Leder mit Fransen und gepr\u00e4gten Details. Exklusives und komfortables Design, perfekt f\u00fcr einen eleganten und modernen Stil.\" \/>\n<meta name=\"robots\" content=\"index, follow, max-snippet:-1, max-image-preview:large, max-video-preview:-1\" \/>\n<link rel=\"canonical\" href=\"https:\/\/tonymora.com\/de\/produkt\/7777-daslu-lini-luxury-schwarz\/\" \/>\n<meta property=\"og:locale\" content=\"de_DE\" \/>\n<meta property=\"og:type\" content=\"article\" \/>\n<meta property=\"og:title\" content=\"Schwarze Cowboystiefel mit Fransen f\u00fcr Damen | Luxus Tony Mora\" \/>\n<meta property=\"og:description\" content=\"Schwarze Stiefeletten aus Leder mit Fransen und gepr\u00e4gten Details. Exklusives und komfortables Design, perfekt f\u00fcr einen eleganten und modernen Stil.\" \/>\n<meta property=\"og:url\" content=\"https:\/\/tonymora.com\/de\/produkt\/7777-daslu-lini-luxury-schwarz\/\" \/>\n<meta property=\"og:site_name\" content=\"Tony Mora\u00ae Boots Official Store\" \/>\n<meta property=\"article:publisher\" content=\"https:\/\/www.facebook.com\/Tonymoraofficial\/\" \/>\n<meta property=\"article:modified_time\" content=\"2025-08-01T07:13:56+00:00\" \/>\n<meta property=\"og:image\" content=\"https:\/\/tonymora.com\/wp-content\/uploads\/2021\/09\/1-7.jpg\" \/>\n\t<meta property=\"og:image:width\" content=\"866\" \/>\n\t<meta property=\"og:image:height\" content=\"1032\" \/>\n\t<meta property=\"og:image:type\" content=\"image\/jpeg\" \/>\n<meta name=\"twitter:card\" content=\"summary_large_image\" \/>\n<meta name=\"twitter:label1\" content=\"Gesch\u00e4tzte Lesezeit\" \/>\n\t<meta name=\"twitter:data1\" content=\"1\u00a0Minute\" \/>\n<script type=\"application\/ld+json\" class=\"yoast-schema-graph\">{\"@context\":\"https:\\\/\\\/schema.org\",\"@graph\":[{\"@type\":\"WebPage\",\"@id\":\"https:\\\/\\\/tonymora.com\\\/de\\\/produkt\\\/7777-daslu-lini-luxury-schwarz\\\/\",\"url\":\"https:\\\/\\\/tonymora.com\\\/de\\\/produkt\\\/7777-daslu-lini-luxury-schwarz\\\/\",\"name\":\"Schwarze Cowboystiefel mit Fransen f\u00fcr Damen | Luxus Tony Mora\",\"isPartOf\":{\"@id\":\"https:\\\/\\\/tonymora.com\\\/de\\\/#website\"},\"primaryImageOfPage\":{\"@id\":\"https:\\\/\\\/tonymora.com\\\/de\\\/produkt\\\/7777-daslu-lini-luxury-schwarz\\\/#primaryimage\"},\"image\":{\"@id\":\"https:\\\/\\\/tonymora.com\\\/de\\\/produkt\\\/7777-daslu-lini-luxury-schwarz\\\/#primaryimage\"},\"thumbnailUrl\":\"https:\\\/\\\/tonymora.com\\\/wp-content\\\/uploads\\\/2021\\\/09\\\/1-7.jpg\",\"datePublished\":\"2021-09-06T07:48:47+00:00\",\"dateModified\":\"2025-08-01T07:13:56+00:00\",\"description\":\"Schwarze Stiefeletten aus Leder mit Fransen und gepr\u00e4gten Details. Exklusives und komfortables Design, perfekt f\u00fcr einen eleganten und modernen Stil.\",\"breadcrumb\":{\"@id\":\"https:\\\/\\\/tonymora.com\\\/de\\\/produkt\\\/7777-daslu-lini-luxury-schwarz\\\/#breadcrumb\"},\"inLanguage\":\"de\",\"potentialAction\":[{\"@type\":\"ReadAction\",\"target\":[\"https:\\\/\\\/tonymora.com\\\/de\\\/produkt\\\/7777-daslu-lini-luxury-schwarz\\\/\"]}]},{\"@type\":\"ImageObject\",\"inLanguage\":\"de\",\"@id\":\"https:\\\/\\\/tonymora.com\\\/de\\\/produkt\\\/7777-daslu-lini-luxury-schwarz\\\/#primaryimage\",\"url\":\"https:\\\/\\\/tonymora.com\\\/wp-content\\\/uploads\\\/2021\\\/09\\\/1-7.jpg\",\"contentUrl\":\"https:\\\/\\\/tonymora.com\\\/wp-content\\\/uploads\\\/2021\\\/09\\\/1-7.jpg\",\"width\":866,\"height\":1032},{\"@type\":\"BreadcrumbList\",\"@id\":\"https:\\\/\\\/tonymora.com\\\/de\\\/produkt\\\/7777-daslu-lini-luxury-schwarz\\\/#breadcrumb\",\"itemListElement\":[{\"@type\":\"ListItem\",\"position\":1,\"name\":\"Portada\",\"item\":\"https:\\\/\\\/tonymora.com\\\/de\\\/\"},{\"@type\":\"ListItem\",\"position\":2,\"name\":\"Shop\",\"item\":\"https:\\\/\\\/tonymora.com\\\/de\\\/shop\\\/\"},{\"@type\":\"ListItem\",\"position\":3,\"name\":\"Damen\",\"item\":\"https:\\\/\\\/tonymora.com\\\/de\\\/produkt-kategorie\\\/damen\\\/\"},{\"@type\":\"ListItem\",\"position\":4,\"name\":\"7777 DASLU LINI LUXURY SCHWARZ\"}]},{\"@type\":\"WebSite\",\"@id\":\"https:\\\/\\\/tonymora.com\\\/de\\\/#website\",\"url\":\"https:\\\/\\\/tonymora.com\\\/de\\\/\",\"name\":\"Tony Mora\u00ae Boots Official Store\",\"description\":\"Cowboy Boots\",\"publisher\":{\"@id\":\"https:\\\/\\\/tonymora.com\\\/de\\\/#organization\"},\"potentialAction\":[{\"@type\":\"SearchAction\",\"target\":{\"@type\":\"EntryPoint\",\"urlTemplate\":\"https:\\\/\\\/tonymora.com\\\/de\\\/?s={search_term_string}\"},\"query-input\":{\"@type\":\"PropertyValueSpecification\",\"valueRequired\":true,\"valueName\":\"search_term_string\"}}],\"inLanguage\":\"de\"},{\"@type\":\"Organization\",\"@id\":\"https:\\\/\\\/tonymora.com\\\/de\\\/#organization\",\"name\":\"Tony Mora Boots\",\"url\":\"https:\\\/\\\/tonymora.com\\\/de\\\/\",\"logo\":{\"@type\":\"ImageObject\",\"inLanguage\":\"de\",\"@id\":\"https:\\\/\\\/tonymora.com\\\/de\\\/#\\\/schema\\\/logo\\\/image\\\/\",\"url\":\"https:\\\/\\\/tonymora.com\\\/wp-content\\\/uploads\\\/2023\\\/12\\\/LOGO.jpg\",\"contentUrl\":\"https:\\\/\\\/tonymora.com\\\/wp-content\\\/uploads\\\/2023\\\/12\\\/LOGO.jpg\",\"width\":2272,\"height\":1411,\"caption\":\"Tony Mora Boots\"},\"image\":{\"@id\":\"https:\\\/\\\/tonymora.com\\\/de\\\/#\\\/schema\\\/logo\\\/image\\\/\"},\"sameAs\":[\"https:\\\/\\\/www.facebook.com\\\/Tonymoraofficial\\\/\",\"https:\\\/\\\/www.instagram.com\\\/tonymoraofficial\\\/?hl=es\"]}]}<\/script>\n<!-- \/ Yoast SEO plugin. -->","yoast_head_json":{"title":"Schwarze Cowboystiefel mit Fransen f\u00fcr Damen | Luxus Tony Mora","description":"Schwarze Stiefeletten aus Leder mit Fransen und gepr\u00e4gten Details. Exklusives und komfortables Design, perfekt f\u00fcr einen eleganten und modernen Stil.","robots":{"index":"index","follow":"follow","max-snippet":"max-snippet:-1","max-image-preview":"max-image-preview:large","max-video-preview":"max-video-preview:-1"},"canonical":"https:\/\/tonymora.com\/de\/produkt\/7777-daslu-lini-luxury-schwarz\/","og_locale":"de_DE","og_type":"article","og_title":"Schwarze Cowboystiefel mit Fransen f\u00fcr Damen | Luxus Tony Mora","og_description":"Schwarze Stiefeletten aus Leder mit Fransen und gepr\u00e4gten Details. Exklusives und komfortables Design, perfekt f\u00fcr einen eleganten und modernen Stil.","og_url":"https:\/\/tonymora.com\/de\/produkt\/7777-daslu-lini-luxury-schwarz\/","og_site_name":"Tony Mora\u00ae Boots Official Store","article_publisher":"https:\/\/www.facebook.com\/Tonymoraofficial\/","article_modified_time":"2025-08-01T07:13:56+00:00","og_image":[{"width":866,"height":1032,"url":"https:\/\/tonymora.com\/wp-content\/uploads\/2021\/09\/1-7.jpg","type":"image\/jpeg"}],"twitter_card":"summary_large_image","twitter_misc":{"Gesch\u00e4tzte Lesezeit":"1\u00a0Minute"},"schema":{"@context":"https:\/\/schema.org","@graph":[{"@type":"WebPage","@id":"https:\/\/tonymora.com\/de\/produkt\/7777-daslu-lini-luxury-schwarz\/","url":"https:\/\/tonymora.com\/de\/produkt\/7777-daslu-lini-luxury-schwarz\/","name":"Schwarze Cowboystiefel mit Fransen f\u00fcr Damen | Luxus Tony Mora","isPartOf":{"@id":"https:\/\/tonymora.com\/de\/#website"},"primaryImageOfPage":{"@id":"https:\/\/tonymora.com\/de\/produkt\/7777-daslu-lini-luxury-schwarz\/#primaryimage"},"image":{"@id":"https:\/\/tonymora.com\/de\/produkt\/7777-daslu-lini-luxury-schwarz\/#primaryimage"},"thumbnailUrl":"https:\/\/tonymora.com\/wp-content\/uploads\/2021\/09\/1-7.jpg","datePublished":"2021-09-06T07:48:47+00:00","dateModified":"2025-08-01T07:13:56+00:00","description":"Schwarze Stiefeletten aus Leder mit Fransen und gepr\u00e4gten Details. Exklusives und komfortables Design, perfekt f\u00fcr einen eleganten und modernen Stil.","breadcrumb":{"@id":"https:\/\/tonymora.com\/de\/produkt\/7777-daslu-lini-luxury-schwarz\/#breadcrumb"},"inLanguage":"de","potentialAction":[{"@type":"ReadAction","target":["https:\/\/tonymora.com\/de\/produkt\/7777-daslu-lini-luxury-schwarz\/"]}]},{"@type":"ImageObject","inLanguage":"de","@id":"https:\/\/tonymora.com\/de\/produkt\/7777-daslu-lini-luxury-schwarz\/#primaryimage","url":"https:\/\/tonymora.com\/wp-content\/uploads\/2021\/09\/1-7.jpg","contentUrl":"https:\/\/tonymora.com\/wp-content\/uploads\/2021\/09\/1-7.jpg","width":866,"height":1032},{"@type":"BreadcrumbList","@id":"https:\/\/tonymora.com\/de\/produkt\/7777-daslu-lini-luxury-schwarz\/#breadcrumb","itemListElement":[{"@type":"ListItem","position":1,"name":"Portada","item":"https:\/\/tonymora.com\/de\/"},{"@type":"ListItem","position":2,"name":"Shop","item":"https:\/\/tonymora.com\/de\/shop\/"},{"@type":"ListItem","position":3,"name":"Damen","item":"https:\/\/tonymora.com\/de\/produkt-kategorie\/damen\/"},{"@type":"ListItem","position":4,"name":"7777 DASLU LINI LUXURY SCHWARZ"}]},{"@type":"WebSite","@id":"https:\/\/tonymora.com\/de\/#website","url":"https:\/\/tonymora.com\/de\/","name":"Tony Mora\u00ae Boots Official Store","description":"Cowboy Boots","publisher":{"@id":"https:\/\/tonymora.com\/de\/#organization"},"potentialAction":[{"@type":"SearchAction","target":{"@type":"EntryPoint","urlTemplate":"https:\/\/tonymora.com\/de\/?s={search_term_string}"},"query-input":{"@type":"PropertyValueSpecification","valueRequired":true,"valueName":"search_term_string"}}],"inLanguage":"de"},{"@type":"Organization","@id":"https:\/\/tonymora.com\/de\/#organization","name":"Tony Mora Boots","url":"https:\/\/tonymora.com\/de\/","logo":{"@type":"ImageObject","inLanguage":"de","@id":"https:\/\/tonymora.com\/de\/#\/schema\/logo\/image\/","url":"https:\/\/tonymora.com\/wp-content\/uploads\/2023\/12\/LOGO.jpg","contentUrl":"https:\/\/tonymora.com\/wp-content\/uploads\/2023\/12\/LOGO.jpg","width":2272,"height":1411,"caption":"Tony Mora Boots"},"image":{"@id":"https:\/\/tonymora.com\/de\/#\/schema\/logo\/image\/"},"sameAs":["https:\/\/www.facebook.com\/Tonymoraofficial\/","https:\/\/www.instagram.com\/tonymoraofficial\/?hl=es"]}]}},"_links":{"self":[{"href":"https:\/\/tonymora.com\/de\/wp-json\/wp\/v2\/product\/684405","targetHints":{"allow":["GET"]}}],"collection":[{"href":"https:\/\/tonymora.com\/de\/wp-json\/wp\/v2\/product"}],"about":[{"href":"https:\/\/tonymora.com\/de\/wp-json\/wp\/v2\/types\/product"}],"wp:featuredmedia":[{"embeddable":true,"href":"https:\/\/tonymora.com\/de\/wp-json\/wp\/v2\/media\/684698"}],"wp:attachment":[{"href":"https:\/\/tonymora.com\/de\/wp-json\/wp\/v2\/media?parent=684405"}],"wp:term":[{"taxonomy":"product_brand","embeddable":true,"href":"https:\/\/tonymora.com\/de\/wp-json\/wp\/v2\/product_brand?post=684405"},{"taxonomy":"product_cat","embeddable":true,"href":"https:\/\/tonymora.com\/de\/wp-json\/wp\/v2\/product_cat?post=684405"},{"taxonomy":"product_tag","embeddable":true,"href":"https:\/\/tonymora.com\/de\/wp-json\/wp\/v2\/product_tag?post=684405"}],"curies":[{"name":"wp","href":"https:\/\/api.w.org\/{rel}","templated":true}]}}