{"id":684459,"date":"2021-09-06T10:05:27","date_gmt":"2021-09-06T08:05:27","guid":{"rendered":"https:\/\/tonymora.com\/shop\/1761-daslu-lini-swarovsky-cielo-piton-turquesa\/"},"modified":"2023-11-09T10:52:41","modified_gmt":"2023-11-09T09:52:41","slug":"1761-daslu-lini-swarovsky-cielo-piton-tuerkis","status":"publish","type":"product","link":"https:\/\/tonymora.com\/de\/produkt\/1761-daslu-lini-swarovsky-cielo-piton-tuerkis\/","title":{"rendered":"1761 DASLU LINI SWAROVSKY CIELO \/ PITON T\u00dcRKIS"},"content":{"rendered":"<p>Da wir die besten Designs und Texturen f\u00fcr unsere Kunden bevorzugen, pr\u00e4sentieren wir Ihnen dieses unglaubliche Modell mit schillernden Sch\u00e4ften aus weichem Kalbsleder mit funkelnden SWAROVSKI-Strasssteinen, die Sie in jedem Moment strahlen lassen. Die stilisierte Schuhspitze in intensivem Hellblau aus exklusivem Pythonleder gibt den eleganten und besonderen Touch, den Sie suchen. Werden Sie Trendsetter mit Ihren Tony Moras! Treue Begleiter auf Schritt und Tritt.<br \/>\nEin einzigartiges St\u00fcck, geschaffen f\u00fcr einzigartige Menschen.<\/p>\n","protected":false},"excerpt":{"rendered":"<p>Ein Design, das vom ersten Moment an Charakter ausstrahlt.<br \/>\nEin subtiles Statement von gutem Geschmack und Selbstbewusstsein.<\/p>\n","protected":false},"featured_media":684420,"template":"","meta":{"_mbp_gutenberg_autopost":false},"product_brand":[757,759,765],"product_cat":[167,224,1137,1135],"product_tag":[],"class_list":{"0":"post-684459","1":"product","2":"type-product","3":"status-publish","4":"has-post-thumbnail","6":"product_brand-talla-mujer-36","7":"product_brand-talla-mujer-37","8":"product_brand-talla-mujer-40","9":"product_cat-damen","10":"product_cat-luxusstiefel-damen","11":"product_cat-luxusstiefel-damen-de","12":"product_cat-rabatte-damenstiefel","14":"first","15":"instock","16":"taxable","17":"shipping-taxable","18":"purchasable","19":"product-type-variable"},"supplier_id":null,"supplier_sku":"","barcode":null,"atum_controlled":true,"out_stock_date":null,"out_stock_threshold":null,"inheritable":true,"inbound_stock":0,"stock_on_hold":0,"sold_today":0,"sales_last_days":0,"reserved_stock":0,"customer_returns":0,"warehouse_damage":0,"lost_in_post":0,"other_logs":0,"out_stock_days":0,"lost_sales":0,"has_location":false,"update_date":"2024-06-24T09:29:13","atum_locations":[],"atum_stock_status":"instock","restock_status":false,"low_stock_amount":"","sales_update_date":"2024-06-24T09:29:13","calc_backorders":null,"yoast_head":"<!-- This site is optimized with the Yoast SEO plugin v27.2 - https:\/\/yoast.com\/product\/yoast-seo-wordpress\/ -->\n<title>1761 DASLU LINI SWAROVSKY CIELO \/ PITON T\u00dcRKIS - Tony Mora\u00ae Boots Official Store<\/title>\n<meta name=\"description\" content=\"Pr\u00e4sentieren wir Ihnen dieses unglaubliche Modell mit schillernden Sch\u00e4ften aus weichem Kalbsleder mit funkelnden SWAROVSKI-Strasssteinen\" \/>\n<meta name=\"robots\" content=\"index, follow, max-snippet:-1, max-image-preview:large, max-video-preview:-1\" \/>\n<link rel=\"canonical\" href=\"https:\/\/tonymora.com\/de\/produkt\/1761-daslu-lini-swarovsky-cielo-piton-tuerkis\/\" \/>\n<meta property=\"og:locale\" content=\"de_DE\" \/>\n<meta property=\"og:type\" content=\"article\" \/>\n<meta property=\"og:title\" content=\"1761 DASLU LINI SWAROVSKY CIELO \/ PITON T\u00dcRKIS - Tony Mora\u00ae Boots Official Store\" \/>\n<meta property=\"og:description\" content=\"Pr\u00e4sentieren wir Ihnen dieses unglaubliche Modell mit schillernden Sch\u00e4ften aus weichem Kalbsleder mit funkelnden SWAROVSKI-Strasssteinen\" \/>\n<meta property=\"og:url\" content=\"https:\/\/tonymora.com\/de\/produkt\/1761-daslu-lini-swarovsky-cielo-piton-tuerkis\/\" \/>\n<meta property=\"og:site_name\" content=\"Tony Mora\u00ae Boots Official Store\" \/>\n<meta property=\"article:publisher\" content=\"https:\/\/www.facebook.com\/Tonymoraofficial\/\" \/>\n<meta property=\"article:modified_time\" content=\"2023-11-09T09:52:41+00:00\" \/>\n<meta property=\"og:image\" content=\"https:\/\/tonymora.com\/wp-content\/uploads\/2021\/09\/2-1.jpg\" \/>\n\t<meta property=\"og:image:width\" content=\"866\" \/>\n\t<meta property=\"og:image:height\" content=\"1032\" \/>\n\t<meta property=\"og:image:type\" content=\"image\/jpeg\" \/>\n<meta name=\"twitter:card\" content=\"summary_large_image\" \/>\n<script type=\"application\/ld+json\" class=\"yoast-schema-graph\">{\"@context\":\"https:\/\/schema.org\",\"@graph\":[{\"@type\":\"WebPage\",\"@id\":\"https:\/\/tonymora.com\/de\/produkt\/1761-daslu-lini-swarovsky-cielo-piton-tuerkis\/\",\"url\":\"https:\/\/tonymora.com\/de\/produkt\/1761-daslu-lini-swarovsky-cielo-piton-tuerkis\/\",\"name\":\"1761 DASLU LINI SWAROVSKY CIELO \/ PITON T\u00dcRKIS - Tony Mora\u00ae Boots Official Store\",\"isPartOf\":{\"@id\":\"https:\/\/tonymora.com\/de\/#website\"},\"primaryImageOfPage\":{\"@id\":\"https:\/\/tonymora.com\/de\/produkt\/1761-daslu-lini-swarovsky-cielo-piton-tuerkis\/#primaryimage\"},\"image\":{\"@id\":\"https:\/\/tonymora.com\/de\/produkt\/1761-daslu-lini-swarovsky-cielo-piton-tuerkis\/#primaryimage\"},\"thumbnailUrl\":\"https:\/\/tonymora.com\/wp-content\/uploads\/2021\/09\/2-1.jpg\",\"datePublished\":\"2021-09-06T08:05:27+00:00\",\"dateModified\":\"2023-11-09T09:52:41+00:00\",\"description\":\"Pr\u00e4sentieren wir Ihnen dieses unglaubliche Modell mit schillernden Sch\u00e4ften aus weichem Kalbsleder mit funkelnden SWAROVSKI-Strasssteinen\",\"breadcrumb\":{\"@id\":\"https:\/\/tonymora.com\/de\/produkt\/1761-daslu-lini-swarovsky-cielo-piton-tuerkis\/#breadcrumb\"},\"inLanguage\":\"de\",\"potentialAction\":[{\"@type\":\"ReadAction\",\"target\":[\"https:\/\/tonymora.com\/de\/produkt\/1761-daslu-lini-swarovsky-cielo-piton-tuerkis\/\"]}]},{\"@type\":\"ImageObject\",\"inLanguage\":\"de\",\"@id\":\"https:\/\/tonymora.com\/de\/produkt\/1761-daslu-lini-swarovsky-cielo-piton-tuerkis\/#primaryimage\",\"url\":\"https:\/\/tonymora.com\/wp-content\/uploads\/2021\/09\/2-1.jpg\",\"contentUrl\":\"https:\/\/tonymora.com\/wp-content\/uploads\/2021\/09\/2-1.jpg\",\"width\":866,\"height\":1032},{\"@type\":\"BreadcrumbList\",\"@id\":\"https:\/\/tonymora.com\/de\/produkt\/1761-daslu-lini-swarovsky-cielo-piton-tuerkis\/#breadcrumb\",\"itemListElement\":[{\"@type\":\"ListItem\",\"position\":1,\"name\":\"Portada\",\"item\":\"https:\/\/tonymora.com\/de\/\"},{\"@type\":\"ListItem\",\"position\":2,\"name\":\"Shop\",\"item\":\"https:\/\/tonymora.com\/de\/shop\/\"},{\"@type\":\"ListItem\",\"position\":3,\"name\":\"Damen\",\"item\":\"https:\/\/tonymora.com\/de\/produkt-kategorie\/damen\/\"},{\"@type\":\"ListItem\",\"position\":4,\"name\":\"1761 DASLU LINI SWAROVSKY CIELO \/ PITON T\u00dcRKIS\"}]},{\"@type\":\"WebSite\",\"@id\":\"https:\/\/tonymora.com\/de\/#website\",\"url\":\"https:\/\/tonymora.com\/de\/\",\"name\":\"Tony Mora\u00ae Boots Official Store\",\"description\":\"Cowboy Boots\",\"publisher\":{\"@id\":\"https:\/\/tonymora.com\/de\/#organization\"},\"potentialAction\":[{\"@type\":\"SearchAction\",\"target\":{\"@type\":\"EntryPoint\",\"urlTemplate\":\"https:\/\/tonymora.com\/de\/?s={search_term_string}\"},\"query-input\":{\"@type\":\"PropertyValueSpecification\",\"valueRequired\":true,\"valueName\":\"search_term_string\"}}],\"inLanguage\":\"de\"},{\"@type\":\"Organization\",\"@id\":\"https:\/\/tonymora.com\/de\/#organization\",\"name\":\"Tony Mora Boots\",\"url\":\"https:\/\/tonymora.com\/de\/\",\"logo\":{\"@type\":\"ImageObject\",\"inLanguage\":\"de\",\"@id\":\"https:\/\/tonymora.com\/de\/#\/schema\/logo\/image\/\",\"url\":\"https:\/\/tonymora.com\/wp-content\/uploads\/2023\/12\/LOGO.jpg\",\"contentUrl\":\"https:\/\/tonymora.com\/wp-content\/uploads\/2023\/12\/LOGO.jpg\",\"width\":2272,\"height\":1411,\"caption\":\"Tony Mora Boots\"},\"image\":{\"@id\":\"https:\/\/tonymora.com\/de\/#\/schema\/logo\/image\/\"},\"sameAs\":[\"https:\/\/www.facebook.com\/Tonymoraofficial\/\",\"https:\/\/www.instagram.com\/tonymoraofficial\/?hl=es\"]}]}<\/script>\n<!-- \/ Yoast SEO plugin. -->","yoast_head_json":{"title":"1761 DASLU LINI SWAROVSKY CIELO \/ PITON T\u00dcRKIS - Tony Mora\u00ae Boots Official Store","description":"Pr\u00e4sentieren wir Ihnen dieses unglaubliche Modell mit schillernden Sch\u00e4ften aus weichem Kalbsleder mit funkelnden SWAROVSKI-Strasssteinen","robots":{"index":"index","follow":"follow","max-snippet":"max-snippet:-1","max-image-preview":"max-image-preview:large","max-video-preview":"max-video-preview:-1"},"canonical":"https:\/\/tonymora.com\/de\/produkt\/1761-daslu-lini-swarovsky-cielo-piton-tuerkis\/","og_locale":"de_DE","og_type":"article","og_title":"1761 DASLU LINI SWAROVSKY CIELO \/ PITON T\u00dcRKIS - Tony Mora\u00ae Boots Official Store","og_description":"Pr\u00e4sentieren wir Ihnen dieses unglaubliche Modell mit schillernden Sch\u00e4ften aus weichem Kalbsleder mit funkelnden SWAROVSKI-Strasssteinen","og_url":"https:\/\/tonymora.com\/de\/produkt\/1761-daslu-lini-swarovsky-cielo-piton-tuerkis\/","og_site_name":"Tony Mora\u00ae Boots Official Store","article_publisher":"https:\/\/www.facebook.com\/Tonymoraofficial\/","article_modified_time":"2023-11-09T09:52:41+00:00","og_image":[{"width":866,"height":1032,"url":"https:\/\/tonymora.com\/wp-content\/uploads\/2021\/09\/2-1.jpg","type":"image\/jpeg"}],"twitter_card":"summary_large_image","schema":{"@context":"https:\/\/schema.org","@graph":[{"@type":"WebPage","@id":"https:\/\/tonymora.com\/de\/produkt\/1761-daslu-lini-swarovsky-cielo-piton-tuerkis\/","url":"https:\/\/tonymora.com\/de\/produkt\/1761-daslu-lini-swarovsky-cielo-piton-tuerkis\/","name":"1761 DASLU LINI SWAROVSKY CIELO \/ PITON T\u00dcRKIS - Tony Mora\u00ae Boots Official Store","isPartOf":{"@id":"https:\/\/tonymora.com\/de\/#website"},"primaryImageOfPage":{"@id":"https:\/\/tonymora.com\/de\/produkt\/1761-daslu-lini-swarovsky-cielo-piton-tuerkis\/#primaryimage"},"image":{"@id":"https:\/\/tonymora.com\/de\/produkt\/1761-daslu-lini-swarovsky-cielo-piton-tuerkis\/#primaryimage"},"thumbnailUrl":"https:\/\/tonymora.com\/wp-content\/uploads\/2021\/09\/2-1.jpg","datePublished":"2021-09-06T08:05:27+00:00","dateModified":"2023-11-09T09:52:41+00:00","description":"Pr\u00e4sentieren wir Ihnen dieses unglaubliche Modell mit schillernden Sch\u00e4ften aus weichem Kalbsleder mit funkelnden SWAROVSKI-Strasssteinen","breadcrumb":{"@id":"https:\/\/tonymora.com\/de\/produkt\/1761-daslu-lini-swarovsky-cielo-piton-tuerkis\/#breadcrumb"},"inLanguage":"de","potentialAction":[{"@type":"ReadAction","target":["https:\/\/tonymora.com\/de\/produkt\/1761-daslu-lini-swarovsky-cielo-piton-tuerkis\/"]}]},{"@type":"ImageObject","inLanguage":"de","@id":"https:\/\/tonymora.com\/de\/produkt\/1761-daslu-lini-swarovsky-cielo-piton-tuerkis\/#primaryimage","url":"https:\/\/tonymora.com\/wp-content\/uploads\/2021\/09\/2-1.jpg","contentUrl":"https:\/\/tonymora.com\/wp-content\/uploads\/2021\/09\/2-1.jpg","width":866,"height":1032},{"@type":"BreadcrumbList","@id":"https:\/\/tonymora.com\/de\/produkt\/1761-daslu-lini-swarovsky-cielo-piton-tuerkis\/#breadcrumb","itemListElement":[{"@type":"ListItem","position":1,"name":"Portada","item":"https:\/\/tonymora.com\/de\/"},{"@type":"ListItem","position":2,"name":"Shop","item":"https:\/\/tonymora.com\/de\/shop\/"},{"@type":"ListItem","position":3,"name":"Damen","item":"https:\/\/tonymora.com\/de\/produkt-kategorie\/damen\/"},{"@type":"ListItem","position":4,"name":"1761 DASLU LINI SWAROVSKY CIELO \/ PITON T\u00dcRKIS"}]},{"@type":"WebSite","@id":"https:\/\/tonymora.com\/de\/#website","url":"https:\/\/tonymora.com\/de\/","name":"Tony Mora\u00ae Boots Official Store","description":"Cowboy Boots","publisher":{"@id":"https:\/\/tonymora.com\/de\/#organization"},"potentialAction":[{"@type":"SearchAction","target":{"@type":"EntryPoint","urlTemplate":"https:\/\/tonymora.com\/de\/?s={search_term_string}"},"query-input":{"@type":"PropertyValueSpecification","valueRequired":true,"valueName":"search_term_string"}}],"inLanguage":"de"},{"@type":"Organization","@id":"https:\/\/tonymora.com\/de\/#organization","name":"Tony Mora Boots","url":"https:\/\/tonymora.com\/de\/","logo":{"@type":"ImageObject","inLanguage":"de","@id":"https:\/\/tonymora.com\/de\/#\/schema\/logo\/image\/","url":"https:\/\/tonymora.com\/wp-content\/uploads\/2023\/12\/LOGO.jpg","contentUrl":"https:\/\/tonymora.com\/wp-content\/uploads\/2023\/12\/LOGO.jpg","width":2272,"height":1411,"caption":"Tony Mora Boots"},"image":{"@id":"https:\/\/tonymora.com\/de\/#\/schema\/logo\/image\/"},"sameAs":["https:\/\/www.facebook.com\/Tonymoraofficial\/","https:\/\/www.instagram.com\/tonymoraofficial\/?hl=es"]}]}},"_links":{"self":[{"href":"https:\/\/tonymora.com\/de\/wp-json\/wp\/v2\/product\/684459","targetHints":{"allow":["GET"]}}],"collection":[{"href":"https:\/\/tonymora.com\/de\/wp-json\/wp\/v2\/product"}],"about":[{"href":"https:\/\/tonymora.com\/de\/wp-json\/wp\/v2\/types\/product"}],"wp:featuredmedia":[{"embeddable":true,"href":"https:\/\/tonymora.com\/de\/wp-json\/wp\/v2\/media\/684420"}],"wp:attachment":[{"href":"https:\/\/tonymora.com\/de\/wp-json\/wp\/v2\/media?parent=684459"}],"wp:term":[{"taxonomy":"product_brand","embeddable":true,"href":"https:\/\/tonymora.com\/de\/wp-json\/wp\/v2\/product_brand?post=684459"},{"taxonomy":"product_cat","embeddable":true,"href":"https:\/\/tonymora.com\/de\/wp-json\/wp\/v2\/product_cat?post=684459"},{"taxonomy":"product_tag","embeddable":true,"href":"https:\/\/tonymora.com\/de\/wp-json\/wp\/v2\/product_tag?post=684459"}],"curies":[{"name":"wp","href":"https:\/\/api.w.org\/{rel}","templated":true}]}}