{"id":684664,"date":"2021-09-06T11:19:08","date_gmt":"2021-09-06T09:19:08","guid":{"rendered":"https:\/\/tonymora.com\/shop\/clutch-club-negro-classic\/"},"modified":"2025-08-01T09:13:23","modified_gmt":"2025-08-01T07:13:23","slug":"clutch-club-schwarz-classic","status":"publish","type":"product","link":"https:\/\/tonymora.com\/de\/produkt\/clutch-club-schwarz-classic\/","title":{"rendered":"SHOPPER BAG CLUB SCHWARZ CLASSIC"},"content":{"rendered":"<p>Ein Modell, das nie aus der Mode kommt und Sie \u00fcberallhin begleiten wird. Dank seiner Gr\u00f6\u00dfe ist es perfekt f\u00fcr einen Arbeitstag oder einen Einkaufsbummel. Der mittelgro\u00dfe Griff ist aus weichem Kalbsleder mit einer Kreuznaht gefertigt, die dem Leder Kontrast und St\u00e4rke verleiht. Verlieben Sie sich in die W\u00e4rme und Eleganz dieses Designs.<\/p>\n","protected":false},"excerpt":{"rendered":"<p>Ein Angebot mit Herz, geschaffen, um Sie wirklich zu begleiten. Selbstbewusstes Auftreten und ein Stil, der auf nat\u00fcrliche Weise Aufmerksamkeit erregt. Entworfen, um Momente zu erleben, nicht um Trends zu folgen.<\/p>\n","protected":false},"featured_media":684656,"template":"","meta":{"_mbp_gutenberg_autopost":false},"product_brand":[],"product_cat":[1174,541],"product_tag":[],"class_list":{"0":"post-684664","1":"product","2":"type-product","3":"status-publish","4":"has-post-thumbnail","6":"product_cat-black-friday-de","7":"product_cat-handtaschen","9":"first","10":"instock","11":"taxable","12":"shipping-taxable","13":"purchasable","14":"product-type-simple"},"supplier_id":null,"supplier_sku":"","barcode":null,"atum_controlled":false,"out_stock_date":null,"out_stock_threshold":null,"inheritable":false,"inbound_stock":null,"stock_on_hold":0,"sold_today":0,"sales_last_days":0,"reserved_stock":null,"customer_returns":null,"warehouse_damage":null,"lost_in_post":null,"other_logs":null,"out_stock_days":0,"lost_sales":0,"has_location":false,"update_date":"2026-03-17T11:59:08","atum_locations":[],"atum_stock_status":"instock","restock_status":false,"low_stock_amount":"","sales_update_date":"2025-09-12T05:31:34","calc_backorders":null,"yoast_head":"<!-- This site is optimized with the Yoast SEO plugin v27.2 - https:\/\/yoast.com\/product\/yoast-seo-wordpress\/ -->\n<title>Schwarze Shopper-Tasche aus Kalbsleder | Elegancia Tony Mora<\/title>\n<meta name=\"description\" content=\"Shopper-Tasche aus weichem, schwarzem Kalbsleder, ideal f\u00fcr die Arbeit oder zum Einkaufen. Klassisches Design mit mittlerem Griff und Kreuzn\u00e4hten f\u00fcr einen anspruchsvollen und langlebigen Stil.\" \/>\n<meta name=\"robots\" content=\"index, follow, max-snippet:-1, max-image-preview:large, max-video-preview:-1\" \/>\n<link rel=\"canonical\" href=\"https:\/\/tonymora.com\/de\/produkt\/clutch-club-schwarz-classic\/\" \/>\n<meta property=\"og:locale\" content=\"de_DE\" \/>\n<meta property=\"og:type\" content=\"article\" \/>\n<meta property=\"og:title\" content=\"Schwarze Shopper-Tasche aus Kalbsleder | Elegancia Tony Mora\" \/>\n<meta property=\"og:description\" content=\"Shopper-Tasche aus weichem, schwarzem Kalbsleder, ideal f\u00fcr die Arbeit oder zum Einkaufen. Klassisches Design mit mittlerem Griff und Kreuzn\u00e4hten f\u00fcr einen anspruchsvollen und langlebigen Stil.\" \/>\n<meta property=\"og:url\" content=\"https:\/\/tonymora.com\/de\/produkt\/clutch-club-schwarz-classic\/\" \/>\n<meta property=\"og:site_name\" content=\"Tony Mora\u00ae Boots Official Store\" \/>\n<meta property=\"article:publisher\" content=\"https:\/\/www.facebook.com\/Tonymoraofficial\/\" \/>\n<meta property=\"article:modified_time\" content=\"2025-08-01T07:13:23+00:00\" \/>\n<meta property=\"og:image\" content=\"https:\/\/tonymora.com\/wp-content\/uploads\/2021\/09\/1-6.jpg\" \/>\n\t<meta property=\"og:image:width\" content=\"866\" \/>\n\t<meta property=\"og:image:height\" content=\"1032\" \/>\n\t<meta property=\"og:image:type\" content=\"image\/jpeg\" \/>\n<meta name=\"twitter:card\" content=\"summary_large_image\" \/>\n<script type=\"application\/ld+json\" class=\"yoast-schema-graph\">{\"@context\":\"https:\/\/schema.org\",\"@graph\":[{\"@type\":\"WebPage\",\"@id\":\"https:\/\/tonymora.com\/de\/produkt\/clutch-club-schwarz-classic\/\",\"url\":\"https:\/\/tonymora.com\/de\/produkt\/clutch-club-schwarz-classic\/\",\"name\":\"Schwarze Shopper-Tasche aus Kalbsleder | Elegancia Tony Mora\",\"isPartOf\":{\"@id\":\"https:\/\/tonymora.com\/de\/#website\"},\"primaryImageOfPage\":{\"@id\":\"https:\/\/tonymora.com\/de\/produkt\/clutch-club-schwarz-classic\/#primaryimage\"},\"image\":{\"@id\":\"https:\/\/tonymora.com\/de\/produkt\/clutch-club-schwarz-classic\/#primaryimage\"},\"thumbnailUrl\":\"https:\/\/tonymora.com\/wp-content\/uploads\/2021\/09\/1-6.jpg\",\"datePublished\":\"2021-09-06T09:19:08+00:00\",\"dateModified\":\"2025-08-01T07:13:23+00:00\",\"description\":\"Shopper-Tasche aus weichem, schwarzem Kalbsleder, ideal f\u00fcr die Arbeit oder zum Einkaufen. Klassisches Design mit mittlerem Griff und Kreuzn\u00e4hten f\u00fcr einen anspruchsvollen und langlebigen Stil.\",\"breadcrumb\":{\"@id\":\"https:\/\/tonymora.com\/de\/produkt\/clutch-club-schwarz-classic\/#breadcrumb\"},\"inLanguage\":\"de\",\"potentialAction\":[{\"@type\":\"ReadAction\",\"target\":[\"https:\/\/tonymora.com\/de\/produkt\/clutch-club-schwarz-classic\/\"]}]},{\"@type\":\"ImageObject\",\"inLanguage\":\"de\",\"@id\":\"https:\/\/tonymora.com\/de\/produkt\/clutch-club-schwarz-classic\/#primaryimage\",\"url\":\"https:\/\/tonymora.com\/wp-content\/uploads\/2021\/09\/1-6.jpg\",\"contentUrl\":\"https:\/\/tonymora.com\/wp-content\/uploads\/2021\/09\/1-6.jpg\",\"width\":866,\"height\":1032},{\"@type\":\"BreadcrumbList\",\"@id\":\"https:\/\/tonymora.com\/de\/produkt\/clutch-club-schwarz-classic\/#breadcrumb\",\"itemListElement\":[{\"@type\":\"ListItem\",\"position\":1,\"name\":\"Portada\",\"item\":\"https:\/\/tonymora.com\/de\/\"},{\"@type\":\"ListItem\",\"position\":2,\"name\":\"Shop\",\"item\":\"https:\/\/tonymora.com\/de\/shop\/\"},{\"@type\":\"ListItem\",\"position\":3,\"name\":\"Damen\",\"item\":\"https:\/\/tonymora.com\/de\/produkt-kategorie\/damen\/\"},{\"@type\":\"ListItem\",\"position\":4,\"name\":\"Handtaschen\",\"item\":\"https:\/\/tonymora.com\/de\/produkt-kategorie\/damen\/handtaschen\/\"},{\"@type\":\"ListItem\",\"position\":5,\"name\":\"SHOPPER BAG CLUB SCHWARZ CLASSIC\"}]},{\"@type\":\"WebSite\",\"@id\":\"https:\/\/tonymora.com\/de\/#website\",\"url\":\"https:\/\/tonymora.com\/de\/\",\"name\":\"Tony Mora\u00ae Boots Official Store\",\"description\":\"Cowboy Boots\",\"publisher\":{\"@id\":\"https:\/\/tonymora.com\/de\/#organization\"},\"potentialAction\":[{\"@type\":\"SearchAction\",\"target\":{\"@type\":\"EntryPoint\",\"urlTemplate\":\"https:\/\/tonymora.com\/de\/?s={search_term_string}\"},\"query-input\":{\"@type\":\"PropertyValueSpecification\",\"valueRequired\":true,\"valueName\":\"search_term_string\"}}],\"inLanguage\":\"de\"},{\"@type\":\"Organization\",\"@id\":\"https:\/\/tonymora.com\/de\/#organization\",\"name\":\"Tony Mora Boots\",\"url\":\"https:\/\/tonymora.com\/de\/\",\"logo\":{\"@type\":\"ImageObject\",\"inLanguage\":\"de\",\"@id\":\"https:\/\/tonymora.com\/de\/#\/schema\/logo\/image\/\",\"url\":\"https:\/\/tonymora.com\/wp-content\/uploads\/2023\/12\/LOGO.jpg\",\"contentUrl\":\"https:\/\/tonymora.com\/wp-content\/uploads\/2023\/12\/LOGO.jpg\",\"width\":2272,\"height\":1411,\"caption\":\"Tony Mora Boots\"},\"image\":{\"@id\":\"https:\/\/tonymora.com\/de\/#\/schema\/logo\/image\/\"},\"sameAs\":[\"https:\/\/www.facebook.com\/Tonymoraofficial\/\",\"https:\/\/www.instagram.com\/tonymoraofficial\/?hl=es\"]}]}<\/script>\n<!-- \/ Yoast SEO plugin. -->","yoast_head_json":{"title":"Schwarze Shopper-Tasche aus Kalbsleder | Elegancia Tony Mora","description":"Shopper-Tasche aus weichem, schwarzem Kalbsleder, ideal f\u00fcr die Arbeit oder zum Einkaufen. Klassisches Design mit mittlerem Griff und Kreuzn\u00e4hten f\u00fcr einen anspruchsvollen und langlebigen Stil.","robots":{"index":"index","follow":"follow","max-snippet":"max-snippet:-1","max-image-preview":"max-image-preview:large","max-video-preview":"max-video-preview:-1"},"canonical":"https:\/\/tonymora.com\/de\/produkt\/clutch-club-schwarz-classic\/","og_locale":"de_DE","og_type":"article","og_title":"Schwarze Shopper-Tasche aus Kalbsleder | Elegancia Tony Mora","og_description":"Shopper-Tasche aus weichem, schwarzem Kalbsleder, ideal f\u00fcr die Arbeit oder zum Einkaufen. Klassisches Design mit mittlerem Griff und Kreuzn\u00e4hten f\u00fcr einen anspruchsvollen und langlebigen Stil.","og_url":"https:\/\/tonymora.com\/de\/produkt\/clutch-club-schwarz-classic\/","og_site_name":"Tony Mora\u00ae Boots Official Store","article_publisher":"https:\/\/www.facebook.com\/Tonymoraofficial\/","article_modified_time":"2025-08-01T07:13:23+00:00","og_image":[{"width":866,"height":1032,"url":"https:\/\/tonymora.com\/wp-content\/uploads\/2021\/09\/1-6.jpg","type":"image\/jpeg"}],"twitter_card":"summary_large_image","schema":{"@context":"https:\/\/schema.org","@graph":[{"@type":"WebPage","@id":"https:\/\/tonymora.com\/de\/produkt\/clutch-club-schwarz-classic\/","url":"https:\/\/tonymora.com\/de\/produkt\/clutch-club-schwarz-classic\/","name":"Schwarze Shopper-Tasche aus Kalbsleder | Elegancia Tony Mora","isPartOf":{"@id":"https:\/\/tonymora.com\/de\/#website"},"primaryImageOfPage":{"@id":"https:\/\/tonymora.com\/de\/produkt\/clutch-club-schwarz-classic\/#primaryimage"},"image":{"@id":"https:\/\/tonymora.com\/de\/produkt\/clutch-club-schwarz-classic\/#primaryimage"},"thumbnailUrl":"https:\/\/tonymora.com\/wp-content\/uploads\/2021\/09\/1-6.jpg","datePublished":"2021-09-06T09:19:08+00:00","dateModified":"2025-08-01T07:13:23+00:00","description":"Shopper-Tasche aus weichem, schwarzem Kalbsleder, ideal f\u00fcr die Arbeit oder zum Einkaufen. Klassisches Design mit mittlerem Griff und Kreuzn\u00e4hten f\u00fcr einen anspruchsvollen und langlebigen Stil.","breadcrumb":{"@id":"https:\/\/tonymora.com\/de\/produkt\/clutch-club-schwarz-classic\/#breadcrumb"},"inLanguage":"de","potentialAction":[{"@type":"ReadAction","target":["https:\/\/tonymora.com\/de\/produkt\/clutch-club-schwarz-classic\/"]}]},{"@type":"ImageObject","inLanguage":"de","@id":"https:\/\/tonymora.com\/de\/produkt\/clutch-club-schwarz-classic\/#primaryimage","url":"https:\/\/tonymora.com\/wp-content\/uploads\/2021\/09\/1-6.jpg","contentUrl":"https:\/\/tonymora.com\/wp-content\/uploads\/2021\/09\/1-6.jpg","width":866,"height":1032},{"@type":"BreadcrumbList","@id":"https:\/\/tonymora.com\/de\/produkt\/clutch-club-schwarz-classic\/#breadcrumb","itemListElement":[{"@type":"ListItem","position":1,"name":"Portada","item":"https:\/\/tonymora.com\/de\/"},{"@type":"ListItem","position":2,"name":"Shop","item":"https:\/\/tonymora.com\/de\/shop\/"},{"@type":"ListItem","position":3,"name":"Damen","item":"https:\/\/tonymora.com\/de\/produkt-kategorie\/damen\/"},{"@type":"ListItem","position":4,"name":"Handtaschen","item":"https:\/\/tonymora.com\/de\/produkt-kategorie\/damen\/handtaschen\/"},{"@type":"ListItem","position":5,"name":"SHOPPER BAG CLUB SCHWARZ CLASSIC"}]},{"@type":"WebSite","@id":"https:\/\/tonymora.com\/de\/#website","url":"https:\/\/tonymora.com\/de\/","name":"Tony Mora\u00ae Boots Official Store","description":"Cowboy Boots","publisher":{"@id":"https:\/\/tonymora.com\/de\/#organization"},"potentialAction":[{"@type":"SearchAction","target":{"@type":"EntryPoint","urlTemplate":"https:\/\/tonymora.com\/de\/?s={search_term_string}"},"query-input":{"@type":"PropertyValueSpecification","valueRequired":true,"valueName":"search_term_string"}}],"inLanguage":"de"},{"@type":"Organization","@id":"https:\/\/tonymora.com\/de\/#organization","name":"Tony Mora Boots","url":"https:\/\/tonymora.com\/de\/","logo":{"@type":"ImageObject","inLanguage":"de","@id":"https:\/\/tonymora.com\/de\/#\/schema\/logo\/image\/","url":"https:\/\/tonymora.com\/wp-content\/uploads\/2023\/12\/LOGO.jpg","contentUrl":"https:\/\/tonymora.com\/wp-content\/uploads\/2023\/12\/LOGO.jpg","width":2272,"height":1411,"caption":"Tony Mora Boots"},"image":{"@id":"https:\/\/tonymora.com\/de\/#\/schema\/logo\/image\/"},"sameAs":["https:\/\/www.facebook.com\/Tonymoraofficial\/","https:\/\/www.instagram.com\/tonymoraofficial\/?hl=es"]}]}},"_links":{"self":[{"href":"https:\/\/tonymora.com\/de\/wp-json\/wp\/v2\/product\/684664","targetHints":{"allow":["GET"]}}],"collection":[{"href":"https:\/\/tonymora.com\/de\/wp-json\/wp\/v2\/product"}],"about":[{"href":"https:\/\/tonymora.com\/de\/wp-json\/wp\/v2\/types\/product"}],"wp:featuredmedia":[{"embeddable":true,"href":"https:\/\/tonymora.com\/de\/wp-json\/wp\/v2\/media\/684656"}],"wp:attachment":[{"href":"https:\/\/tonymora.com\/de\/wp-json\/wp\/v2\/media?parent=684664"}],"wp:term":[{"taxonomy":"product_brand","embeddable":true,"href":"https:\/\/tonymora.com\/de\/wp-json\/wp\/v2\/product_brand?post=684664"},{"taxonomy":"product_cat","embeddable":true,"href":"https:\/\/tonymora.com\/de\/wp-json\/wp\/v2\/product_cat?post=684664"},{"taxonomy":"product_tag","embeddable":true,"href":"https:\/\/tonymora.com\/de\/wp-json\/wp\/v2\/product_tag?post=684664"}],"curies":[{"name":"wp","href":"https:\/\/api.w.org\/{rel}","templated":true}]}}