{"id":684667,"date":"2021-09-06T11:22:56","date_gmt":"2021-09-06T09:22:56","guid":{"rendered":"https:\/\/tonymora.com\/shop\/shopper-bag-anaconda-marron\/"},"modified":"2023-11-09T10:59:34","modified_gmt":"2023-11-09T09:59:34","slug":"shopper-bag-anaconda-braun","status":"publish","type":"product","link":"https:\/\/tonymora.com\/de\/produkt\/shopper-bag-anaconda-braun\/","title":{"rendered":"SHOPPER BAG ANACONDA BRAUN"},"content":{"rendered":"<p>Sp\u00fcren Sie die St\u00e4rke und Eleganz dieser Tasche aus gl\u00e4nzendem braunen Anaconda-Leder. Das Leder f\u00fchlt sich weich an und hat eine beneidenswerte Haltbarkeit. Dieses sch\u00f6ne Design hat einen Vorderriemen aus Kalbsleder und einen mittelgro\u00dfen Griff aus 100% Kalbsleder mit einer \u00e4u\u00dferen Kreuznaht, die dem Design eine einzigartige Note verleiht. Machen Sie einen Spaziergang mit dieser sch\u00f6nen Tony Mora Tasche, eine Garantie f\u00fcr Qualit\u00e4tsleder.<\/p>\n","protected":false},"excerpt":{"rendered":"<p>Unaufdringliche Eleganz f\u00fcr Kenner. Perfekt f\u00fcr urbane Looks mit Charakter.<br \/>\nF\u00fcr alle, die Stil mit Bedeutung und echter Ausstrahlung suchen.<\/p>\n","protected":false},"featured_media":684672,"template":"","meta":{"_mbp_gutenberg_autopost":false},"product_brand":[],"product_cat":[1174,541],"product_tag":[],"class_list":{"0":"post-684667","1":"product","2":"type-product","3":"status-publish","4":"has-post-thumbnail","6":"product_cat-black-friday-de","7":"product_cat-handtaschen","9":"first","10":"outofstock","11":"taxable","12":"shipping-taxable","13":"purchasable","14":"product-type-simple"},"_links":{"self":[{"href":"https:\/\/tonymora.com\/de\/wp-json\/wp\/v2\/product\/684667","targetHints":{"allow":["GET"]}}],"collection":[{"href":"https:\/\/tonymora.com\/de\/wp-json\/wp\/v2\/product"}],"about":[{"href":"https:\/\/tonymora.com\/de\/wp-json\/wp\/v2\/types\/product"}],"wp:featuredmedia":[{"embeddable":true,"href":"https:\/\/tonymora.com\/de\/wp-json\/wp\/v2\/media\/684672"}],"wp:attachment":[{"href":"https:\/\/tonymora.com\/de\/wp-json\/wp\/v2\/media?parent=684667"}],"wp:term":[{"taxonomy":"product_brand","embeddable":true,"href":"https:\/\/tonymora.com\/de\/wp-json\/wp\/v2\/product_brand?post=684667"},{"taxonomy":"product_cat","embeddable":true,"href":"https:\/\/tonymora.com\/de\/wp-json\/wp\/v2\/product_cat?post=684667"},{"taxonomy":"product_tag","embeddable":true,"href":"https:\/\/tonymora.com\/de\/wp-json\/wp\/v2\/product_tag?post=684667"}],"curies":[{"name":"wp","href":"https:\/\/api.w.org\/{rel}","templated":true}]}}