{"id":687209,"date":"2021-12-10T12:30:37","date_gmt":"2021-12-10T11:30:37","guid":{"rendered":"https:\/\/tonymora.com\/shop\/621-daslu-lini-piton-marron-bc-nougat\/"},"modified":"2023-11-09T11:45:47","modified_gmt":"2023-11-09T10:45:47","slug":"621-daslu-lini-piton-braun-bc-nougat","status":"publish","type":"product","link":"https:\/\/tonymora.com\/de\/produkt\/621-daslu-lini-piton-braun-bc-nougat\/","title":{"rendered":"621 DASLU LINI PITON BRAUN BC NOUGAT"},"content":{"rendered":"<p class=\"p1\">Die luxuri\u00f6sesten Stiefel von Tony Mora &#8211; aus exotischem Pythonleder in einem eleganten Braunton. Ein langlebiges Leder, sehr weich anzufassen und mit einer klassischen Note, die Ihnen das Gef\u00fchl gibt, etwas ganz Besonderes zu sein. Mit all Ihren Stilen zu kombinieren, ob f\u00fcr den Alltag oder ein ganz besonderes Date\u2026 Genie\u00dfen Sie durch den kleinen Absatz und der Goodyear-Welted-Konstruktion den Komfort und Luxus dieser Stiefelette, wohin auch immer Sie gehen.<\/p>\n","protected":false},"excerpt":{"rendered":"<p>Eine Wahl, die sich auf den ersten Blick besonders anf\u00fchlt. Ein Hauch von Raffinesse, der Selbstbewusstsein und Eleganz ausstrahlt. Ideal, um Sie vom Tag bis in die Nacht mit derselben Souver\u00e4nit\u00e4t zu begleiten.<\/p>\n","protected":false},"featured_media":687199,"template":"","meta":{"_mbp_gutenberg_autopost":false},"product_brand":[757,759,763,767],"product_cat":[223,1174,167,226,224,1139,1135],"product_tag":[],"class_list":{"0":"post-687209","1":"product","2":"type-product","3":"status-publish","4":"has-post-thumbnail","6":"product_brand-talla-mujer-36","7":"product_brand-talla-mujer-37","8":"product_brand-talla-mujer-39","9":"product_brand-talla-mujer-41","10":"product_cat-bikerstiefel-damen","11":"product_cat-black-friday-de","12":"product_cat-damen","13":"product_cat-damen-stiefeletten","14":"product_cat-luxusstiefel-damen","15":"product_cat-python-stiefel-damen","16":"product_cat-rabatte-damenstiefel","18":"first","19":"instock","20":"taxable","21":"shipping-taxable","22":"purchasable","23":"product-type-variable"},"supplier_id":null,"supplier_sku":"","barcode":null,"atum_controlled":true,"out_stock_date":null,"out_stock_threshold":null,"inheritable":true,"inbound_stock":0,"stock_on_hold":0,"sold_today":0,"sales_last_days":0,"reserved_stock":0,"customer_returns":0,"warehouse_damage":0,"lost_in_post":0,"other_logs":0,"out_stock_days":0,"lost_sales":0,"has_location":false,"update_date":"2026-03-12T13:44:05","atum_locations":[],"atum_stock_status":"instock","restock_status":false,"low_stock_amount":"","sales_update_date":"2026-03-12T13:44:05","calc_backorders":null,"yoast_head":"<!-- This site is optimized with the Yoast SEO plugin v27.4 - https:\/\/yoast.com\/product\/yoast-seo-wordpress\/ -->\n<title>621 DASLU LINI PITON BRAUN BC NOUGAT - Tony Mora\u00ae Boots Official Store<\/title>\n<meta name=\"description\" content=\"Treffen Sie unser neues Modell, hergestellt mit nat\u00fcrlichem 100% Leder und von h\u00f6chster Qualit\u00e4t, so dass Sie immer elegant modisch gehen.\" \/>\n<meta name=\"robots\" content=\"index, follow, max-snippet:-1, max-image-preview:large, max-video-preview:-1\" \/>\n<link rel=\"canonical\" href=\"https:\/\/tonymora.com\/de\/produkt\/621-daslu-lini-piton-braun-bc-nougat\/\" \/>\n<meta property=\"og:locale\" content=\"de_DE\" \/>\n<meta property=\"og:type\" content=\"article\" \/>\n<meta property=\"og:title\" content=\"621 DASLU LINI PITON BRAUN BC NOUGAT - Tony Mora\u00ae Boots Official Store\" \/>\n<meta property=\"og:description\" content=\"Treffen Sie unser neues Modell, hergestellt mit nat\u00fcrlichem 100% Leder und von h\u00f6chster Qualit\u00e4t, so dass Sie immer elegant modisch gehen.\" \/>\n<meta property=\"og:url\" content=\"https:\/\/tonymora.com\/de\/produkt\/621-daslu-lini-piton-braun-bc-nougat\/\" \/>\n<meta property=\"og:site_name\" content=\"Tony Mora\u00ae Boots Official Store\" \/>\n<meta property=\"article:publisher\" content=\"https:\/\/www.facebook.com\/Tonymoraofficial\/\" \/>\n<meta property=\"article:modified_time\" content=\"2023-11-09T10:45:47+00:00\" \/>\n<meta property=\"og:image\" content=\"https:\/\/tonymora.com\/wp-content\/uploads\/2021\/12\/07_621-DASLU-LINI-PITON-MARRON-BC-NOUGAT.jpg\" \/>\n\t<meta property=\"og:image:width\" content=\"866\" \/>\n\t<meta property=\"og:image:height\" content=\"1032\" \/>\n\t<meta property=\"og:image:type\" content=\"image\/jpeg\" \/>\n<meta name=\"twitter:card\" content=\"summary_large_image\" \/>\n<script type=\"application\/ld+json\" class=\"yoast-schema-graph\">{\"@context\":\"https:\\\/\\\/schema.org\",\"@graph\":[{\"@type\":\"WebPage\",\"@id\":\"https:\\\/\\\/tonymora.com\\\/de\\\/produkt\\\/621-daslu-lini-piton-braun-bc-nougat\\\/\",\"url\":\"https:\\\/\\\/tonymora.com\\\/de\\\/produkt\\\/621-daslu-lini-piton-braun-bc-nougat\\\/\",\"name\":\"621 DASLU LINI PITON BRAUN BC NOUGAT - Tony Mora\u00ae Boots Official Store\",\"isPartOf\":{\"@id\":\"https:\\\/\\\/tonymora.com\\\/de\\\/#website\"},\"primaryImageOfPage\":{\"@id\":\"https:\\\/\\\/tonymora.com\\\/de\\\/produkt\\\/621-daslu-lini-piton-braun-bc-nougat\\\/#primaryimage\"},\"image\":{\"@id\":\"https:\\\/\\\/tonymora.com\\\/de\\\/produkt\\\/621-daslu-lini-piton-braun-bc-nougat\\\/#primaryimage\"},\"thumbnailUrl\":\"https:\\\/\\\/tonymora.com\\\/wp-content\\\/uploads\\\/2021\\\/12\\\/07_621-DASLU-LINI-PITON-MARRON-BC-NOUGAT.jpg\",\"datePublished\":\"2021-12-10T11:30:37+00:00\",\"dateModified\":\"2023-11-09T10:45:47+00:00\",\"description\":\"Treffen Sie unser neues Modell, hergestellt mit nat\u00fcrlichem 100% Leder und von h\u00f6chster Qualit\u00e4t, so dass Sie immer elegant modisch gehen.\",\"breadcrumb\":{\"@id\":\"https:\\\/\\\/tonymora.com\\\/de\\\/produkt\\\/621-daslu-lini-piton-braun-bc-nougat\\\/#breadcrumb\"},\"inLanguage\":\"de\",\"potentialAction\":[{\"@type\":\"ReadAction\",\"target\":[\"https:\\\/\\\/tonymora.com\\\/de\\\/produkt\\\/621-daslu-lini-piton-braun-bc-nougat\\\/\"]}]},{\"@type\":\"ImageObject\",\"inLanguage\":\"de\",\"@id\":\"https:\\\/\\\/tonymora.com\\\/de\\\/produkt\\\/621-daslu-lini-piton-braun-bc-nougat\\\/#primaryimage\",\"url\":\"https:\\\/\\\/tonymora.com\\\/wp-content\\\/uploads\\\/2021\\\/12\\\/07_621-DASLU-LINI-PITON-MARRON-BC-NOUGAT.jpg\",\"contentUrl\":\"https:\\\/\\\/tonymora.com\\\/wp-content\\\/uploads\\\/2021\\\/12\\\/07_621-DASLU-LINI-PITON-MARRON-BC-NOUGAT.jpg\",\"width\":866,\"height\":1032},{\"@type\":\"BreadcrumbList\",\"@id\":\"https:\\\/\\\/tonymora.com\\\/de\\\/produkt\\\/621-daslu-lini-piton-braun-bc-nougat\\\/#breadcrumb\",\"itemListElement\":[{\"@type\":\"ListItem\",\"position\":1,\"name\":\"Portada\",\"item\":\"https:\\\/\\\/tonymora.com\\\/de\\\/\"},{\"@type\":\"ListItem\",\"position\":2,\"name\":\"Shop\",\"item\":\"https:\\\/\\\/tonymora.com\\\/de\\\/shop\\\/\"},{\"@type\":\"ListItem\",\"position\":3,\"name\":\"Damen\",\"item\":\"https:\\\/\\\/tonymora.com\\\/de\\\/produkt-kategorie\\\/damen\\\/\"},{\"@type\":\"ListItem\",\"position\":4,\"name\":\"621 DASLU LINI PITON BRAUN BC NOUGAT\"}]},{\"@type\":\"WebSite\",\"@id\":\"https:\\\/\\\/tonymora.com\\\/de\\\/#website\",\"url\":\"https:\\\/\\\/tonymora.com\\\/de\\\/\",\"name\":\"Tony Mora\u00ae Boots Official Store\",\"description\":\"Cowboy Boots\",\"publisher\":{\"@id\":\"https:\\\/\\\/tonymora.com\\\/de\\\/#organization\"},\"potentialAction\":[{\"@type\":\"SearchAction\",\"target\":{\"@type\":\"EntryPoint\",\"urlTemplate\":\"https:\\\/\\\/tonymora.com\\\/de\\\/?s={search_term_string}\"},\"query-input\":{\"@type\":\"PropertyValueSpecification\",\"valueRequired\":true,\"valueName\":\"search_term_string\"}}],\"inLanguage\":\"de\"},{\"@type\":\"Organization\",\"@id\":\"https:\\\/\\\/tonymora.com\\\/de\\\/#organization\",\"name\":\"Tony Mora Boots\",\"url\":\"https:\\\/\\\/tonymora.com\\\/de\\\/\",\"logo\":{\"@type\":\"ImageObject\",\"inLanguage\":\"de\",\"@id\":\"https:\\\/\\\/tonymora.com\\\/de\\\/#\\\/schema\\\/logo\\\/image\\\/\",\"url\":\"https:\\\/\\\/tonymora.com\\\/wp-content\\\/uploads\\\/2023\\\/12\\\/LOGO.jpg\",\"contentUrl\":\"https:\\\/\\\/tonymora.com\\\/wp-content\\\/uploads\\\/2023\\\/12\\\/LOGO.jpg\",\"width\":2272,\"height\":1411,\"caption\":\"Tony Mora Boots\"},\"image\":{\"@id\":\"https:\\\/\\\/tonymora.com\\\/de\\\/#\\\/schema\\\/logo\\\/image\\\/\"},\"sameAs\":[\"https:\\\/\\\/www.facebook.com\\\/Tonymoraofficial\\\/\",\"https:\\\/\\\/www.instagram.com\\\/tonymoraofficial\\\/?hl=es\"]}]}<\/script>\n<!-- \/ Yoast SEO plugin. -->","yoast_head_json":{"title":"621 DASLU LINI PITON BRAUN BC NOUGAT - Tony Mora\u00ae Boots Official Store","description":"Treffen Sie unser neues Modell, hergestellt mit nat\u00fcrlichem 100% Leder und von h\u00f6chster Qualit\u00e4t, so dass Sie immer elegant modisch gehen.","robots":{"index":"index","follow":"follow","max-snippet":"max-snippet:-1","max-image-preview":"max-image-preview:large","max-video-preview":"max-video-preview:-1"},"canonical":"https:\/\/tonymora.com\/de\/produkt\/621-daslu-lini-piton-braun-bc-nougat\/","og_locale":"de_DE","og_type":"article","og_title":"621 DASLU LINI PITON BRAUN BC NOUGAT - Tony Mora\u00ae Boots Official Store","og_description":"Treffen Sie unser neues Modell, hergestellt mit nat\u00fcrlichem 100% Leder und von h\u00f6chster Qualit\u00e4t, so dass Sie immer elegant modisch gehen.","og_url":"https:\/\/tonymora.com\/de\/produkt\/621-daslu-lini-piton-braun-bc-nougat\/","og_site_name":"Tony Mora\u00ae Boots Official Store","article_publisher":"https:\/\/www.facebook.com\/Tonymoraofficial\/","article_modified_time":"2023-11-09T10:45:47+00:00","og_image":[{"width":866,"height":1032,"url":"https:\/\/tonymora.com\/wp-content\/uploads\/2021\/12\/07_621-DASLU-LINI-PITON-MARRON-BC-NOUGAT.jpg","type":"image\/jpeg"}],"twitter_card":"summary_large_image","schema":{"@context":"https:\/\/schema.org","@graph":[{"@type":"WebPage","@id":"https:\/\/tonymora.com\/de\/produkt\/621-daslu-lini-piton-braun-bc-nougat\/","url":"https:\/\/tonymora.com\/de\/produkt\/621-daslu-lini-piton-braun-bc-nougat\/","name":"621 DASLU LINI PITON BRAUN BC NOUGAT - Tony Mora\u00ae Boots Official Store","isPartOf":{"@id":"https:\/\/tonymora.com\/de\/#website"},"primaryImageOfPage":{"@id":"https:\/\/tonymora.com\/de\/produkt\/621-daslu-lini-piton-braun-bc-nougat\/#primaryimage"},"image":{"@id":"https:\/\/tonymora.com\/de\/produkt\/621-daslu-lini-piton-braun-bc-nougat\/#primaryimage"},"thumbnailUrl":"https:\/\/tonymora.com\/wp-content\/uploads\/2021\/12\/07_621-DASLU-LINI-PITON-MARRON-BC-NOUGAT.jpg","datePublished":"2021-12-10T11:30:37+00:00","dateModified":"2023-11-09T10:45:47+00:00","description":"Treffen Sie unser neues Modell, hergestellt mit nat\u00fcrlichem 100% Leder und von h\u00f6chster Qualit\u00e4t, so dass Sie immer elegant modisch gehen.","breadcrumb":{"@id":"https:\/\/tonymora.com\/de\/produkt\/621-daslu-lini-piton-braun-bc-nougat\/#breadcrumb"},"inLanguage":"de","potentialAction":[{"@type":"ReadAction","target":["https:\/\/tonymora.com\/de\/produkt\/621-daslu-lini-piton-braun-bc-nougat\/"]}]},{"@type":"ImageObject","inLanguage":"de","@id":"https:\/\/tonymora.com\/de\/produkt\/621-daslu-lini-piton-braun-bc-nougat\/#primaryimage","url":"https:\/\/tonymora.com\/wp-content\/uploads\/2021\/12\/07_621-DASLU-LINI-PITON-MARRON-BC-NOUGAT.jpg","contentUrl":"https:\/\/tonymora.com\/wp-content\/uploads\/2021\/12\/07_621-DASLU-LINI-PITON-MARRON-BC-NOUGAT.jpg","width":866,"height":1032},{"@type":"BreadcrumbList","@id":"https:\/\/tonymora.com\/de\/produkt\/621-daslu-lini-piton-braun-bc-nougat\/#breadcrumb","itemListElement":[{"@type":"ListItem","position":1,"name":"Portada","item":"https:\/\/tonymora.com\/de\/"},{"@type":"ListItem","position":2,"name":"Shop","item":"https:\/\/tonymora.com\/de\/shop\/"},{"@type":"ListItem","position":3,"name":"Damen","item":"https:\/\/tonymora.com\/de\/produkt-kategorie\/damen\/"},{"@type":"ListItem","position":4,"name":"621 DASLU LINI PITON BRAUN BC NOUGAT"}]},{"@type":"WebSite","@id":"https:\/\/tonymora.com\/de\/#website","url":"https:\/\/tonymora.com\/de\/","name":"Tony Mora\u00ae Boots Official Store","description":"Cowboy Boots","publisher":{"@id":"https:\/\/tonymora.com\/de\/#organization"},"potentialAction":[{"@type":"SearchAction","target":{"@type":"EntryPoint","urlTemplate":"https:\/\/tonymora.com\/de\/?s={search_term_string}"},"query-input":{"@type":"PropertyValueSpecification","valueRequired":true,"valueName":"search_term_string"}}],"inLanguage":"de"},{"@type":"Organization","@id":"https:\/\/tonymora.com\/de\/#organization","name":"Tony Mora Boots","url":"https:\/\/tonymora.com\/de\/","logo":{"@type":"ImageObject","inLanguage":"de","@id":"https:\/\/tonymora.com\/de\/#\/schema\/logo\/image\/","url":"https:\/\/tonymora.com\/wp-content\/uploads\/2023\/12\/LOGO.jpg","contentUrl":"https:\/\/tonymora.com\/wp-content\/uploads\/2023\/12\/LOGO.jpg","width":2272,"height":1411,"caption":"Tony Mora Boots"},"image":{"@id":"https:\/\/tonymora.com\/de\/#\/schema\/logo\/image\/"},"sameAs":["https:\/\/www.facebook.com\/Tonymoraofficial\/","https:\/\/www.instagram.com\/tonymoraofficial\/?hl=es"]}]}},"_links":{"self":[{"href":"https:\/\/tonymora.com\/de\/wp-json\/wp\/v2\/product\/687209","targetHints":{"allow":["GET"]}}],"collection":[{"href":"https:\/\/tonymora.com\/de\/wp-json\/wp\/v2\/product"}],"about":[{"href":"https:\/\/tonymora.com\/de\/wp-json\/wp\/v2\/types\/product"}],"wp:featuredmedia":[{"embeddable":true,"href":"https:\/\/tonymora.com\/de\/wp-json\/wp\/v2\/media\/687199"}],"wp:attachment":[{"href":"https:\/\/tonymora.com\/de\/wp-json\/wp\/v2\/media?parent=687209"}],"wp:term":[{"taxonomy":"product_brand","embeddable":true,"href":"https:\/\/tonymora.com\/de\/wp-json\/wp\/v2\/product_brand?post=687209"},{"taxonomy":"product_cat","embeddable":true,"href":"https:\/\/tonymora.com\/de\/wp-json\/wp\/v2\/product_cat?post=687209"},{"taxonomy":"product_tag","embeddable":true,"href":"https:\/\/tonymora.com\/de\/wp-json\/wp\/v2\/product_tag?post=687209"}],"curies":[{"name":"wp","href":"https:\/\/api.w.org\/{rel}","templated":true}]}}