{"id":692577,"date":"2022-03-25T14:02:33","date_gmt":"2022-03-25T13:02:33","guid":{"rendered":"https:\/\/tonymora.com\/?post_type=product&#038;p=692577"},"modified":"2024-07-09T12:24:55","modified_gmt":"2024-07-09T10:24:55","slug":"daslu-lini-club-schwarz-pespuntes-blancos","status":"publish","type":"product","link":"https:\/\/tonymora.com\/de\/produkt\/daslu-lini-club-schwarz-pespuntes-blancos\/","title":{"rendered":"3389 DASLU LINI CLUB SCHWARZ (PESPUNTES BLANCOS)"},"content":{"rendered":"<p>Wenn Sie auf der Suche nach klassischen Stiefeln sind, mit denen Sie jeden Moment genie\u00dfen k\u00f6nnen, ist dies das ideale Modell. Es zeichnet sich durch eine bequeme und weiche Spitze aus, so dass Sie die Stiefel jederzeit tragen k\u00f6nnen. Ihre Sch\u00e4fte haben ein klassisches Design mit N\u00e4hten und F\u00e4den im weiss farben, was ihnen den perfekten eleganten Touch verleiht.<\/p>\n","protected":false},"excerpt":{"rendered":"<p>Charakter und Eleganz in perfekter Harmonie. Ein Schmuckst\u00fcck, das heute, morgen und auch in vielen Jahren noch begeistern wird.<\/p>\n","protected":false},"featured_media":694402,"template":"","meta":{"_mbp_gutenberg_autopost":false},"product_brand":[],"product_cat":[1174,169,170,167,1141,168,1135],"product_tag":[],"class_list":{"0":"post-692577","1":"product","2":"type-product","3":"status-publish","4":"has-post-thumbnail","6":"product_cat-black-friday-de","7":"product_cat-casual-damenstiefel","8":"product_cat-cowboystiefel-damen","9":"product_cat-damen","10":"product_cat-lederstiefel-damen","11":"product_cat-line-dancing-stiefel-damen","12":"product_cat-rabatte-damenstiefel","14":"first","15":"instock","16":"taxable","17":"shipping-taxable","18":"purchasable","19":"product-type-variable"},"supplier_id":null,"supplier_sku":"","barcode":null,"atum_controlled":true,"out_stock_date":null,"out_stock_threshold":null,"inheritable":true,"inbound_stock":0,"stock_on_hold":1,"sold_today":0,"sales_last_days":0,"reserved_stock":0,"customer_returns":0,"warehouse_damage":0,"lost_in_post":0,"other_logs":0,"out_stock_days":0,"lost_sales":0,"has_location":false,"update_date":"2026-03-26T13:22:29","atum_locations":[],"atum_stock_status":"instock","restock_status":false,"low_stock_amount":"","sales_update_date":"2024-07-08T13:15:23","calc_backorders":null,"yoast_head":"<!-- This site is optimized with the Yoast SEO plugin v27.4 - https:\/\/yoast.com\/product\/yoast-seo-wordpress\/ -->\n<title>3389 DASLU LINI CLUB SCHWARZ (PESPUNTES BLANCOS) - Tony Mora\u00ae Boots Official Store<\/title>\n<meta name=\"description\" content=\"DASLU LINI CLUB SCHWARZ (PESPUNTES BLANCOS)\" \/>\n<meta name=\"robots\" content=\"index, follow, max-snippet:-1, max-image-preview:large, max-video-preview:-1\" \/>\n<link rel=\"canonical\" href=\"https:\/\/tonymora.com\/de\/produkt\/daslu-lini-club-schwarz-pespuntes-blancos\/\" \/>\n<meta property=\"og:locale\" content=\"de_DE\" \/>\n<meta property=\"og:type\" content=\"article\" \/>\n<meta property=\"og:title\" content=\"3389 DASLU LINI CLUB SCHWARZ (PESPUNTES BLANCOS) - Tony Mora\u00ae Boots Official Store\" \/>\n<meta property=\"og:description\" content=\"DASLU LINI CLUB SCHWARZ (PESPUNTES BLANCOS)\" \/>\n<meta property=\"og:url\" content=\"https:\/\/tonymora.com\/de\/produkt\/daslu-lini-club-schwarz-pespuntes-blancos\/\" \/>\n<meta property=\"og:site_name\" content=\"Tony Mora\u00ae Boots Official Store\" \/>\n<meta property=\"article:publisher\" content=\"https:\/\/www.facebook.com\/Tonymoraofficial\/\" \/>\n<meta property=\"article:modified_time\" content=\"2024-07-09T10:24:55+00:00\" \/>\n<meta property=\"og:image\" content=\"https:\/\/tonymora.com\/wp-content\/uploads\/2022\/03\/02-3389-daslu-lini-club-negro.jpg\" \/>\n\t<meta property=\"og:image:width\" content=\"866\" \/>\n\t<meta property=\"og:image:height\" content=\"1032\" \/>\n\t<meta property=\"og:image:type\" content=\"image\/jpeg\" \/>\n<meta name=\"twitter:card\" content=\"summary_large_image\" \/>\n<script type=\"application\/ld+json\" class=\"yoast-schema-graph\">{\"@context\":\"https:\\\/\\\/schema.org\",\"@graph\":[{\"@type\":\"WebPage\",\"@id\":\"https:\\\/\\\/tonymora.com\\\/de\\\/produkt\\\/daslu-lini-club-schwarz-pespuntes-blancos\\\/\",\"url\":\"https:\\\/\\\/tonymora.com\\\/de\\\/produkt\\\/daslu-lini-club-schwarz-pespuntes-blancos\\\/\",\"name\":\"3389 DASLU LINI CLUB SCHWARZ (PESPUNTES BLANCOS) - Tony Mora\u00ae Boots Official Store\",\"isPartOf\":{\"@id\":\"https:\\\/\\\/tonymora.com\\\/de\\\/#website\"},\"primaryImageOfPage\":{\"@id\":\"https:\\\/\\\/tonymora.com\\\/de\\\/produkt\\\/daslu-lini-club-schwarz-pespuntes-blancos\\\/#primaryimage\"},\"image\":{\"@id\":\"https:\\\/\\\/tonymora.com\\\/de\\\/produkt\\\/daslu-lini-club-schwarz-pespuntes-blancos\\\/#primaryimage\"},\"thumbnailUrl\":\"https:\\\/\\\/tonymora.com\\\/wp-content\\\/uploads\\\/2022\\\/03\\\/02-3389-daslu-lini-club-negro.jpg\",\"datePublished\":\"2022-03-25T13:02:33+00:00\",\"dateModified\":\"2024-07-09T10:24:55+00:00\",\"description\":\"DASLU LINI CLUB SCHWARZ (PESPUNTES BLANCOS)\",\"breadcrumb\":{\"@id\":\"https:\\\/\\\/tonymora.com\\\/de\\\/produkt\\\/daslu-lini-club-schwarz-pespuntes-blancos\\\/#breadcrumb\"},\"inLanguage\":\"de\",\"potentialAction\":[{\"@type\":\"ReadAction\",\"target\":[\"https:\\\/\\\/tonymora.com\\\/de\\\/produkt\\\/daslu-lini-club-schwarz-pespuntes-blancos\\\/\"]}]},{\"@type\":\"ImageObject\",\"inLanguage\":\"de\",\"@id\":\"https:\\\/\\\/tonymora.com\\\/de\\\/produkt\\\/daslu-lini-club-schwarz-pespuntes-blancos\\\/#primaryimage\",\"url\":\"https:\\\/\\\/tonymora.com\\\/wp-content\\\/uploads\\\/2022\\\/03\\\/02-3389-daslu-lini-club-negro.jpg\",\"contentUrl\":\"https:\\\/\\\/tonymora.com\\\/wp-content\\\/uploads\\\/2022\\\/03\\\/02-3389-daslu-lini-club-negro.jpg\",\"width\":866,\"height\":1032},{\"@type\":\"BreadcrumbList\",\"@id\":\"https:\\\/\\\/tonymora.com\\\/de\\\/produkt\\\/daslu-lini-club-schwarz-pespuntes-blancos\\\/#breadcrumb\",\"itemListElement\":[{\"@type\":\"ListItem\",\"position\":1,\"name\":\"Portada\",\"item\":\"https:\\\/\\\/tonymora.com\\\/de\\\/\"},{\"@type\":\"ListItem\",\"position\":2,\"name\":\"Shop\",\"item\":\"https:\\\/\\\/tonymora.com\\\/de\\\/shop\\\/\"},{\"@type\":\"ListItem\",\"position\":3,\"name\":\"Rabatte Damenstiefel\",\"item\":\"https:\\\/\\\/tonymora.com\\\/de\\\/produkt-kategorie\\\/rabatte-damenstiefel\\\/\"},{\"@type\":\"ListItem\",\"position\":4,\"name\":\"Lederstiefel Damen\",\"item\":\"https:\\\/\\\/tonymora.com\\\/de\\\/produkt-kategorie\\\/rabatte-damenstiefel\\\/lederstiefel-damen\\\/\"},{\"@type\":\"ListItem\",\"position\":5,\"name\":\"3389 DASLU LINI CLUB SCHWARZ (PESPUNTES BLANCOS)\"}]},{\"@type\":\"WebSite\",\"@id\":\"https:\\\/\\\/tonymora.com\\\/de\\\/#website\",\"url\":\"https:\\\/\\\/tonymora.com\\\/de\\\/\",\"name\":\"Tony Mora\u00ae Boots Official Store\",\"description\":\"Cowboy Boots\",\"publisher\":{\"@id\":\"https:\\\/\\\/tonymora.com\\\/de\\\/#organization\"},\"potentialAction\":[{\"@type\":\"SearchAction\",\"target\":{\"@type\":\"EntryPoint\",\"urlTemplate\":\"https:\\\/\\\/tonymora.com\\\/de\\\/?s={search_term_string}\"},\"query-input\":{\"@type\":\"PropertyValueSpecification\",\"valueRequired\":true,\"valueName\":\"search_term_string\"}}],\"inLanguage\":\"de\"},{\"@type\":\"Organization\",\"@id\":\"https:\\\/\\\/tonymora.com\\\/de\\\/#organization\",\"name\":\"Tony Mora Boots\",\"url\":\"https:\\\/\\\/tonymora.com\\\/de\\\/\",\"logo\":{\"@type\":\"ImageObject\",\"inLanguage\":\"de\",\"@id\":\"https:\\\/\\\/tonymora.com\\\/de\\\/#\\\/schema\\\/logo\\\/image\\\/\",\"url\":\"https:\\\/\\\/tonymora.com\\\/wp-content\\\/uploads\\\/2023\\\/12\\\/LOGO.jpg\",\"contentUrl\":\"https:\\\/\\\/tonymora.com\\\/wp-content\\\/uploads\\\/2023\\\/12\\\/LOGO.jpg\",\"width\":2272,\"height\":1411,\"caption\":\"Tony Mora Boots\"},\"image\":{\"@id\":\"https:\\\/\\\/tonymora.com\\\/de\\\/#\\\/schema\\\/logo\\\/image\\\/\"},\"sameAs\":[\"https:\\\/\\\/www.facebook.com\\\/Tonymoraofficial\\\/\",\"https:\\\/\\\/www.instagram.com\\\/tonymoraofficial\\\/?hl=es\"]}]}<\/script>\n<!-- \/ Yoast SEO plugin. -->","yoast_head_json":{"title":"3389 DASLU LINI CLUB SCHWARZ (PESPUNTES BLANCOS) - Tony Mora\u00ae Boots Official Store","description":"DASLU LINI CLUB SCHWARZ (PESPUNTES BLANCOS)","robots":{"index":"index","follow":"follow","max-snippet":"max-snippet:-1","max-image-preview":"max-image-preview:large","max-video-preview":"max-video-preview:-1"},"canonical":"https:\/\/tonymora.com\/de\/produkt\/daslu-lini-club-schwarz-pespuntes-blancos\/","og_locale":"de_DE","og_type":"article","og_title":"3389 DASLU LINI CLUB SCHWARZ (PESPUNTES BLANCOS) - Tony Mora\u00ae Boots Official Store","og_description":"DASLU LINI CLUB SCHWARZ (PESPUNTES BLANCOS)","og_url":"https:\/\/tonymora.com\/de\/produkt\/daslu-lini-club-schwarz-pespuntes-blancos\/","og_site_name":"Tony Mora\u00ae Boots Official Store","article_publisher":"https:\/\/www.facebook.com\/Tonymoraofficial\/","article_modified_time":"2024-07-09T10:24:55+00:00","og_image":[{"width":866,"height":1032,"url":"https:\/\/tonymora.com\/wp-content\/uploads\/2022\/03\/02-3389-daslu-lini-club-negro.jpg","type":"image\/jpeg"}],"twitter_card":"summary_large_image","schema":{"@context":"https:\/\/schema.org","@graph":[{"@type":"WebPage","@id":"https:\/\/tonymora.com\/de\/produkt\/daslu-lini-club-schwarz-pespuntes-blancos\/","url":"https:\/\/tonymora.com\/de\/produkt\/daslu-lini-club-schwarz-pespuntes-blancos\/","name":"3389 DASLU LINI CLUB SCHWARZ (PESPUNTES BLANCOS) - Tony Mora\u00ae Boots Official Store","isPartOf":{"@id":"https:\/\/tonymora.com\/de\/#website"},"primaryImageOfPage":{"@id":"https:\/\/tonymora.com\/de\/produkt\/daslu-lini-club-schwarz-pespuntes-blancos\/#primaryimage"},"image":{"@id":"https:\/\/tonymora.com\/de\/produkt\/daslu-lini-club-schwarz-pespuntes-blancos\/#primaryimage"},"thumbnailUrl":"https:\/\/tonymora.com\/wp-content\/uploads\/2022\/03\/02-3389-daslu-lini-club-negro.jpg","datePublished":"2022-03-25T13:02:33+00:00","dateModified":"2024-07-09T10:24:55+00:00","description":"DASLU LINI CLUB SCHWARZ (PESPUNTES BLANCOS)","breadcrumb":{"@id":"https:\/\/tonymora.com\/de\/produkt\/daslu-lini-club-schwarz-pespuntes-blancos\/#breadcrumb"},"inLanguage":"de","potentialAction":[{"@type":"ReadAction","target":["https:\/\/tonymora.com\/de\/produkt\/daslu-lini-club-schwarz-pespuntes-blancos\/"]}]},{"@type":"ImageObject","inLanguage":"de","@id":"https:\/\/tonymora.com\/de\/produkt\/daslu-lini-club-schwarz-pespuntes-blancos\/#primaryimage","url":"https:\/\/tonymora.com\/wp-content\/uploads\/2022\/03\/02-3389-daslu-lini-club-negro.jpg","contentUrl":"https:\/\/tonymora.com\/wp-content\/uploads\/2022\/03\/02-3389-daslu-lini-club-negro.jpg","width":866,"height":1032},{"@type":"BreadcrumbList","@id":"https:\/\/tonymora.com\/de\/produkt\/daslu-lini-club-schwarz-pespuntes-blancos\/#breadcrumb","itemListElement":[{"@type":"ListItem","position":1,"name":"Portada","item":"https:\/\/tonymora.com\/de\/"},{"@type":"ListItem","position":2,"name":"Shop","item":"https:\/\/tonymora.com\/de\/shop\/"},{"@type":"ListItem","position":3,"name":"Rabatte Damenstiefel","item":"https:\/\/tonymora.com\/de\/produkt-kategorie\/rabatte-damenstiefel\/"},{"@type":"ListItem","position":4,"name":"Lederstiefel Damen","item":"https:\/\/tonymora.com\/de\/produkt-kategorie\/rabatte-damenstiefel\/lederstiefel-damen\/"},{"@type":"ListItem","position":5,"name":"3389 DASLU LINI CLUB SCHWARZ (PESPUNTES BLANCOS)"}]},{"@type":"WebSite","@id":"https:\/\/tonymora.com\/de\/#website","url":"https:\/\/tonymora.com\/de\/","name":"Tony Mora\u00ae Boots Official Store","description":"Cowboy Boots","publisher":{"@id":"https:\/\/tonymora.com\/de\/#organization"},"potentialAction":[{"@type":"SearchAction","target":{"@type":"EntryPoint","urlTemplate":"https:\/\/tonymora.com\/de\/?s={search_term_string}"},"query-input":{"@type":"PropertyValueSpecification","valueRequired":true,"valueName":"search_term_string"}}],"inLanguage":"de"},{"@type":"Organization","@id":"https:\/\/tonymora.com\/de\/#organization","name":"Tony Mora Boots","url":"https:\/\/tonymora.com\/de\/","logo":{"@type":"ImageObject","inLanguage":"de","@id":"https:\/\/tonymora.com\/de\/#\/schema\/logo\/image\/","url":"https:\/\/tonymora.com\/wp-content\/uploads\/2023\/12\/LOGO.jpg","contentUrl":"https:\/\/tonymora.com\/wp-content\/uploads\/2023\/12\/LOGO.jpg","width":2272,"height":1411,"caption":"Tony Mora Boots"},"image":{"@id":"https:\/\/tonymora.com\/de\/#\/schema\/logo\/image\/"},"sameAs":["https:\/\/www.facebook.com\/Tonymoraofficial\/","https:\/\/www.instagram.com\/tonymoraofficial\/?hl=es"]}]}},"_links":{"self":[{"href":"https:\/\/tonymora.com\/de\/wp-json\/wp\/v2\/product\/692577","targetHints":{"allow":["GET"]}}],"collection":[{"href":"https:\/\/tonymora.com\/de\/wp-json\/wp\/v2\/product"}],"about":[{"href":"https:\/\/tonymora.com\/de\/wp-json\/wp\/v2\/types\/product"}],"wp:featuredmedia":[{"embeddable":true,"href":"https:\/\/tonymora.com\/de\/wp-json\/wp\/v2\/media\/694402"}],"wp:attachment":[{"href":"https:\/\/tonymora.com\/de\/wp-json\/wp\/v2\/media?parent=692577"}],"wp:term":[{"taxonomy":"product_brand","embeddable":true,"href":"https:\/\/tonymora.com\/de\/wp-json\/wp\/v2\/product_brand?post=692577"},{"taxonomy":"product_cat","embeddable":true,"href":"https:\/\/tonymora.com\/de\/wp-json\/wp\/v2\/product_cat?post=692577"},{"taxonomy":"product_tag","embeddable":true,"href":"https:\/\/tonymora.com\/de\/wp-json\/wp\/v2\/product_tag?post=692577"}],"curies":[{"name":"wp","href":"https:\/\/api.w.org\/{rel}","templated":true}]}}