{"id":692605,"date":"2022-03-25T13:42:57","date_gmt":"2022-03-25T12:42:57","guid":{"rendered":"https:\/\/tonymora.com\/?post_type=product&#038;p=692605"},"modified":"2023-11-09T12:21:51","modified_gmt":"2023-11-09T11:21:51","slug":"daslu-lini-piton-bc-schwarz","status":"publish","type":"product","link":"https:\/\/tonymora.com\/de\/produkt\/daslu-lini-piton-bc-schwarz\/","title":{"rendered":"2154 DASLU LINI PITON BC SCHWARZ"},"content":{"rendered":"<p>Wir pr\u00e4sentieren unser neues Modell aus exklusivem Pythonleder, weichem Kalbsleder. Die Schuhspitze formt die Stiefel ideal, um sie jederzeit zu tragen. Der mittelhohe Absatz erlaubt es, sie ohne Erm\u00fcdung zu genie\u00dfen und jeden Schritt mit maximalem Komfort zu machen. Das Detail der N\u00e4hte auf den Sch\u00e4ften verleiht diesem neuen Modell einen dezenten und eleganten Touch. Trauen Sie sich, sie zu tragen!<\/p>\n","protected":false},"excerpt":{"rendered":"<p>Zeitlose Eleganz mit unverwechselbarer Ausstrahlung. Raffinierte Frische mit ganz eigener Identit\u00e4t. Ein subtiles Statement von gutem Geschmack und Selbstbewusstsein.<\/p>\n","protected":false},"featured_media":692407,"template":"","meta":{"_mbp_gutenberg_autopost":false},"product_brand":[757,759,761,763],"product_cat":[169,170,167,1139,1135],"product_tag":[],"class_list":{"0":"post-692605","1":"product","2":"type-product","3":"status-publish","4":"has-post-thumbnail","6":"product_brand-talla-mujer-36","7":"product_brand-talla-mujer-37","8":"product_brand-talla-mujer-38","9":"product_brand-talla-mujer-39","10":"product_cat-casual-damenstiefel","11":"product_cat-cowboystiefel-damen","12":"product_cat-damen","13":"product_cat-python-stiefel-damen","14":"product_cat-rabatte-damenstiefel","16":"first","17":"outofstock","18":"taxable","19":"shipping-taxable","20":"purchasable","21":"product-type-variable"},"supplier_id":null,"supplier_sku":"","barcode":null,"atum_controlled":true,"out_stock_date":null,"out_stock_threshold":null,"inheritable":true,"inbound_stock":0,"stock_on_hold":0,"sold_today":0,"sales_last_days":0,"reserved_stock":0,"customer_returns":0,"warehouse_damage":0,"lost_in_post":0,"other_logs":0,"out_stock_days":0,"lost_sales":0,"has_location":false,"update_date":"2024-04-24T22:32:20","atum_locations":[],"atum_stock_status":"instock","restock_status":false,"low_stock_amount":"","sales_update_date":"2024-04-24T22:32:20","calc_backorders":null,"yoast_head":"<!-- This site is optimized with the Yoast SEO plugin v27.2 - https:\/\/yoast.com\/product\/yoast-seo-wordpress\/ -->\n<title>2154 DASLU LINI PITON BC SCHWARZ - Tony Mora\u00ae Boots Official Store<\/title>\n<meta name=\"description\" content=\"Das Detail der N\u00e4hte auf den Sch\u00e4ften verleiht diesem neuen Modell einen dezenten und eleganten Touch. Trauen Sie sich, sie zu tragen!\" \/>\n<meta name=\"robots\" content=\"index, follow, max-snippet:-1, max-image-preview:large, max-video-preview:-1\" \/>\n<link rel=\"canonical\" href=\"https:\/\/tonymora.com\/de\/produkt\/daslu-lini-piton-bc-schwarz\/\" \/>\n<meta property=\"og:locale\" content=\"de_DE\" \/>\n<meta property=\"og:type\" content=\"article\" \/>\n<meta property=\"og:title\" content=\"2154 DASLU LINI PITON BC SCHWARZ - Tony Mora\u00ae Boots Official Store\" \/>\n<meta property=\"og:description\" content=\"Das Detail der N\u00e4hte auf den Sch\u00e4ften verleiht diesem neuen Modell einen dezenten und eleganten Touch. Trauen Sie sich, sie zu tragen!\" \/>\n<meta property=\"og:url\" content=\"https:\/\/tonymora.com\/de\/produkt\/daslu-lini-piton-bc-schwarz\/\" \/>\n<meta property=\"og:site_name\" content=\"Tony Mora\u00ae Boots Official Store\" \/>\n<meta property=\"article:publisher\" content=\"https:\/\/www.facebook.com\/Tonymoraofficial\/\" \/>\n<meta property=\"article:modified_time\" content=\"2023-11-09T11:21:51+00:00\" \/>\n<meta property=\"og:image\" content=\"https:\/\/tonymora.com\/wp-content\/uploads\/2022\/03\/08_2154-DASLU-LINI-PITON-BC-NEGRO.jpg\" \/>\n\t<meta property=\"og:image:width\" content=\"866\" \/>\n\t<meta property=\"og:image:height\" content=\"1032\" \/>\n\t<meta property=\"og:image:type\" content=\"image\/jpeg\" \/>\n<meta name=\"twitter:card\" content=\"summary_large_image\" \/>\n<script type=\"application\/ld+json\" class=\"yoast-schema-graph\">{\"@context\":\"https:\/\/schema.org\",\"@graph\":[{\"@type\":\"WebPage\",\"@id\":\"https:\/\/tonymora.com\/de\/produkt\/daslu-lini-piton-bc-schwarz\/\",\"url\":\"https:\/\/tonymora.com\/de\/produkt\/daslu-lini-piton-bc-schwarz\/\",\"name\":\"2154 DASLU LINI PITON BC SCHWARZ - Tony Mora\u00ae Boots Official Store\",\"isPartOf\":{\"@id\":\"https:\/\/tonymora.com\/de\/#website\"},\"primaryImageOfPage\":{\"@id\":\"https:\/\/tonymora.com\/de\/produkt\/daslu-lini-piton-bc-schwarz\/#primaryimage\"},\"image\":{\"@id\":\"https:\/\/tonymora.com\/de\/produkt\/daslu-lini-piton-bc-schwarz\/#primaryimage\"},\"thumbnailUrl\":\"https:\/\/tonymora.com\/wp-content\/uploads\/2022\/03\/08_2154-DASLU-LINI-PITON-BC-NEGRO.jpg\",\"datePublished\":\"2022-03-25T12:42:57+00:00\",\"dateModified\":\"2023-11-09T11:21:51+00:00\",\"description\":\"Das Detail der N\u00e4hte auf den Sch\u00e4ften verleiht diesem neuen Modell einen dezenten und eleganten Touch. Trauen Sie sich, sie zu tragen!\",\"breadcrumb\":{\"@id\":\"https:\/\/tonymora.com\/de\/produkt\/daslu-lini-piton-bc-schwarz\/#breadcrumb\"},\"inLanguage\":\"de\",\"potentialAction\":[{\"@type\":\"ReadAction\",\"target\":[\"https:\/\/tonymora.com\/de\/produkt\/daslu-lini-piton-bc-schwarz\/\"]}]},{\"@type\":\"ImageObject\",\"inLanguage\":\"de\",\"@id\":\"https:\/\/tonymora.com\/de\/produkt\/daslu-lini-piton-bc-schwarz\/#primaryimage\",\"url\":\"https:\/\/tonymora.com\/wp-content\/uploads\/2022\/03\/08_2154-DASLU-LINI-PITON-BC-NEGRO.jpg\",\"contentUrl\":\"https:\/\/tonymora.com\/wp-content\/uploads\/2022\/03\/08_2154-DASLU-LINI-PITON-BC-NEGRO.jpg\",\"width\":866,\"height\":1032},{\"@type\":\"BreadcrumbList\",\"@id\":\"https:\/\/tonymora.com\/de\/produkt\/daslu-lini-piton-bc-schwarz\/#breadcrumb\",\"itemListElement\":[{\"@type\":\"ListItem\",\"position\":1,\"name\":\"Portada\",\"item\":\"https:\/\/tonymora.com\/de\/\"},{\"@type\":\"ListItem\",\"position\":2,\"name\":\"Shop\",\"item\":\"https:\/\/tonymora.com\/de\/shop\/\"},{\"@type\":\"ListItem\",\"position\":3,\"name\":\"Damen\",\"item\":\"https:\/\/tonymora.com\/de\/produkt-kategorie\/damen\/\"},{\"@type\":\"ListItem\",\"position\":4,\"name\":\"2154 DASLU LINI PITON BC SCHWARZ\"}]},{\"@type\":\"WebSite\",\"@id\":\"https:\/\/tonymora.com\/de\/#website\",\"url\":\"https:\/\/tonymora.com\/de\/\",\"name\":\"Tony Mora\u00ae Boots Official Store\",\"description\":\"Cowboy Boots\",\"publisher\":{\"@id\":\"https:\/\/tonymora.com\/de\/#organization\"},\"potentialAction\":[{\"@type\":\"SearchAction\",\"target\":{\"@type\":\"EntryPoint\",\"urlTemplate\":\"https:\/\/tonymora.com\/de\/?s={search_term_string}\"},\"query-input\":{\"@type\":\"PropertyValueSpecification\",\"valueRequired\":true,\"valueName\":\"search_term_string\"}}],\"inLanguage\":\"de\"},{\"@type\":\"Organization\",\"@id\":\"https:\/\/tonymora.com\/de\/#organization\",\"name\":\"Tony Mora Boots\",\"url\":\"https:\/\/tonymora.com\/de\/\",\"logo\":{\"@type\":\"ImageObject\",\"inLanguage\":\"de\",\"@id\":\"https:\/\/tonymora.com\/de\/#\/schema\/logo\/image\/\",\"url\":\"https:\/\/tonymora.com\/wp-content\/uploads\/2023\/12\/LOGO.jpg\",\"contentUrl\":\"https:\/\/tonymora.com\/wp-content\/uploads\/2023\/12\/LOGO.jpg\",\"width\":2272,\"height\":1411,\"caption\":\"Tony Mora Boots\"},\"image\":{\"@id\":\"https:\/\/tonymora.com\/de\/#\/schema\/logo\/image\/\"},\"sameAs\":[\"https:\/\/www.facebook.com\/Tonymoraofficial\/\",\"https:\/\/www.instagram.com\/tonymoraofficial\/?hl=es\"]}]}<\/script>\n<!-- \/ Yoast SEO plugin. -->","yoast_head_json":{"title":"2154 DASLU LINI PITON BC SCHWARZ - Tony Mora\u00ae Boots Official Store","description":"Das Detail der N\u00e4hte auf den Sch\u00e4ften verleiht diesem neuen Modell einen dezenten und eleganten Touch. Trauen Sie sich, sie zu tragen!","robots":{"index":"index","follow":"follow","max-snippet":"max-snippet:-1","max-image-preview":"max-image-preview:large","max-video-preview":"max-video-preview:-1"},"canonical":"https:\/\/tonymora.com\/de\/produkt\/daslu-lini-piton-bc-schwarz\/","og_locale":"de_DE","og_type":"article","og_title":"2154 DASLU LINI PITON BC SCHWARZ - Tony Mora\u00ae Boots Official Store","og_description":"Das Detail der N\u00e4hte auf den Sch\u00e4ften verleiht diesem neuen Modell einen dezenten und eleganten Touch. Trauen Sie sich, sie zu tragen!","og_url":"https:\/\/tonymora.com\/de\/produkt\/daslu-lini-piton-bc-schwarz\/","og_site_name":"Tony Mora\u00ae Boots Official Store","article_publisher":"https:\/\/www.facebook.com\/Tonymoraofficial\/","article_modified_time":"2023-11-09T11:21:51+00:00","og_image":[{"width":866,"height":1032,"url":"https:\/\/tonymora.com\/wp-content\/uploads\/2022\/03\/08_2154-DASLU-LINI-PITON-BC-NEGRO.jpg","type":"image\/jpeg"}],"twitter_card":"summary_large_image","schema":{"@context":"https:\/\/schema.org","@graph":[{"@type":"WebPage","@id":"https:\/\/tonymora.com\/de\/produkt\/daslu-lini-piton-bc-schwarz\/","url":"https:\/\/tonymora.com\/de\/produkt\/daslu-lini-piton-bc-schwarz\/","name":"2154 DASLU LINI PITON BC SCHWARZ - Tony Mora\u00ae Boots Official Store","isPartOf":{"@id":"https:\/\/tonymora.com\/de\/#website"},"primaryImageOfPage":{"@id":"https:\/\/tonymora.com\/de\/produkt\/daslu-lini-piton-bc-schwarz\/#primaryimage"},"image":{"@id":"https:\/\/tonymora.com\/de\/produkt\/daslu-lini-piton-bc-schwarz\/#primaryimage"},"thumbnailUrl":"https:\/\/tonymora.com\/wp-content\/uploads\/2022\/03\/08_2154-DASLU-LINI-PITON-BC-NEGRO.jpg","datePublished":"2022-03-25T12:42:57+00:00","dateModified":"2023-11-09T11:21:51+00:00","description":"Das Detail der N\u00e4hte auf den Sch\u00e4ften verleiht diesem neuen Modell einen dezenten und eleganten Touch. Trauen Sie sich, sie zu tragen!","breadcrumb":{"@id":"https:\/\/tonymora.com\/de\/produkt\/daslu-lini-piton-bc-schwarz\/#breadcrumb"},"inLanguage":"de","potentialAction":[{"@type":"ReadAction","target":["https:\/\/tonymora.com\/de\/produkt\/daslu-lini-piton-bc-schwarz\/"]}]},{"@type":"ImageObject","inLanguage":"de","@id":"https:\/\/tonymora.com\/de\/produkt\/daslu-lini-piton-bc-schwarz\/#primaryimage","url":"https:\/\/tonymora.com\/wp-content\/uploads\/2022\/03\/08_2154-DASLU-LINI-PITON-BC-NEGRO.jpg","contentUrl":"https:\/\/tonymora.com\/wp-content\/uploads\/2022\/03\/08_2154-DASLU-LINI-PITON-BC-NEGRO.jpg","width":866,"height":1032},{"@type":"BreadcrumbList","@id":"https:\/\/tonymora.com\/de\/produkt\/daslu-lini-piton-bc-schwarz\/#breadcrumb","itemListElement":[{"@type":"ListItem","position":1,"name":"Portada","item":"https:\/\/tonymora.com\/de\/"},{"@type":"ListItem","position":2,"name":"Shop","item":"https:\/\/tonymora.com\/de\/shop\/"},{"@type":"ListItem","position":3,"name":"Damen","item":"https:\/\/tonymora.com\/de\/produkt-kategorie\/damen\/"},{"@type":"ListItem","position":4,"name":"2154 DASLU LINI PITON BC SCHWARZ"}]},{"@type":"WebSite","@id":"https:\/\/tonymora.com\/de\/#website","url":"https:\/\/tonymora.com\/de\/","name":"Tony Mora\u00ae Boots Official Store","description":"Cowboy Boots","publisher":{"@id":"https:\/\/tonymora.com\/de\/#organization"},"potentialAction":[{"@type":"SearchAction","target":{"@type":"EntryPoint","urlTemplate":"https:\/\/tonymora.com\/de\/?s={search_term_string}"},"query-input":{"@type":"PropertyValueSpecification","valueRequired":true,"valueName":"search_term_string"}}],"inLanguage":"de"},{"@type":"Organization","@id":"https:\/\/tonymora.com\/de\/#organization","name":"Tony Mora Boots","url":"https:\/\/tonymora.com\/de\/","logo":{"@type":"ImageObject","inLanguage":"de","@id":"https:\/\/tonymora.com\/de\/#\/schema\/logo\/image\/","url":"https:\/\/tonymora.com\/wp-content\/uploads\/2023\/12\/LOGO.jpg","contentUrl":"https:\/\/tonymora.com\/wp-content\/uploads\/2023\/12\/LOGO.jpg","width":2272,"height":1411,"caption":"Tony Mora Boots"},"image":{"@id":"https:\/\/tonymora.com\/de\/#\/schema\/logo\/image\/"},"sameAs":["https:\/\/www.facebook.com\/Tonymoraofficial\/","https:\/\/www.instagram.com\/tonymoraofficial\/?hl=es"]}]}},"_links":{"self":[{"href":"https:\/\/tonymora.com\/de\/wp-json\/wp\/v2\/product\/692605","targetHints":{"allow":["GET"]}}],"collection":[{"href":"https:\/\/tonymora.com\/de\/wp-json\/wp\/v2\/product"}],"about":[{"href":"https:\/\/tonymora.com\/de\/wp-json\/wp\/v2\/types\/product"}],"wp:featuredmedia":[{"embeddable":true,"href":"https:\/\/tonymora.com\/de\/wp-json\/wp\/v2\/media\/692407"}],"wp:attachment":[{"href":"https:\/\/tonymora.com\/de\/wp-json\/wp\/v2\/media?parent=692605"}],"wp:term":[{"taxonomy":"product_brand","embeddable":true,"href":"https:\/\/tonymora.com\/de\/wp-json\/wp\/v2\/product_brand?post=692605"},{"taxonomy":"product_cat","embeddable":true,"href":"https:\/\/tonymora.com\/de\/wp-json\/wp\/v2\/product_cat?post=692605"},{"taxonomy":"product_tag","embeddable":true,"href":"https:\/\/tonymora.com\/de\/wp-json\/wp\/v2\/product_tag?post=692605"}],"curies":[{"name":"wp","href":"https:\/\/api.w.org\/{rel}","templated":true}]}}