{"id":692661,"date":"2022-03-25T13:53:35","date_gmt":"2022-03-25T12:53:35","guid":{"rendered":"https:\/\/tonymora.com\/?post_type=product&#038;p=692661"},"modified":"2023-07-27T09:11:08","modified_gmt":"2023-07-27T07:11:08","slug":"virgi-lini-cyclone-granat","status":"publish","type":"product","link":"https:\/\/tonymora.com\/de\/produkt\/virgi-lini-cyclone-granat\/","title":{"rendered":"739 VIRGI LINI CYCLONE GRANAT"},"content":{"rendered":"<p>Elegante Stiefelette aus weichem weinrotem Kalbsleder, mit elastischem Bezug aus echtem Pythonleder in einem melierten Burgunderton. Die Schuhspitze ist mit Pythonleder bezogen und geht in Kalbsleder \u00fcber, was sie auff\u00e4lliger und gewagter macht. Sie werden die idealen Stiefel sein, um sie \u00fcberallhin mitzunehmen!<\/p>\n","protected":false},"excerpt":{"rendered":"<p>Zeitlose Eleganz mit unverwechselbarer Ausstrahlung. Ein Hauch von Raffinesse, der Selbstbewusstsein und Stil ausstrahlt.<br \/>\nEin subtiles Statement von gutem Geschmack und Souver\u00e4nit\u00e4t.<\/p>\n","protected":false},"featured_media":692520,"template":"","meta":{"_mbp_gutenberg_autopost":false},"product_brand":[767],"product_cat":[169,167,226,224],"product_tag":[],"class_list":{"0":"post-692661","1":"product","2":"type-product","3":"status-publish","4":"has-post-thumbnail","6":"product_brand-talla-mujer-41","7":"product_cat-casual-damenstiefel","8":"product_cat-damen","9":"product_cat-damen-stiefeletten","10":"product_cat-luxusstiefel-damen","12":"first","13":"outofstock","14":"taxable","15":"shipping-taxable","16":"product-type-variable"},"supplier_id":null,"supplier_sku":"","barcode":null,"atum_controlled":true,"out_stock_date":null,"out_stock_threshold":null,"inheritable":true,"inbound_stock":0,"stock_on_hold":0,"sold_today":0,"sales_last_days":0,"reserved_stock":0,"customer_returns":0,"warehouse_damage":0,"lost_in_post":0,"other_logs":0,"out_stock_days":0,"lost_sales":0,"has_location":false,"update_date":"2024-04-24T22:32:20","atum_locations":[],"atum_stock_status":"outofstock","restock_status":false,"low_stock_amount":"","sales_update_date":"2024-04-24T22:32:20","calc_backorders":null,"yoast_head":"<!-- This site is optimized with the Yoast SEO plugin v27.4 - https:\/\/yoast.com\/product\/yoast-seo-wordpress\/ -->\n<title>739 VIRGI LINI CYCLONE GRANAT - Tony Mora\u00ae Boots Official Store<\/title>\n<meta name=\"description\" content=\"Sie werden die idealen Granat Stiefelletten sein, um sie \u00fcberallhin mitzunehmen! VIRGI LINI CYCLONE GRANAT | T\u00edtulo del sitio\" \/>\n<meta name=\"robots\" content=\"index, follow, max-snippet:-1, max-image-preview:large, max-video-preview:-1\" \/>\n<link rel=\"canonical\" href=\"https:\/\/tonymora.com\/de\/produkt\/virgi-lini-cyclone-granat\/\" \/>\n<meta property=\"og:locale\" content=\"de_DE\" \/>\n<meta property=\"og:type\" content=\"article\" \/>\n<meta property=\"og:title\" content=\"739 VIRGI LINI CYCLONE GRANAT - Tony Mora\u00ae Boots Official Store\" \/>\n<meta property=\"og:description\" content=\"Sie werden die idealen Granat Stiefelletten sein, um sie \u00fcberallhin mitzunehmen! VIRGI LINI CYCLONE GRANAT | T\u00edtulo del sitio\" \/>\n<meta property=\"og:url\" content=\"https:\/\/tonymora.com\/de\/produkt\/virgi-lini-cyclone-granat\/\" \/>\n<meta property=\"og:site_name\" content=\"Tony Mora\u00ae Boots Official Store\" \/>\n<meta property=\"article:publisher\" content=\"https:\/\/www.facebook.com\/Tonymoraofficial\/\" \/>\n<meta property=\"article:modified_time\" content=\"2023-07-27T07:11:08+00:00\" \/>\n<meta property=\"og:image\" content=\"https:\/\/tonymora.com\/wp-content\/uploads\/2022\/03\/08-739-VIRGI-LINI-CYCLONE-GRANATE-PITON-BURDEOS.jpg\" \/>\n\t<meta property=\"og:image:width\" content=\"866\" \/>\n\t<meta property=\"og:image:height\" content=\"1032\" \/>\n\t<meta property=\"og:image:type\" content=\"image\/jpeg\" \/>\n<meta name=\"twitter:card\" content=\"summary_large_image\" \/>\n<script type=\"application\/ld+json\" class=\"yoast-schema-graph\">{\"@context\":\"https:\\\/\\\/schema.org\",\"@graph\":[{\"@type\":\"WebPage\",\"@id\":\"https:\\\/\\\/tonymora.com\\\/de\\\/produkt\\\/virgi-lini-cyclone-granat\\\/\",\"url\":\"https:\\\/\\\/tonymora.com\\\/de\\\/produkt\\\/virgi-lini-cyclone-granat\\\/\",\"name\":\"739 VIRGI LINI CYCLONE GRANAT - Tony Mora\u00ae Boots Official Store\",\"isPartOf\":{\"@id\":\"https:\\\/\\\/tonymora.com\\\/de\\\/#website\"},\"primaryImageOfPage\":{\"@id\":\"https:\\\/\\\/tonymora.com\\\/de\\\/produkt\\\/virgi-lini-cyclone-granat\\\/#primaryimage\"},\"image\":{\"@id\":\"https:\\\/\\\/tonymora.com\\\/de\\\/produkt\\\/virgi-lini-cyclone-granat\\\/#primaryimage\"},\"thumbnailUrl\":\"https:\\\/\\\/tonymora.com\\\/wp-content\\\/uploads\\\/2022\\\/03\\\/08-739-VIRGI-LINI-CYCLONE-GRANATE-PITON-BURDEOS.jpg\",\"datePublished\":\"2022-03-25T12:53:35+00:00\",\"dateModified\":\"2023-07-27T07:11:08+00:00\",\"description\":\"Sie werden die idealen Granat Stiefelletten sein, um sie \u00fcberallhin mitzunehmen! VIRGI LINI CYCLONE GRANAT | T\u00edtulo del sitio\",\"breadcrumb\":{\"@id\":\"https:\\\/\\\/tonymora.com\\\/de\\\/produkt\\\/virgi-lini-cyclone-granat\\\/#breadcrumb\"},\"inLanguage\":\"de\",\"potentialAction\":[{\"@type\":\"ReadAction\",\"target\":[\"https:\\\/\\\/tonymora.com\\\/de\\\/produkt\\\/virgi-lini-cyclone-granat\\\/\"]}]},{\"@type\":\"ImageObject\",\"inLanguage\":\"de\",\"@id\":\"https:\\\/\\\/tonymora.com\\\/de\\\/produkt\\\/virgi-lini-cyclone-granat\\\/#primaryimage\",\"url\":\"https:\\\/\\\/tonymora.com\\\/wp-content\\\/uploads\\\/2022\\\/03\\\/08-739-VIRGI-LINI-CYCLONE-GRANATE-PITON-BURDEOS.jpg\",\"contentUrl\":\"https:\\\/\\\/tonymora.com\\\/wp-content\\\/uploads\\\/2022\\\/03\\\/08-739-VIRGI-LINI-CYCLONE-GRANATE-PITON-BURDEOS.jpg\",\"width\":866,\"height\":1032},{\"@type\":\"BreadcrumbList\",\"@id\":\"https:\\\/\\\/tonymora.com\\\/de\\\/produkt\\\/virgi-lini-cyclone-granat\\\/#breadcrumb\",\"itemListElement\":[{\"@type\":\"ListItem\",\"position\":1,\"name\":\"Portada\",\"item\":\"https:\\\/\\\/tonymora.com\\\/de\\\/\"},{\"@type\":\"ListItem\",\"position\":2,\"name\":\"Shop\",\"item\":\"https:\\\/\\\/tonymora.com\\\/de\\\/shop\\\/\"},{\"@type\":\"ListItem\",\"position\":3,\"name\":\"Damen\",\"item\":\"https:\\\/\\\/tonymora.com\\\/de\\\/produkt-kategorie\\\/damen\\\/\"},{\"@type\":\"ListItem\",\"position\":4,\"name\":\"739 VIRGI LINI CYCLONE GRANAT\"}]},{\"@type\":\"WebSite\",\"@id\":\"https:\\\/\\\/tonymora.com\\\/de\\\/#website\",\"url\":\"https:\\\/\\\/tonymora.com\\\/de\\\/\",\"name\":\"Tony Mora\u00ae Boots Official Store\",\"description\":\"Cowboy Boots\",\"publisher\":{\"@id\":\"https:\\\/\\\/tonymora.com\\\/de\\\/#organization\"},\"potentialAction\":[{\"@type\":\"SearchAction\",\"target\":{\"@type\":\"EntryPoint\",\"urlTemplate\":\"https:\\\/\\\/tonymora.com\\\/de\\\/?s={search_term_string}\"},\"query-input\":{\"@type\":\"PropertyValueSpecification\",\"valueRequired\":true,\"valueName\":\"search_term_string\"}}],\"inLanguage\":\"de\"},{\"@type\":\"Organization\",\"@id\":\"https:\\\/\\\/tonymora.com\\\/de\\\/#organization\",\"name\":\"Tony Mora Boots\",\"url\":\"https:\\\/\\\/tonymora.com\\\/de\\\/\",\"logo\":{\"@type\":\"ImageObject\",\"inLanguage\":\"de\",\"@id\":\"https:\\\/\\\/tonymora.com\\\/de\\\/#\\\/schema\\\/logo\\\/image\\\/\",\"url\":\"https:\\\/\\\/tonymora.com\\\/wp-content\\\/uploads\\\/2023\\\/12\\\/LOGO.jpg\",\"contentUrl\":\"https:\\\/\\\/tonymora.com\\\/wp-content\\\/uploads\\\/2023\\\/12\\\/LOGO.jpg\",\"width\":2272,\"height\":1411,\"caption\":\"Tony Mora Boots\"},\"image\":{\"@id\":\"https:\\\/\\\/tonymora.com\\\/de\\\/#\\\/schema\\\/logo\\\/image\\\/\"},\"sameAs\":[\"https:\\\/\\\/www.facebook.com\\\/Tonymoraofficial\\\/\",\"https:\\\/\\\/www.instagram.com\\\/tonymoraofficial\\\/?hl=es\"]}]}<\/script>\n<!-- \/ Yoast SEO plugin. -->","yoast_head_json":{"title":"739 VIRGI LINI CYCLONE GRANAT - Tony Mora\u00ae Boots Official Store","description":"Sie werden die idealen Granat Stiefelletten sein, um sie \u00fcberallhin mitzunehmen! VIRGI LINI CYCLONE GRANAT | T\u00edtulo del sitio","robots":{"index":"index","follow":"follow","max-snippet":"max-snippet:-1","max-image-preview":"max-image-preview:large","max-video-preview":"max-video-preview:-1"},"canonical":"https:\/\/tonymora.com\/de\/produkt\/virgi-lini-cyclone-granat\/","og_locale":"de_DE","og_type":"article","og_title":"739 VIRGI LINI CYCLONE GRANAT - Tony Mora\u00ae Boots Official Store","og_description":"Sie werden die idealen Granat Stiefelletten sein, um sie \u00fcberallhin mitzunehmen! VIRGI LINI CYCLONE GRANAT | T\u00edtulo del sitio","og_url":"https:\/\/tonymora.com\/de\/produkt\/virgi-lini-cyclone-granat\/","og_site_name":"Tony Mora\u00ae Boots Official Store","article_publisher":"https:\/\/www.facebook.com\/Tonymoraofficial\/","article_modified_time":"2023-07-27T07:11:08+00:00","og_image":[{"width":866,"height":1032,"url":"https:\/\/tonymora.com\/wp-content\/uploads\/2022\/03\/08-739-VIRGI-LINI-CYCLONE-GRANATE-PITON-BURDEOS.jpg","type":"image\/jpeg"}],"twitter_card":"summary_large_image","schema":{"@context":"https:\/\/schema.org","@graph":[{"@type":"WebPage","@id":"https:\/\/tonymora.com\/de\/produkt\/virgi-lini-cyclone-granat\/","url":"https:\/\/tonymora.com\/de\/produkt\/virgi-lini-cyclone-granat\/","name":"739 VIRGI LINI CYCLONE GRANAT - Tony Mora\u00ae Boots Official Store","isPartOf":{"@id":"https:\/\/tonymora.com\/de\/#website"},"primaryImageOfPage":{"@id":"https:\/\/tonymora.com\/de\/produkt\/virgi-lini-cyclone-granat\/#primaryimage"},"image":{"@id":"https:\/\/tonymora.com\/de\/produkt\/virgi-lini-cyclone-granat\/#primaryimage"},"thumbnailUrl":"https:\/\/tonymora.com\/wp-content\/uploads\/2022\/03\/08-739-VIRGI-LINI-CYCLONE-GRANATE-PITON-BURDEOS.jpg","datePublished":"2022-03-25T12:53:35+00:00","dateModified":"2023-07-27T07:11:08+00:00","description":"Sie werden die idealen Granat Stiefelletten sein, um sie \u00fcberallhin mitzunehmen! VIRGI LINI CYCLONE GRANAT | T\u00edtulo del sitio","breadcrumb":{"@id":"https:\/\/tonymora.com\/de\/produkt\/virgi-lini-cyclone-granat\/#breadcrumb"},"inLanguage":"de","potentialAction":[{"@type":"ReadAction","target":["https:\/\/tonymora.com\/de\/produkt\/virgi-lini-cyclone-granat\/"]}]},{"@type":"ImageObject","inLanguage":"de","@id":"https:\/\/tonymora.com\/de\/produkt\/virgi-lini-cyclone-granat\/#primaryimage","url":"https:\/\/tonymora.com\/wp-content\/uploads\/2022\/03\/08-739-VIRGI-LINI-CYCLONE-GRANATE-PITON-BURDEOS.jpg","contentUrl":"https:\/\/tonymora.com\/wp-content\/uploads\/2022\/03\/08-739-VIRGI-LINI-CYCLONE-GRANATE-PITON-BURDEOS.jpg","width":866,"height":1032},{"@type":"BreadcrumbList","@id":"https:\/\/tonymora.com\/de\/produkt\/virgi-lini-cyclone-granat\/#breadcrumb","itemListElement":[{"@type":"ListItem","position":1,"name":"Portada","item":"https:\/\/tonymora.com\/de\/"},{"@type":"ListItem","position":2,"name":"Shop","item":"https:\/\/tonymora.com\/de\/shop\/"},{"@type":"ListItem","position":3,"name":"Damen","item":"https:\/\/tonymora.com\/de\/produkt-kategorie\/damen\/"},{"@type":"ListItem","position":4,"name":"739 VIRGI LINI CYCLONE GRANAT"}]},{"@type":"WebSite","@id":"https:\/\/tonymora.com\/de\/#website","url":"https:\/\/tonymora.com\/de\/","name":"Tony Mora\u00ae Boots Official Store","description":"Cowboy Boots","publisher":{"@id":"https:\/\/tonymora.com\/de\/#organization"},"potentialAction":[{"@type":"SearchAction","target":{"@type":"EntryPoint","urlTemplate":"https:\/\/tonymora.com\/de\/?s={search_term_string}"},"query-input":{"@type":"PropertyValueSpecification","valueRequired":true,"valueName":"search_term_string"}}],"inLanguage":"de"},{"@type":"Organization","@id":"https:\/\/tonymora.com\/de\/#organization","name":"Tony Mora Boots","url":"https:\/\/tonymora.com\/de\/","logo":{"@type":"ImageObject","inLanguage":"de","@id":"https:\/\/tonymora.com\/de\/#\/schema\/logo\/image\/","url":"https:\/\/tonymora.com\/wp-content\/uploads\/2023\/12\/LOGO.jpg","contentUrl":"https:\/\/tonymora.com\/wp-content\/uploads\/2023\/12\/LOGO.jpg","width":2272,"height":1411,"caption":"Tony Mora Boots"},"image":{"@id":"https:\/\/tonymora.com\/de\/#\/schema\/logo\/image\/"},"sameAs":["https:\/\/www.facebook.com\/Tonymoraofficial\/","https:\/\/www.instagram.com\/tonymoraofficial\/?hl=es"]}]}},"_links":{"self":[{"href":"https:\/\/tonymora.com\/de\/wp-json\/wp\/v2\/product\/692661","targetHints":{"allow":["GET"]}}],"collection":[{"href":"https:\/\/tonymora.com\/de\/wp-json\/wp\/v2\/product"}],"about":[{"href":"https:\/\/tonymora.com\/de\/wp-json\/wp\/v2\/types\/product"}],"wp:featuredmedia":[{"embeddable":true,"href":"https:\/\/tonymora.com\/de\/wp-json\/wp\/v2\/media\/692520"}],"wp:attachment":[{"href":"https:\/\/tonymora.com\/de\/wp-json\/wp\/v2\/media?parent=692661"}],"wp:term":[{"taxonomy":"product_brand","embeddable":true,"href":"https:\/\/tonymora.com\/de\/wp-json\/wp\/v2\/product_brand?post=692661"},{"taxonomy":"product_cat","embeddable":true,"href":"https:\/\/tonymora.com\/de\/wp-json\/wp\/v2\/product_cat?post=692661"},{"taxonomy":"product_tag","embeddable":true,"href":"https:\/\/tonymora.com\/de\/wp-json\/wp\/v2\/product_tag?post=692661"}],"curies":[{"name":"wp","href":"https:\/\/api.w.org\/{rel}","templated":true}]}}